{"id":19,"date":"2021-07-23T19:12:15","date_gmt":"2021-07-23T17:12:15","guid":{"rendered":"https:\/\/seal.transport-manager.net\/17ace\/?page_id=19"},"modified":"2023-05-26T22:19:41","modified_gmt":"2023-05-26T20:19:41","slug":"plan-du-reseau","status":"publish","type":"page","link":"https:\/\/seal.transport-manager.net\/17ace\/plan-du-reseau\/","title":{"rendered":"Plan du r\u00e9seau"},"content":{"rendered":"\n<div class=\"wp-block-buttons is-layout-flex wp-block-buttons-is-layout-flex\">\n<div class=\"wp-block-button has-custom-width wp-block-button__width-50 is-style-fill\"><a class=\"wp-block-button__link has-text-color has-background wp-element-button\" style=\"border-radius:5px;color:#1e1e1e;background-color:#ffffff\">CONSULTEZ le plan g\u00e9n\u00e9ral du r\u00e9seau<\/a><\/div>\n\n\n\n<div class=\"wp-block-button has-custom-width wp-block-button__width-50 is-style-fill\"><a class=\"wp-block-button__link has-text-color has-background wp-element-button\" style=\"border-radius:5px;color:#1e1e1e;background-color:#ffffff\">Cliquez le plan DU centre ville<\/a><\/div>\n<\/div>\n\n\n\n<p><\/p>\n","protected":false},"excerpt":{"rendered":"","protected":false},"author":27,"featured_media":0,"parent":0,"menu_order":0,"comment_status":"closed","ping_status":"closed","template":"","meta":{"footnotes":""},"class_list":["post-19","page","type-page","status-publish","hentry"],"_links":{"self":[{"href":"https:\/\/seal.transport-manager.net\/17ace\/wp-json\/wp\/v2\/pages\/19","targetHints":{"allow":["GET"]}}],"collection":[{"href":"https:\/\/seal.transport-manager.net\/17ace\/wp-json\/wp\/v2\/pages"}],"about":[{"href":"https:\/\/seal.transport-manager.net\/17ace\/wp-json\/wp\/v2\/types\/page"}],"author":[{"embeddable":true,"href":"https:\/\/seal.transport-manager.net\/17ace\/wp-json\/wp\/v2\/users\/27"}],"replies":[{"embeddable":true,"href":"https:\/\/seal.transport-manager.net\/17ace\/wp-json\/wp\/v2\/comments?post=19"}],"version-history":[{"count":14,"href":"https:\/\/seal.transport-manager.net\/17ace\/wp-json\/wp\/v2\/pages\/19\/revisions"}],"predecessor-version":[{"id":352,"href":"https:\/\/seal.transport-manager.net\/17ace\/wp-json\/wp\/v2\/pages\/19\/revisions\/352"}],"wp:attachment":[{"href":"https:\/\/seal.transport-manager.net\/17ace\/wp-json\/wp\/v2\/media?parent=19"}],"curies":[{"name":"wp","href":"https:\/\/api.w.org\/{rel}","templated":true}]}}