{"id":24,"date":"2021-07-20T13:38:26","date_gmt":"2021-07-20T11:38:26","guid":{"rendered":"https:\/\/seal.transport-manager.net\/17ace\/?page_id=24"},"modified":"2021-08-15T12:41:29","modified_gmt":"2021-08-15T10:41:29","slug":"actualites","status":"publish","type":"page","link":"https:\/\/seal.transport-manager.net\/17ace\/actualites\/","title":{"rendered":"Actualit\u00e9s"},"content":{"rendered":"<ul class=\"wp-block-latest-posts__list has-dates aligncenter wp-block-latest-posts\"><li><a class=\"wp-block-latest-posts__post-title\" href=\"https:\/\/seal.transport-manager.net\/17ace\/le-marche-de-noel-avec-acebus\/\">Le march\u00e9 de No\u00ebl, avec acebus<\/a><time datetime=\"2021-11-27T21:27:46+01:00\" class=\"wp-block-latest-posts__post-date\">27 novembre 2021<\/time><div class=\"wp-block-latest-posts__post-full-content\"><!-- wp:paragraph -->\n<p>\ud83c\udf84 Cette ann\u00e9e, le march\u00e9 de No\u00ebl se fait en compagnie d&rsquo;acebus ! Faire son shopping, direction le <em>Parc Verlaine<\/em> avec la navette 808.<\/p>\n<!-- \/wp:paragraph -->\n\n<!-- wp:paragraph -->\n<p>\ud83c\udf85 Du 27 novembre au 26 d\u00e9cembre, la navette 808 circule entre le <em>Campus Alan Turing<\/em> (correspondance avec la ligne 1) et la <em>Gare de l&rsquo;Ouest<\/em> du lundi au dimanche. Elle dessert <em>Parc Verlaine<\/em>, <em>March\u00e9 de No\u00ebl <\/em>et <em>Place de France<\/em>.<\/p>\n<!-- \/wp:paragraph -->\n\n<!-- wp:paragraph -->\n<p>\u2603\ufe0f Du lundi au vendredi, un passage toutes les 26 minutes de 12:00 \u00e0 18:00 puis un passage toutes les 13 minutes de 18:00 \u00e0 22:00.<\/p>\n<!-- \/wp:paragraph -->\n\n<!-- wp:paragraph -->\n<p>\ud83c\udf81 Service renforc\u00e9 le week-end : acebus vous fait cadeau de l&rsquo;attente ! Le samedi, un passage toutes les 7 minutes de 9:00 \u00e0 01:00 et le dimanche, un passage toutes les 7 minutes de 11:00 \u00e0 22:00.<\/p>\n<!-- \/wp:paragraph -->\n\n<!-- wp:paragraph -->\n<p>\u2744\ufe0fAlors, qu&rsquo;attendez-vous pour d\u00e9couvrir le March\u00e9 de No\u00ebl cette ann\u00e9e ? Retrouvez les fiches horaires disponibles dans la rubrique \u00ab\u00a0Horaires\u00a0\u00bb.<\/p>\n<!-- \/wp:paragraph --><\/div><\/li>\n<li><a class=\"wp-block-latest-posts__post-title\" href=\"https:\/\/seal.transport-manager.net\/17ace\/communique-de-lautorite-organisatrice\/\">Communiqu\u00e9 de l&rsquo;Autorit\u00e9 Organisatrice<\/a><time datetime=\"2021-10-29T15:36:27+02:00\" class=\"wp-block-latest-posts__post-date\">29 octobre 2021<\/time><div class=\"wp-block-latest-posts__post-full-content\"><!-- wp:paragraph -->\n<p>\ud83d\udc4b\u2139\ufe0f L&rsquo;Autorit\u00e9 Organisatrice M\u00e9tropolitaine et acebus vous font part d&rsquo;un communiqu\u00e9 publi\u00e9 le 29 octobre 2021 \u00e0 propos des \u00e9volutions de votre r\u00e9seau. Consultez-le ici :<\/p>\n<!-- \/wp:paragraph -->\n\n<!-- wp:buttons -->\n<div class=\"wp-block-buttons\"><!-- wp:button {\"textColor\":\"primary\",\"width\":100,\"style\":{\"color\":{\"background\":\"#ffffff\"}},\"className\":\"is-style-fill\"} -->\n<div class=\"wp-block-button has-custom-width wp-block-button__width-100 is-style-fill\"><a class=\"wp-block-button__link has-primary-color has-text-color has-background\" href=\"https:\/\/seal.transport-manager.net\/17ace\/wp-content\/uploads\/sites\/27\/2021\/10\/Communique_AO_acebus_29_oct.pdf\" style=\"background-color:#ffffff\">Consulter le communiqu\u00e9<\/a><\/div>\n<!-- \/wp:button --><\/div>\n<!-- \/wp:buttons --><\/div><\/li>\n<li><a class=\"wp-block-latest-posts__post-title\" href=\"https:\/\/seal.transport-manager.net\/17ace\/rendez-vous-avec-la-ligne-807\/\">Rendez-vous avec la ligne 807<\/a><time datetime=\"2021-09-26T17:56:44+02:00\" class=\"wp-block-latest-posts__post-date\">26 septembre 2021<\/time><div class=\"wp-block-latest-posts__post-full-content\"><!-- wp:heading {\"level\":4} -->\n<h4>\ud83d\ude8d Se rendre au centre de vaccination gratuitement ? C&rsquo;est possible avec acebus !<\/h4>\n<!-- \/wp:heading -->\n\n<!-- wp:paragraph -->\n<p>\ud83d\ude8f L&rsquo;acc\u00e8s a la ligne 807 \u00e9volue ! Elle relie directement la <em>Gare centrale<\/em> au nouveau <em>Vacci centre<\/em> en 7 minutes seulement.<\/p>\n<!-- \/wp:paragraph -->\n\n<!-- wp:paragraph -->\n<p>\ud83d\udd54 Un bus toutes les 14 minutes dans les deux sens pour s&rsquo;y rendre, tous les jours. Horaires disponibles sur le site.<\/p>\n<!-- \/wp:paragraph -->\n\n<!-- wp:paragraph -->\n<p>\ud83d\udc89 <strong>NOUVEAU :<\/strong> La ligne est gratuite pour les habitants de la m\u00e9tropole. Pour cela, il suffit de pr\u00e9senter au conducteur un document attestant de votre r\u00e9sidence : carte \u00e9tudiante, carte d&rsquo;\u00e9tablissement scolaire, carte d&rsquo;identit\u00e9 (si l&rsquo;adresse au dos est \u00e0 jour), carte Vitale ou document attestant de votre premi\u00e8re dose sont accept\u00e9es.<\/p>\n<!-- \/wp:paragraph -->\n\n<!-- wp:paragraph -->\n<p>\ud83d\ude8c Alors, qu&rsquo;attendez-vous pour vous faire vacciner ?<\/p>\n<!-- \/wp:paragraph --><\/div><\/li>\n<\/ul>","protected":false},"excerpt":{"rendered":"","protected":false},"author":27,"featured_media":0,"parent":0,"menu_order":0,"comment_status":"closed","ping_status":"closed","template":"","meta":{"footnotes":""},"class_list":["post-24","page","type-page","status-publish","hentry"],"_links":{"self":[{"href":"https:\/\/seal.transport-manager.net\/17ace\/wp-json\/wp\/v2\/pages\/24","targetHints":{"allow":["GET"]}}],"collection":[{"href":"https:\/\/seal.transport-manager.net\/17ace\/wp-json\/wp\/v2\/pages"}],"about":[{"href":"https:\/\/seal.transport-manager.net\/17ace\/wp-json\/wp\/v2\/types\/page"}],"author":[{"embeddable":true,"href":"https:\/\/seal.transport-manager.net\/17ace\/wp-json\/wp\/v2\/users\/27"}],"replies":[{"embeddable":true,"href":"https:\/\/seal.transport-manager.net\/17ace\/wp-json\/wp\/v2\/comments?post=24"}],"version-history":[{"count":3,"href":"https:\/\/seal.transport-manager.net\/17ace\/wp-json\/wp\/v2\/pages\/24\/revisions"}],"predecessor-version":[{"id":83,"href":"https:\/\/seal.transport-manager.net\/17ace\/wp-json\/wp\/v2\/pages\/24\/revisions\/83"}],"wp:attachment":[{"href":"https:\/\/seal.transport-manager.net\/17ace\/wp-json\/wp\/v2\/media?parent=24"}],"curies":[{"name":"wp","href":"https:\/\/api.w.org\/{rel}","templated":true}]}}