{"id":26,"date":"2021-07-20T13:38:26","date_gmt":"2021-07-20T11:38:26","guid":{"rendered":"https:\/\/seal.transport-manager.net\/17ace\/?page_id=26"},"modified":"2023-05-26T19:37:08","modified_gmt":"2023-05-26T17:37:08","slug":"tarifs","status":"publish","type":"page","link":"https:\/\/seal.transport-manager.net\/17ace\/tarifs\/","title":{"rendered":"Tarifs"},"content":{"rendered":"\n<p class=\"has-text-align-center\">Choisissez le titre de transport le plus adapt\u00e9 \u00e0 votre besoin, selon votre fr\u00e9quence d&rsquo;utilisation ou votre profil.<\/p>\n\n\n\n<h4 class=\"wp-block-heading\">Titres accessibles \u00e0 tous<\/h4>\n\n\n\n<figure class=\"wp-block-table is-style-regular\"><table><thead><tr><th class=\"has-text-align-left\" data-align=\"left\">Nom<\/th><th class=\"has-text-align-left\" data-align=\"left\">Description<\/th><th>Prix<\/th><\/tr><\/thead><tbody><tr><td class=\"has-text-align-left\" data-align=\"left\">&nbsp;ace1&nbsp;&nbsp;<\/td><td class=\"has-text-align-left\" data-align=\"left\">Ticket unitaire, valable <strong>1 heure<\/strong>.<br>Correspondances <strong>autoris\u00e9es<\/strong> (aller\/retour inclus).<br>Vente \u00e0 bord.<\/td><td>1,70\u20ac\u00a0<\/td><\/tr><tr><td class=\"has-text-align-left\" data-align=\"left\">ace24<\/td><td class=\"has-text-align-left\" data-align=\"left\">Ticket <strong>24 heures<\/strong>.<br>Correspondances <strong>autoris\u00e9es<\/strong> (aller\/retour inclus).<br>Vente \u00e0 bord.<\/td><td>5,00\u20ac<\/td><\/tr><tr><td class=\"has-text-align-left\" data-align=\"left\">ace365<\/td><td class=\"has-text-align-left\" data-align=\"left\">Abonnement <strong>mensuel<\/strong>.<br>Voyages <strong>illimit\u00e9s<\/strong> sur l\u2019ensemble du r\u00e9seau. <em>Valable du 1er au dernier jour du mois<\/em>.<br>Vente en agence.<\/td><td>59,00\u20ac<\/td><\/tr><\/tbody><\/table><\/figure>\n","protected":false},"excerpt":{"rendered":"<p>Choisissez le titre de transport le plus adapt\u00e9 \u00e0 votre besoin, selon votre fr\u00e9quence d&rsquo;utilisation ou votre profil. Titres accessibles \u00e0 tous Nom Description Prix &nbsp;ace1&nbsp;&nbsp; Ticket unitaire, valable 1 [&hellip;]<\/p>\n","protected":false},"author":27,"featured_media":0,"parent":0,"menu_order":0,"comment_status":"closed","ping_status":"closed","template":"","meta":{"footnotes":""},"class_list":["post-26","page","type-page","status-publish","hentry"],"_links":{"self":[{"href":"https:\/\/seal.transport-manager.net\/17ace\/wp-json\/wp\/v2\/pages\/26","targetHints":{"allow":["GET"]}}],"collection":[{"href":"https:\/\/seal.transport-manager.net\/17ace\/wp-json\/wp\/v2\/pages"}],"about":[{"href":"https:\/\/seal.transport-manager.net\/17ace\/wp-json\/wp\/v2\/types\/page"}],"author":[{"embeddable":true,"href":"https:\/\/seal.transport-manager.net\/17ace\/wp-json\/wp\/v2\/users\/27"}],"replies":[{"embeddable":true,"href":"https:\/\/seal.transport-manager.net\/17ace\/wp-json\/wp\/v2\/comments?post=26"}],"version-history":[{"count":27,"href":"https:\/\/seal.transport-manager.net\/17ace\/wp-json\/wp\/v2\/pages\/26\/revisions"}],"predecessor-version":[{"id":346,"href":"https:\/\/seal.transport-manager.net\/17ace\/wp-json\/wp\/v2\/pages\/26\/revisions\/346"}],"wp:attachment":[{"href":"https:\/\/seal.transport-manager.net\/17ace\/wp-json\/wp\/v2\/media?parent=26"}],"curies":[{"name":"wp","href":"https:\/\/api.w.org\/{rel}","templated":true}]}}