{"id":52,"date":"2021-08-07T15:25:07","date_gmt":"2021-08-07T13:25:07","guid":{"rendered":"https:\/\/seal.transport-manager.net\/17ace\/?page_id=52"},"modified":"2023-05-26T22:24:51","modified_gmt":"2023-05-26T20:24:51","slug":"la-metropole-vous-transporte","status":"publish","type":"page","link":"https:\/\/seal.transport-manager.net\/17ace\/","title":{"rendered":""},"content":{"rendered":"\n<div class=\"wp-block-group alignwide has-background\" style=\"background-color:#f00000\"><div class=\"wp-block-group__inner-container is-layout-flow wp-block-group-is-layout-flow\">\n<div class=\"wp-block-columns is-layout-flex wp-container-core-columns-is-layout-9d6595d7 wp-block-columns-is-layout-flex\">\n<div class=\"wp-block-column is-vertically-aligned-center has-background is-layout-flow wp-block-column-is-layout-flow\" style=\"background-color:#f00000\">\n<h4 class=\"wp-block-heading has-text-align-center has-background\" style=\"background-color:#f00000\">Les plans et fiches horaires sont temporairement indisponibles. Veuillez nous excuser pour la g\u00eane occasionn\u00e9e.<\/h4>\n<\/div>\n<\/div>\n<\/div><\/div>\n\n\n\n<div class=\"wp-block-group alignwide has-background\" style=\"background-color:#ffffff\"><div class=\"wp-block-group__inner-container is-layout-flow wp-block-group-is-layout-flow\">\n<div class=\"wp-block-columns is-layout-flex wp-container-core-columns-is-layout-9d6595d7 wp-block-columns-is-layout-flex\">\n<div class=\"wp-block-column is-layout-flow wp-block-column-is-layout-flow\">\n<h4 class=\"wp-block-heading has-text-align-center\"><strong>acebus <\/strong>est votre acteur local de la mobilit\u00e9 au quotidien.<\/h4>\n<\/div>\n<\/div>\n\n\n\n<div class=\"wp-block-columns are-vertically-aligned-top is-layout-flex wp-container-core-columns-is-layout-9d6595d7 wp-block-columns-is-layout-flex\">\n<div class=\"wp-block-column is-vertically-aligned-top is-layout-flow wp-block-column-is-layout-flow\">\n<p class=\"has-text-align-center has-normal-font-size\"><strong>13 lignes r\u00e9guli\u00e8res<\/strong>,<br>dont <strong>2 \u00e0 haut niveau de service<\/strong>,<br>du lundi au dimanche.<br><strong>2 lignes \u00e0 la demande,<\/strong><br>pour rabattre vers la ville.<\/p>\n<\/div>\n\n\n\n<div class=\"wp-block-column is-vertically-aligned-top is-layout-flow wp-block-column-is-layout-flow\">\n<p class=\"has-text-align-center has-normal-font-size\">Des bus<strong> \u00e9lectriques<\/strong>,<br><strong>accessibles PMR<\/strong>,<strong> climatis\u00e9s<\/strong>,<br>et une \u00e9quipe de <strong>300 collaborateurs<\/strong> vous<br>transportant au quotidien.<\/p>\n<\/div>\n<\/div>\n<\/div><\/div>\n\n\n\n<hr class=\"wp-block-separator has-css-opacity is-style-default\" \/>\n\n\n\n<h3 class=\"wp-block-heading has-text-align-center\">Actualit\u00e9s<\/h3>\n\n\n<ul class=\"wp-block-latest-posts__list is-grid columns-2 has-dates aligncenter wp-block-latest-posts\"><li><a class=\"wp-block-latest-posts__post-title\" href=\"https:\/\/seal.transport-manager.net\/17ace\/le-marche-de-noel-avec-acebus\/\">Le march\u00e9 de No\u00ebl, avec acebus<\/a><time datetime=\"2021-11-27T21:27:46+01:00\" class=\"wp-block-latest-posts__post-date\">27 novembre 2021<\/time><\/li>\n<li><a class=\"wp-block-latest-posts__post-title\" href=\"https:\/\/seal.transport-manager.net\/17ace\/communique-de-lautorite-organisatrice\/\">Communiqu\u00e9 de l&rsquo;Autorit\u00e9 Organisatrice<\/a><time datetime=\"2021-10-29T15:36:27+02:00\" class=\"wp-block-latest-posts__post-date\">29 octobre 2021<\/time><\/li>\n<\/ul>","protected":false},"excerpt":{"rendered":"<p>Les plans et fiches horaires sont temporairement indisponibles. Veuillez nous excuser pour la g\u00eane occasionn\u00e9e. acebus est votre acteur local de la mobilit\u00e9 au quotidien. 13 lignes r\u00e9guli\u00e8res,dont 2 \u00e0 [&hellip;]<\/p>\n","protected":false},"author":27,"featured_media":0,"parent":0,"menu_order":0,"comment_status":"closed","ping_status":"closed","template":"","meta":{"footnotes":""},"class_list":["post-52","page","type-page","status-publish","hentry"],"_links":{"self":[{"href":"https:\/\/seal.transport-manager.net\/17ace\/wp-json\/wp\/v2\/pages\/52","targetHints":{"allow":["GET"]}}],"collection":[{"href":"https:\/\/seal.transport-manager.net\/17ace\/wp-json\/wp\/v2\/pages"}],"about":[{"href":"https:\/\/seal.transport-manager.net\/17ace\/wp-json\/wp\/v2\/types\/page"}],"author":[{"embeddable":true,"href":"https:\/\/seal.transport-manager.net\/17ace\/wp-json\/wp\/v2\/users\/27"}],"replies":[{"embeddable":true,"href":"https:\/\/seal.transport-manager.net\/17ace\/wp-json\/wp\/v2\/comments?post=52"}],"version-history":[{"count":21,"href":"https:\/\/seal.transport-manager.net\/17ace\/wp-json\/wp\/v2\/pages\/52\/revisions"}],"predecessor-version":[{"id":356,"href":"https:\/\/seal.transport-manager.net\/17ace\/wp-json\/wp\/v2\/pages\/52\/revisions\/356"}],"wp:attachment":[{"href":"https:\/\/seal.transport-manager.net\/17ace\/wp-json\/wp\/v2\/media?parent=52"}],"curies":[{"name":"wp","href":"https:\/\/api.w.org\/{rel}","templated":true}]}}