{"id":17,"date":"2025-03-02T14:36:21","date_gmt":"2025-03-02T13:36:21","guid":{"rendered":"https:\/\/seal.transport-manager.net\/skibusbelledonne\/?page_id=17"},"modified":"2026-03-18T17:24:56","modified_gmt":"2026-03-18T16:24:56","slug":"accueil","status":"publish","type":"page","link":"https:\/\/seal.transport-manager.net\/IsereSKI\/","title":{"rendered":"Accueil"},"content":{"rendered":"\n\n\n\n\n<title>Transport<\/title>\n\n\n\n\n<h1>\ud83d\ude8d R\u00e9seau Urbain<\/h1>\n\n\n<br><br>\n\n\n<br>\n\n<!-- TEXTE INFOTRAFIC -->\n<div style=\"width:80%;margin:auto;background:white;padding:15px;border-radius:10px\">\n  <h3>\ud83d\udea8 Infotrafic en direct <\/h3>\n  <p>Ligne C2 perturb\u00e9e \u00e0 l&rsquo;arr\u00eat Grenoble HDV, certain bus peuvent-\u00eatre limit\u00e9s, le retard maximum constat\u00e9 est de 5 minutes <\/p>\n  <p><\/p>\n  <p>Pour le reste, voir sur la page infotrafic<\/p>\n<\/div>\n\n\n\n","protected":false},"excerpt":{"rendered":"<p>Transport \ud83d\ude8d R\u00e9seau Urbain \ud83d\udea8 Infotrafic en direct Ligne C2 perturb\u00e9e \u00e0 l&rsquo;arr\u00eat Grenoble HDV, certain bus peuvent-\u00eatre limit\u00e9s, le retard maximum constat\u00e9 est de 5 minutes Pour le reste, voir sur la page infotrafic<\/p>\n","protected":false},"author":510,"featured_media":0,"parent":0,"menu_order":0,"comment_status":"closed","ping_status":"closed","template":"","meta":{"footnotes":""},"class_list":["post-17","page","type-page","status-publish","hentry"],"_links":{"self":[{"href":"https:\/\/seal.transport-manager.net\/IsereSKI\/wp-json\/wp\/v2\/pages\/17","targetHints":{"allow":["GET"]}}],"collection":[{"href":"https:\/\/seal.transport-manager.net\/IsereSKI\/wp-json\/wp\/v2\/pages"}],"about":[{"href":"https:\/\/seal.transport-manager.net\/IsereSKI\/wp-json\/wp\/v2\/types\/page"}],"author":[{"embeddable":true,"href":"https:\/\/seal.transport-manager.net\/IsereSKI\/wp-json\/wp\/v2\/users\/510"}],"replies":[{"embeddable":true,"href":"https:\/\/seal.transport-manager.net\/IsereSKI\/wp-json\/wp\/v2\/comments?post=17"}],"version-history":[{"count":21,"href":"https:\/\/seal.transport-manager.net\/IsereSKI\/wp-json\/wp\/v2\/pages\/17\/revisions"}],"predecessor-version":[{"id":922,"href":"https:\/\/seal.transport-manager.net\/IsereSKI\/wp-json\/wp\/v2\/pages\/17\/revisions\/922"}],"wp:attachment":[{"href":"https:\/\/seal.transport-manager.net\/IsereSKI\/wp-json\/wp\/v2\/media?parent=17"}],"curies":[{"name":"wp","href":"https:\/\/api.w.org\/{rel}","templated":true}]}}