{"id":182,"date":"2025-04-09T18:36:29","date_gmt":"2025-04-09T16:36:29","guid":{"rendered":"https:\/\/seal.transport-manager.net\/IsereSKI\/?page_id=182"},"modified":"2026-02-26T22:01:09","modified_gmt":"2026-02-26T21:01:09","slug":"les-titres","status":"publish","type":"page","link":"https:\/\/seal.transport-manager.net\/IsereSKI\/titres-et-tarifs\/les-titres\/","title":{"rendered":"Les titres"},"content":{"rendered":"\n<p class=\"has-black-color has-text-color has-link-color wp-elements-1ecaeff14c8854871ac826c3a76270cd\">Actuellement, retrouvez trois titres sur le r\u00e9seau :<\/p>\n\n\n\n<ul class=\"wp-block-list\">\n<li class=\"has-black-color has-text-color has-link-color wp-elements-18ec7c7351ea37d42abea056a738e9eb\">Le ticket 1h \u00e0 1,80\u20ac de couleur rose<\/li>\n\n\n\n<li class=\"has-black-color has-text-color has-link-color wp-elements-14f9172fdd44d04fa45a1940d5bb6da2\">Le ticket 24h \u00e0 5,30\u20ac de couleur jaune<\/li>\n\n\n\n<li class=\"has-black-color has-text-color has-link-color wp-elements-1bad3295bf246542d41d6a298961e4b8\">Le ticket 1 mois \u00e0 62\u20ac de couleur bleu<\/li>\n<\/ul>\n\n\n\n<p class=\"has-black-color has-text-color has-link-color wp-elements-77dd61a8c59c589803d5535cc2134ba7\">\u00c0 noter que les enfants de moins de 4 ans b\u00e9n\u00e9ficient de la gratuit\u00e9 du r\u00e9seau sous pr\u00e9sentation d&rsquo;une carte d\u2019identit\u00e9.<\/p>\n\n\n\n<figure class=\"wp-block-image size-full\"><img loading=\"lazy\" decoding=\"async\" width=\"810\" height=\"308\" src=\"https:\/\/seal.transport-manager.net\/IsereSKI\/wp-content\/uploads\/sites\/549\/2025\/08\/Capture_d_ecran_2025-08-28_a_20.34.51-removebg-preview.png\" alt=\"\" class=\"wp-image-376\" srcset=\"https:\/\/seal.transport-manager.net\/IsereSKI\/wp-content\/uploads\/sites\/549\/2025\/08\/Capture_d_ecran_2025-08-28_a_20.34.51-removebg-preview.png 810w, https:\/\/seal.transport-manager.net\/IsereSKI\/wp-content\/uploads\/sites\/549\/2025\/08\/Capture_d_ecran_2025-08-28_a_20.34.51-removebg-preview-300x114.png 300w, https:\/\/seal.transport-manager.net\/IsereSKI\/wp-content\/uploads\/sites\/549\/2025\/08\/Capture_d_ecran_2025-08-28_a_20.34.51-removebg-preview-768x292.png 768w\" sizes=\"auto, (max-width: 810px) 100vw, 810px\" \/><\/figure>\n","protected":false},"excerpt":{"rendered":"<p>Actuellement, retrouvez trois titres sur le r\u00e9seau : \u00c0 noter que les enfants de moins de 4 ans b\u00e9n\u00e9ficient de la gratuit\u00e9 du r\u00e9seau sous pr\u00e9sentation d&rsquo;une carte d\u2019identit\u00e9.<\/p>\n","protected":false},"author":510,"featured_media":0,"parent":61,"menu_order":0,"comment_status":"closed","ping_status":"closed","template":"","meta":{"footnotes":""},"class_list":["post-182","page","type-page","status-publish","hentry"],"_links":{"self":[{"href":"https:\/\/seal.transport-manager.net\/IsereSKI\/wp-json\/wp\/v2\/pages\/182","targetHints":{"allow":["GET"]}}],"collection":[{"href":"https:\/\/seal.transport-manager.net\/IsereSKI\/wp-json\/wp\/v2\/pages"}],"about":[{"href":"https:\/\/seal.transport-manager.net\/IsereSKI\/wp-json\/wp\/v2\/types\/page"}],"author":[{"embeddable":true,"href":"https:\/\/seal.transport-manager.net\/IsereSKI\/wp-json\/wp\/v2\/users\/510"}],"replies":[{"embeddable":true,"href":"https:\/\/seal.transport-manager.net\/IsereSKI\/wp-json\/wp\/v2\/comments?post=182"}],"version-history":[{"count":5,"href":"https:\/\/seal.transport-manager.net\/IsereSKI\/wp-json\/wp\/v2\/pages\/182\/revisions"}],"predecessor-version":[{"id":861,"href":"https:\/\/seal.transport-manager.net\/IsereSKI\/wp-json\/wp\/v2\/pages\/182\/revisions\/861"}],"up":[{"embeddable":true,"href":"https:\/\/seal.transport-manager.net\/IsereSKI\/wp-json\/wp\/v2\/pages\/61"}],"wp:attachment":[{"href":"https:\/\/seal.transport-manager.net\/IsereSKI\/wp-json\/wp\/v2\/media?parent=182"}],"curies":[{"name":"wp","href":"https:\/\/api.w.org\/{rel}","templated":true}]}}