{"id":185,"date":"2025-04-09T18:45:45","date_gmt":"2025-04-09T16:45:45","guid":{"rendered":"https:\/\/seal.transport-manager.net\/IsereSKI\/?page_id=185"},"modified":"2026-03-18T17:38:06","modified_gmt":"2026-03-18T16:38:06","slug":"ou-acheter","status":"publish","type":"page","link":"https:\/\/seal.transport-manager.net\/IsereSKI\/titres-et-tarifs\/ou-acheter\/","title":{"rendered":"O\u00f9 acheter ?"},"content":{"rendered":"\n<p class=\"has-black-color has-text-color has-link-color wp-elements-c6d63be8dd9b50ef5ec72b434f0ce9a6\">Sur le r\u00e9seau, pour acheter des titres, diff\u00e9rentes options s&rsquo;offrent \u00e0 vous : <\/p>\n\n\n\n<ul class=\"wp-block-list\">\n<li class=\"has-black-color has-text-color has-link-color wp-elements-c3646671af251be2d3a36224f226fd9e\">Aupr\u00e8s des conducteurs <\/li>\n\n\n\n<li class=\"has-black-color has-text-color has-link-color wp-elements-4d3a77cc9027374dbeb7b78cc87ac398\">Aux centres commerciaux Iris et Tulipe aux accueils<\/li>\n\n\n\n<li class=\"has-black-color has-text-color has-link-color wp-elements-30a184650541dcee596643c5985f18ce\">Dans les cinq agences de mobilit\u00e9s : Gare, Biblioth\u00e8ques Universitaires, Les Claverins, Grand&rsquo;Place et Chantefeuille.<\/li>\n<\/ul>\n","protected":false},"excerpt":{"rendered":"<p>Sur le r\u00e9seau, pour acheter des titres, diff\u00e9rentes options s&rsquo;offrent \u00e0 vous :<\/p>\n","protected":false},"author":510,"featured_media":0,"parent":61,"menu_order":0,"comment_status":"closed","ping_status":"closed","template":"","meta":{"footnotes":""},"class_list":["post-185","page","type-page","status-publish","hentry"],"_links":{"self":[{"href":"https:\/\/seal.transport-manager.net\/IsereSKI\/wp-json\/wp\/v2\/pages\/185","targetHints":{"allow":["GET"]}}],"collection":[{"href":"https:\/\/seal.transport-manager.net\/IsereSKI\/wp-json\/wp\/v2\/pages"}],"about":[{"href":"https:\/\/seal.transport-manager.net\/IsereSKI\/wp-json\/wp\/v2\/types\/page"}],"author":[{"embeddable":true,"href":"https:\/\/seal.transport-manager.net\/IsereSKI\/wp-json\/wp\/v2\/users\/510"}],"replies":[{"embeddable":true,"href":"https:\/\/seal.transport-manager.net\/IsereSKI\/wp-json\/wp\/v2\/comments?post=185"}],"version-history":[{"count":5,"href":"https:\/\/seal.transport-manager.net\/IsereSKI\/wp-json\/wp\/v2\/pages\/185\/revisions"}],"predecessor-version":[{"id":933,"href":"https:\/\/seal.transport-manager.net\/IsereSKI\/wp-json\/wp\/v2\/pages\/185\/revisions\/933"}],"up":[{"embeddable":true,"href":"https:\/\/seal.transport-manager.net\/IsereSKI\/wp-json\/wp\/v2\/pages\/61"}],"wp:attachment":[{"href":"https:\/\/seal.transport-manager.net\/IsereSKI\/wp-json\/wp\/v2\/media?parent=185"}],"curies":[{"name":"wp","href":"https:\/\/api.w.org\/{rel}","templated":true}]}}