{"id":24,"date":"2023-12-02T22:49:21","date_gmt":"2023-12-02T21:49:21","guid":{"rendered":"https:\/\/seal.transport-manager.net\/pikaax\/?page_id=24"},"modified":"2025-10-12T11:04:33","modified_gmt":"2025-10-12T09:04:33","slug":"fiches-horaires","status":"publish","type":"page","link":"https:\/\/seal.transport-manager.net\/PikaaxYT\/fiches-horaires\/","title":{"rendered":"Horaires"},"content":{"rendered":"\n<p><br>Lignes r\u00e9guli\u00e8res (lignes 1 \u00e0 8, 11 et 60-61)<\/p>\n\n\n\n<p>Horaires valables \u00e0 partir du 12 octobre 2025 et jusqu\u2019\u00e0 nouvelle \u00e9dition<\/p>\n\n\n\n<div class=\"wp-block-buttons is-layout-flex wp-block-buttons-is-layout-flex\">\n<div class=\"wp-block-button\"><a class=\"wp-block-button__link wp-element-button\" href=\"https:\/\/seal.transport-manager.net\/PikaaxYT\/wp-content\/uploads\/sites\/373\/2025\/10\/DenainMobilites-Horaires-Octobre2025-v2.pdf\" target=\"_blank\" rel=\"noreferrer noopener\">Consulter les horaires<\/a><\/div>\n<\/div>\n\n\n\n<p><\/p>\n","protected":false},"excerpt":{"rendered":"<p>Lignes r\u00e9guli\u00e8res (lignes 1 \u00e0 8, 11 et 60-61) Horaires valables \u00e0 partir du 12 octobre 2025 et jusqu\u2019\u00e0 nouvelle \u00e9dition<\/p>\n","protected":false},"author":427,"featured_media":0,"parent":0,"menu_order":0,"comment_status":"closed","ping_status":"closed","template":"","meta":{"footnotes":""},"class_list":["post-24","page","type-page","status-publish","hentry"],"_links":{"self":[{"href":"https:\/\/seal.transport-manager.net\/PikaaxYT\/wp-json\/wp\/v2\/pages\/24","targetHints":{"allow":["GET"]}}],"collection":[{"href":"https:\/\/seal.transport-manager.net\/PikaaxYT\/wp-json\/wp\/v2\/pages"}],"about":[{"href":"https:\/\/seal.transport-manager.net\/PikaaxYT\/wp-json\/wp\/v2\/types\/page"}],"author":[{"embeddable":true,"href":"https:\/\/seal.transport-manager.net\/PikaaxYT\/wp-json\/wp\/v2\/users\/427"}],"replies":[{"embeddable":true,"href":"https:\/\/seal.transport-manager.net\/PikaaxYT\/wp-json\/wp\/v2\/comments?post=24"}],"version-history":[{"count":42,"href":"https:\/\/seal.transport-manager.net\/PikaaxYT\/wp-json\/wp\/v2\/pages\/24\/revisions"}],"predecessor-version":[{"id":445,"href":"https:\/\/seal.transport-manager.net\/PikaaxYT\/wp-json\/wp\/v2\/pages\/24\/revisions\/445"}],"wp:attachment":[{"href":"https:\/\/seal.transport-manager.net\/PikaaxYT\/wp-json\/wp\/v2\/media?parent=24"}],"curies":[{"name":"wp","href":"https:\/\/api.w.org\/{rel}","templated":true}]}}