{"id":2,"date":"2021-07-20T22:10:56","date_gmt":"2021-07-20T20:10:56","guid":{"rendered":"https:\/\/seal.transport-manager.net\/titi\/?page_id=2"},"modified":"2025-10-20T15:17:05","modified_gmt":"2025-10-20T13:17:05","slug":"page-d-exemple","status":"publish","type":"page","link":"https:\/\/seal.transport-manager.net\/TIM3500\/page-d-exemple\/","title":{"rendered":"Les Lignes"},"content":{"rendered":"\n<p>Le r\u00e9seau est compos\u00e9 actuellement de:<\/p>\n\n\n\n<p>13 lignes principales (1 \u00e0 13)<\/p>\n\n\n\n<p>5 lignes secondaires (60 \u00e0 64)<\/p>\n\n\n\n<p>2 lignes de TAD (901 et 902)<\/p>\n\n\n\n<p>Elles sont compl\u00e9t\u00e9es par des lignes sp\u00e9ciales circulant pour divers \u00e9v\u00e8nements: 801\/802\/803 (r\u00e9veillons 24 et 31\/12), 810 (en \u00e9t\u00e9), 813 (march\u00e9 de no\u00ebl), 809 (carnaval, f\u00eate de la musique),&#8230;<\/p>\n\n\n\n<p><\/p>\n","protected":false},"excerpt":{"rendered":"<p>Le r\u00e9seau est compos\u00e9 actuellement de: 13 lignes principales (1 \u00e0 13) 5 lignes secondaires (60 \u00e0 64) 2 lignes de TAD (901 et 902) Elles sont compl\u00e9t\u00e9es par des [&hellip;]<\/p>\n","protected":false},"author":41,"featured_media":0,"parent":0,"menu_order":0,"comment_status":"closed","ping_status":"open","template":"","meta":{"footnotes":""},"class_list":["post-2","page","type-page","status-publish","hentry"],"_links":{"self":[{"href":"https:\/\/seal.transport-manager.net\/TIM3500\/wp-json\/wp\/v2\/pages\/2","targetHints":{"allow":["GET"]}}],"collection":[{"href":"https:\/\/seal.transport-manager.net\/TIM3500\/wp-json\/wp\/v2\/pages"}],"about":[{"href":"https:\/\/seal.transport-manager.net\/TIM3500\/wp-json\/wp\/v2\/types\/page"}],"author":[{"embeddable":true,"href":"https:\/\/seal.transport-manager.net\/TIM3500\/wp-json\/wp\/v2\/users\/41"}],"replies":[{"embeddable":true,"href":"https:\/\/seal.transport-manager.net\/TIM3500\/wp-json\/wp\/v2\/comments?post=2"}],"version-history":[{"count":94,"href":"https:\/\/seal.transport-manager.net\/TIM3500\/wp-json\/wp\/v2\/pages\/2\/revisions"}],"predecessor-version":[{"id":1353,"href":"https:\/\/seal.transport-manager.net\/TIM3500\/wp-json\/wp\/v2\/pages\/2\/revisions\/1353"}],"wp:attachment":[{"href":"https:\/\/seal.transport-manager.net\/TIM3500\/wp-json\/wp\/v2\/media?parent=2"}],"curies":[{"name":"wp","href":"https:\/\/api.w.org\/{rel}","templated":true}]}}