{"id":423,"date":"2022-04-04T14:47:48","date_gmt":"2022-04-04T12:47:48","guid":{"rendered":"https:\/\/seal.transport-manager.net\/titi\/?page_id=423"},"modified":"2025-09-04T10:48:25","modified_gmt":"2025-09-04T08:48:25","slug":"le-parc-vehicule","status":"publish","type":"page","link":"https:\/\/seal.transport-manager.net\/TIM3500\/le-parc-vehicule\/","title":{"rendered":"Le Parc V\u00e9hicules"},"content":{"rendered":"\n<p>Vous trouverez dans le tableau le r\u00e9cap des infos concernant les v\u00e9hicules du r\u00e9seau<\/p>\n\n\n\n<figure class=\"wp-block-table\"><table><tbody><tr><td>N\u00b0 de Parc<\/td><td>Type de V\u00e9hicule<\/td><td>Motorisation<\/td><td>Etat<\/td><\/tr><tr><td>101<\/td><td>Daily city<\/td><td>GNV<\/td><td>En service<\/td><\/tr><tr><td>102<\/td><td>Daily city<\/td><td>GNV<\/td><td>En service<\/td><\/tr><tr><td>103<\/td><td>Daily city<\/td><td>GNV<\/td><td>En service<\/td><\/tr><tr><td>104<\/td><td>Daily city<\/td><td>GNV<\/td><td>En service<\/td><\/tr><tr><td>105<\/td><td>Daily city<\/td><td>GNV<\/td><td>En service<\/td><\/tr><tr><td>201<\/td><td>UW 10<\/td><td>GNV<\/td><td>En service<\/td><\/tr><tr><td>202<\/td><td>UW 10<\/td><td>GNV<\/td><td>En service<\/td><\/tr><tr><td>203<\/td><td>UW 10<\/td><td>GNV<\/td><td>En service<\/td><\/tr><tr><td>204<\/td><td>UW 10<\/td><td>GNV<\/td><td>En service<\/td><\/tr><tr><td>205<\/td><td>UW 10<\/td><td>GNV<\/td><td>En service<\/td><\/tr><tr><td>206<\/td><td>UW 10<\/td><td>GNV<\/td><td>En service<\/td><\/tr><tr><td>207<\/td><td>UW 10<\/td><td>GNV<\/td><td>En service<\/td><\/tr><tr><td>208<\/td><td>UW 10<\/td><td>GNV<\/td><td>En service<\/td><\/tr><tr><td>209<\/td><td>UW 10<\/td><td>GNV<\/td><td>En service<\/td><\/tr><tr><td>210<\/td><td>UW 10<\/td><td>GNV<\/td><td>En service<\/td><\/tr><tr><td>211<\/td><td>UW 10<\/td><td>GNV<\/td><td>En service<\/td><\/tr><tr><td>212<\/td><td>UW 10<\/td><td>GNV<\/td><td>En service<\/td><\/tr><tr><td>213<\/td><td>UW 10<\/td><td>GNV<\/td><td>En service<\/td><\/tr><tr><td>214<\/td><td>UW 10<\/td><td>GNV<\/td><td>En service<\/td><\/tr><tr><td>215<\/td><td>UW 10<\/td><td>GNV<\/td><td>En service<\/td><\/tr><tr><td>216<\/td><td>UW 10<\/td><td>GNV<\/td><td>En service<\/td><\/tr><tr><td>217<\/td><td>UW 10<\/td><td>GNV<\/td><td>En service<\/td><\/tr><tr><td>218<\/td><td>UW 10<\/td><td>GNV<\/td><td>En service<\/td><\/tr><tr><td>219<\/td><td>UW 10<\/td><td>GNV<\/td><td>En service<\/td><\/tr><tr><td>220<\/td><td>UW 10<\/td><td>GNV<\/td><td>En service<\/td><\/tr><tr><td>221<\/td><td>UW 10<\/td><td>GNV<\/td><td>En service<\/td><\/tr><tr><td>222<\/td><td>UW 10<\/td><td>GNV<\/td><td>En service<\/td><\/tr><tr><td>301<\/td><td>ECitaro <\/td><td>Electrique<\/td><td>En service<\/td><\/tr><tr><td>302<\/td><td>ECitaro <\/td><td>Electrique<\/td><td>En service<\/td><\/tr><tr><td>303<\/td><td>ECitaro <\/td><td>Electrique<\/td><td>En service<\/td><\/tr><tr><td>304<\/td><td>ECitaro<\/td><td>Electrique<\/td><td>En service<\/td><\/tr><tr><td>305<\/td><td>ECitaro<\/td><td>Electrique<\/td><td>En service<\/td><\/tr><tr><td>306<\/td><td>ECitaro<\/td><td>Electrique<\/td><td>En service<\/td><\/tr><tr><td>307<\/td><td>ECitaro<\/td><td>Electrique<\/td><td>En commande<\/td><\/tr><tr><td>308<\/td><td>ECitaro<\/td><td>Electrique<\/td><td>En commande<\/td><\/tr><tr><td>309<\/td><td>ECitaro<\/td><td>Electrique<\/td><td>En commande<\/td><\/tr><tr><td>310<\/td><td>Citaro C2<\/td><td>Gasoil<\/td><td>En service<\/td><\/tr><tr><td>311<\/td><td>Citaro C2<\/td><td>Gasoil<\/td><td>En service<\/td><\/tr><tr><td>312<\/td><td>Citaro C2<\/td><td>Gasoil<\/td><td>En service<\/td><\/tr><tr><td>313<\/td><td>Citaro C2<\/td><td>Gasoil<\/td><td>En service<\/td><\/tr><tr><td>314<\/td><td>Citaro C2<\/td><td>Gasoil<\/td><td>En service<\/td><\/tr><tr><td>315<\/td><td>Lion City 12<\/td><td>GNV<\/td><td>En service<\/td><\/tr><tr><td>316<\/td><td>Lion City 12 E<\/td><td>Electrique<\/td><td>En service<\/td><\/tr><tr><td>317<\/td><td>Lion City 12 E<\/td><td>Electrique<\/td><td>En service<\/td><\/tr><tr><td>318<\/td><td>Lion City 12 E<\/td><td>Electrique<\/td><td>En service<\/td><\/tr><tr><td>319<\/td><td>Lion City 12 E<\/td><td>Electrique<\/td><td>En service<\/td><\/tr><tr><td>320<\/td><td>UW 12<\/td><td>GNV<\/td><td>En service<\/td><\/tr><tr><td>321<\/td><td>UW 12<\/td><td>GNV<\/td><td>En service<\/td><\/tr><tr><td>322<\/td><td>UW 12<\/td><td>GNV<\/td><td>En service<\/td><\/tr><tr><td>323<\/td><td>UW 12<\/td><td>GNV<\/td><td>En service<\/td><\/tr><tr><td>324<\/td><td>UW 12<\/td><td>GNV<\/td><td>En service<\/td><\/tr><tr><td>325<\/td><td>UW 12<\/td><td>GNV<\/td><td>En service<\/td><\/tr><tr><td>326<\/td><td>UW 12<\/td><td>GNV<\/td><td>En service<\/td><\/tr><tr><td>327<\/td><td>UW 12<\/td><td>GNV<\/td><td>En service<\/td><\/tr><tr><td>328<\/td><td>UW 12<\/td><td>GNV<\/td><td>En service<\/td><\/tr><tr><td>329<\/td><td>UW 12<\/td><td>GNV<\/td><td>En service<\/td><\/tr><tr><td>330<\/td><td>UW 12<\/td><td>GNV<\/td><td>En service<\/td><\/tr><tr><td>331<\/td><td>UW 12<\/td><td>GNV<\/td><td>En service<\/td><\/tr><tr><td>332<\/td><td>UW 12<\/td><td>GNV<\/td><td>En service<\/td><\/tr><tr><td>333<\/td><td>UW 12<\/td><td>GNV<\/td><td>En service<\/td><\/tr><tr><td>334<\/td><td>UW 12<\/td><td>GNV<\/td><td>En service<\/td><\/tr><tr><td>335<\/td><td>UW 12<\/td><td>GNV<\/td><td>En service<\/td><\/tr><tr><td>336<\/td><td>UW 12<\/td><td>GNV<\/td><td>En service<\/td><\/tr><tr><td>337<\/td><td>UW 12<\/td><td>GNV<\/td><td>En service<\/td><\/tr><tr><td>338<\/td><td>UW 12<\/td><td>GNV<\/td><td>En service<\/td><\/tr><tr><td>339<\/td><td>UW 12<\/td><td>GNV<\/td><td>En service<\/td><\/tr><tr><td>340<\/td><td>UW 12<\/td><td>GNV<\/td><td>En service<\/td><\/tr><tr><td>341<\/td><td>UW 12<\/td><td>Hybride<\/td><td>En service<\/td><\/tr><tr><td>342<\/td><td>UW 12<\/td><td>Hybride<\/td><td>En service<\/td><\/tr><tr><td>343<\/td><td>UW 12 BHNS<\/td><td>GNV<\/td><td>En service<\/td><\/tr><tr><td>344<\/td><td>UW 12 BHNS<\/td><td>GNV<\/td><td>En service<\/td><\/tr><tr><td>345<\/td><td>UW 12 BHNS<\/td><td>GNV<\/td><td>En service<\/td><\/tr><tr><td>346<\/td><td>UW 12 BHNS<\/td><td>GNV<\/td><td>En service<\/td><\/tr><tr><td>347<\/td><td>UW 12 BHNS<\/td><td>GNV<\/td><td>En service<\/td><\/tr><tr><td>348<\/td><td>UW 12 BHNS<\/td><td>GNV<\/td><td>En service<\/td><\/tr><tr><td>349<\/td><td>UW 12 BHNS<\/td><td>GNV<\/td><td>En service<\/td><\/tr><tr><td>350<\/td><td>UW 12 BHNS<\/td><td>GNV<\/td><td>En service<\/td><\/tr><tr><td>351<\/td><td>UW 12 BHNS<\/td><td>GNV<\/td><td>En service<\/td><\/tr><tr><td>352<\/td><td>UW 12 BHNS<\/td><td>GNV<\/td><td>En service<\/td><\/tr><tr><td>353<\/td><td>UW 12 BHNS<\/td><td>GNV<\/td><td>En service<\/td><\/tr><tr><td>354<\/td><td>UW 12 BHNS<\/td><td>GNV<\/td><td>En service<\/td><\/tr><tr><td>355<\/td><td>UW 12 BHNS<\/td><td>GNV<\/td><td>En service<\/td><\/tr><tr><td>356<\/td><td>UW 12 BHNS<\/td><td>GNV<\/td><td>En service<\/td><\/tr><tr><td>357<\/td><td>UW 12 BHNS<\/td><td>GNV<\/td><td>En service<\/td><\/tr><tr><td>401<\/td><td>UW 18<\/td><td>GNV<\/td><td>En service<\/td><\/tr><tr><td>402<\/td><td>UW 18<\/td><td>GNV<\/td><td>En service<\/td><\/tr><tr><td>403<\/td><td>UW 18<\/td><td>GNV<\/td><td>En service<\/td><\/tr><tr><td>404<\/td><td>UW 18<\/td><td>GNV<\/td><td>En service<\/td><\/tr><tr><td>405<\/td><td>UW 18<\/td><td>GNV<\/td><td>En service<\/td><\/tr><tr><td>406<\/td><td>UW 18<\/td><td>GNV<\/td><td>En service<\/td><\/tr><tr><td>407<\/td><td>UW 18<\/td><td>GNV<\/td><td>En service<\/td><\/tr><tr><td>408<\/td><td>UW 18<\/td><td>GNV<\/td><td>En service<\/td><\/tr><tr><td>409<\/td><td>UW 18<\/td><td>GNV<\/td><td>En service<\/td><\/tr><tr><td>410<\/td><td>UW 18<\/td><td>GNV<\/td><td>En service<\/td><\/tr><tr><td>411<\/td><td>UW 18<\/td><td>GNV<\/td><td>En service<\/td><\/tr><tr><td>412<\/td><td>UW 18<\/td><td>GNV<\/td><td>En service<\/td><\/tr><tr><td>413<\/td><td>UW 18<\/td><td>GNV<\/td><td>En service<\/td><\/tr><tr><td>414<\/td><td>UW 18<\/td><td>GNV<\/td><td>En service<\/td><\/tr><tr><td>415<\/td><td>UW 18<\/td><td>GNV<\/td><td>En service<\/td><\/tr><tr><td>416<\/td><td>UW 18<\/td><td>GNV<\/td><td>En service<\/td><\/tr><tr><td>417<\/td><td>UW 18<\/td><td>GNV<\/td><td>En service<\/td><\/tr><tr><td>418<\/td><td>UW 18<\/td><td>GNV<\/td><td>En service<\/td><\/tr><tr><td>419<\/td><td>UW 18<\/td><td>GNV<\/td><td>En service<\/td><\/tr><tr><td>420<\/td><td>UW 18<\/td><td>GNV<\/td><td>En service<\/td><\/tr><tr><td>421<\/td><td>UW 18<\/td><td>Gasoil<\/td><td>En service<\/td><\/tr><tr><td>422<\/td><td>UW 18 BHNS<\/td><td>GNV<\/td><td>En service<\/td><\/tr><tr><td>423<\/td><td>UW 18 BHNS<\/td><td>GNV<\/td><td>En service<\/td><\/tr><tr><td>424<\/td><td>UW 18 BHNS<\/td><td>GNV<\/td><td>En service<\/td><\/tr><tr><td>425<\/td><td>UW 18 BHNS<\/td><td>GNV<\/td><td>En service<\/td><\/tr><tr><td>426<\/td><td>UW 18 BHNS<\/td><td>GNV<\/td><td>En service<\/td><\/tr><tr><td>427<\/td><td>UW 18 BHNS<\/td><td>GNV<\/td><td>En service<\/td><\/tr><tr><td>428<\/td><td>UW 18 BHNS<\/td><td>GNV<\/td><td>En service<\/td><\/tr><tr><td>429<\/td><td>UW 18 BHNS<\/td><td>GNV<\/td><td>En service<\/td><\/tr><tr><td>430<\/td><td>UW 18 BHNS<\/td><td>GNV<\/td><td>En service<\/td><\/tr><tr><td>431<\/td><td>UW 18 BHNS<\/td><td>GNV<\/td><td>En service<\/td><\/tr><tr><td>432<\/td><td>UW 18 BHNS<\/td><td>GNV<\/td><td>En service<\/td><\/tr><tr><td>433<\/td><td>UW 18 BHNS<\/td><td>GNV<\/td><td>En service<\/td><\/tr><tr><td>434<\/td><td>UW 18 BHNS<\/td><td>GNV<\/td><td>En service<\/td><\/tr><tr><td>435<\/td><td>UW 18 BHNS<\/td><td>GNV<\/td><td>En service<\/td><\/tr><tr><td>436<\/td><td>UW 18 BHNS<\/td><td>GNV<\/td><td>En service<\/td><\/tr><tr><td>437<\/td><td>UW 18 BHNS<\/td><td>GNV<\/td><td>En service<\/td><\/tr><tr><td>438<\/td><td>UW 18 BHNS<\/td><td>GNV<\/td><td>En service<\/td><\/tr><tr><td>439<\/td><td>UW 18 BHNS<\/td><td>GNV<\/td><td>En service<\/td><\/tr><tr><td>440<\/td><td>UW 18 BHNS<\/td><td>GNV<\/td><td>En service<\/td><\/tr><tr><td>441<\/td><td>UW 18 BHNS<\/td><td>GNV<\/td><td>En service<\/td><\/tr><tr><td>442<\/td><td>UW 18 BHNS<\/td><td>GNV<\/td><td>En service<\/td><\/tr><tr><td>443<\/td><td>UW 18 BHNS<\/td><td>GNV<\/td><td>En service<\/td><\/tr><tr><td>444<\/td><td>UW 18 BHNS<\/td><td>GNV<\/td><td>En service<\/td><\/tr><tr><td>445<\/td><td>UW 18 BHNS<\/td><td>GNV<\/td><td>En service<\/td><\/tr><tr><td>446<\/td><td>UW 18 BHNS<\/td><td>GNV<\/td><td>En service<\/td><\/tr><tr><td>447<\/td><td>UW 18 BHNS<\/td><td>GNV<\/td><td>En service<\/td><\/tr><tr><td>448<\/td><td>UW 18 BHNS<\/td><td>GNV<\/td><td>En service<\/td><\/tr><tr><td>449<\/td><td>UW 18 BHNS<\/td><td>GNV<\/td><td>En service<\/td><\/tr><tr><td>450<\/td><td>UW 18 BHNS<\/td><td>GNV<\/td><td>En service<\/td><\/tr><tr><td>451<\/td><td>UW 18 BHNS<\/td><td>GNV<\/td><td>En service<\/td><\/tr><tr><td>452<\/td><td>UW 18 BHNS<\/td><td>GNV<\/td><td>En service<\/td><\/tr><tr><td>453<\/td><td>UW 18 BHNS<\/td><td>GNV<\/td><td>En service<\/td><\/tr><tr><td>454<\/td><td>UW 18 BHNS<\/td><td>GNV<\/td><td>En service<\/td><\/tr><tr><td>455<\/td><td>UW 18 BHNS<\/td><td>GNV<\/td><td>En service<\/td><\/tr><tr><td>456<\/td><td>UW 18 BHNS<\/td><td>GNV<\/td><td>En service<\/td><\/tr><tr><td>457<\/td><td>UW 18 BHNS<\/td><td>GNV<\/td><td>En commande<\/td><\/tr><tr><td>458<\/td><td>UW 18 BHNS<\/td><td>GNV<\/td><td>En commande<\/td><\/tr><tr><td>459<\/td><td>UW 18 BHNS<\/td><td>GNV<\/td><td>En commande<\/td><\/tr><tr><td>460<\/td><td>UW 18 BHNS<\/td><td>GNV<\/td><td>En commande<\/td><\/tr><tr><td>461<\/td><td>UW 18 BHNS<\/td><td>GNV<\/td><td>En commande<\/td><\/tr><tr><td>462<\/td><td>UW 18 BHNS<\/td><td>GNV<\/td><td>En commande<\/td><\/tr><tr><td>463<\/td><td>UW 18 BHNS<\/td><td>GNV<\/td><td>En commande<\/td><\/tr><tr><td>464<\/td><td>UW 18 BHNS<\/td><td>GNV<\/td><td>En commande<\/td><\/tr><\/tbody><\/table><\/figure>\n\n\n\n<p><\/p>\n","protected":false},"excerpt":{"rendered":"<p>Vous trouverez dans le tableau le r\u00e9cap des infos concernant les v\u00e9hicules du r\u00e9seau N\u00b0 de Parc Type de V\u00e9hicule Motorisation Etat 101 Daily city GNV En service 102 Daily [&hellip;]<\/p>\n","protected":false},"author":41,"featured_media":0,"parent":0,"menu_order":0,"comment_status":"closed","ping_status":"closed","template":"","meta":{"footnotes":""},"class_list":["post-423","page","type-page","status-publish","hentry"],"_links":{"self":[{"href":"https:\/\/seal.transport-manager.net\/TIM3500\/wp-json\/wp\/v2\/pages\/423","targetHints":{"allow":["GET"]}}],"collection":[{"href":"https:\/\/seal.transport-manager.net\/TIM3500\/wp-json\/wp\/v2\/pages"}],"about":[{"href":"https:\/\/seal.transport-manager.net\/TIM3500\/wp-json\/wp\/v2\/types\/page"}],"author":[{"embeddable":true,"href":"https:\/\/seal.transport-manager.net\/TIM3500\/wp-json\/wp\/v2\/users\/41"}],"replies":[{"embeddable":true,"href":"https:\/\/seal.transport-manager.net\/TIM3500\/wp-json\/wp\/v2\/comments?post=423"}],"version-history":[{"count":68,"href":"https:\/\/seal.transport-manager.net\/TIM3500\/wp-json\/wp\/v2\/pages\/423\/revisions"}],"predecessor-version":[{"id":1351,"href":"https:\/\/seal.transport-manager.net\/TIM3500\/wp-json\/wp\/v2\/pages\/423\/revisions\/1351"}],"wp:attachment":[{"href":"https:\/\/seal.transport-manager.net\/TIM3500\/wp-json\/wp\/v2\/media?parent=423"}],"curies":[{"name":"wp","href":"https:\/\/api.w.org\/{rel}","templated":true}]}}