{"id":38,"date":"2022-03-02T16:16:23","date_gmt":"2022-03-02T15:16:23","guid":{"rendered":"https:\/\/seal.transport-manager.net\/annuaire\/?page_id=38"},"modified":"2022-03-09T15:21:41","modified_gmt":"2022-03-09T14:21:41","slug":"politique-de-confidentialite","status":"publish","type":"page","link":"https:\/\/seal.transport-manager.net\/annuaire\/politique-de-confidentialite\/","title":{"rendered":"Politique de confidentialit\u00e9"},"content":{"rendered":"\n<h2 class=\"wp-block-heading\" id=\"qui-sommes-nous\">Qui sommes-nous&nbsp;?<\/h2>\n\n\n\n<p>L\u2019adresse de notre site est&nbsp;: <a href=\"https:\/\/seal.transport-manager.net\/annuaire\">https:\/\/seal.transport-manager.net\/annuaire<\/a>.<\/p>\n\n\n\n<h2 class=\"wp-block-heading\" id=\"commentaires\">Commentaires<\/h2>\n\n\n\n<p>Quand vous laissez un commentaire sur notre site, les donn\u00e9es inscrites dans le formulaire de commentaire, ainsi que votre adresse IP et l\u2019agent utilisateur de votre navigateur sont collect\u00e9s pour nous aider \u00e0 la d\u00e9tection des commentaires ind\u00e9sirables.<\/p>\n\n\n\n<p>Une cha\u00eene anonymis\u00e9e cr\u00e9\u00e9e \u00e0 partir de votre adresse e-mail (\u00e9galement appel\u00e9e hash) peut \u00eatre envoy\u00e9e au service Gravatar pour v\u00e9rifier si vous utilisez ce dernier. Les clauses de confidentialit\u00e9 du service Gravatar sont disponibles ici&nbsp;: <a rel=\"noreferrer noopener\" href=\"https:\/\/automattic.com\/privacy\/\" target=\"_blank\">https:\/\/automattic.com\/privacy\/<\/a>. Apr\u00e8s validation de votre commentaire, votre photo de profil sera visible publiquement \u00e0 c\u00f4t\u00e9 de votre commentaire.<\/p>\n\n\n\n<h2 class=\"wp-block-heading\" id=\"medias\">M\u00e9dias<\/h2>\n\n\n\n<p>Si vous t\u00e9l\u00e9versez des images sur le site, nous vous conseillons d\u2019\u00e9viter de t\u00e9l\u00e9verser des images contenant des donn\u00e9es EXIF de coordonn\u00e9es GPS. Les personnes visitant votre site peuvent t\u00e9l\u00e9charger et extraire des donn\u00e9es de localisation depuis ces images.<\/p>\n\n\n\n<h2 class=\"wp-block-heading\" id=\"cookies\">Cookies<\/h2>\n\n\n\n<p>Si vous d\u00e9posez un commentaire sur notre site, il vous sera propos\u00e9 d\u2019enregistrer votre nom, adresse e-mail et site dans des cookies. C\u2019est uniquement pour votre confort afin de ne pas avoir \u00e0 saisir ces informations si vous d\u00e9posez un autre commentaire plus tard. Ces cookies expirent au bout d\u2019un an.<\/p>\n\n\n\n<p>Si vous vous rendez sur la page de connexion, un cookie temporaire sera cr\u00e9\u00e9 afin de d\u00e9terminer si votre navigateur accepte les cookies. Il ne contient pas de donn\u00e9es personnelles et sera supprim\u00e9 automatiquement \u00e0 la fermeture de votre navigateur.<\/p>\n\n\n\n<p>Lorsque vous vous connecterez, nous mettrons en place un certain nombre de cookies pour enregistrer vos informations de connexion et vos pr\u00e9f\u00e9rences d\u2019\u00e9cran. La dur\u00e9e de vie d\u2019un cookie de connexion est de deux jours, celle d\u2019un cookie d\u2019option d\u2019\u00e9cran est d\u2019un an. Si vous cochez \u00ab&nbsp;Se souvenir de moi&nbsp;\u00bb, votre cookie de connexion sera conserv\u00e9 pendant deux semaines. Si vous vous d\u00e9connectez de votre compte, le cookie de connexion sera effac\u00e9.<\/p>\n\n\n\n<p>En modifiant ou en publiant une publication, un cookie suppl\u00e9mentaire sera enregistr\u00e9 dans votre navigateur. Ce cookie ne comprend aucune donn\u00e9e personnelle. Il indique simplement l\u2019ID de la publication que vous venez de modifier. Il expire au bout d\u2019un jour.<\/p>\n\n\n\n<h2 class=\"wp-block-heading\" id=\"contenu-embarque-depuis-d-autres-sites\">Contenu embarqu\u00e9 depuis d\u2019autres sites<\/h2>\n\n\n\n<p>Les articles de ce site peuvent inclure des contenus int\u00e9gr\u00e9s (par exemple des vid\u00e9os, images, articles\u2026). Le contenu int\u00e9gr\u00e9 depuis d\u2019autres sites se comporte de la m\u00eame mani\u00e8re que si le visiteur se rendait sur cet autre site.<\/p>\n\n\n\n<p>Ces sites web pourraient collecter des donn\u00e9es sur vous, utiliser des cookies, embarquer des outils de suivis tiers, suivre vos interactions avec ces contenus embarqu\u00e9s si vous disposez d\u2019un compte connect\u00e9 sur leur site web.<\/p>\n\n\n\n<h2 class=\"wp-block-heading\" id=\"utilisation-et-transmission-de-vos-donnees-personnelles\">Utilisation et transmission de vos donn\u00e9es personnelles<\/h2>\n\n\n\n<p>Si vous demandez une r\u00e9initialisation de votre mot de passe, votre adresse IP sera incluse dans l\u2019e-mail de r\u00e9initialisation.<\/p>\n\n\n\n<h2 class=\"wp-block-heading\" id=\"durees-de-stockage-de-vos-donnees\">Dur\u00e9es de stockage de vos donn\u00e9es<\/h2>\n\n\n\n<p>Si vous laissez un commentaire, le commentaire et ses m\u00e9tadonn\u00e9es sont conserv\u00e9s ind\u00e9finiment. Cela permet de reconna\u00eetre et approuver automatiquement les commentaires suivants au lieu de les laisser dans la file de mod\u00e9ration.<\/p>\n\n\n\n<p>Pour les comptes qui s\u2019inscrivent sur notre site (le cas \u00e9ch\u00e9ant), nous stockons \u00e9galement les donn\u00e9es personnelles indiqu\u00e9es dans leur profil. Tous les comptes peuvent voir, modifier ou supprimer leurs informations personnelles \u00e0 tout moment (\u00e0 l\u2019exception de leur identifiant). Les gestionnaires du site peuvent aussi voir et modifier ces informations.<\/p>\n\n\n\n<h2 class=\"wp-block-heading\" id=\"les-droits-que-vous-avez-sur-vos-donnees\">Les droits que vous avez sur vos donn\u00e9es<\/h2>\n\n\n\n<p>Si vous avez un compte ou si vous avez laiss\u00e9 des commentaires sur le site, vous pouvez demander \u00e0 recevoir un fichier contenant toutes les donn\u00e9es personnelles que nous poss\u00e9dons \u00e0 votre sujet, incluant celles que vous nous avez fournies. Vous pouvez \u00e9galement demander la suppression des donn\u00e9es personnelles vous concernant. Cela ne prend pas en compte les donn\u00e9es stock\u00e9es \u00e0 des fins administratives, l\u00e9gales ou pour des raisons de s\u00e9curit\u00e9.<\/p>\n\n\n\n<h2 class=\"wp-block-heading\" id=\"transmission-de-vos-donnees-personnelles\">Transmission de vos donn\u00e9es personnelles<\/h2>\n\n\n\n<p>Les commentaires des visiteurs peuvent \u00eatre v\u00e9rifi\u00e9s \u00e0 l\u2019aide d\u2019un service automatis\u00e9 de d\u00e9tection des commentaires ind\u00e9sirables.<\/p>\n\n\n\n<div style=\"height:100px\" aria-hidden=\"true\" class=\"wp-block-spacer\"><\/div>\n\n\n\n<h2 class=\"wp-block-heading\" id=\"annonces\">Annonces<\/h2>\n\n\n\n<p>Nous recueillons des informations vous concernant au cours du processus d&rsquo;ajout d&rsquo;inscription sur notre site.&nbsp;Ces informations peuvent inclure, mais sans s&rsquo;y limiter, votre nom, adresse IP, adresse e-mail, num\u00e9ro de t\u00e9l\u00e9phone, adresse, d\u00e9tails de localisation, y compris les coordonn\u00e9es GPS et tout autre d\u00e9tail qui pourrait vous \u00eatre demand\u00e9 dans le but d&rsquo;ajouter votre entreprise\/ listes personnelles.<\/p>\n\n\n\n<p>Le traitement de ces donn\u00e9es nous permet \u00e9galement de :<\/p>\n\n\n\n<ul class=\"wp-block-list\"><li>&#8211; Afficher ces informations de mani\u00e8re publique (comme une page Web ou une demande d&rsquo;API) et permettre aux utilisateurs du site Web de rechercher et d&rsquo;afficher les informations de liste soumises.<\/li><li>&#8211; Vous envoyer des informations importantes sur votre compte\/commande\/service.<\/li><li>&#8211; Fournissez aux utilisateurs un moyen de contacter votre annonce via les informations de contact fournies.<\/li><li>&#8211; Vous informer des interactions des utilisateurs telles que, mais sans s&rsquo;y limiter, les avis et les notifications de contact.<\/li><li>&#8211; R\u00e9pondre \u00e0 vos questions ou r\u00e9clamations.<\/li><li>&#8211; Configurer et administrer votre compte, fournir une assistance technique et\/ou client, pr\u00e9venir les spams et v\u00e9rifier votre identit\u00e9.&nbsp;Nous le faisons sur la base de nos int\u00e9r\u00eats commerciaux l\u00e9gitimes.<\/li><\/ul>\n\n\n\n<h2 class=\"wp-block-heading\" id=\"commentaires-1\">Commentaires<\/h2>\n\n\n\n<p>Nous recueillons des informations vous concernant pendant le processus de laisser un avis sur notre site.&nbsp;Ces informations peuvent inclure, mais sans s&rsquo;y limiter, votre nom, votre adresse e-mail, votre adresse IP, l&rsquo;URL du site Web, des images, des \u00e9valuations et des textes d&rsquo;\u00e9valuation.<\/p>\n\n\n\n<p>Le traitement de ces donn\u00e9es nous permet \u00e9galement de :<\/p>\n\n\n\n<ul class=\"wp-block-list\"><li>&#8211; Afficher ces informations de mani\u00e8re publique (comme une page Web ou une demande d&rsquo;API).<\/li><li>&#8211; Vous informer des interactions telles que l&rsquo;approbation ou le rejet de votre avis.<\/li><li>&#8211; Vous informer des interactions de l&rsquo;utilisateur telles que les notifications de r\u00e9ponse.<\/li><li>&#8211; Pr\u00e9vention des spams.<\/li><\/ul>\n\n\n\n<h2 class=\"wp-block-heading\" id=\"liste-des-formulaires-de-contact\">Liste des formulaires de contact<\/h2>\n\n\n\n<p>Nous pouvons collecter des informations vous concernant lorsque vous soumettez un formulaire de contact \u00e0 une annonce.&nbsp;Ces informations peuvent inclure, mais sans s&rsquo;y limiter, votre nom, votre adresse e-mail, votre adresse IP et vos textes de contact.<\/p>\n\n\n\n<p>Le traitement de ces donn\u00e9es nous permet \u00e9galement de :<\/p>\n\n\n\n<ul class=\"wp-block-list\"><li>&#8211; Envoyez votre message de contact et vos coordonn\u00e9es \u00e0 l&rsquo;e-mail de contact des annonces.<\/li><li>&#8211; Surveiller le syst\u00e8me de contact pour les spams et les abus.<\/li><\/ul>\n\n\n\n<div style=\"height:100px\" aria-hidden=\"true\" class=\"wp-block-spacer\"><\/div>\n\n\n\n<h2 class=\"wp-block-heading\" id=\"donnees-profil-utilisateur\">Donn\u00e9es\/profil utilisateur<\/h2>\n\n\n\n<p>Nous collectons des informations vous concernant lors du processus d&rsquo;inscription et de modification du profil sur notre site.&nbsp;Ces informations peuvent inclure, mais sans s&rsquo;y limiter, votre nom, votre adresse e-mail, votre num\u00e9ro de t\u00e9l\u00e9phone, votre adresse, votre adresse IP et tout autre d\u00e9tail qui pourrait vous \u00eatre demand\u00e9 dans le but de cr\u00e9er votre profil public.<\/p>\n\n\n\n<p>Le traitement de ces donn\u00e9es nous permet \u00e9galement de :<\/p>\n\n\n\n<ul class=\"wp-block-list\"><li>&#8211; Vous envoyer des informations importantes sur votre compte\/commande\/service.<\/li><li>&#8211; Afficher ces informations de mani\u00e8re publique (comme une page Web ou une demande d&rsquo;API) et permettre aux utilisateurs du site Web de rechercher et d&rsquo;afficher les informations soumises.<\/li><li>&#8211; R\u00e9pondre \u00e0 vos questions ou r\u00e9clamations.<\/li><li>&#8211; Configurer et administrer votre compte, fournir une assistance technique et\/ou client et v\u00e9rifier votre identit\u00e9.&nbsp;Nous le faisons sur la base de nos int\u00e9r\u00eats commerciaux l\u00e9gitimes.<\/li><\/ul>\n\n\n\n<p>Toute information de profil fournie sur ce site peut \u00eatre affich\u00e9e publiquement.<\/p>\n","protected":false},"excerpt":{"rendered":"<p>Qui sommes-nous&nbsp;? L\u2019adresse de notre site est&nbsp;: https:\/\/seal.transport-manager.net\/annuaire. Commentaires Quand vous laissez un commentaire sur notre site, les donn\u00e9es inscrites dans le formulaire de commentaire, ainsi que votre adresse IP<a class=\"moretag\" href=\"https:\/\/seal.transport-manager.net\/annuaire\/politique-de-confidentialite\/\"> Read more&#8230;<\/a><\/p>\n","protected":false},"author":140,"featured_media":0,"parent":0,"menu_order":0,"comment_status":"closed","ping_status":"closed","template":"page_full-width.php","meta":{"footnotes":""},"class_list":["post-38","page","type-page","status-publish","hentry"],"_links":{"self":[{"href":"https:\/\/seal.transport-manager.net\/annuaire\/wp-json\/wp\/v2\/pages\/38","targetHints":{"allow":["GET"]}}],"collection":[{"href":"https:\/\/seal.transport-manager.net\/annuaire\/wp-json\/wp\/v2\/pages"}],"about":[{"href":"https:\/\/seal.transport-manager.net\/annuaire\/wp-json\/wp\/v2\/types\/page"}],"author":[{"embeddable":true,"href":"https:\/\/seal.transport-manager.net\/annuaire\/wp-json\/wp\/v2\/users\/140"}],"replies":[{"embeddable":true,"href":"https:\/\/seal.transport-manager.net\/annuaire\/wp-json\/wp\/v2\/comments?post=38"}],"version-history":[{"count":0,"href":"https:\/\/seal.transport-manager.net\/annuaire\/wp-json\/wp\/v2\/pages\/38\/revisions"}],"wp:attachment":[{"href":"https:\/\/seal.transport-manager.net\/annuaire\/wp-json\/wp\/v2\/media?parent=38"}],"curies":[{"name":"wp","href":"https:\/\/api.w.org\/{rel}","templated":true}]}}