{"id":139,"date":"2024-09-10T14:27:44","date_gmt":"2024-09-10T12:27:44","guid":{"rendered":"https:\/\/seal.transport-manager.net\/antonin\/?page_id=139"},"modified":"2025-10-25T17:44:28","modified_gmt":"2025-10-25T15:44:28","slug":"regie-publicitaire","status":"publish","type":"page","link":"https:\/\/seal.transport-manager.net\/antonin\/regie-publicitaire\/","title":{"rendered":"R\u00e9gie publicitaire"},"content":{"rendered":"\n<h2 class=\"wp-block-heading\">Pr\u00e9sentation du service<\/h2>\n\n\n\n<p>Pour \u00eatre visible dans toute la M\u00e9tropole, 365 jours par an, la solution est de communiquer sur les v\u00e9hicules de Koalabus ! <\/p>\n\n\n\n<p>La r\u00e9gie publicitaire s&rsquo;adapte aux demandes des entreprises pour leur proposer des dispositifs adapt\u00e9s \u00e0 leurs objectifs. Publicit\u00e9 en mouvement sur les v\u00e9hicules ou statique dans les abribus, chaque solution s&rsquo;adapte \u00e0 une audience cible. Chaque jour, environ 110 000 personnes empruntent le r\u00e9seau Koalabus.<\/p>\n\n\n\n<figure class=\"wp-block-image size-full wp-duotone-rgb22211853-rgba2042042040-1\"><img loading=\"lazy\" decoding=\"async\" width=\"826\" height=\"313\" src=\"https:\/\/seal.transport-manager.net\/antonin\/wp-content\/uploads\/sites\/87\/2024\/09\/Pub.jpg\" alt=\"\" class=\"wp-image-379\" srcset=\"https:\/\/seal.transport-manager.net\/antonin\/wp-content\/uploads\/sites\/87\/2024\/09\/Pub.jpg 826w, https:\/\/seal.transport-manager.net\/antonin\/wp-content\/uploads\/sites\/87\/2024\/09\/Pub-300x114.jpg 300w, https:\/\/seal.transport-manager.net\/antonin\/wp-content\/uploads\/sites\/87\/2024\/09\/Pub-768x291.jpg 768w\" sizes=\"auto, (max-width: 826px) 100vw, 826px\" \/><figcaption class=\"wp-element-caption\"><sup>Panneaux arri\u00e8res, Livr\u00e9e arri\u00e8re et Livr\u00e9e arri\u00e8re et lat\u00e9rale (images Chabe01 CC BY-SA 4.0, Otobus CC BY 2.0)<\/sup><\/figcaption><\/figure>\n\n\n\n<p>Diff\u00e9rents supports de communication sont propos\u00e9s sur les v\u00e9hicules :<\/p>\n\n\n\n<ul class=\"wp-block-list\">\n<li><strong>Panneaux de pub avant<\/strong> (110&#215;27 cm) : tr\u00e8s facilement visible par les passants et les passagers attendant le bus \u00e0 l&rsquo;arr\u00eat.<\/li>\n\n\n\n<li><strong>Panneaux de pub lat\u00e9raux<\/strong> (274&#215;68 cm) : visible par les passants aux alentours.<\/li>\n\n\n\n<li><strong>Panneaux de pub arri\u00e8re<\/strong> (170&#215;181 cm, selon les mod\u00e8les) : visible par les automobilistes arr\u00eat\u00e9s derri\u00e8re le bus.<\/li>\n\n\n\n<li><strong>Livr\u00e9e <\/strong><b>lat\u00e9rale<\/b> (dimensions selon les mod\u00e8les) : tr\u00e8s facilement visible par les passants et les automobilistes aux alentours du bus.<\/li>\n\n\n\n<li><strong>Livr\u00e9e arri\u00e8re<\/strong> (dimensions selon les mod\u00e8les) : visible de loin par les automobilistes circulant derri\u00e8re le bus.<\/li>\n<\/ul>\n\n\n\n<p>Vous avez aussi la possibilit\u00e9 de communiquer \u00e0 l&rsquo;int\u00e9rieur des v\u00e9hicules sur les \u00e9crans :<\/p>\n\n\n\n<ul class=\"wp-block-list\">\n<li><strong>\u00c9crans TFT bus<\/strong> (non disponible pour le moment)<\/li>\n<\/ul>\n\n\n\n<div class=\"wp-block-columns is-layout-flex wp-container-core-columns-is-layout-28f84493 wp-block-columns-is-layout-flex\">\n<div class=\"wp-block-column is-layout-flow wp-block-column-is-layout-flow\" style=\"flex-basis:22%\">\n<figure class=\"wp-block-image size-full is-resized wp-duotone-rgb22211853-rgba2042042040-2\"><img loading=\"lazy\" decoding=\"async\" width=\"726\" height=\"990\" src=\"https:\/\/seal.transport-manager.net\/antonin\/wp-content\/uploads\/sites\/87\/2024\/09\/Abribus.png\" alt=\"\" class=\"wp-image-469\" style=\"width:168px;height:auto\" srcset=\"https:\/\/seal.transport-manager.net\/antonin\/wp-content\/uploads\/sites\/87\/2024\/09\/Abribus.png 726w, https:\/\/seal.transport-manager.net\/antonin\/wp-content\/uploads\/sites\/87\/2024\/09\/Abribus-220x300.png 220w\" sizes=\"auto, (max-width: 726px) 100vw, 726px\" \/><\/figure>\n<\/div>\n\n\n\n<div class=\"wp-block-column is-layout-flow wp-block-column-is-layout-flow\" style=\"flex-basis:66.66%\">\n<p>La r\u00e9gie publicitaire g\u00e8re aussi la publicit\u00e9 statique sur les abribus :<\/p>\n\n\n\n<ul class=\"wp-block-list\">\n<li><strong>Abribus<\/strong> (120&#215;176 cm) : le moyen le plus simple pour cibler les voyageurs dans leurs d\u00e9placement quotidiens<\/li>\n<\/ul>\n\n\n\n<p><sup> <\/sup><br><sup>(image F. Bisson CC BY 2.0)<\/sup><\/p>\n<\/div>\n<\/div>\n\n\n\n<hr class=\"wp-block-separator has-alpha-channel-opacity is-style-wide\" \/>\n\n\n\n<h2 class=\"wp-block-heading\">Demander une offre<\/h2>\n\n\n\n<p>Le tarif d\u00e9pend du support de communication choisi et de la dur\u00e9e de la campagne publicitaire.<\/p>\n\n\n\n<p>Pour demander un tarif, merci de contacter Koalabus par mail : <a href=\"https:\/\/forum.transport-manager.net\/private.php?action=send\">regie.publicitaire@koalabus.fr<\/a>.<\/p>\n\n\n\n<p>Dans le mail, les informations \u00e0 nous fournir sont les suivantes :<\/p>\n\n\n\n<ul class=\"wp-block-list\">\n<li>L&rsquo;intitul\u00e9 de la soci\u00e9t\u00e9\/\u00e9tablissement demandeur<\/li>\n\n\n\n<li>Le support de communication souhait\u00e9<\/li>\n\n\n\n<li>La dur\u00e9e de la campagne publicitaire<\/li>\n<\/ul>\n\n\n\n<p>Un d\u00e9lai de environ 2 semaines est n\u00e9cessaire pour le traitement de votre demande (merci d&rsquo;anticiper au maximum). Vous recevrez en retour un devis, \u00e0 accepter sous 72 heures. Un acompte de 50% est \u00e0 verser \u00e0 l&rsquo;acceptation du devis, les 50% restants sont \u00e0 r\u00e9gler \u00e0 l&rsquo;issue de la campagne. Le paiement est \u00e0 effectuer exclusivement par virement bancaire.<\/p>\n\n\n\n<p>L&rsquo;impression des supports de communications est r\u00e9alis\u00e9e par un prestataire de Koalabus. La mise en relation s&rsquo;effectue par l&rsquo;interm\u00e9diaire de la r\u00e9gie publicitaire apr\u00e8s acceptation du devis. L&rsquo;impression et les frais techniques sont inclus dans le tarif du devis. Pour toute information concernant les dimensions des visuels \u00e0 fournir, adressez-vous \u00e0 la r\u00e9gie par mail : <a href=\"https:\/\/forum.transport-manager.net\/private.php?action=send\">regie.publicitaire@koalabus.fr<\/a>.<\/p>\n\n\n\n<hr class=\"wp-block-separator has-alpha-channel-opacity is-style-wide\" \/>\n\n\n\n<h2 class=\"wp-block-heading\">Ils nous font confiance <\/h2>\n\n\n\n<p>Minist\u00e8re des Arm\u00e9es (Campagne \u00ab\u00a0L&rsquo;arm\u00e9e recrute\u00a0\u00bb) \u2014 T&rsquo;es l\u00e0 (Voitures autonomes) \u2014 Seine Video (service de streaming) \u2014 Restaurant \u00ab\u00a0Au Bon Gras\u00a0\u00bb \u2014 Monsieur Pas Sale (Produits m\u00e9nagers) \u2014 Sameva (Boutique de pr\u00eat-\u00e0-porter) \u2014 Tatoyet (Concessionnaire auto) \u2014 Minist\u00e8re de l&rsquo;\u00c9ducation (Campagne contre le harc\u00e8lement scolaire) \u2014 Assurances Covidis \u2014 Ressan (cr\u00e9dit auto) \u2014 Toutou tout doux (Salon de toilettage canin) \u2014 Lud&rsquo;Eau (Eau min\u00e9rale) \u2014 Baqrka (Barre chocolat\u00e9e) \u2014 Jennypou (Pr\u00eat-\u00e0-porter) \u2014 Danote (Yaourts) \u2014 Minist\u00e8re de la Transition \u00e9cologique (Campagne Tri des d\u00e9chets) \u2014 Centre de Loisirs (Promotion Escape Game) \u2014 Minist\u00e8re de la Sant\u00e9 (Pr\u00e9vention VIH-SIDA) \u2014 Green Boule (Boisson \u00e9nergisante) \u2014 Barty (\u00c9lectrom\u00e9nager) \u2014 Digisoft (Logiciels bureautiques) \u2014 Feel Good (Centres de bien-\u00eatre) \u2014 Super R (Supermarch\u00e9s) \u2014 Pagauth\u00e9mont (Cin\u00e9mas) \u2014 DGT (Fournisseur Internet) \u2014 Efimovia Studio (Promotion d&rsquo;une production cin\u00e9matographique) \u2014 FCK (Offre \u00e9tudiante) \u2014 Assur&rsquo;tout (Assurances automobiles) \u2014 Conseil d\u00e9partemental (Campagne de s\u00e9curit\u00e9 routi\u00e8re) \u2014 Expair (Service de livraison express) \u2014 Spotici (Streaming musical) \u2014 Blablavoiture (Service de covoiturage) \u2014 Mirapolis (Formule sp\u00e9ciale week-end au parc d&rsquo;attractions) \u2014 Centre Commercial Lilas (Soldes) \u2014 Soyez Fit (Salle de sport) \u2014 Cassglass (R\u00e9paration de pare-brise) \u2014 Coldgate (Dentifrice) \u2014 Green (Op\u00e9rateur de t\u00e9l\u00e9phonie mobile) \u2014 Pijo (Marque de scooters) \u2014 C&rsquo;Market (\u00c9picerie de proximit\u00e9)&#8230;<\/p>\n\n\n\n<p><\/p>\n","protected":false},"excerpt":{"rendered":"<p>Pr\u00e9sentation du service Pour \u00eatre visible dans toute la M\u00e9tropole, 365 jours par an, la solution est de communiquer sur les v\u00e9hicules de Koalabus ! La r\u00e9gie publicitaire s&rsquo;adapte aux demandes des entreprises pour leur proposer des dispositifs adapt\u00e9s \u00e0 leurs objectifs. Publicit\u00e9 en mouvement sur les v\u00e9hicules ou statique [&hellip;]<\/p>\n","protected":false},"author":87,"featured_media":0,"parent":0,"menu_order":0,"comment_status":"closed","ping_status":"closed","template":"","meta":{"footnotes":""},"class_list":["post-139","page","type-page","status-publish","hentry"],"_links":{"self":[{"href":"https:\/\/seal.transport-manager.net\/antonin\/wp-json\/wp\/v2\/pages\/139","targetHints":{"allow":["GET"]}}],"collection":[{"href":"https:\/\/seal.transport-manager.net\/antonin\/wp-json\/wp\/v2\/pages"}],"about":[{"href":"https:\/\/seal.transport-manager.net\/antonin\/wp-json\/wp\/v2\/types\/page"}],"author":[{"embeddable":true,"href":"https:\/\/seal.transport-manager.net\/antonin\/wp-json\/wp\/v2\/users\/87"}],"replies":[{"embeddable":true,"href":"https:\/\/seal.transport-manager.net\/antonin\/wp-json\/wp\/v2\/comments?post=139"}],"version-history":[{"count":18,"href":"https:\/\/seal.transport-manager.net\/antonin\/wp-json\/wp\/v2\/pages\/139\/revisions"}],"predecessor-version":[{"id":1700,"href":"https:\/\/seal.transport-manager.net\/antonin\/wp-json\/wp\/v2\/pages\/139\/revisions\/1700"}],"wp:attachment":[{"href":"https:\/\/seal.transport-manager.net\/antonin\/wp-json\/wp\/v2\/media?parent=139"}],"curies":[{"name":"wp","href":"https:\/\/api.w.org\/{rel}","templated":true}]}}