{"id":140,"date":"2024-09-10T14:27:44","date_gmt":"2024-09-10T12:27:44","guid":{"rendered":"https:\/\/seal.transport-manager.net\/antonin\/?page_id=140"},"modified":"2025-10-21T15:49:46","modified_gmt":"2025-10-21T13:49:46","slug":"service-occasionnel","status":"publish","type":"page","link":"https:\/\/seal.transport-manager.net\/antonin\/service-occasionnel\/","title":{"rendered":"Service occasionnel"},"content":{"rendered":"\n<h2 class=\"wp-block-heading\">Pr\u00e9sentation du service<\/h2>\n\n\n\n<p>Vous souhaitez organiser un transport de groupe dans la m\u00e9tropole ? Koalabus est le partenaire de vos mobilit\u00e9s !<\/p>\n\n\n\n<p>Sortie scolaire, visite de mus\u00e9es, sortie au march\u00e9, substitution au r\u00e9seau ferroviaire&#8230; Koalabus s&rsquo;adapte \u00e0 vos besoins pour vous fournir un service \u00ab\u00a0cl\u00e9 en main\u00a0\u00bb et de qualit\u00e9.<\/p>\n\n\n\n<p>En compl\u00e9ment des services occasionnels m\u00e9tropolitains, Koalabus vous propose aussi ses services de tourisme avec \u00ab\u00a0Les voyages du Koala\u00a0\u00bb. Plus d&rsquo;infos sur la <a href=\"https:\/\/seal.transport-manager.net\/antonin\/les-voyages-du-koala\/\" data-type=\"page\" data-id=\"1426\">page d\u00e9di\u00e9e<\/a>.<\/p>\n\n\n\n<figure class=\"wp-block-image size-full is-resized wp-duotone-rgb22211853-rgba2042042040-1\"><img loading=\"lazy\" decoding=\"async\" width=\"826\" height=\"313\" src=\"https:\/\/seal.transport-manager.net\/antonin\/wp-content\/uploads\/sites\/87\/2024\/09\/Occa.jpg\" alt=\"\" class=\"wp-image-377\" style=\"width:840px;height:auto\" srcset=\"https:\/\/seal.transport-manager.net\/antonin\/wp-content\/uploads\/sites\/87\/2024\/09\/Occa.jpg 826w, https:\/\/seal.transport-manager.net\/antonin\/wp-content\/uploads\/sites\/87\/2024\/09\/Occa-300x114.jpg 300w, https:\/\/seal.transport-manager.net\/antonin\/wp-content\/uploads\/sites\/87\/2024\/09\/Occa-768x291.jpg 768w\" sizes=\"auto, (max-width: 826px) 100vw, 826px\" \/><figcaption class=\"wp-element-caption\"><sup>Bus de substitution ferroviaire et Service scolaire (images Kevin.B CC BY-SA 4.0, Patrick Janicek CC BY 2.0)<\/sup><\/figcaption><\/figure>\n\n\n\n<hr class=\"wp-block-separator has-alpha-channel-opacity is-style-wide\" \/>\n\n\n\n<h2 class=\"wp-block-heading\">Demander une offre<\/h2>\n\n\n\n<p>Le tarif d\u00e9pend de la longueur du trajet, du nombre de passagers transport\u00e9s ainsi que du type de v\u00e9hicule souhait\u00e9 (minibus, midibus, bus standard, bus articul\u00e9 ou autocar). <\/p>\n\n\n\n<p>Pour demander un tarif, merci de contacter Koalabus par mail : <a href=\"https:\/\/forum.transport-manager.net\/private.php?action=send\">service.occasionnel@koalabus.fr<\/a>.<br>La demande est \u00e0 formuler au plus tard 3 jours ouvr\u00e9s avant le service.<\/p>\n\n\n\n<div class=\"wp-block-group is-vertical is-layout-flex wp-container-core-group-is-layout-fe9cc265 wp-block-group-is-layout-flex\">\n<div class=\"wp-block-group is-vertical is-layout-flex wp-container-core-group-is-layout-fe9cc265 wp-block-group-is-layout-flex\">\n<p>Dans le mail, les informations \u00e0 nous fournir sont les suivantes :<\/p>\n\n\n\n<ul class=\"wp-block-list\">\n<li>L&rsquo;intitul\u00e9 de la soci\u00e9t\u00e9\/\u00e9tablissement demandeur<\/li>\n\n\n\n<li>Le nombre de personnes transport\u00e9es<\/li>\n\n\n\n<li>Les lieux de d\u00e9part et de destination, les horaires de d\u00e9part et de retour souhait\u00e9s<\/li>\n\n\n\n<li>Le type de service et le type de v\u00e9hicule souhait\u00e9s<\/li>\n<\/ul>\n<\/div>\n\n\n\n<div class=\"wp-block-group is-vertical is-layout-flex wp-container-core-group-is-layout-fe9cc265 wp-block-group-is-layout-flex\">\n<p>Vous recevrez en retour un devis, \u00e0 accepter sous 72 heures. Le r\u00e8glement s&rsquo;effectue dans les 72 heures apr\u00e8s r\u00e9alisation du service, uniquement par virement bancaire.<\/p>\n<\/div>\n<\/div>\n\n\n\n<hr class=\"wp-block-separator has-alpha-channel-opacity is-style-wide\" \/>\n\n\n\n<h2 class=\"wp-block-heading\">Ils nous font confiance <\/h2>\n\n\n\n<p>H\u00f4tel de Ville \u2014 Coll\u00e8ge Jules Ferry \u2014 Coll\u00e8ge Victor Hugo \u2014 Coll\u00e8ge Saint-Paul \u2014 Lyc\u00e9e Jean Zay \u2014 Lyc\u00e9e Anne Frank \u2014 Lyc\u00e9e Karl Marx \u2014 Lyc\u00e9e Caroline Herschel \u2014 Institut Simone Weil \u2014 Coll\u00e8ge Rosa Luxembourg \u2014 Universit\u00e9 M\u00e9tropolitaine \u2014 Organisme de la Jeunesse \u2014 Club 65+ \u2014 EHPAD Les Cypr\u00e8s \u2014 EHPAD Saint-Paul \u2014 Banque Azur \u2014 Entreprise R\u00e9par&rsquo;Tout \u2014 Entreprise T\u00e9l\u00e9Fone \u2014 Entreprise Net&rsquo;Tout&#8230;<\/p>\n\n\n\n<p><\/p>\n","protected":false},"excerpt":{"rendered":"<p>Pr\u00e9sentation du service Vous souhaitez organiser un transport de groupe dans la m\u00e9tropole ? Koalabus est le partenaire de vos mobilit\u00e9s ! Sortie scolaire, visite de mus\u00e9es, sortie au march\u00e9, substitution au r\u00e9seau ferroviaire&#8230; Koalabus s&rsquo;adapte \u00e0 vos besoins pour vous fournir un service \u00ab\u00a0cl\u00e9 en main\u00a0\u00bb et de qualit\u00e9. [&hellip;]<\/p>\n","protected":false},"author":87,"featured_media":0,"parent":0,"menu_order":0,"comment_status":"closed","ping_status":"closed","template":"","meta":{"footnotes":""},"class_list":["post-140","page","type-page","status-publish","hentry"],"_links":{"self":[{"href":"https:\/\/seal.transport-manager.net\/antonin\/wp-json\/wp\/v2\/pages\/140","targetHints":{"allow":["GET"]}}],"collection":[{"href":"https:\/\/seal.transport-manager.net\/antonin\/wp-json\/wp\/v2\/pages"}],"about":[{"href":"https:\/\/seal.transport-manager.net\/antonin\/wp-json\/wp\/v2\/types\/page"}],"author":[{"embeddable":true,"href":"https:\/\/seal.transport-manager.net\/antonin\/wp-json\/wp\/v2\/users\/87"}],"replies":[{"embeddable":true,"href":"https:\/\/seal.transport-manager.net\/antonin\/wp-json\/wp\/v2\/comments?post=140"}],"version-history":[{"count":18,"href":"https:\/\/seal.transport-manager.net\/antonin\/wp-json\/wp\/v2\/pages\/140\/revisions"}],"predecessor-version":[{"id":1436,"href":"https:\/\/seal.transport-manager.net\/antonin\/wp-json\/wp\/v2\/pages\/140\/revisions\/1436"}],"wp:attachment":[{"href":"https:\/\/seal.transport-manager.net\/antonin\/wp-json\/wp\/v2\/media?parent=140"}],"curies":[{"name":"wp","href":"https:\/\/api.w.org\/{rel}","templated":true}]}}