{"id":1426,"date":"2025-10-21T15:41:50","date_gmt":"2025-10-21T13:41:50","guid":{"rendered":"https:\/\/seal.transport-manager.net\/antonin\/?page_id=1426"},"modified":"2025-11-05T19:44:47","modified_gmt":"2025-11-05T18:44:47","slug":"les-voyages-du-koala","status":"publish","type":"page","link":"https:\/\/seal.transport-manager.net\/antonin\/les-voyages-du-koala\/","title":{"rendered":"Les voyages du Koala"},"content":{"rendered":"\n<p><\/p>\n\n\n<div class=\"wp-block-image\">\n<figure class=\"aligncenter size-large is-resized\"><img loading=\"lazy\" decoding=\"async\" width=\"1024\" height=\"326\" src=\"https:\/\/seal.transport-manager.net\/antonin\/wp-content\/uploads\/sites\/87\/2025\/10\/K-voyages-1024x326.png\" alt=\"\" class=\"wp-image-1427\" style=\"width:481px;height:auto\" srcset=\"https:\/\/seal.transport-manager.net\/antonin\/wp-content\/uploads\/sites\/87\/2025\/10\/K-voyages-1024x326.png 1024w, https:\/\/seal.transport-manager.net\/antonin\/wp-content\/uploads\/sites\/87\/2025\/10\/K-voyages-300x95.png 300w, https:\/\/seal.transport-manager.net\/antonin\/wp-content\/uploads\/sites\/87\/2025\/10\/K-voyages-768x244.png 768w, https:\/\/seal.transport-manager.net\/antonin\/wp-content\/uploads\/sites\/87\/2025\/10\/K-voyages.png 1194w\" sizes=\"auto, (max-width: 1024px) 100vw, 1024px\" \/><\/figure>\n<\/div>\n\n\n<p><\/p>\n\n\n\n<h2 class=\"wp-block-heading\">Pr\u00e9sentation du service<\/h2>\n\n\n\n<p class=\"has-text-align-center\">\u00e0 venir&#8230;<\/p>\n\n\n\n<figure class=\"wp-block-image size-full is-resized wp-duotone-rgb22211853-rgba2042042040-1\"><img loading=\"lazy\" decoding=\"async\" width=\"826\" height=\"313\" src=\"https:\/\/seal.transport-manager.net\/antonin\/wp-content\/uploads\/sites\/87\/2025\/10\/Illu-Voyage.jpg\" alt=\"\" class=\"wp-image-1697\" style=\"width:840px;height:auto\" srcset=\"https:\/\/seal.transport-manager.net\/antonin\/wp-content\/uploads\/sites\/87\/2025\/10\/Illu-Voyage.jpg 826w, https:\/\/seal.transport-manager.net\/antonin\/wp-content\/uploads\/sites\/87\/2025\/10\/Illu-Voyage-300x114.jpg 300w, https:\/\/seal.transport-manager.net\/antonin\/wp-content\/uploads\/sites\/87\/2025\/10\/Illu-Voyage-768x291.jpg 768w\" sizes=\"auto, (max-width: 826px) 100vw, 826px\" \/><figcaption class=\"wp-element-caption\"><sup>(images pxhere.com CC0 et Sludge G CC BY-SA 2.0)<\/sup><\/figcaption><\/figure>\n\n\n\n<hr class=\"wp-block-separator has-alpha-channel-opacity is-style-wide\" \/>\n\n\n\n<h2 class=\"wp-block-heading\">Demander une offre<\/h2>\n\n\n\n<p>Le tarif d\u00e9pend de la longueur du trajet, du nombre de passagers transport\u00e9s ainsi que du type de v\u00e9hicule souhait\u00e9 (minibus de tourisme ou autocar de tourisme).<\/p>\n\n\n\n<p>Pour demander un tarif, merci de contacter Koalabus par mail : <a href=\"https:\/\/forum.transport-manager.net\/private.php?action=send\">voyages@koalabus.fr<\/a>.<br>La demande est \u00e0 formuler au plus tard 3 semaines avant le service.<\/p>\n\n\n\n<div class=\"wp-block-group is-vertical is-layout-flex wp-container-core-group-is-layout-fe9cc265 wp-block-group-is-layout-flex\">\n<div class=\"wp-block-group is-vertical is-layout-flex wp-container-core-group-is-layout-fe9cc265 wp-block-group-is-layout-flex\">\n<p>Dans le mail, les informations \u00e0 nous fournir sont les suivantes :<\/p>\n\n\n\n<ul class=\"wp-block-list\">\n<li>L&rsquo;intitul\u00e9 de la soci\u00e9t\u00e9\/\u00e9tablissement demandeur<\/li>\n\n\n\n<li>Le nombre de personnes transport\u00e9es<\/li>\n\n\n\n<li>Les lieux de d\u00e9part et de destination, les horaires de d\u00e9part et de retour souhait\u00e9s<\/li>\n\n\n\n<li>Le type de service et le type de v\u00e9hicule souhait\u00e9s<\/li>\n<\/ul>\n<\/div>\n\n\n\n<div class=\"wp-block-group is-vertical is-layout-flex wp-container-core-group-is-layout-fe9cc265 wp-block-group-is-layout-flex\">\n<p>Vous recevrez en retour un devis, \u00e0 accepter sous 72 heures. Le r\u00e8glement s&rsquo;effectue dans les 72 heures apr\u00e8s r\u00e9alisation du service, uniquement par virement bancaire.<\/p>\n<\/div>\n<\/div>\n\n\n\n<hr class=\"wp-block-separator has-alpha-channel-opacity is-style-wide\" \/>\n\n\n\n<h2 class=\"wp-block-heading\">Ils nous font confiance <\/h2>\n\n\n\n<p>GreenPaix \u2014 Radio TM \u2014 Les P&rsquo;tits Marcheurs &#8230;<\/p>\n","protected":false},"excerpt":{"rendered":"<p>Pr\u00e9sentation du service \u00e0 venir&#8230; Demander une offre Le tarif d\u00e9pend de la longueur du trajet, du nombre de passagers transport\u00e9s ainsi que du type de v\u00e9hicule souhait\u00e9 (minibus de tourisme ou autocar de tourisme). Pour demander un tarif, merci de contacter Koalabus par mail : voyages@koalabus.fr.La demande est \u00e0 [&hellip;]<\/p>\n","protected":false},"author":87,"featured_media":0,"parent":0,"menu_order":0,"comment_status":"closed","ping_status":"closed","template":"","meta":{"footnotes":""},"class_list":["post-1426","page","type-page","status-publish","hentry"],"_links":{"self":[{"href":"https:\/\/seal.transport-manager.net\/antonin\/wp-json\/wp\/v2\/pages\/1426","targetHints":{"allow":["GET"]}}],"collection":[{"href":"https:\/\/seal.transport-manager.net\/antonin\/wp-json\/wp\/v2\/pages"}],"about":[{"href":"https:\/\/seal.transport-manager.net\/antonin\/wp-json\/wp\/v2\/types\/page"}],"author":[{"embeddable":true,"href":"https:\/\/seal.transport-manager.net\/antonin\/wp-json\/wp\/v2\/users\/87"}],"replies":[{"embeddable":true,"href":"https:\/\/seal.transport-manager.net\/antonin\/wp-json\/wp\/v2\/comments?post=1426"}],"version-history":[{"count":5,"href":"https:\/\/seal.transport-manager.net\/antonin\/wp-json\/wp\/v2\/pages\/1426\/revisions"}],"predecessor-version":[{"id":1853,"href":"https:\/\/seal.transport-manager.net\/antonin\/wp-json\/wp\/v2\/pages\/1426\/revisions\/1853"}],"wp:attachment":[{"href":"https:\/\/seal.transport-manager.net\/antonin\/wp-json\/wp\/v2\/media?parent=1426"}],"curies":[{"name":"wp","href":"https:\/\/api.w.org\/{rel}","templated":true}]}}