{"id":1594,"date":"2025-10-23T13:36:51","date_gmt":"2025-10-23T11:36:51","guid":{"rendered":"https:\/\/seal.transport-manager.net\/antonin\/?page_id=1594"},"modified":"2025-10-23T13:40:36","modified_gmt":"2025-10-23T11:40:36","slug":"ligne-205","status":"publish","type":"page","link":"https:\/\/seal.transport-manager.net\/antonin\/ligne-205\/","title":{"rendered":"Ligne 205"},"content":{"rendered":"\n<div class=\"wp-block-buttons is-content-justification-right is-layout-flex wp-container-core-buttons-is-layout-d445cf74 wp-block-buttons-is-layout-flex\">\n<div class=\"wp-block-button\"><a class=\"wp-block-button__link has-small-font-size has-custom-font-size wp-element-button\" href=\"https:\/\/seal.transport-manager.net\/antonin\/horaires-lignes\/\">\u238b retourner \u00e0 la liste des lignes<\/a><\/div>\n<\/div>\n\n\n\n<hr class=\"wp-block-separator has-alpha-channel-opacity is-style-wide\" \/>\n\n\n\n<div class=\"wp-block-columns is-layout-flex wp-container-core-columns-is-layout-28f84493 wp-block-columns-is-layout-flex\" style=\"border-style:none;border-width:0px\">\n<div class=\"wp-block-column is-layout-flow wp-block-column-is-layout-flow\" style=\"flex-basis:29%\">\n<p class=\"has-text-align-right\"><img loading=\"lazy\" decoding=\"async\" width=\"97\" height=\"97\" class=\"wp-image-1287\" style=\"width: 80px\" src=\"https:\/\/seal.transport-manager.net\/antonin\/wp-content\/uploads\/sites\/87\/2025\/10\/logo_bus.png\" alt=\"\"><img loading=\"lazy\" decoding=\"async\" width=\"97\" height=\"97\" class=\"wp-image-1366\" style=\"width: 80px\" src=\"https:\/\/seal.transport-manager.net\/antonin\/wp-content\/uploads\/sites\/87\/2025\/10\/L205.png\" alt=\"\"><\/p>\n<\/div>\n\n\n\n<div class=\"wp-block-column is-vertically-aligned-center is-layout-flow wp-block-column-is-layout-flow\" style=\"flex-basis:66.66%\">\n<div class=\"wp-block-buttons is-layout-flex wp-block-buttons-is-layout-flex\">\n<div class=\"wp-block-button is-style-outline is-style-outline--1\"><a class=\"wp-block-button__link has-medium-font-size has-custom-font-size wp-element-button\"><strong>Gare de l&rsquo;Ouest &lt;&gt; Asquillay, Bd de l&rsquo;Humanit\u00e9<\/strong><\/a><\/div>\n<\/div>\n<\/div>\n<\/div>\n\n\n\n<div class=\"wp-block-buttons is-content-justification-center is-layout-flex wp-container-core-buttons-is-layout-a89b3969 wp-block-buttons-is-layout-flex\">\n<div class=\"wp-block-button\"><a class=\"wp-block-button__link has-medium-font-size has-custom-font-size wp-element-button\"><s>Fiche horaire<\/s><\/a><\/div>\n\n\n\n<div class=\"wp-block-button\"><a class=\"wp-block-button__link wp-element-button\" href=\"https:\/\/seal.transport-manager.net\/antonin\/thermo-l205\/\">Plan de la ligne<\/a><\/div>\n<\/div>\n\n\n\n<hr class=\"wp-block-separator has-alpha-channel-opacity\" \/>\n\n\n\n<div class=\"wp-block-columns is-layout-flex wp-container-core-columns-is-layout-28f84493 wp-block-columns-is-layout-flex\">\n<div class=\"wp-block-column is-layout-flow wp-block-column-is-layout-flow\" style=\"flex-basis:40%\">\n<figure class=\"wp-block-image size-full\"><img loading=\"lazy\" decoding=\"async\" width=\"375\" height=\"764\" src=\"https:\/\/seal.transport-manager.net\/antonin\/wp-content\/uploads\/sites\/87\/2025\/10\/Thermo-L205.png\" alt=\"\" class=\"wp-image-1556\" srcset=\"https:\/\/seal.transport-manager.net\/antonin\/wp-content\/uploads\/sites\/87\/2025\/10\/Thermo-L205.png 375w, https:\/\/seal.transport-manager.net\/antonin\/wp-content\/uploads\/sites\/87\/2025\/10\/Thermo-L205-147x300.png 147w\" sizes=\"auto, (max-width: 375px) 100vw, 375px\" \/><\/figure>\n<\/div>\n\n\n\n<div class=\"wp-block-column is-layout-flow wp-block-column-is-layout-flow\" style=\"flex-basis:2%\">\n<p class=\"has-medium-font-size\"><\/p>\n<\/div>\n\n\n\n<div class=\"wp-block-column is-layout-flow wp-block-column-is-layout-flow\" style=\"flex-basis:58%\">\n<p class=\"has-medium-font-size\"><strong>Description<\/strong><\/p>\n\n\n\n<p>La ligne 205 est une ligne interurbaine rapide qui relie la ville-centre \u00e0 la commune d&rsquo;Asquillay.<\/p>\n\n\n\n<ul class=\"wp-block-list\">\n<li>Distance : xx km<\/li>\n\n\n\n<li>Temps de parcours : xx min<\/li>\n\n\n\n<li>Nombre d\u2019arr\u00eats : xx<\/li>\n<\/ul>\n\n\n\n<hr class=\"wp-block-separator has-alpha-channel-opacity\" \/>\n\n\n\n<p><\/p>\n\n\n\n<p class=\"has-medium-font-size\"><strong>Points d&rsquo;int\u00e9r\u00eat desservis<\/strong><\/p>\n\n\n\n<ul class=\"wp-block-list\">\n<li>PEM Gare de l&rsquo;Ouest<\/li>\n\n\n\n<li><a href=\"https:\/\/seal.transport-manager.net\/antonin\/desserte-des-poles-universitaires\/\" data-type=\"page\" data-id=\"501\">Campus Campus Marthe Gautier (Facult\u00e9 de M\u00e9decine)<\/a><\/li>\n\n\n\n<li>Centre Hospitalier R\u00e9gional Universitaire Marthe Gautier<\/li>\n\n\n\n<li>Zone Commerciale d&rsquo;Asquillay<\/li>\n\n\n\n<li>Mairie d&rsquo;Asquillay<a href=\"https:\/\/seal.transport-manager.net\/antonin\/desserte-des-poles-universitaires\/\" data-type=\"page\" data-id=\"501\"><\/a><\/li>\n<\/ul>\n\n\n\n<p><\/p>\n\n\n\n<p class=\"has-medium-font-size\"><strong>Agences commerciales<\/strong><\/p>\n\n\n\n<ul class=\"wp-block-list\">\n<li><a href=\"https:\/\/seal.transport-manager.net\/antonin\/agences-commerciales\/\" data-type=\"page\" data-id=\"25\">Agence Gare de l&rsquo;Ouest<\/a><\/li>\n\n\n\n<li><a href=\"https:\/\/seal.transport-manager.net\/antonin\/agences-commerciales\/\" data-type=\"page\" data-id=\"25\">Agence Place de l&rsquo;Europe<\/a><\/li>\n\n\n\n<li><a href=\"https:\/\/seal.transport-manager.net\/antonin\/agences-commerciales\/\" data-type=\"page\" data-id=\"25\">Agence Marthe Gautier<\/a><\/li>\n\n\n\n<li><a href=\"https:\/\/seal.transport-manager.net\/antonin\/agences-commerciales\/\" data-type=\"page\" data-id=\"25\">Agence Asquillay<\/a><\/li>\n<\/ul>\n\n\n\n<hr class=\"wp-block-separator has-alpha-channel-opacity\" \/>\n\n\n\n<p><\/p>\n\n\n\n<p class=\"has-medium-font-size\"><strong>Exploitation<\/strong><\/p>\n\n\n\n<p>2 <a href=\"https:\/\/seal.transport-manager.net\/antonin\/parc-de-vehicules\/\" data-type=\"page\" data-id=\"44\">cars<\/a> Scania Interlink LD 15<\/p>\n\n\n\n<p>Circule du lundi au samedi. Ne circule pas en soir\u00e9e.<\/p>\n<\/div>\n<\/div>\n\n\n\n<p><\/p>\n\n\n\n<hr class=\"wp-block-separator has-alpha-channel-opacity is-style-default\" \/>\n\n\n\n<p class=\"has-text-align-center has-medium-font-size\"><strong>Info trafic sur votre ligne 205<\/strong><\/p>\n\n\n\n<div class=\"wp-block-group\" style=\"margin-top:0px;margin-bottom:0px;padding-top:64px;padding-bottom:64px\"><div class=\"wp-block-group__inner-container is-layout-constrained wp-container-core-group-is-layout-43e22029 wp-block-group-is-layout-constrained\">\n<div class=\"wp-block-query is-layout-flow wp-block-query-is-layout-flow\"><ul class=\"wp-block-post-template is-layout-flow wp-block-post-template-is-layout-flow\"><li class=\"wp-block-post post-1856 post type-post status-publish format-standard has-post-thumbnail hentry category-actualites category-ligne-1 category-ligne-105 category-ligne-106 category-ligne-14 category-ligne-15 category-ligne-151 category-ligne-16 category-ligne-18 category-ligne-204 category-ligne-205 category-ligne-206 category-ligne-251 category-ligne-4 category-ligne-65 category-ligne-653 category-ligne-941\">\n\n<div class=\"wp-block-columns is-layout-flex wp-container-core-columns-is-layout-28f84493 wp-block-columns-is-layout-flex\">\n<div class=\"wp-block-column is-layout-flow wp-block-column-is-layout-flow\" style=\"flex-basis:30%\"><figure class=\"wp-block-post-featured-image\"><a href=\"https:\/\/seal.transport-manager.net\/antonin\/2025\/11\/19\/nouveau-reseau-a-partir-du-19-novembre\/\" target=\"_self\"  ><img loading=\"lazy\" decoding=\"async\" width=\"718\" height=\"479\" src=\"https:\/\/seal.transport-manager.net\/antonin\/wp-content\/uploads\/sites\/87\/2025\/11\/visuel-reseau-n5.png\" class=\"attachment-post-thumbnail size-post-thumbnail wp-post-image\" alt=\"Nouveau r\u00e9seau \u00e0 partir du 19 novembre !\" style=\"object-fit:cover;\" srcset=\"https:\/\/seal.transport-manager.net\/antonin\/wp-content\/uploads\/sites\/87\/2025\/11\/visuel-reseau-n5.png 718w, https:\/\/seal.transport-manager.net\/antonin\/wp-content\/uploads\/sites\/87\/2025\/11\/visuel-reseau-n5-300x200.png 300w, https:\/\/seal.transport-manager.net\/antonin\/wp-content\/uploads\/sites\/87\/2025\/11\/visuel-reseau-n5-360x240.png 360w\" sizes=\"auto, (max-width: 718px) 100vw, 718px\" \/><\/a><\/figure><\/div>\n\n\n\n<div class=\"wp-block-column is-vertically-aligned-center is-layout-flow wp-container-core-column-is-layout-6b73ce23 wp-block-column-is-layout-flow\"><div class=\"taxonomy-category wp-block-post-terms has-small-font-size\"><a href=\"https:\/\/seal.transport-manager.net\/antonin\/category\/actualites\/\" rel=\"tag\">Actualit\u00e9s<\/a><span class=\"wp-block-post-terms__separator\">, <\/span><a href=\"https:\/\/seal.transport-manager.net\/antonin\/category\/info-trafic\/ligne-1\/\" rel=\"tag\">Ligne 1<\/a><span class=\"wp-block-post-terms__separator\">, <\/span><a href=\"https:\/\/seal.transport-manager.net\/antonin\/category\/info-trafic\/ligne-105\/\" rel=\"tag\">Ligne 105<\/a><span class=\"wp-block-post-terms__separator\">, <\/span><a href=\"https:\/\/seal.transport-manager.net\/antonin\/category\/info-trafic\/ligne-106\/\" rel=\"tag\">Ligne 106<\/a><span class=\"wp-block-post-terms__separator\">, <\/span><a href=\"https:\/\/seal.transport-manager.net\/antonin\/category\/info-trafic\/ligne-14\/\" rel=\"tag\">Ligne 14<\/a><span class=\"wp-block-post-terms__separator\">, <\/span><a href=\"https:\/\/seal.transport-manager.net\/antonin\/category\/info-trafic\/ligne-15\/\" rel=\"tag\">Ligne 15<\/a><span class=\"wp-block-post-terms__separator\">, <\/span><a href=\"https:\/\/seal.transport-manager.net\/antonin\/category\/info-trafic\/ligne-151\/\" rel=\"tag\">Ligne 151<\/a><span class=\"wp-block-post-terms__separator\">, <\/span><a href=\"https:\/\/seal.transport-manager.net\/antonin\/category\/info-trafic\/ligne-16\/\" rel=\"tag\">Ligne 16<\/a><span class=\"wp-block-post-terms__separator\">, <\/span><a href=\"https:\/\/seal.transport-manager.net\/antonin\/category\/info-trafic\/ligne-18\/\" rel=\"tag\">Ligne 18<\/a><span class=\"wp-block-post-terms__separator\">, <\/span><a href=\"https:\/\/seal.transport-manager.net\/antonin\/category\/info-trafic\/ligne-204\/\" rel=\"tag\">Ligne 204<\/a><span class=\"wp-block-post-terms__separator\">, <\/span><a href=\"https:\/\/seal.transport-manager.net\/antonin\/category\/info-trafic\/ligne-205\/\" rel=\"tag\">Ligne 205<\/a><span class=\"wp-block-post-terms__separator\">, <\/span><a href=\"https:\/\/seal.transport-manager.net\/antonin\/category\/info-trafic\/ligne-206\/\" rel=\"tag\">Ligne 206<\/a><span class=\"wp-block-post-terms__separator\">, <\/span><a href=\"https:\/\/seal.transport-manager.net\/antonin\/category\/info-trafic\/ligne-251\/\" rel=\"tag\">Ligne 251<\/a><span class=\"wp-block-post-terms__separator\">, <\/span><a href=\"https:\/\/seal.transport-manager.net\/antonin\/category\/info-trafic\/ligne-4\/\" rel=\"tag\">Ligne 4<\/a><span class=\"wp-block-post-terms__separator\">, <\/span><a href=\"https:\/\/seal.transport-manager.net\/antonin\/category\/info-trafic\/ligne-65\/\" rel=\"tag\">Ligne 65<\/a><span class=\"wp-block-post-terms__separator\">, <\/span><a href=\"https:\/\/seal.transport-manager.net\/antonin\/category\/info-trafic\/ligne-653\/\" rel=\"tag\">Ligne 653<\/a><span class=\"wp-block-post-terms__separator\">, <\/span><a href=\"https:\/\/seal.transport-manager.net\/antonin\/category\/info-trafic\/ligne-941\/\" rel=\"tag\">Ligne 941<\/a><\/div>\n\n<h3 class=\"wp-block-post-title\"><a href=\"https:\/\/seal.transport-manager.net\/antonin\/2025\/11\/19\/nouveau-reseau-a-partir-du-19-novembre\/\" target=\"_self\" >Nouveau r\u00e9seau \u00e0 partir du 19 novembre !<\/a><\/h3>\n\n<div class=\"wp-block-post-date has-small-font-size\"><time datetime=\"2025-11-19T16:18:43+01:00\">19 novembre 2025<\/time><\/div>\n\n<div class=\"wp-block-post-excerpt\"><p class=\"wp-block-post-excerpt__excerpt\">D\u00e8s aujourd&rsquo;hui, retrouvez un r\u00e9seau augment\u00e9 avec l&rsquo;ajout de 5 nouvelles lignes sur le r\u00e9seau urbain (, , , et ), 1 nouvelle ligne de transport \u00e0 la demande urbain\u2026 <a class=\"wp-block-post-excerpt__more-link\" href=\"https:\/\/seal.transport-manager.net\/antonin\/2025\/11\/19\/nouveau-reseau-a-partir-du-19-novembre\/\">Lire la suite&#8230;<\/a><\/p><\/div><\/div>\n<\/div>\n\n<\/li><\/ul>\n\n\n\n<\/div>\n<\/div><\/div>\n\n\n\n<hr class=\"wp-block-separator has-alpha-channel-opacity is-style-wide\" \/>\n\n\n\n<div class=\"wp-block-buttons is-content-justification-right is-layout-flex wp-container-core-buttons-is-layout-d445cf74 wp-block-buttons-is-layout-flex\">\n<div class=\"wp-block-button\"><a class=\"wp-block-button__link has-small-font-size has-custom-font-size wp-element-button\" href=\"https:\/\/seal.transport-manager.net\/antonin\/horaires-lignes\/\">\u238b retourner \u00e0 la liste des lignes<\/a><\/div>\n<\/div>\n\n\n\n<hr class=\"wp-block-separator has-alpha-channel-opacity is-style-wide\" \/>\n\n\n\n<p><\/p>\n","protected":false},"excerpt":{"rendered":"<p>Description La ligne 205 est une ligne interurbaine rapide qui relie la ville-centre \u00e0 la commune d&rsquo;Asquillay. Points d&rsquo;int\u00e9r\u00eat desservis Agences commerciales Exploitation 2 cars Scania Interlink LD 15 Circule du lundi au samedi. Ne circule pas en soir\u00e9e. Info trafic sur votre ligne 205<\/p>\n","protected":false},"author":87,"featured_media":0,"parent":0,"menu_order":0,"comment_status":"closed","ping_status":"closed","template":"","meta":{"footnotes":""},"class_list":["post-1594","page","type-page","status-publish","hentry"],"_links":{"self":[{"href":"https:\/\/seal.transport-manager.net\/antonin\/wp-json\/wp\/v2\/pages\/1594","targetHints":{"allow":["GET"]}}],"collection":[{"href":"https:\/\/seal.transport-manager.net\/antonin\/wp-json\/wp\/v2\/pages"}],"about":[{"href":"https:\/\/seal.transport-manager.net\/antonin\/wp-json\/wp\/v2\/types\/page"}],"author":[{"embeddable":true,"href":"https:\/\/seal.transport-manager.net\/antonin\/wp-json\/wp\/v2\/users\/87"}],"replies":[{"embeddable":true,"href":"https:\/\/seal.transport-manager.net\/antonin\/wp-json\/wp\/v2\/comments?post=1594"}],"version-history":[{"count":2,"href":"https:\/\/seal.transport-manager.net\/antonin\/wp-json\/wp\/v2\/pages\/1594\/revisions"}],"predecessor-version":[{"id":1598,"href":"https:\/\/seal.transport-manager.net\/antonin\/wp-json\/wp\/v2\/pages\/1594\/revisions\/1598"}],"wp:attachment":[{"href":"https:\/\/seal.transport-manager.net\/antonin\/wp-json\/wp\/v2\/media?parent=1594"}],"curies":[{"name":"wp","href":"https:\/\/api.w.org\/{rel}","templated":true}]}}