{"id":1603,"date":"2025-10-23T13:47:03","date_gmt":"2025-10-23T11:47:03","guid":{"rendered":"https:\/\/seal.transport-manager.net\/antonin\/?page_id=1603"},"modified":"2025-10-26T15:43:26","modified_gmt":"2025-10-26T14:43:26","slug":"reseau-ferroviaire","status":"publish","type":"page","link":"https:\/\/seal.transport-manager.net\/antonin\/reseau-ferroviaire\/","title":{"rendered":"R\u00e9seau ferroviaire"},"content":{"rendered":"\n<div class=\"wp-block-columns is-layout-flex wp-container-core-columns-is-layout-28f84493 wp-block-columns-is-layout-flex\">\n<div class=\"wp-block-column is-layout-flow wp-block-column-is-layout-flow\" style=\"flex-basis:88%\">\n<p>Le r\u00e9seau ferroviaire est exploit\u00e9 par la CCF (Compagnie des Chemins de Fer). La Gare Centrale de la M\u00e9tropole est le point de correspondance majeur du r\u00e9seau ferroviaire \u00e0 l&rsquo;\u00e9chelle r\u00e9gionale.<\/p>\n<\/div>\n\n\n\n<div class=\"wp-block-column is-layout-flow wp-block-column-is-layout-flow\" style=\"flex-basis:33.33%\">\n<figure class=\"wp-block-image size-full is-resized\"><img loading=\"lazy\" decoding=\"async\" width=\"500\" height=\"336\" src=\"https:\/\/seal.transport-manager.net\/antonin\/wp-content\/uploads\/sites\/87\/2025\/07\/Logo-CCFr.png\" alt=\"\" class=\"wp-image-1215\" style=\"width:165px;height:auto\" srcset=\"https:\/\/seal.transport-manager.net\/antonin\/wp-content\/uploads\/sites\/87\/2025\/07\/Logo-CCFr.png 500w, https:\/\/seal.transport-manager.net\/antonin\/wp-content\/uploads\/sites\/87\/2025\/07\/Logo-CCFr-300x202.png 300w\" sizes=\"auto, (max-width: 500px) 100vw, 500px\" \/><\/figure>\n<\/div>\n<\/div>\n\n\n\n<p>Sur le territoire de la M\u00e9tropole, voici les points d&rsquo;arr\u00eat desservis :<\/p>\n\n\n\n<figure class=\"wp-block-image size-large\"><img loading=\"lazy\" decoding=\"async\" width=\"1024\" height=\"663\" src=\"https:\/\/seal.transport-manager.net\/antonin\/wp-content\/uploads\/sites\/87\/2025\/10\/PlanFerro-1024x663.png\" alt=\"\" class=\"wp-image-1675\" srcset=\"https:\/\/seal.transport-manager.net\/antonin\/wp-content\/uploads\/sites\/87\/2025\/10\/PlanFerro-1024x663.png 1024w, https:\/\/seal.transport-manager.net\/antonin\/wp-content\/uploads\/sites\/87\/2025\/10\/PlanFerro-300x194.png 300w, https:\/\/seal.transport-manager.net\/antonin\/wp-content\/uploads\/sites\/87\/2025\/10\/PlanFerro-768x497.png 768w, https:\/\/seal.transport-manager.net\/antonin\/wp-content\/uploads\/sites\/87\/2025\/10\/PlanFerro.png 1124w\" sizes=\"auto, (max-width: 1024px) 100vw, 1024px\" \/><\/figure>\n\n\n\n<hr class=\"wp-block-separator has-alpha-channel-opacity is-style-dots\" \/>\n\n\n\n<p>Des correspondances avec le r\u00e9seau Koalabus sont possibles aux points d&rsquo;arr\u00eat suivants :<\/p>\n\n\n\n<figure class=\"wp-block-table is-style-stripes\"><table><thead><tr><th class=\"has-text-align-center\" data-align=\"center\">Gare<\/th><th class=\"has-text-align-center\" data-align=\"center\">Arr\u00eat<\/th><th class=\"has-text-align-center\" data-align=\"center\">Agence<\/th><th class=\"has-text-align-center\" data-align=\"center\">Ligne(s)<\/th><\/tr><\/thead><tbody><tr><td class=\"has-text-align-center\" data-align=\"center\">Gare Centrale<\/td><td class=\"has-text-align-center\" data-align=\"center\">Gare Centrale<\/td><td class=\"has-text-align-center\" data-align=\"center\"><a href=\"https:\/\/seal.transport-manager.net\/antonin\/agences-commerciales\/\" data-type=\"page\" data-id=\"25\">oui<\/a><\/td><td class=\"has-text-align-center\" data-align=\"center\"><img loading=\"lazy\" decoding=\"async\" width=\"97\" height=\"97\" class=\"wp-image-1286\" style=\"width: 30px\" src=\"https:\/\/seal.transport-manager.net\/antonin\/wp-content\/uploads\/sites\/87\/2025\/10\/logo_tram.png\" alt=\"\"><a href=\"https:\/\/seal.transport-manager.net\/antonin\/ligne-1\/\" data-type=\"page\" data-id=\"1672\"><img loading=\"lazy\" decoding=\"async\" width=\"97\" height=\"97\" class=\"wp-image-146\" style=\"width: 30px\" src=\"https:\/\/seal.transport-manager.net\/antonin\/wp-content\/uploads\/sites\/87\/2024\/09\/L1.png\" alt=\"\"><\/a><br><img loading=\"lazy\" decoding=\"async\" width=\"97\" height=\"97\" class=\"wp-image-1287\" style=\"width: 30px\" src=\"https:\/\/seal.transport-manager.net\/antonin\/wp-content\/uploads\/sites\/87\/2025\/10\/logo_bus.png\" alt=\"\"><a href=\"https:\/\/seal.transport-manager.net\/antonin\/ligne-2\/\" data-type=\"page\" data-id=\"699\"><img loading=\"lazy\" decoding=\"async\" width=\"97\" height=\"97\" class=\"wp-image-149\" style=\"width: 30px\" src=\"https:\/\/seal.transport-manager.net\/antonin\/wp-content\/uploads\/sites\/87\/2024\/09\/L2.png\" alt=\"\"><\/a><a href=\"https:\/\/seal.transport-manager.net\/antonin\/ligne-3\/\" data-type=\"page\" data-id=\"608\"><img loading=\"lazy\" decoding=\"async\" width=\"97\" height=\"97\" class=\"wp-image-148\" style=\"width: 30px\" src=\"https:\/\/seal.transport-manager.net\/antonin\/wp-content\/uploads\/sites\/87\/2024\/09\/L3.png\" alt=\"\"><\/a><a href=\"https:\/\/seal.transport-manager.net\/antonin\/ligne-12\/\" data-type=\"page\" data-id=\"691\"><img loading=\"lazy\" decoding=\"async\" width=\"97\" height=\"97\" class=\"wp-image-154\" style=\"width: 30px\" src=\"https:\/\/seal.transport-manager.net\/antonin\/wp-content\/uploads\/sites\/87\/2024\/09\/L12.png\" alt=\"\"><\/a><\/td><\/tr><tr><td class=\"has-text-align-center\" data-align=\"center\">Gare de l&rsquo;Ouest<\/td><td class=\"has-text-align-center\" data-align=\"center\">Gare de l&rsquo;Ouest<\/td><td class=\"has-text-align-center\" data-align=\"center\"><a href=\"https:\/\/seal.transport-manager.net\/antonin\/agences-commerciales\/\" data-type=\"page\" data-id=\"25\">oui<\/a><\/td><td class=\"has-text-align-center\" data-align=\"center\"><img loading=\"lazy\" decoding=\"async\" width=\"97\" height=\"97\" class=\"wp-image-1287\" style=\"width: 30px\" src=\"https:\/\/seal.transport-manager.net\/antonin\/wp-content\/uploads\/sites\/87\/2025\/10\/logo_bus.png\" alt=\"\"><a href=\"https:\/\/seal.transport-manager.net\/antonin\/ligne-5\/\" data-type=\"page\" data-id=\"279\"><img loading=\"lazy\" decoding=\"async\" width=\"97\" height=\"97\" class=\"wp-image-161\" style=\"width: 30px\" src=\"https:\/\/seal.transport-manager.net\/antonin\/wp-content\/uploads\/sites\/87\/2024\/09\/L5.png\" alt=\"\"><\/a><a href=\"https:\/\/seal.transport-manager.net\/antonin\/ligne-7\/\" data-type=\"page\" data-id=\"646\"><img loading=\"lazy\" decoding=\"async\" width=\"97\" height=\"97\" class=\"wp-image-159\" style=\"width: 30px\" src=\"https:\/\/seal.transport-manager.net\/antonin\/wp-content\/uploads\/sites\/87\/2024\/09\/L7.png\" alt=\"\"><\/a><a href=\"https:\/\/seal.transport-manager.net\/antonin\/ligne-16\/\" data-type=\"page\" data-id=\"1666\"><img loading=\"lazy\" decoding=\"async\" width=\"97\" height=\"97\" class=\"wp-image-1358\" style=\"width: 30px\" src=\"https:\/\/seal.transport-manager.net\/antonin\/wp-content\/uploads\/sites\/87\/2025\/10\/L16.png\" alt=\"\"><\/a><a href=\"https:\/\/seal.transport-manager.net\/antonin\/ligne-17\/\" data-type=\"page\" data-id=\"1668\"><img loading=\"lazy\" decoding=\"async\" width=\"97\" height=\"97\" class=\"wp-image-1359\" style=\"width: 30px\" src=\"https:\/\/seal.transport-manager.net\/antonin\/wp-content\/uploads\/sites\/87\/2025\/10\/L17.png\" alt=\"\"><\/a><a href=\"https:\/\/seal.transport-manager.net\/antonin\/ligne-61\/\" data-type=\"page\" data-id=\"823\"><img loading=\"lazy\" decoding=\"async\" width=\"97\" height=\"97\" class=\"wp-image-169\" style=\"width: 30px\" src=\"https:\/\/seal.transport-manager.net\/antonin\/wp-content\/uploads\/sites\/87\/2024\/09\/L61.png\" alt=\"\"><\/a><a href=\"https:\/\/seal.transport-manager.net\/antonin\/ligne-106\/\" data-type=\"page\" data-id=\"1512\"><img loading=\"lazy\" decoding=\"async\" width=\"97\" height=\"97\" class=\"wp-image-1363\" style=\"width: 30px\" src=\"https:\/\/seal.transport-manager.net\/antonin\/wp-content\/uploads\/sites\/87\/2025\/10\/L106.png\" alt=\"\"><\/a><br><a href=\"https:\/\/seal.transport-manager.net\/antonin\/ligne-201\/\" data-type=\"page\" data-id=\"871\"><img loading=\"lazy\" decoding=\"async\" width=\"97\" height=\"97\" class=\"wp-image-178\" style=\"width: 30px\" src=\"https:\/\/seal.transport-manager.net\/antonin\/wp-content\/uploads\/sites\/87\/2024\/09\/L201.png\" alt=\"\"><\/a><a href=\"https:\/\/seal.transport-manager.net\/antonin\/ligne-202\/\" data-type=\"page\" data-id=\"874\"><img loading=\"lazy\" decoding=\"async\" width=\"98\" height=\"97\" class=\"wp-image-177\" style=\"width: 30px\" src=\"https:\/\/seal.transport-manager.net\/antonin\/wp-content\/uploads\/sites\/87\/2024\/09\/L202.png\" alt=\"\"><\/a><a href=\"https:\/\/seal.transport-manager.net\/antonin\/ligne-203\/\" data-type=\"page\" data-id=\"877\"><img loading=\"lazy\" decoding=\"async\" width=\"97\" height=\"97\" class=\"wp-image-176\" style=\"width: 30px\" src=\"https:\/\/seal.transport-manager.net\/antonin\/wp-content\/uploads\/sites\/87\/2024\/09\/L203.png\" alt=\"\"><\/a><a href=\"https:\/\/seal.transport-manager.net\/antonin\/ligne-204\/\" data-type=\"page\" data-id=\"1592\"><img loading=\"lazy\" decoding=\"async\" width=\"97\" height=\"97\" class=\"wp-image-1365\" style=\"width: 30px\" src=\"https:\/\/seal.transport-manager.net\/antonin\/wp-content\/uploads\/sites\/87\/2025\/10\/L204.png\" alt=\"\"><\/a><a href=\"https:\/\/seal.transport-manager.net\/antonin\/ligne-205\/\" data-type=\"page\" data-id=\"1594\"><img loading=\"lazy\" decoding=\"async\" width=\"97\" height=\"97\" class=\"wp-image-1366\" style=\"width: 30px\" src=\"https:\/\/seal.transport-manager.net\/antonin\/wp-content\/uploads\/sites\/87\/2025\/10\/L205.png\" alt=\"\"><\/a><a href=\"https:\/\/seal.transport-manager.net\/antonin\/ligne-206\/\" data-type=\"page\" data-id=\"1597\"><img loading=\"lazy\" decoding=\"async\" width=\"97\" height=\"97\" class=\"wp-image-1367\" style=\"width: 30px\" src=\"https:\/\/seal.transport-manager.net\/antonin\/wp-content\/uploads\/sites\/87\/2025\/10\/L206.png\" alt=\"\"><\/a><a href=\"https:\/\/seal.transport-manager.net\/antonin\/desserte-de-larena\/\" data-type=\"page\" data-id=\"476\"><img loading=\"lazy\" decoding=\"async\" width=\"85\" height=\"85\" class=\"wp-image-1549\" style=\"width: 30px\" src=\"https:\/\/seal.transport-manager.net\/antonin\/wp-content\/uploads\/sites\/87\/2025\/10\/L713.png\" alt=\"\"><\/a><br><img loading=\"lazy\" decoding=\"async\" width=\"97\" height=\"97\" class=\"wp-image-1288\" style=\"width: 30px\" src=\"https:\/\/seal.transport-manager.net\/antonin\/wp-content\/uploads\/sites\/87\/2025\/10\/logo_tad.png\" alt=\"\"><a href=\"https:\/\/seal.transport-manager.net\/antonin\/transport-a-la-demande\/\" data-type=\"page\" data-id=\"43\"><img loading=\"lazy\" decoding=\"async\" width=\"97\" height=\"97\" class=\"wp-image-1372\" style=\"width: 30px\" src=\"https:\/\/seal.transport-manager.net\/antonin\/wp-content\/uploads\/sites\/87\/2025\/10\/L941.png\" alt=\"\"><\/a><\/td><\/tr><tr><td class=\"has-text-align-center\" data-align=\"center\">Gare de l&rsquo;A\u00e9roport<\/td><td class=\"has-text-align-center\" data-align=\"center\">A\u00e9roport<\/td><td class=\"has-text-align-center\" data-align=\"center\"><a href=\"https:\/\/seal.transport-manager.net\/antonin\/agences-commerciales\/\" data-type=\"page\" data-id=\"25\">oui<\/a><\/td><td class=\"has-text-align-center\" data-align=\"center\"><img loading=\"lazy\" decoding=\"async\" width=\"97\" height=\"97\" class=\"wp-image-1286\" style=\"width: 30px\" src=\"https:\/\/seal.transport-manager.net\/antonin\/wp-content\/uploads\/sites\/87\/2025\/10\/logo_tram.png\" alt=\"\"><a href=\"https:\/\/seal.transport-manager.net\/antonin\/ligne-1\/\" data-type=\"page\" data-id=\"1672\"><img loading=\"lazy\" decoding=\"async\" width=\"97\" height=\"97\" class=\"wp-image-146\" style=\"width: 30px\" src=\"https:\/\/seal.transport-manager.net\/antonin\/wp-content\/uploads\/sites\/87\/2024\/09\/L1.png\" alt=\"\"><\/a><br><img loading=\"lazy\" decoding=\"async\" width=\"97\" height=\"97\" class=\"wp-image-1287\" style=\"width: 30px\" src=\"https:\/\/seal.transport-manager.net\/antonin\/wp-content\/uploads\/sites\/87\/2025\/10\/logo_bus.png\" alt=\"\"><a href=\"https:\/\/seal.transport-manager.net\/antonin\/ligne-13\/\" data-type=\"page\" data-id=\"692\"><img loading=\"lazy\" decoding=\"async\" width=\"97\" height=\"97\" class=\"wp-image-153\" style=\"width: 30px\" src=\"https:\/\/seal.transport-manager.net\/antonin\/wp-content\/uploads\/sites\/87\/2024\/09\/L13.png\" alt=\"\"><\/a><a href=\"https:\/\/seal.transport-manager.net\/antonin\/ligne-16\/\" data-type=\"page\" data-id=\"1666\"><img loading=\"lazy\" decoding=\"async\" width=\"97\" height=\"97\" class=\"wp-image-1358\" style=\"width: 30px\" src=\"https:\/\/seal.transport-manager.net\/antonin\/wp-content\/uploads\/sites\/87\/2025\/10\/L16.png\" alt=\"\"><\/a><a href=\"https:\/\/seal.transport-manager.net\/antonin\/ligne-206\/\" data-type=\"page\" data-id=\"1597\"><img loading=\"lazy\" decoding=\"async\" width=\"97\" height=\"97\" class=\"wp-image-1367\" style=\"width: 30px\" src=\"https:\/\/seal.transport-manager.net\/antonin\/wp-content\/uploads\/sites\/87\/2025\/10\/L206.png\" alt=\"\"><\/a><a href=\"https:\/\/seal.transport-manager.net\/antonin\/desserte-de-larena\/\" data-type=\"page\" data-id=\"476\"><img loading=\"lazy\" decoding=\"async\" width=\"85\" height=\"85\" class=\"wp-image-1549\" style=\"width: 30px\" src=\"https:\/\/seal.transport-manager.net\/antonin\/wp-content\/uploads\/sites\/87\/2025\/10\/L713.png\" alt=\"\"><\/a><\/td><\/tr><tr><td class=\"has-text-align-center\" data-align=\"center\">Gare de l&rsquo;Est<\/td><td class=\"has-text-align-center\" data-align=\"center\">Gare de l&rsquo;Est<\/td><td class=\"has-text-align-center\" data-align=\"center\">non<\/td><td class=\"has-text-align-center\" data-align=\"center\"><img loading=\"lazy\" decoding=\"async\" width=\"97\" height=\"97\" class=\"wp-image-1287\" style=\"width: 30px\" src=\"https:\/\/seal.transport-manager.net\/antonin\/wp-content\/uploads\/sites\/87\/2025\/10\/logo_bus.png\" alt=\"\"><a href=\"https:\/\/seal.transport-manager.net\/antonin\/ligne-4\/\" data-type=\"page\" data-id=\"609\"><img loading=\"lazy\" decoding=\"async\" width=\"97\" height=\"97\" class=\"wp-image-162\" style=\"width: 30px\" src=\"https:\/\/seal.transport-manager.net\/antonin\/wp-content\/uploads\/sites\/87\/2024\/09\/L4.png\" alt=\"\"><\/a><a href=\"https:\/\/seal.transport-manager.net\/antonin\/ligne-10\/\" data-type=\"page\" data-id=\"121\"><img loading=\"lazy\" decoding=\"async\" width=\"97\" height=\"97\" class=\"wp-image-156\" style=\"width: 30px\" src=\"https:\/\/seal.transport-manager.net\/antonin\/wp-content\/uploads\/sites\/87\/2024\/09\/L10.png\" alt=\"\"><\/a><\/td><\/tr><tr><td class=\"has-text-align-center\" data-align=\"center\">Gare de Lusignol<\/td><td class=\"has-text-align-center\" data-align=\"center\">Gare de Lusignol<\/td><td class=\"has-text-align-center\" data-align=\"center\"><a href=\"https:\/\/seal.transport-manager.net\/antonin\/agences-commerciales\/\" data-type=\"page\" data-id=\"25\">oui<\/a><\/td><td class=\"has-text-align-center\" data-align=\"center\"><img loading=\"lazy\" decoding=\"async\" width=\"97\" height=\"97\" class=\"wp-image-1287\" style=\"width: 30px\" src=\"https:\/\/seal.transport-manager.net\/antonin\/wp-content\/uploads\/sites\/87\/2025\/10\/logo_bus.png\" alt=\"\"><a href=\"https:\/\/seal.transport-manager.net\/antonin\/ligne-201\/\" data-type=\"page\" data-id=\"871\"><img loading=\"lazy\" decoding=\"async\" width=\"97\" height=\"97\" class=\"wp-image-178\" style=\"width: 30px\" src=\"https:\/\/seal.transport-manager.net\/antonin\/wp-content\/uploads\/sites\/87\/2024\/09\/L201.png\" alt=\"\"><\/a><a href=\"https:\/\/seal.transport-manager.net\/antonin\/ligne-251\/\" data-type=\"page\" data-id=\"1600\"><img loading=\"lazy\" decoding=\"async\" width=\"97\" height=\"97\" class=\"wp-image-1368\" style=\"width: 30px\" src=\"https:\/\/seal.transport-manager.net\/antonin\/wp-content\/uploads\/sites\/87\/2025\/10\/L251.png\" alt=\"\"><\/a><\/td><\/tr><\/tbody><\/table><\/figure>\n\n\n\n<hr class=\"wp-block-separator has-alpha-channel-opacity is-style-dots\" \/>\n\n\n\n<p>Lors d&rsquo;interruptions pour travaux sur le r\u00e9seau ferroviaire, la CCF sous-traite \u00e0 Koalabus l&rsquo;organisation et l&rsquo;exploitation du transport de substitution.<\/p>\n\n\n\n<p><\/p>\n","protected":false},"excerpt":{"rendered":"<p>Le r\u00e9seau ferroviaire est exploit\u00e9 par la CCF (Compagnie des Chemins de Fer). La Gare Centrale de la M\u00e9tropole est le point de correspondance majeur du r\u00e9seau ferroviaire \u00e0 l&rsquo;\u00e9chelle r\u00e9gionale. Sur le territoire de la M\u00e9tropole, voici les points d&rsquo;arr\u00eat desservis : Des correspondances avec le r\u00e9seau Koalabus sont [&hellip;]<\/p>\n","protected":false},"author":87,"featured_media":0,"parent":0,"menu_order":0,"comment_status":"closed","ping_status":"closed","template":"","meta":{"footnotes":""},"class_list":["post-1603","page","type-page","status-publish","hentry"],"_links":{"self":[{"href":"https:\/\/seal.transport-manager.net\/antonin\/wp-json\/wp\/v2\/pages\/1603","targetHints":{"allow":["GET"]}}],"collection":[{"href":"https:\/\/seal.transport-manager.net\/antonin\/wp-json\/wp\/v2\/pages"}],"about":[{"href":"https:\/\/seal.transport-manager.net\/antonin\/wp-json\/wp\/v2\/types\/page"}],"author":[{"embeddable":true,"href":"https:\/\/seal.transport-manager.net\/antonin\/wp-json\/wp\/v2\/users\/87"}],"replies":[{"embeddable":true,"href":"https:\/\/seal.transport-manager.net\/antonin\/wp-json\/wp\/v2\/comments?post=1603"}],"version-history":[{"count":7,"href":"https:\/\/seal.transport-manager.net\/antonin\/wp-json\/wp\/v2\/pages\/1603\/revisions"}],"predecessor-version":[{"id":1804,"href":"https:\/\/seal.transport-manager.net\/antonin\/wp-json\/wp\/v2\/pages\/1603\/revisions\/1804"}],"wp:attachment":[{"href":"https:\/\/seal.transport-manager.net\/antonin\/wp-json\/wp\/v2\/media?parent=1603"}],"curies":[{"name":"wp","href":"https:\/\/api.w.org\/{rel}","templated":true}]}}