{"id":1668,"date":"2025-10-25T15:32:59","date_gmt":"2025-10-25T13:32:59","guid":{"rendered":"https:\/\/seal.transport-manager.net\/antonin\/?page_id=1668"},"modified":"2025-10-27T14:35:54","modified_gmt":"2025-10-27T13:35:54","slug":"ligne-17","status":"publish","type":"page","link":"https:\/\/seal.transport-manager.net\/antonin\/ligne-17\/","title":{"rendered":"Ligne 17"},"content":{"rendered":"\n<div class=\"wp-block-buttons is-content-justification-right is-layout-flex wp-container-core-buttons-is-layout-d445cf74 wp-block-buttons-is-layout-flex\">\n<div class=\"wp-block-button\"><a class=\"wp-block-button__link has-small-font-size has-custom-font-size wp-element-button\" href=\"https:\/\/seal.transport-manager.net\/antonin\/horaires-lignes\/\">\u238b retourner \u00e0 la liste des lignes<\/a><\/div>\n<\/div>\n\n\n\n<hr class=\"wp-block-separator has-alpha-channel-opacity is-style-wide\" \/>\n\n\n\n<div class=\"wp-block-columns is-layout-flex wp-container-core-columns-is-layout-28f84493 wp-block-columns-is-layout-flex\" style=\"border-style:none;border-width:0px\">\n<div class=\"wp-block-column is-layout-flow wp-block-column-is-layout-flow\" style=\"flex-basis:38%\">\n<p class=\"has-text-align-right\"><img loading=\"lazy\" decoding=\"async\" width=\"97\" height=\"97\" class=\"wp-image-1287\" style=\"width: 80px\" src=\"https:\/\/seal.transport-manager.net\/antonin\/wp-content\/uploads\/sites\/87\/2025\/10\/logo_bus.png\" alt=\"\"><img loading=\"lazy\" decoding=\"async\" width=\"97\" height=\"97\" class=\"wp-image-1359\" style=\"width: 80px\" src=\"https:\/\/seal.transport-manager.net\/antonin\/wp-content\/uploads\/sites\/87\/2025\/10\/L17.png\" alt=\"\"><\/p>\n<\/div>\n\n\n\n<div class=\"wp-block-column is-vertically-aligned-center is-layout-flow wp-block-column-is-layout-flow\" style=\"flex-basis:66.66%\">\n<div class=\"wp-block-buttons is-layout-flex wp-block-buttons-is-layout-flex\">\n<div class=\"wp-block-button is-style-outline is-style-outline--1\"><a class=\"wp-block-button__link has-medium-font-size has-custom-font-size wp-element-button\"><strong>Moulin \u00e0 Vent &lt;&gt; Gare de l&rsquo;Ouest<\/strong><\/a><\/div>\n<\/div>\n<\/div>\n<\/div>\n\n\n\n<p class=\"has-text-align-center has-medium-font-size\"><strong><mark style=\"color:#ff0000\" class=\"has-inline-color\">ATTENTION : LIGNE NON EXPLOIT\u00c9E POUR LE MOMENT<\/mark><\/strong><\/p>\n\n\n\n<div class=\"wp-block-buttons is-content-justification-center is-layout-flex wp-container-core-buttons-is-layout-a89b3969 wp-block-buttons-is-layout-flex\">\n<div class=\"wp-block-button\"><a class=\"wp-block-button__link has-medium-font-size has-custom-font-size wp-element-button\"><s>Fiche horaire<\/s><\/a><\/div>\n\n\n\n<div class=\"wp-block-button\"><a class=\"wp-block-button__link wp-element-button\" href=\"https:\/\/seal.transport-manager.net\/antonin\/thermo-l17\/\">Plan de la ligne<\/a><\/div>\n<\/div>\n\n\n\n<hr class=\"wp-block-separator has-alpha-channel-opacity\" \/>\n\n\n\n<div class=\"wp-block-columns is-layout-flex wp-container-core-columns-is-layout-28f84493 wp-block-columns-is-layout-flex\">\n<div class=\"wp-block-column is-layout-flow wp-block-column-is-layout-flow\" style=\"flex-basis:40%\">\n<figure class=\"wp-block-image size-full\"><img loading=\"lazy\" decoding=\"async\" width=\"338\" height=\"1068\" src=\"https:\/\/seal.transport-manager.net\/antonin\/wp-content\/uploads\/sites\/87\/2025\/10\/Thermo-L17.png\" alt=\"\" class=\"wp-image-1662\" srcset=\"https:\/\/seal.transport-manager.net\/antonin\/wp-content\/uploads\/sites\/87\/2025\/10\/Thermo-L17.png 338w, https:\/\/seal.transport-manager.net\/antonin\/wp-content\/uploads\/sites\/87\/2025\/10\/Thermo-L17-95x300.png 95w, https:\/\/seal.transport-manager.net\/antonin\/wp-content\/uploads\/sites\/87\/2025\/10\/Thermo-L17-324x1024.png 324w\" sizes=\"auto, (max-width: 338px) 100vw, 338px\" \/><\/figure>\n<\/div>\n\n\n\n<div class=\"wp-block-column is-layout-flow wp-block-column-is-layout-flow\" style=\"flex-basis:2%\">\n<p class=\"has-medium-font-size\"><\/p>\n<\/div>\n\n\n\n<div class=\"wp-block-column is-layout-flow wp-block-column-is-layout-flow\" style=\"flex-basis:58%\">\n<p class=\"has-medium-font-size\"><strong>Description<\/strong><\/p>\n\n\n\n<p>La ligne 17 est une ligne ajout\u00e9e lors du nouveau r\u00e9seau de 2025. Elle dessert le nord de la ville-centre avec le quartier du Moulin \u00e0 Vent et le Campus Alan Turing, elle bifurque vers le sud et dessert ensuite le Parc Verlaine, le quartier du Tremblay et le p\u00f4le d&rsquo;\u00e9changes de la Gare de l&rsquo;Ouest.<\/p>\n\n\n\n<ul class=\"wp-block-list\">\n<li>Distance : xx km<\/li>\n\n\n\n<li>Temps de parcours : xx min<\/li>\n\n\n\n<li>Nombre d\u2019arr\u00eats : xx<\/li>\n<\/ul>\n\n\n\n<hr class=\"wp-block-separator has-alpha-channel-opacity\" \/>\n\n\n\n<p><\/p>\n\n\n\n<p class=\"has-medium-font-size\"><strong>Points d&rsquo;int\u00e9r\u00eat desservis<\/strong><\/p>\n\n\n\n<ul class=\"wp-block-list\">\n<li><img loading=\"lazy\" decoding=\"async\" width=\"27\" height=\"27\" class=\"wp-image-1718\" style=\"width: 20px\" src=\"https:\/\/seal.transport-manager.net\/antonin\/wp-content\/uploads\/sites\/87\/2025\/10\/picto_ecole.png\" alt=\"\"> <a href=\"https:\/\/seal.transport-manager.net\/antonin\/desserte-desetablissements-scolaires\/\" data-type=\"page\" data-id=\"1520\">Groupe Scolaire Moulin \u00e0 Vent<\/a><\/li>\n\n\n\n<li><img loading=\"lazy\" decoding=\"async\" width=\"27\" height=\"27\" class=\"wp-image-1708\" style=\"width: 20px\" src=\"https:\/\/seal.transport-manager.net\/antonin\/wp-content\/uploads\/sites\/87\/2025\/10\/picto_univ.png\" alt=\"\"> <a href=\"https:\/\/seal.transport-manager.net\/antonin\/desserte-des-poles-universitaires\/\" data-type=\"page\" data-id=\"501\">Campus Alan Turing (Universit\u00e9 des Sciences et Techniques)<\/a><\/li>\n\n\n\n<li><img loading=\"lazy\" decoding=\"async\" width=\"27\" height=\"27\" class=\"wp-image-1723\" style=\"width: 20px\" src=\"https:\/\/seal.transport-manager.net\/antonin\/wp-content\/uploads\/sites\/87\/2025\/10\/picto_pr.png\" alt=\"\"> <a href=\"https:\/\/seal.transport-manager.net\/antonin\/parcs-relais\/\" data-type=\"page\" data-id=\"1423\">Parc-relais Alan Turing<\/a><\/li>\n\n\n\n<li><img loading=\"lazy\" decoding=\"async\" width=\"27\" height=\"27\" class=\"wp-image-1724\" style=\"width: 20px\" src=\"https:\/\/seal.transport-manager.net\/antonin\/wp-content\/uploads\/sites\/87\/2025\/10\/picto_parc.png\" alt=\"\"> Parc Verlaine<\/li>\n\n\n\n<li><img loading=\"lazy\" decoding=\"async\" width=\"27\" height=\"27\" class=\"wp-image-1724\" style=\"width: 20px\" src=\"https:\/\/seal.transport-manager.net\/antonin\/wp-content\/uploads\/sites\/87\/2025\/10\/picto_parc.png\" alt=\"\"> Parc aux Daims<\/li>\n\n\n\n<li><img loading=\"lazy\" decoding=\"async\" width=\"27\" height=\"27\" class=\"wp-image-1710\" style=\"width: 20px\" src=\"https:\/\/seal.transport-manager.net\/antonin\/wp-content\/uploads\/sites\/87\/2025\/10\/picto_admin.png\" alt=\"\"> Mairie Annexe du Tremblay<\/li>\n\n\n\n<li><img loading=\"lazy\" decoding=\"async\" width=\"27\" height=\"27\" class=\"wp-image-1749\" style=\"width: 20px\" src=\"https:\/\/seal.transport-manager.net\/antonin\/wp-content\/uploads\/sites\/87\/2025\/10\/picto_poste.png\" alt=\"\"> Bureau de Poste du Tremblay<\/li>\n\n\n\n<li><img loading=\"lazy\" decoding=\"async\" width=\"27\" height=\"27\" class=\"wp-image-1714\" style=\"width: 20px\" src=\"https:\/\/seal.transport-manager.net\/antonin\/wp-content\/uploads\/sites\/87\/2025\/10\/picto_ccial.png\" alt=\"\"> March\u00e9 du Tremblay<\/li>\n\n\n\n<li><img loading=\"lazy\" decoding=\"async\" width=\"27\" height=\"27\" class=\"wp-image-1725\" style=\"width: 20px\" src=\"https:\/\/seal.transport-manager.net\/antonin\/wp-content\/uploads\/sites\/87\/2025\/10\/picto_piscine.png\" alt=\"\"> Piscine du Tremblay<\/li>\n\n\n\n<li><img loading=\"lazy\" decoding=\"async\" width=\"27\" height=\"27\" class=\"wp-image-1719\" style=\"width: 20px\" src=\"https:\/\/seal.transport-manager.net\/antonin\/wp-content\/uploads\/sites\/87\/2025\/10\/picto_gare.png\" alt=\"\"> <a href=\"https:\/\/seal.transport-manager.net\/antonin\/reseau-ferroviaire\/\" data-type=\"page\" data-id=\"1603\">Gare de l&rsquo;Ouest<\/a><\/li>\n\n\n\n<li><img loading=\"lazy\" decoding=\"async\" width=\"27\" height=\"27\" class=\"wp-image-1720\" style=\"width: 20px\" src=\"https:\/\/seal.transport-manager.net\/antonin\/wp-content\/uploads\/sites\/87\/2025\/10\/picto_garerout.png\" alt=\"\"> <a href=\"https:\/\/seal.transport-manager.net\/antonin\/gare-routiere-metropolitaine\/\" data-type=\"page\" data-id=\"1689\">Gare routi\u00e8re m\u00e9tropolitaine<\/a><\/li>\n<\/ul>\n\n\n\n<p><\/p>\n\n\n\n<p class=\"has-medium-font-size\"><strong>Agences commerciales<\/strong><\/p>\n\n\n\n<ul class=\"wp-block-list\">\n<li><img loading=\"lazy\" decoding=\"async\" width=\"27\" height=\"27\" class=\"wp-image-1712\" style=\"width: 20px\" src=\"https:\/\/seal.transport-manager.net\/antonin\/wp-content\/uploads\/sites\/87\/2025\/10\/picto_agence.png\" alt=\"\"> <a href=\"https:\/\/seal.transport-manager.net\/antonin\/agences-commerciales\/\" data-type=\"page\" data-id=\"25\">Agence Alan Turing<\/a><\/li>\n\n\n\n<li><img loading=\"lazy\" decoding=\"async\" width=\"27\" height=\"27\" class=\"wp-image-1712\" style=\"width: 20px\" src=\"https:\/\/seal.transport-manager.net\/antonin\/wp-content\/uploads\/sites\/87\/2025\/10\/picto_agence.png\" alt=\"\"> <a href=\"https:\/\/seal.transport-manager.net\/antonin\/agences-commerciales\/\" data-type=\"page\" data-id=\"25\">Agence Gare de l&rsquo;Ouest<\/a><\/li>\n<\/ul>\n\n\n\n<hr class=\"wp-block-separator has-alpha-channel-opacity\" \/>\n\n\n\n<p><\/p>\n\n\n\n<p class=\"has-medium-font-size\"><strong>Exploitation<\/strong><\/p>\n\n\n\n<p><strong><mark style=\"color:#ff0000\" class=\"has-inline-color\">La ligne n&rsquo;est pas exploit\u00e9e \u00e0 l&rsquo;heure actuelle.<\/mark><\/strong> A terme, elle sera exploit\u00e9e avec :<\/p>\n\n\n\n<p>9 <a href=\"https:\/\/seal.transport-manager.net\/antonin\/parc-de-vehicules\/\" data-type=\"page\" data-id=\"44\">bus articul\u00e9s<\/a> xx<\/p>\n\n\n\n<p><s>Circule du lundi au dimanche, y compris en soir\u00e9e.<\/s><\/p>\n\n\n\n<p><\/p>\n<\/div>\n<\/div>\n\n\n\n<p><\/p>\n\n\n\n<hr class=\"wp-block-separator has-alpha-channel-opacity is-style-default\" \/>\n\n\n\n<p class=\"has-text-align-center has-medium-font-size\"><strong>Info trafic sur votre ligne 17<\/strong><\/p>\n\n\n\n<div class=\"wp-block-group\" style=\"margin-top:0px;margin-bottom:0px;padding-top:64px;padding-bottom:64px\"><div class=\"wp-block-group__inner-container is-layout-constrained wp-container-core-group-is-layout-43e22029 wp-block-group-is-layout-constrained\">\n<div class=\"wp-block-query is-layout-flow wp-block-query-is-layout-flow\">\n\n<div class=\"wp-block-query-no-results\">\n\n<p class=\"has-text-align-center has-ti-bg-alt-background-color has-background\">No Posts were found<\/p>\n\n<\/div>\n\n<\/div>\n<\/div><\/div>\n\n\n\n<hr class=\"wp-block-separator has-alpha-channel-opacity is-style-wide\" \/>\n\n\n\n<div class=\"wp-block-buttons is-content-justification-right is-layout-flex wp-container-core-buttons-is-layout-d445cf74 wp-block-buttons-is-layout-flex\">\n<div class=\"wp-block-button\"><a class=\"wp-block-button__link has-small-font-size has-custom-font-size wp-element-button\" href=\"https:\/\/seal.transport-manager.net\/antonin\/horaires-lignes\/\">\u238b retourner \u00e0 la liste des lignes<\/a><\/div>\n<\/div>\n\n\n\n<hr class=\"wp-block-separator has-alpha-channel-opacity is-style-wide\" \/>\n\n\n\n<p><\/p>\n","protected":false},"excerpt":{"rendered":"<p>ATTENTION : LIGNE NON EXPLOIT\u00c9E POUR LE MOMENT Description La ligne 17 est une ligne ajout\u00e9e lors du nouveau r\u00e9seau de 2025. Elle dessert le nord de la ville-centre avec le quartier du Moulin \u00e0 Vent et le Campus Alan Turing, elle bifurque vers le sud et dessert ensuite le [&hellip;]<\/p>\n","protected":false},"author":87,"featured_media":0,"parent":0,"menu_order":0,"comment_status":"closed","ping_status":"closed","template":"","meta":{"footnotes":""},"class_list":["post-1668","page","type-page","status-publish","hentry"],"_links":{"self":[{"href":"https:\/\/seal.transport-manager.net\/antonin\/wp-json\/wp\/v2\/pages\/1668","targetHints":{"allow":["GET"]}}],"collection":[{"href":"https:\/\/seal.transport-manager.net\/antonin\/wp-json\/wp\/v2\/pages"}],"about":[{"href":"https:\/\/seal.transport-manager.net\/antonin\/wp-json\/wp\/v2\/types\/page"}],"author":[{"embeddable":true,"href":"https:\/\/seal.transport-manager.net\/antonin\/wp-json\/wp\/v2\/users\/87"}],"replies":[{"embeddable":true,"href":"https:\/\/seal.transport-manager.net\/antonin\/wp-json\/wp\/v2\/comments?post=1668"}],"version-history":[{"count":2,"href":"https:\/\/seal.transport-manager.net\/antonin\/wp-json\/wp\/v2\/pages\/1668\/revisions"}],"predecessor-version":[{"id":1841,"href":"https:\/\/seal.transport-manager.net\/antonin\/wp-json\/wp\/v2\/pages\/1668\/revisions\/1841"}],"wp:attachment":[{"href":"https:\/\/seal.transport-manager.net\/antonin\/wp-json\/wp\/v2\/media?parent=1668"}],"curies":[{"name":"wp","href":"https:\/\/api.w.org\/{rel}","templated":true}]}}