{"id":191,"date":"2024-09-10T15:16:00","date_gmt":"2024-09-10T13:16:00","guid":{"rendered":"https:\/\/seal.transport-manager.net\/antonin\/?page_id=191"},"modified":"2024-09-20T14:27:12","modified_gmt":"2024-09-20T12:27:12","slug":"bien-voyager","status":"publish","type":"page","link":"https:\/\/seal.transport-manager.net\/antonin\/bien-voyager\/","title":{"rendered":"Bien voyager"},"content":{"rendered":"\n<p>La M\u00e9tropole et Koalabus mettent tout en oeuvre pour faciliter votre voyage. Cependant, pour permettre \u00e0 tous de voyager dans de bonnes condition, merci de bien respecter ces quelques r\u00e8gles de civisme \u00e0 chaque \u00e9tape de votre trajet.<\/p>\n\n\n\n<p class=\"has-large-font-size\"><strong>En attendant le bus&#8230;<\/strong><\/p>\n\n\n\n<div class=\"wp-block-columns is-layout-flex wp-container-core-columns-is-layout-28f84493 wp-block-columns-is-layout-flex\">\n<div class=\"wp-block-column is-layout-flow wp-block-column-is-layout-flow\" style=\"flex-basis:100%\">\n<figure class=\"wp-block-table is-style-stripes\"><table><tbody><tr><td><img decoding=\"async\" src=\"https:\/\/seal.transport-manager.net\/antonin\/wp-content\/uploads\/sites\/87\/2023\/08\/cropped-K-icon.png\" alt=\"\" style=\"width: 50px\"><\/td><td>Les arr\u00eats ne sont pas syst\u00e9matiques, faites signe au conducteur !<\/td><\/tr><tr><td><img decoding=\"async\" style=\"width: 50px\" src=\"https:\/\/seal.transport-manager.net\/antonin\/wp-content\/uploads\/sites\/87\/2023\/08\/cropped-K-icon.png\" alt=\"\"><\/td><td>Pr\u00e9parez votre ticket, ou votre Ko\u00e0lacarte pour la pr\u00e9senter au conducteur.<br>Merci de pr\u00e9parer l&rsquo;appoint pour acheter votre ticket aupr\u00e8s du conducteur.<\/td><\/tr><tr><td><img decoding=\"async\" style=\"width: 50px\" src=\"https:\/\/seal.transport-manager.net\/antonin\/wp-content\/uploads\/sites\/87\/2023\/08\/cropped-K-icon.png\" alt=\"\"><\/td><td>Les petits animaux sont admis dans le bus dans un sac ou un panier clos.<br>Les grands animaux sont interdits, \u00e0 l&rsquo;exception des chiens d&rsquo;aveugles.<\/td><\/tr><tr><td><img decoding=\"async\" style=\"width: 50px\" src=\"https:\/\/seal.transport-manager.net\/antonin\/wp-content\/uploads\/sites\/87\/2023\/08\/cropped-K-icon.png\" alt=\"\"><\/td><td>Les v\u00e9los et trottinettes sont autoris\u00e9s pli\u00e9s et tenus par leur propri\u00e9taire, <br>uniquement si la fr\u00e9quentation du bus le permet.<\/td><\/tr><tr><td><img decoding=\"async\" style=\"width: 50px\" src=\"https:\/\/seal.transport-manager.net\/antonin\/wp-content\/uploads\/sites\/87\/2023\/08\/cropped-K-icon.png\" alt=\"\"><\/td><td>Les objets volumineux ou dangereux sont interdits \u00e0 bord.<\/td><\/tr><\/tbody><\/table><\/figure>\n<\/div>\n<\/div>\n\n\n\n<p class=\"has-large-font-size\"><strong>En montant dans le bus&#8230;<\/strong><\/p>\n\n\n\n<figure class=\"wp-block-table is-style-stripes\"><table><tbody><tr><td><img decoding=\"async\" src=\"https:\/\/seal.transport-manager.net\/antonin\/wp-content\/uploads\/sites\/87\/2023\/08\/cropped-K-icon.png\" alt=\"\" style=\"width: 50px\"><\/td><td>Validez votre titre de transport, pr\u00e9sentez votre Ko\u00e0lacarte ou achetez un ticket <br>aupr\u00e8s du conducteur.<\/td><\/tr><tr><td><img decoding=\"async\" style=\"width: 50px\" src=\"https:\/\/seal.transport-manager.net\/antonin\/wp-content\/uploads\/sites\/87\/2023\/08\/cropped-K-icon.png\" alt=\"\"><\/td><td>La mont\u00e9e s&rsquo;effectue par la porte avant (sauf sur les lignes <img loading=\"lazy\" decoding=\"async\" width=\"97\" height=\"97\" class=\"wp-image-146\" style=\"width: 20px\" src=\"https:\/\/seal.transport-manager.net\/antonin\/wp-content\/uploads\/sites\/87\/2024\/09\/L1.png\" alt=\"\"><img loading=\"lazy\" decoding=\"async\" width=\"97\" height=\"97\" class=\"wp-image-149\" style=\"width: 20px\" src=\"https:\/\/seal.transport-manager.net\/antonin\/wp-content\/uploads\/sites\/87\/2024\/09\/L2.png\" alt=\"\"><img loading=\"lazy\" decoding=\"async\" width=\"97\" height=\"97\" class=\"wp-image-148\" style=\"width: 20px\" src=\"https:\/\/seal.transport-manager.net\/antonin\/wp-content\/uploads\/sites\/87\/2024\/09\/L3.png\" alt=\"\">).<\/td><\/tr><tr><td><img decoding=\"async\" style=\"width: 50px\" src=\"https:\/\/seal.transport-manager.net\/antonin\/wp-content\/uploads\/sites\/87\/2023\/08\/cropped-K-icon.png\" alt=\"\"><\/td><td>Au terminus d&rsquo;origine de la ligne, les voyageurs sont invit\u00e9s \u00e0 attendre l&rsquo;ouverture<br>des portes afin de monter dans le v\u00e9hicule.<\/td><\/tr><\/tbody><\/table><\/figure>\n\n\n\n<p class=\"has-large-font-size\"><br><strong>Pendant votre trajet&#8230;<\/strong><\/p>\n\n\n\n<figure class=\"wp-block-table is-style-stripes\"><table><tbody><tr><td><img decoding=\"async\" src=\"https:\/\/seal.transport-manager.net\/antonin\/wp-content\/uploads\/sites\/87\/2023\/08\/cropped-K-icon.png\" alt=\"\" style=\"width: 50px\"><\/td><td>Les t\u00e9l\u00e9phones portables doivent \u00eatre utilis\u00e9s en mode silencieux et sans haut-parleur.<\/td><\/tr><tr><td><img decoding=\"async\" style=\"width: 50px\" src=\"https:\/\/seal.transport-manager.net\/antonin\/wp-content\/uploads\/sites\/87\/2023\/08\/cropped-K-icon.png\" alt=\"\"><\/td><td>La consommation d&rsquo;aliments susceptibles d&rsquo;entra\u00eener des salissures ou de g\u00eaner <br>les autres voyageurs est interdite. Les liquides doivent \u00eatre transport\u00e9s dans des <br>r\u00e9cipients ferm\u00e9s.<\/td><\/tr><tr><td><img decoding=\"async\" style=\"width: 50px\" src=\"https:\/\/seal.transport-manager.net\/antonin\/wp-content\/uploads\/sites\/87\/2023\/08\/cropped-K-icon.png\" alt=\"\"><\/td><td>Il est interdit de fumer ou de vapoter \u00e0 l&rsquo;int\u00e9rieur du bus.<\/td><\/tr><tr><td><img decoding=\"async\" style=\"width: 50px\" src=\"https:\/\/seal.transport-manager.net\/antonin\/wp-content\/uploads\/sites\/87\/2023\/08\/cropped-K-icon.png\" alt=\"\"><\/td><td>Les poussettes doivent \u00eatre positionn\u00e9es sur les emplacements UFR d\u00e9di\u00e9s <br>(maintenues et bloqu\u00e9es par leurs propri\u00e9taires).<\/td><\/tr><tr><td><img decoding=\"async\" style=\"width: 50px\" src=\"https:\/\/seal.transport-manager.net\/antonin\/wp-content\/uploads\/sites\/87\/2023\/08\/cropped-K-icon.png\" alt=\"\"><\/td><td>En p\u00e9riode d&rsquo;affluence, les poussettes et landaus devront \u00eatre pli\u00e9s.<\/td><\/tr><tr><td><img decoding=\"async\" style=\"width: 50px\" src=\"https:\/\/seal.transport-manager.net\/antonin\/wp-content\/uploads\/sites\/87\/2023\/08\/cropped-K-icon.png\" alt=\"\"><\/td><td>En cas de pr\u00e9sence d&rsquo;un utilisateur de fauteuil roulant (UFR) \u00e0 bord du bus, <br>la priorit\u00e9 sera donn\u00e9e \u00e0 cette derni\u00e8re pour occuper l&#8217;emplacement UFR d\u00e9di\u00e9.<\/td><\/tr><\/tbody><\/table><\/figure>\n\n\n\n<p class=\"has-large-font-size\"><br><strong>\u00c0 la fin de votre trajet&#8230;<\/strong><\/p>\n\n\n\n<figure class=\"wp-block-table is-style-stripes\"><table><tbody><tr><td><img decoding=\"async\" src=\"https:\/\/seal.transport-manager.net\/antonin\/wp-content\/uploads\/sites\/87\/2023\/08\/cropped-K-icon.png\" alt=\"\" style=\"width: 50px\"><\/td><td>Signalez votre arr\u00eat de descente au conducteur en appuyant sur un bouton <br>\u00ab\u00a0Arr\u00eat demand\u00e9\u00a0\u00bb, puis dirigez vous vers la porte arri\u00e8re du bus.<\/td><\/tr><tr><td><img decoding=\"async\" style=\"width: 50px\" src=\"https:\/\/seal.transport-manager.net\/antonin\/wp-content\/uploads\/sites\/87\/2023\/08\/cropped-K-icon.png\" alt=\"\"><\/td><td>Lorsque le bus arrive au terminus de la ligne, tous les voyageurs sont invit\u00e9s \u00e0 descendre.<\/td><\/tr><\/tbody><\/table><\/figure>\n\n\n\n<p class=\"has-small-font-size\"><br><br>L&rsquo;int\u00e9gralit\u00e9 du r\u00e8glement d&rsquo;exploitation et d&rsquo;utilisation du r\u00e9seau Koalabus est disponible en <a href=\"https:\/\/seal.transport-manager.net\/antonin\/agences-commerciales\/\" data-type=\"page\" data-id=\"25\">agence commerciale<\/a>, et sera bient\u00f4t disponible sur le site web.<\/p>\n","protected":false},"excerpt":{"rendered":"<p>La M\u00e9tropole et Koalabus mettent tout en oeuvre pour faciliter votre voyage. Cependant, pour permettre \u00e0 tous de voyager dans de bonnes condition, merci de bien respecter ces quelques r\u00e8gles de civisme \u00e0 chaque \u00e9tape de votre trajet. En attendant le bus&#8230; Les arr\u00eats ne sont pas syst\u00e9matiques, faites signe [&hellip;]<\/p>\n","protected":false},"author":87,"featured_media":0,"parent":0,"menu_order":0,"comment_status":"closed","ping_status":"closed","template":"","meta":{"footnotes":""},"class_list":["post-191","page","type-page","status-publish","hentry"],"_links":{"self":[{"href":"https:\/\/seal.transport-manager.net\/antonin\/wp-json\/wp\/v2\/pages\/191","targetHints":{"allow":["GET"]}}],"collection":[{"href":"https:\/\/seal.transport-manager.net\/antonin\/wp-json\/wp\/v2\/pages"}],"about":[{"href":"https:\/\/seal.transport-manager.net\/antonin\/wp-json\/wp\/v2\/types\/page"}],"author":[{"embeddable":true,"href":"https:\/\/seal.transport-manager.net\/antonin\/wp-json\/wp\/v2\/users\/87"}],"replies":[{"embeddable":true,"href":"https:\/\/seal.transport-manager.net\/antonin\/wp-json\/wp\/v2\/comments?post=191"}],"version-history":[{"count":6,"href":"https:\/\/seal.transport-manager.net\/antonin\/wp-json\/wp\/v2\/pages\/191\/revisions"}],"predecessor-version":[{"id":713,"href":"https:\/\/seal.transport-manager.net\/antonin\/wp-json\/wp\/v2\/pages\/191\/revisions\/713"}],"wp:attachment":[{"href":"https:\/\/seal.transport-manager.net\/antonin\/wp-json\/wp\/v2\/media?parent=191"}],"curies":[{"name":"wp","href":"https:\/\/api.w.org\/{rel}","templated":true}]}}