{"id":2,"date":"2021-08-26T19:44:36","date_gmt":"2021-08-26T17:44:36","guid":{"rendered":"https:\/\/seal.transport-manager.net\/antonin\/?page_id=2"},"modified":"2024-11-26T16:10:56","modified_gmt":"2024-11-26T15:10:56","slug":"page-d-exemple","status":"publish","type":"page","link":"https:\/\/seal.transport-manager.net\/antonin\/","title":{"rendered":"Koalabus"},"content":{"rendered":"\n<div class=\"wp-block-columns is-layout-flex wp-container-core-columns-is-layout-28f84493 wp-block-columns-is-layout-flex\">\n<div class=\"wp-block-column is-layout-flow wp-block-column-is-layout-flow\" style=\"flex-basis:24%\">\n<figure class=\"wp-block-image size-full\"><a href=\"https:\/\/seal.transport-manager.net\/antonin\/le-reseau\/\"><img loading=\"lazy\" decoding=\"async\" width=\"219\" height=\"122\" src=\"https:\/\/seal.transport-manager.net\/antonin\/wp-content\/uploads\/sites\/87\/2024\/09\/Bout-Reseau.png\" alt=\"\" class=\"wp-image-563\" \/><\/a><\/figure>\n<\/div>\n\n\n\n<div class=\"wp-block-column is-layout-flow wp-block-column-is-layout-flow\" style=\"flex-basis:24%\">\n<figure class=\"wp-block-image size-full\"><a href=\"https:\/\/seal.transport-manager.net\/antonin\/plans-du-reseau\/\"><img loading=\"lazy\" decoding=\"async\" width=\"219\" height=\"122\" src=\"https:\/\/seal.transport-manager.net\/antonin\/wp-content\/uploads\/sites\/87\/2024\/09\/Bout-Plans-1.png\" alt=\"\" class=\"wp-image-566\" \/><\/a><\/figure>\n<\/div>\n\n\n\n<div class=\"wp-block-column is-layout-flow wp-block-column-is-layout-flow\" style=\"flex-basis:24%\">\n<figure class=\"wp-block-image size-full\"><a href=\"https:\/\/seal.transport-manager.net\/antonin\/titres-tarifs\/\"><img loading=\"lazy\" decoding=\"async\" width=\"219\" height=\"122\" src=\"https:\/\/seal.transport-manager.net\/antonin\/wp-content\/uploads\/sites\/87\/2024\/09\/Bout-Tarif-1.png\" alt=\"\" class=\"wp-image-567\" style=\"object-fit:cover\" \/><\/a><\/figure>\n<\/div>\n\n\n\n<div class=\"wp-block-column is-vertically-aligned-center is-layout-flow wp-block-column-is-layout-flow\" style=\"flex-basis:24%\">\n<figure class=\"wp-block-image size-full\"><a href=\"https:\/\/seal.transport-manager.net\/antonin\/agences-commerciales\/\"><img loading=\"lazy\" decoding=\"async\" width=\"220\" height=\"66\" src=\"https:\/\/seal.transport-manager.net\/antonin\/wp-content\/uploads\/sites\/87\/2024\/09\/Bout-Agence.png\" alt=\"\" class=\"wp-image-572\" \/><\/a><\/figure>\n\n\n\n<figure class=\"wp-block-image size-full\"><a href=\"https:\/\/seal.transport-manager.net\/antonin\/transport-a-la-demande\/\"><img loading=\"lazy\" decoding=\"async\" width=\"220\" height=\"61\" src=\"https:\/\/seal.transport-manager.net\/antonin\/wp-content\/uploads\/sites\/87\/2024\/09\/Bout-TAD.png\" alt=\"\" class=\"wp-image-564\" \/><\/a><\/figure>\n\n\n\n<hr class=\"wp-block-separator has-text-color has-white-color has-alpha-channel-opacity has-white-background-color has-background\" \/>\n<\/div>\n<\/div>\n\n\n\n<p class=\"has-text-align-center\">Koalabus est une entreprise fictive sur le jeu Transport Manager. <br>Elle op\u00e8re pour le compte de l\u2019Autorit\u00e9 Organisatrice des Mobilit\u00e9s de la M\u00e9tropole <br>Mont Ludorgue, C\u00f4te, Fleuve et \u00c9tangs.<\/p>\n\n\n\n<p><\/p>\n","protected":false},"excerpt":{"rendered":"<p>Koalabus est une entreprise fictive sur le jeu Transport Manager. Elle op\u00e8re pour le compte de l\u2019Autorit\u00e9 Organisatrice des Mobilit\u00e9s de la M\u00e9tropole Mont Ludorgue, C\u00f4te, Fleuve et \u00c9tangs.<\/p>\n","protected":false},"author":87,"featured_media":0,"parent":0,"menu_order":0,"comment_status":"closed","ping_status":"open","template":"","meta":{"footnotes":""},"class_list":["post-2","page","type-page","status-publish","hentry"],"_links":{"self":[{"href":"https:\/\/seal.transport-manager.net\/antonin\/wp-json\/wp\/v2\/pages\/2","targetHints":{"allow":["GET"]}}],"collection":[{"href":"https:\/\/seal.transport-manager.net\/antonin\/wp-json\/wp\/v2\/pages"}],"about":[{"href":"https:\/\/seal.transport-manager.net\/antonin\/wp-json\/wp\/v2\/types\/page"}],"author":[{"embeddable":true,"href":"https:\/\/seal.transport-manager.net\/antonin\/wp-json\/wp\/v2\/users\/87"}],"replies":[{"embeddable":true,"href":"https:\/\/seal.transport-manager.net\/antonin\/wp-json\/wp\/v2\/comments?post=2"}],"version-history":[{"count":25,"href":"https:\/\/seal.transport-manager.net\/antonin\/wp-json\/wp\/v2\/pages\/2\/revisions"}],"predecessor-version":[{"id":1096,"href":"https:\/\/seal.transport-manager.net\/antonin\/wp-json\/wp\/v2\/pages\/2\/revisions\/1096"}],"wp:attachment":[{"href":"https:\/\/seal.transport-manager.net\/antonin\/wp-json\/wp\/v2\/media?parent=2"}],"curies":[{"name":"wp","href":"https:\/\/api.w.org\/{rel}","templated":true}]}}