{"id":23,"date":"2023-08-23T13:29:58","date_gmt":"2023-08-23T11:29:58","guid":{"rendered":"https:\/\/seal.transport-manager.net\/antonin\/?page_id=23"},"modified":"2025-10-25T17:26:03","modified_gmt":"2025-10-25T15:26:03","slug":"plans-du-reseau","status":"publish","type":"page","link":"https:\/\/seal.transport-manager.net\/antonin\/plans-du-reseau\/","title":{"rendered":"Plans du r\u00e9seau"},"content":{"rendered":"\n<p class=\"has-text-align-center has-white-color has-header-gradient-background-color has-text-color has-background has-link-color has-medium-font-size wp-elements-a1f99410445a9752a1ecb08ada4767d6\"><strong>Plan du r\u00e9seau urbain :<\/strong><\/p>\n\n\n\n<div data-wp-interactive=\"core\/file\" class=\"wp-block-file alignwide\"><object data-wp-bind--hidden=\"!state.hasPdfPreview\" hidden class=\"wp-block-file__embed\" data=\"https:\/\/seal.transport-manager.net\/antonin\/wp-content\/uploads\/sites\/87\/2025\/10\/N5_PlanUrb_V3.pdf\" type=\"application\/pdf\" style=\"width:100%;height:600px\" aria-label=\"Contenu embarqu\u00e9 N5_PlanUrb_V3.\"><\/object><a id=\"wp-block-file--media-bc1f4b8d-040b-44c7-80de-637df459c4a1\" href=\"https:\/\/seal.transport-manager.net\/antonin\/wp-content\/uploads\/sites\/87\/2025\/10\/N5_PlanUrb_V3.pdf\">N5_PlanUrb_V3<\/a><a href=\"https:\/\/seal.transport-manager.net\/antonin\/wp-content\/uploads\/sites\/87\/2025\/10\/N5_PlanUrb_V3.pdf\" class=\"wp-block-file__button wp-element-button\" download aria-describedby=\"wp-block-file--media-bc1f4b8d-040b-44c7-80de-637df459c4a1\">T\u00e9l\u00e9charger<\/a><\/div>\n\n\n\n<p class=\"has-text-align-center has-white-color has-header-gradient-background-color has-text-color has-background has-link-color has-medium-font-size wp-elements-2b9e7d455449fef92bb1034194c440f6\"><strong>Plan du r\u00e9seau suburbain et interurbain :<\/strong><\/p>\n\n\n\n<div data-wp-interactive=\"core\/file\" class=\"wp-block-file alignwide\"><object data-wp-bind--hidden=\"!state.hasPdfPreview\" hidden class=\"wp-block-file__embed\" data=\"https:\/\/seal.transport-manager.net\/antonin\/wp-content\/uploads\/sites\/87\/2025\/10\/N5_PlanMetro_V1.pdf\" type=\"application\/pdf\" style=\"width:100%;height:600px\" aria-label=\"Contenu embarqu\u00e9 N5_PlanMetro_V1.\"><\/object><a id=\"wp-block-file--media-3916cabf-5d17-4b63-8478-03957f4565a2\" href=\"https:\/\/seal.transport-manager.net\/antonin\/wp-content\/uploads\/sites\/87\/2025\/10\/N5_PlanMetro_V1.pdf\">N5_PlanMetro_V1<\/a><a href=\"https:\/\/seal.transport-manager.net\/antonin\/wp-content\/uploads\/sites\/87\/2025\/10\/N5_PlanMetro_V1.pdf\" class=\"wp-block-file__button wp-element-button\" download aria-describedby=\"wp-block-file--media-3916cabf-5d17-4b63-8478-03957f4565a2\">T\u00e9l\u00e9charger<\/a><\/div>\n\n\n\n<p class=\"has-text-align-center has-white-color has-header-gradient-background-color has-text-color has-background has-link-color has-medium-font-size wp-elements-26c28c782fdcd94a72a56e2113032958\"><strong>Plan du r\u00e9seau nocturne :<\/strong><\/p>\n\n\n\n<div data-wp-interactive=\"core\/file\" class=\"wp-block-file alignwide\"><object data-wp-bind--hidden=\"!state.hasPdfPreview\" hidden class=\"wp-block-file__embed\" data=\"https:\/\/seal.transport-manager.net\/antonin\/wp-content\/uploads\/sites\/87\/2025\/10\/N5_PlanNoc_V1.pdf\" type=\"application\/pdf\" style=\"width:100%;height:600px\" aria-label=\"Contenu embarqu\u00e9 N5_PlanNoc_V1.\"><\/object><a id=\"wp-block-file--media-69567867-1531-4793-af5c-ee92dd111f55\" href=\"https:\/\/seal.transport-manager.net\/antonin\/wp-content\/uploads\/sites\/87\/2025\/10\/N5_PlanNoc_V1.pdf\">N5_PlanNoc_V1<\/a><a href=\"https:\/\/seal.transport-manager.net\/antonin\/wp-content\/uploads\/sites\/87\/2025\/10\/N5_PlanNoc_V1.pdf\" class=\"wp-block-file__button wp-element-button\" download aria-describedby=\"wp-block-file--media-69567867-1531-4793-af5c-ee92dd111f55\">T\u00e9l\u00e9charger<\/a><\/div>\n\n\n\n<p class=\"has-text-align-center has-small-font-size\"><sub>Les plans ont \u00e9t\u00e9 r\u00e9alis\u00e9s pour Koalabus et les droits reviennent aux cr\u00e9ateurs du jeu Transport Manager.<\/sub><\/p>\n\n\n\n<p><\/p>\n","protected":false},"excerpt":{"rendered":"<p>Plan du r\u00e9seau urbain : Plan du r\u00e9seau suburbain et interurbain : Plan du r\u00e9seau nocturne : Les plans ont \u00e9t\u00e9 r\u00e9alis\u00e9s pour Koalabus et les droits reviennent aux cr\u00e9ateurs du jeu Transport Manager.<\/p>\n","protected":false},"author":87,"featured_media":0,"parent":0,"menu_order":0,"comment_status":"closed","ping_status":"closed","template":"","meta":{"footnotes":""},"class_list":["post-23","page","type-page","status-publish","hentry"],"_links":{"self":[{"href":"https:\/\/seal.transport-manager.net\/antonin\/wp-json\/wp\/v2\/pages\/23","targetHints":{"allow":["GET"]}}],"collection":[{"href":"https:\/\/seal.transport-manager.net\/antonin\/wp-json\/wp\/v2\/pages"}],"about":[{"href":"https:\/\/seal.transport-manager.net\/antonin\/wp-json\/wp\/v2\/types\/page"}],"author":[{"embeddable":true,"href":"https:\/\/seal.transport-manager.net\/antonin\/wp-json\/wp\/v2\/users\/87"}],"replies":[{"embeddable":true,"href":"https:\/\/seal.transport-manager.net\/antonin\/wp-json\/wp\/v2\/comments?post=23"}],"version-history":[{"count":25,"href":"https:\/\/seal.transport-manager.net\/antonin\/wp-json\/wp\/v2\/pages\/23\/revisions"}],"predecessor-version":[{"id":1696,"href":"https:\/\/seal.transport-manager.net\/antonin\/wp-json\/wp\/v2\/pages\/23\/revisions\/1696"}],"wp:attachment":[{"href":"https:\/\/seal.transport-manager.net\/antonin\/wp-json\/wp\/v2\/media?parent=23"}],"curies":[{"name":"wp","href":"https:\/\/api.w.org\/{rel}","templated":true}]}}