{"id":395,"date":"2024-09-15T12:10:13","date_gmt":"2024-09-15T10:10:13","guid":{"rendered":"https:\/\/seal.transport-manager.net\/antonin\/?page_id=395"},"modified":"2025-11-30T14:45:19","modified_gmt":"2025-11-30T13:45:19","slug":"qui-sommes-nous","status":"publish","type":"page","link":"https:\/\/seal.transport-manager.net\/antonin\/qui-sommes-nous\/","title":{"rendered":"Qui sommes-nous ?"},"content":{"rendered":"\n<div class=\"wp-block-columns is-layout-flex wp-container-core-columns-is-layout-28f84493 wp-block-columns-is-layout-flex\">\n<div class=\"wp-block-column is-layout-flow wp-block-column-is-layout-flow\" style=\"flex-basis:340px\">\n<figure class=\"wp-block-image size-large is-resized\"><img loading=\"lazy\" decoding=\"async\" width=\"1024\" height=\"261\" src=\"https:\/\/seal.transport-manager.net\/antonin\/wp-content\/uploads\/sites\/87\/2023\/08\/koalabus-1024x261.png\" alt=\"\" class=\"wp-image-14\" style=\"width:333px;height:auto\" srcset=\"https:\/\/seal.transport-manager.net\/antonin\/wp-content\/uploads\/sites\/87\/2023\/08\/koalabus-1024x261.png 1024w, https:\/\/seal.transport-manager.net\/antonin\/wp-content\/uploads\/sites\/87\/2023\/08\/koalabus-300x76.png 300w, https:\/\/seal.transport-manager.net\/antonin\/wp-content\/uploads\/sites\/87\/2023\/08\/koalabus-768x196.png 768w, https:\/\/seal.transport-manager.net\/antonin\/wp-content\/uploads\/sites\/87\/2023\/08\/koalabus.png 1240w\" sizes=\"auto, (max-width: 1024px) 100vw, 1024px\" \/><\/figure>\n<\/div>\n\n\n\n<div class=\"wp-block-column is-layout-flow wp-block-column-is-layout-flow\">\n<p>Koalabus est pr\u00e9sent dans la M\u00e9tropole Mont Ludorgue, C\u00f4te, Fleuve et \u00c9tangs depuis le 16 octobre 2020, apr\u00e8s avoir remport\u00e9 l&rsquo;appel d&rsquo;offres d&rsquo;exploitation du premier r\u00e9seau de transport en commun m\u00e9tropolitain.<\/p>\n<\/div>\n<\/div>\n\n\n\n<p>Face \u00e0 l&rsquo;engouement des habitants et des voyageurs, le r\u00e9seau n&rsquo;a cess\u00e9 de s&rsquo;\u00e9tendre depuis. Il comporte d\u00e9sormais 1 ligne de tramway, 17 lignes principales dont 3 lignes \u00ab&nbsp;\u00e0 haut niveau de service&nbsp;\u00bb, 6 lignes secondaires, 3 lignes nocturnes, 4 transports \u00e0 la demande urbains, 7 lignes suburbaines, 3 lignes suburbaines \u00e0 vocation scolaire, 7 lignes interurbaines, 3 lignes interurbaines \u00e0 vocation scolaire et 1 transport \u00e0 la demande interurbain, sans compter les lignes sp\u00e9ciales mises en place \u00e0 la demande de l&rsquo;Autorit\u00e9 Organisatrice.<\/p>\n\n\n\n<div class=\"wp-block-columns is-layout-flex wp-container-core-columns-is-layout-28f84493 wp-block-columns-is-layout-flex\">\n<div class=\"wp-block-column is-layout-flow wp-block-column-is-layout-flow\" style=\"flex-basis:78%\">\n<p>Le r\u00e9seau a \u00e9t\u00e9 nomm\u00e9 Koalabus en raison des nombreux eucalyptus plant\u00e9s dans le Parc de l&rsquo;\u00c9tang. Cet arbre import\u00e9 d&rsquo;Australie en Europe par James Cook est l&rsquo;habitat principal des koalas, duquel ils ne descendent que tr\u00e8s rarement de leurs branches. De plus, le caract\u00e8re flegmatique du koala para\u00eet s&rsquo;adapter \u00e0 une entreprise de transport : le calme n\u00e9cessaire \u00e0 la gestion du r\u00e9seau ne peut lui apporter que de la robustesse. Ce caract\u00e8re est devenu une valeur profonde de l&rsquo;entreprise. Les collaborateurs de Koalabus sont form\u00e9s dans cet esprit de r\u00e9serve et de self-control.<\/p>\n<\/div>\n\n\n\n<div class=\"wp-block-column is-layout-flow wp-block-column-is-layout-flow\" style=\"flex-basis:22%\">\n<figure class=\"wp-block-image size-large is-resized wp-duotone-rgb22211853-rgba2042042040-1\"><img loading=\"lazy\" decoding=\"async\" width=\"683\" height=\"1024\" src=\"https:\/\/seal.transport-manager.net\/antonin\/wp-content\/uploads\/sites\/87\/2024\/09\/Koala-Eucalyptus-683x1024.jpeg\" alt=\"\" class=\"wp-image-440\" style=\"width:179px;height:auto\" srcset=\"https:\/\/seal.transport-manager.net\/antonin\/wp-content\/uploads\/sites\/87\/2024\/09\/Koala-Eucalyptus-683x1024.jpeg 683w, https:\/\/seal.transport-manager.net\/antonin\/wp-content\/uploads\/sites\/87\/2024\/09\/Koala-Eucalyptus-200x300.jpeg 200w, https:\/\/seal.transport-manager.net\/antonin\/wp-content\/uploads\/sites\/87\/2024\/09\/Koala-Eucalyptus-768x1152.jpeg 768w, https:\/\/seal.transport-manager.net\/antonin\/wp-content\/uploads\/sites\/87\/2024\/09\/Koala-Eucalyptus-1024x1536.jpeg 1024w, https:\/\/seal.transport-manager.net\/antonin\/wp-content\/uploads\/sites\/87\/2024\/09\/Koala-Eucalyptus-1366x2048.jpeg 1366w, https:\/\/seal.transport-manager.net\/antonin\/wp-content\/uploads\/sites\/87\/2024\/09\/Koala-Eucalyptus-scaled.jpeg 1707w\" sizes=\"auto, (max-width: 683px) 100vw, 683px\" \/><figcaption class=\"wp-element-caption\"><sup>image T. Oliveira CC0<\/sup><\/figcaption><\/figure>\n<\/div>\n<\/div>\n\n\n\n<hr class=\"wp-block-separator has-alpha-channel-opacity is-style-wide\" \/>\n\n\n\n<h2 class=\"wp-block-heading\">Historique du r\u00e9seau<\/h2>\n\n\n\n<div class=\"wp-block-columns is-layout-flex wp-container-core-columns-is-layout-28f84493 wp-block-columns-is-layout-flex\">\n<div class=\"wp-block-column is-layout-flow wp-block-column-is-layout-flow\" style=\"flex-basis:33.33%\">\n<figure class=\"wp-block-image size-large\"><img loading=\"lazy\" decoding=\"async\" width=\"1024\" height=\"661\" src=\"https:\/\/seal.transport-manager.net\/antonin\/wp-content\/uploads\/sites\/87\/2024\/09\/Plan_N1_no_background_blanc-1024x661.png\" alt=\"\" class=\"wp-image-434\" srcset=\"https:\/\/seal.transport-manager.net\/antonin\/wp-content\/uploads\/sites\/87\/2024\/09\/Plan_N1_no_background_blanc-1024x661.png 1024w, https:\/\/seal.transport-manager.net\/antonin\/wp-content\/uploads\/sites\/87\/2024\/09\/Plan_N1_no_background_blanc-300x194.png 300w, https:\/\/seal.transport-manager.net\/antonin\/wp-content\/uploads\/sites\/87\/2024\/09\/Plan_N1_no_background_blanc-768x496.png 768w, https:\/\/seal.transport-manager.net\/antonin\/wp-content\/uploads\/sites\/87\/2024\/09\/Plan_N1_no_background_blanc-1536x991.png 1536w, https:\/\/seal.transport-manager.net\/antonin\/wp-content\/uploads\/sites\/87\/2024\/09\/Plan_N1_no_background_blanc-2048x1321.png 2048w\" sizes=\"auto, (max-width: 1024px) 100vw, 1024px\" \/><\/figure>\n<\/div>\n\n\n\n<div class=\"wp-block-column is-layout-flow wp-block-column-is-layout-flow\" style=\"flex-basis:66.66%\">\n<p><strong>16\/10\/2020 : premier r\u00e9seau<\/strong><br>Compos\u00e9 des lignes <img loading=\"lazy\" decoding=\"async\" width=\"97\" height=\"97\" class=\"wp-image-146\" style=\"width: 20px\" src=\"https:\/\/seal.transport-manager.net\/antonin\/wp-content\/uploads\/sites\/87\/2024\/09\/L1.png\" alt=\"\"><img loading=\"lazy\" decoding=\"async\" width=\"97\" height=\"97\" class=\"wp-image-149\" style=\"width: 20px\" src=\"https:\/\/seal.transport-manager.net\/antonin\/wp-content\/uploads\/sites\/87\/2024\/09\/L2.png\" alt=\"\"><img loading=\"lazy\" decoding=\"async\" width=\"97\" height=\"97\" class=\"wp-image-148\" style=\"width: 20px\" src=\"https:\/\/seal.transport-manager.net\/antonin\/wp-content\/uploads\/sites\/87\/2024\/09\/L3.png\" alt=\"\"><img loading=\"lazy\" decoding=\"async\" width=\"97\" height=\"97\" class=\"wp-image-162\" style=\"width: 20px\" src=\"https:\/\/seal.transport-manager.net\/antonin\/wp-content\/uploads\/sites\/87\/2024\/09\/L4.png\" alt=\"\"> en \u00e9toile autour de la Gare centrale et d&rsquo;une ligne exceptionnelle 804 pour desservir le Parc de l&rsquo;\u00c9tang.<\/p>\n<\/div>\n<\/div>\n\n\n\n<div class=\"wp-block-columns is-layout-flex wp-container-core-columns-is-layout-28f84493 wp-block-columns-is-layout-flex\">\n<div class=\"wp-block-column is-layout-flow wp-block-column-is-layout-flow\" style=\"flex-basis:33.33%\">\n<figure class=\"wp-block-image size-large\"><img loading=\"lazy\" decoding=\"async\" width=\"1024\" height=\"661\" src=\"https:\/\/seal.transport-manager.net\/antonin\/wp-content\/uploads\/sites\/87\/2024\/09\/Plan_N2_no_background_blanc-1024x661.png\" alt=\"\" class=\"wp-image-433\" srcset=\"https:\/\/seal.transport-manager.net\/antonin\/wp-content\/uploads\/sites\/87\/2024\/09\/Plan_N2_no_background_blanc-1024x661.png 1024w, https:\/\/seal.transport-manager.net\/antonin\/wp-content\/uploads\/sites\/87\/2024\/09\/Plan_N2_no_background_blanc-300x194.png 300w, https:\/\/seal.transport-manager.net\/antonin\/wp-content\/uploads\/sites\/87\/2024\/09\/Plan_N2_no_background_blanc-768x496.png 768w, https:\/\/seal.transport-manager.net\/antonin\/wp-content\/uploads\/sites\/87\/2024\/09\/Plan_N2_no_background_blanc-1536x991.png 1536w, https:\/\/seal.transport-manager.net\/antonin\/wp-content\/uploads\/sites\/87\/2024\/09\/Plan_N2_no_background_blanc-2048x1321.png 2048w\" sizes=\"auto, (max-width: 1024px) 100vw, 1024px\" \/><\/figure>\n<\/div>\n\n\n\n<div class=\"wp-block-column is-layout-flow wp-block-column-is-layout-flow\" style=\"flex-basis:66.66%\">\n<p><strong>08\/05\/2021 : premi\u00e8re extension<\/strong><br>Ajout de la ligne radiale <img loading=\"lazy\" decoding=\"async\" width=\"97\" height=\"97\" class=\"wp-image-161\" style=\"width: 20px\" src=\"https:\/\/seal.transport-manager.net\/antonin\/wp-content\/uploads\/sites\/87\/2024\/09\/L5.png\" alt=\"\"> et de deux lignes transversales <img loading=\"lazy\" decoding=\"async\" width=\"97\" height=\"97\" class=\"wp-image-160\" style=\"width: 20px\" src=\"https:\/\/seal.transport-manager.net\/antonin\/wp-content\/uploads\/sites\/87\/2024\/09\/L6.png\" alt=\"\"> et <img loading=\"lazy\" decoding=\"async\" width=\"97\" height=\"97\" class=\"wp-image-159\" style=\"width: 20px\" src=\"https:\/\/seal.transport-manager.net\/antonin\/wp-content\/uploads\/sites\/87\/2024\/09\/L7.png\" alt=\"\"> au d\u00e9part du nouveau terminus install\u00e9 au Grand Palais.<br>Augmentation significative de l&rsquo;offre sur les lignes pr\u00e9existantes et ouverture des premi\u00e8res <a href=\"https:\/\/seal.transport-manager.net\/antonin\/agences-commerciales\/\" data-type=\"page\" data-id=\"25\">agences commerciales<\/a>.<\/p>\n<\/div>\n<\/div>\n\n\n\n<div class=\"wp-block-columns is-layout-flex wp-container-core-columns-is-layout-28f84493 wp-block-columns-is-layout-flex\">\n<div class=\"wp-block-column is-layout-flow wp-block-column-is-layout-flow\" style=\"flex-basis:33.33%\">\n<figure class=\"wp-block-image size-large\"><img loading=\"lazy\" decoding=\"async\" width=\"1024\" height=\"661\" src=\"https:\/\/seal.transport-manager.net\/antonin\/wp-content\/uploads\/sites\/87\/2024\/09\/Plan_N3_no_background_blanc-1024x661.png\" alt=\"\" class=\"wp-image-432\" srcset=\"https:\/\/seal.transport-manager.net\/antonin\/wp-content\/uploads\/sites\/87\/2024\/09\/Plan_N3_no_background_blanc-1024x661.png 1024w, https:\/\/seal.transport-manager.net\/antonin\/wp-content\/uploads\/sites\/87\/2024\/09\/Plan_N3_no_background_blanc-300x194.png 300w, https:\/\/seal.transport-manager.net\/antonin\/wp-content\/uploads\/sites\/87\/2024\/09\/Plan_N3_no_background_blanc-768x496.png 768w, https:\/\/seal.transport-manager.net\/antonin\/wp-content\/uploads\/sites\/87\/2024\/09\/Plan_N3_no_background_blanc-1536x991.png 1536w, https:\/\/seal.transport-manager.net\/antonin\/wp-content\/uploads\/sites\/87\/2024\/09\/Plan_N3_no_background_blanc-2048x1321.png 2048w\" sizes=\"auto, (max-width: 1024px) 100vw, 1024px\" \/><\/figure>\n<\/div>\n\n\n\n<div class=\"wp-block-column is-layout-flow wp-block-column-is-layout-flow\" style=\"flex-basis:66.66%\">\n<p><strong>25\/02\/2022 : deuxi\u00e8me extension<\/strong><br>Nouvelles lignes radiales <img loading=\"lazy\" decoding=\"async\" width=\"97\" height=\"97\" class=\"wp-image-158\" style=\"width: 20px\" src=\"https:\/\/seal.transport-manager.net\/antonin\/wp-content\/uploads\/sites\/87\/2024\/09\/L8.png\" alt=\"\"><img loading=\"lazy\" decoding=\"async\" width=\"97\" height=\"97\" class=\"wp-image-157\" style=\"width: 20px\" src=\"https:\/\/seal.transport-manager.net\/antonin\/wp-content\/uploads\/sites\/87\/2024\/09\/L9.png\" alt=\"\"><img loading=\"lazy\" decoding=\"async\" width=\"97\" height=\"97\" class=\"wp-image-156\" style=\"width: 20px\" src=\"https:\/\/seal.transport-manager.net\/antonin\/wp-content\/uploads\/sites\/87\/2024\/09\/L10.png\" alt=\"\"><img loading=\"lazy\" decoding=\"async\" width=\"97\" height=\"97\" class=\"wp-image-155\" style=\"width: 20px\" src=\"https:\/\/seal.transport-manager.net\/antonin\/wp-content\/uploads\/sites\/87\/2024\/09\/L11.png\" alt=\"\">, nouvelle ligne transversale <img loading=\"lazy\" decoding=\"async\" width=\"97\" height=\"97\" class=\"wp-image-154\" style=\"width: 20px\" src=\"https:\/\/seal.transport-manager.net\/antonin\/wp-content\/uploads\/sites\/87\/2024\/09\/L12.png\" alt=\"\">, nouvelles lignes secondaires <img loading=\"lazy\" decoding=\"async\" width=\"97\" height=\"97\" class=\"wp-image-170\" style=\"width: 20px\" src=\"https:\/\/seal.transport-manager.net\/antonin\/wp-content\/uploads\/sites\/87\/2024\/09\/L60.png\" alt=\"\"><img loading=\"lazy\" decoding=\"async\" width=\"97\" height=\"97\" class=\"wp-image-169\" style=\"width: 20px\" src=\"https:\/\/seal.transport-manager.net\/antonin\/wp-content\/uploads\/sites\/87\/2024\/09\/L61.png\" alt=\"\">.<br>Nouveau service de <a href=\"https:\/\/seal.transport-manager.net\/antonin\/transport-a-la-demande\/\" data-type=\"page\" data-id=\"43\">transport \u00e0 la demande<\/a> pour desservir la Cit\u00e9 Bellevue (<img loading=\"lazy\" decoding=\"async\" width=\"97\" height=\"97\" class=\"wp-image-172\" style=\"width: 20px\" src=\"https:\/\/seal.transport-manager.net\/antonin\/wp-content\/uploads\/sites\/87\/2024\/09\/L901.png\" alt=\"\">) et la Cit\u00e9 de l&rsquo;Observatoire (<img loading=\"lazy\" decoding=\"async\" width=\"97\" height=\"97\" class=\"wp-image-171\" style=\"width: 20px\" src=\"https:\/\/seal.transport-manager.net\/antonin\/wp-content\/uploads\/sites\/87\/2024\/09\/L902.png\" alt=\"\">).<\/p>\n<\/div>\n<\/div>\n\n\n\n<div class=\"wp-block-columns is-layout-flex wp-container-core-columns-is-layout-28f84493 wp-block-columns-is-layout-flex\">\n<div class=\"wp-block-column is-layout-flow wp-block-column-is-layout-flow\" style=\"flex-basis:33.33%\">\n<figure class=\"wp-block-image size-large\"><img loading=\"lazy\" decoding=\"async\" width=\"1024\" height=\"661\" src=\"https:\/\/seal.transport-manager.net\/antonin\/wp-content\/uploads\/sites\/87\/2024\/09\/Plan_N4_no_background_blanc-1024x661.png\" alt=\"\" class=\"wp-image-431\" srcset=\"https:\/\/seal.transport-manager.net\/antonin\/wp-content\/uploads\/sites\/87\/2024\/09\/Plan_N4_no_background_blanc-1024x661.png 1024w, https:\/\/seal.transport-manager.net\/antonin\/wp-content\/uploads\/sites\/87\/2024\/09\/Plan_N4_no_background_blanc-300x194.png 300w, https:\/\/seal.transport-manager.net\/antonin\/wp-content\/uploads\/sites\/87\/2024\/09\/Plan_N4_no_background_blanc-768x496.png 768w, https:\/\/seal.transport-manager.net\/antonin\/wp-content\/uploads\/sites\/87\/2024\/09\/Plan_N4_no_background_blanc-1536x991.png 1536w, https:\/\/seal.transport-manager.net\/antonin\/wp-content\/uploads\/sites\/87\/2024\/09\/Plan_N4_no_background_blanc-2048x1321.png 2048w\" sizes=\"auto, (max-width: 1024px) 100vw, 1024px\" \/><\/figure>\n<\/div>\n\n\n\n<div class=\"wp-block-column is-layout-flow wp-block-column-is-layout-flow\" style=\"flex-basis:66.66%\">\n<p><strong>01\/07\/2024 : extension et r\u00e9seaux suburbain et interurbain<br><\/strong>Nouvelle ligne principale <img loading=\"lazy\" decoding=\"async\" width=\"97\" height=\"97\" class=\"wp-image-153\" style=\"width: 20px\" src=\"https:\/\/seal.transport-manager.net\/antonin\/wp-content\/uploads\/sites\/87\/2024\/09\/L13.png\" alt=\"\"> et nouvelles lignes secondaires <img loading=\"lazy\" decoding=\"async\" width=\"97\" height=\"97\" class=\"wp-image-167\" style=\"width: 20px\" src=\"https:\/\/seal.transport-manager.net\/antonin\/wp-content\/uploads\/sites\/87\/2024\/09\/L63.png\" alt=\"\"> et <img loading=\"lazy\" decoding=\"async\" width=\"97\" height=\"97\" class=\"wp-image-166\" style=\"width: 20px\" src=\"https:\/\/seal.transport-manager.net\/antonin\/wp-content\/uploads\/sites\/87\/2024\/09\/L64.png\" alt=\"\"> en p\u00e9riph\u00e9rie du centre-ville.<br>L&rsquo;ancienne ligne 804 devient r\u00e9guli\u00e8re et est num\u00e9rot\u00e9e <img loading=\"lazy\" decoding=\"async\" width=\"97\" height=\"97\" class=\"wp-image-168\" style=\"width: 20px\" src=\"https:\/\/seal.transport-manager.net\/antonin\/wp-content\/uploads\/sites\/87\/2024\/09\/L62.png\" alt=\"\">.<br>Nouveaux r\u00e9seaux suburbain et interurbain pour desservir la p\u00e9riph\u00e9rie de la M\u00e9tropole.<\/p>\n<\/div>\n<\/div>\n\n\n\n<div class=\"wp-block-columns is-layout-flex wp-container-core-columns-is-layout-28f84493 wp-block-columns-is-layout-flex\">\n<div class=\"wp-block-column is-layout-flow wp-block-column-is-layout-flow\" style=\"flex-basis:33.33%\">\n<figure class=\"wp-block-image size-large\"><img decoding=\"async\" src=\"https:\/\/transport-manager.net\/assets\/img\/lignes\/Plan_N5_no_background_blanc.png\" alt=\"\" \/><\/figure>\n<\/div>\n\n\n\n<div class=\"wp-block-column is-layout-flow wp-block-column-is-layout-flow\" style=\"flex-basis:66.66%\">\n<p><strong>19\/11\/2025 : inauguration du tramway et extension du r\u00e9seau<\/strong><br>Nouvelle ligne de tram <img loading=\"lazy\" decoding=\"async\" width=\"97\" height=\"97\" class=\"wp-image-146\" style=\"width: 20px\" src=\"https:\/\/seal.transport-manager.net\/antonin\/wp-content\/uploads\/sites\/87\/2024\/09\/L1.png\" alt=\"\"> qui reprend les anciens bus <img loading=\"lazy\" decoding=\"async\" width=\"97\" height=\"97\" class=\"wp-image-149\" style=\"width: 20px\" src=\"https:\/\/seal.transport-manager.net\/antonin\/wp-content\/uploads\/sites\/87\/2024\/09\/L2.png\" alt=\"\"> et <img loading=\"lazy\" decoding=\"async\" width=\"97\" height=\"97\" class=\"wp-image-162\" style=\"width: 20px\" src=\"https:\/\/seal.transport-manager.net\/antonin\/wp-content\/uploads\/sites\/87\/2024\/09\/L4.png\" alt=\"\">.<br>Nouvelles lignes principales <img loading=\"lazy\" decoding=\"async\" width=\"97\" height=\"97\" class=\"wp-image-1356\" style=\"width: 20px\" src=\"https:\/\/seal.transport-manager.net\/antonin\/wp-content\/uploads\/sites\/87\/2025\/10\/L14.png\" alt=\"\"> \u00e0 <img loading=\"lazy\" decoding=\"async\" width=\"97\" height=\"97\" class=\"wp-image-1360\" style=\"width: 20px\" src=\"https:\/\/seal.transport-manager.net\/antonin\/wp-content\/uploads\/sites\/87\/2025\/10\/L18.png\" alt=\"\"> et nouvelle ligne secondaire <img loading=\"lazy\" decoding=\"async\" width=\"97\" height=\"97\" class=\"wp-image-167\" style=\"width: 20px\" src=\"https:\/\/seal.transport-manager.net\/antonin\/wp-content\/uploads\/sites\/87\/2024\/09\/L63.png\" alt=\"\">.<br>Nouvelles lignes de TAD urbain et interurbain et extension des r\u00e9seaux suburbain et interurbain. Ouverture des <a href=\"https:\/\/seal.transport-manager.net\/antonin\/parcs-relais\/\" data-type=\"page\" data-id=\"1423\">parcs-relais<\/a> et reprise en gestion directe de la <a href=\"https:\/\/seal.transport-manager.net\/antonin\/gare-routiere-metropolitaine\/\" data-type=\"page\" data-id=\"1689\">gare routi\u00e8re m\u00e9tropolitaine<\/a>.<\/p>\n<\/div>\n<\/div>\n","protected":false},"excerpt":{"rendered":"<p>Koalabus est pr\u00e9sent dans la M\u00e9tropole Mont Ludorgue, C\u00f4te, Fleuve et \u00c9tangs depuis le 16 octobre 2020, apr\u00e8s avoir remport\u00e9 l&rsquo;appel d&rsquo;offres d&rsquo;exploitation du premier r\u00e9seau de transport en commun m\u00e9tropolitain. Face \u00e0 l&rsquo;engouement des habitants et des voyageurs, le r\u00e9seau n&rsquo;a cess\u00e9 de s&rsquo;\u00e9tendre depuis. Il comporte d\u00e9sormais 1 [&hellip;]<\/p>\n","protected":false},"author":87,"featured_media":0,"parent":0,"menu_order":0,"comment_status":"closed","ping_status":"closed","template":"","meta":{"footnotes":""},"class_list":["post-395","page","type-page","status-publish","hentry"],"_links":{"self":[{"href":"https:\/\/seal.transport-manager.net\/antonin\/wp-json\/wp\/v2\/pages\/395","targetHints":{"allow":["GET"]}}],"collection":[{"href":"https:\/\/seal.transport-manager.net\/antonin\/wp-json\/wp\/v2\/pages"}],"about":[{"href":"https:\/\/seal.transport-manager.net\/antonin\/wp-json\/wp\/v2\/types\/page"}],"author":[{"embeddable":true,"href":"https:\/\/seal.transport-manager.net\/antonin\/wp-json\/wp\/v2\/users\/87"}],"replies":[{"embeddable":true,"href":"https:\/\/seal.transport-manager.net\/antonin\/wp-json\/wp\/v2\/comments?post=395"}],"version-history":[{"count":22,"href":"https:\/\/seal.transport-manager.net\/antonin\/wp-json\/wp\/v2\/pages\/395\/revisions"}],"predecessor-version":[{"id":1889,"href":"https:\/\/seal.transport-manager.net\/antonin\/wp-json\/wp\/v2\/pages\/395\/revisions\/1889"}],"wp:attachment":[{"href":"https:\/\/seal.transport-manager.net\/antonin\/wp-json\/wp\/v2\/media?parent=395"}],"curies":[{"name":"wp","href":"https:\/\/api.w.org\/{rel}","templated":true}]}}