{"id":43,"date":"2023-08-23T13:49:55","date_gmt":"2023-08-23T11:49:55","guid":{"rendered":"https:\/\/seal.transport-manager.net\/antonin\/?page_id=43"},"modified":"2025-10-25T16:59:45","modified_gmt":"2025-10-25T14:59:45","slug":"transport-a-la-demande","status":"publish","type":"page","link":"https:\/\/seal.transport-manager.net\/antonin\/transport-a-la-demande\/","title":{"rendered":"Transport \u00e0 la demande"},"content":{"rendered":"\n<h2 class=\"wp-block-heading\">Pr\u00e9sentation du service<\/h2>\n\n\n\n<p>Le service de Transport \u00e0 la demande (TAD) propos\u00e9 par Koalabus permet la desserte fine de deux quartiers d&rsquo;habitations denses (Bellevue et Observatoire), d&rsquo;une zone d&rsquo;activit\u00e9s \u00e9conomiques (ZAC Globe) et des villes de Saviens et Naubourg, \u00e0 l&rsquo;\u00e9cart des lignes majeures du r\u00e9seau.<\/p>\n\n\n\n<div class=\"wp-block-columns is-layout-flex wp-container-core-columns-is-layout-28f84493 wp-block-columns-is-layout-flex\">\n<div class=\"wp-block-column is-layout-flow wp-block-column-is-layout-flow\" style=\"flex-basis:33.33%\">\n<figure class=\"wp-block-image size-large wp-duotone-rgb22211853-rgba2042042040-1\"><img decoding=\"async\" src=\"https:\/\/transport-manager.net\/assets\/img\/bus\/IVECO-dailycity.jpg\" alt=\"\" \/><\/figure>\n<\/div>\n\n\n\n<div class=\"wp-block-column is-layout-flow wp-block-column-is-layout-flow\" style=\"flex-basis:66.66%\">\n<p>Les lignes de TAD sont assur\u00e9es avec des v\u00e9hicules de faible capacit\u00e9.<\/p>\n\n\n\n<p>Le personnel est form\u00e9 pour la prise en charge de personnes \u00e2g\u00e9es et de personnes \u00e0 mobilit\u00e9 r\u00e9duite.<\/p>\n<\/div>\n<\/div>\n\n\n\n<hr class=\"wp-block-separator has-alpha-channel-opacity is-style-wide\" \/>\n\n\n\n<h2 class=\"wp-block-heading\">Les lignes et points d&rsquo;arr\u00eat desservis<\/h2>\n\n\n\n<div class=\"wp-block-columns is-layout-flex wp-container-core-columns-is-layout-28f84493 wp-block-columns-is-layout-flex\">\n<div class=\"wp-block-column is-layout-flow wp-block-column-is-layout-flow\">\n<div class=\"wp-block-columns is-layout-flex wp-container-core-columns-is-layout-28f84493 wp-block-columns-is-layout-flex\">\n<div class=\"wp-block-column is-layout-flow wp-block-column-is-layout-flow\" style=\"flex-basis:29%\">\n<p class=\"has-text-align-right\"><img loading=\"lazy\" decoding=\"async\" width=\"97\" height=\"97\" class=\"wp-image-1288\" style=\"width: 50px\" src=\"https:\/\/seal.transport-manager.net\/antonin\/wp-content\/uploads\/sites\/87\/2025\/10\/logo_tad.png\" alt=\"\"><img loading=\"lazy\" decoding=\"async\" width=\"97\" height=\"97\" class=\"wp-image-172\" style=\"width: 50px\" src=\"https:\/\/seal.transport-manager.net\/antonin\/wp-content\/uploads\/sites\/87\/2024\/09\/L901.png\" alt=\"\"><\/p>\n<\/div>\n\n\n\n<div class=\"wp-block-column is-layout-flow wp-block-column-is-layout-flow\" style=\"flex-basis:66.66%\">\n<div class=\"wp-block-buttons is-layout-flex wp-block-buttons-is-layout-flex\">\n<div class=\"wp-block-button is-style-outline is-style-outline--2\"><a class=\"wp-block-button__link has-small-font-size has-custom-font-size wp-element-button\">Haute-Ville &lt;&gt; Bellevue<\/a><\/div>\n<\/div>\n<\/div>\n<\/div>\n\n\n\n<ul class=\"wp-block-list\">\n<li>Acacias<\/li>\n\n\n\n<li><strong>Bellevue<\/strong> <img loading=\"lazy\" decoding=\"async\" width=\"97\" height=\"97\" class=\"wp-image-1287\" style=\"width: 20px\" src=\"https:\/\/seal.transport-manager.net\/antonin\/wp-content\/uploads\/sites\/87\/2025\/10\/logo_bus.png\" alt=\"\"><img loading=\"lazy\" decoding=\"async\" width=\"97\" height=\"97\" class=\"wp-image-1360\" style=\"width: 20px\" src=\"https:\/\/seal.transport-manager.net\/antonin\/wp-content\/uploads\/sites\/87\/2025\/10\/L18.png\" alt=\"\"><img loading=\"lazy\" decoding=\"async\" width=\"97\" height=\"97\" class=\"wp-image-1363\" style=\"width: 20px\" src=\"https:\/\/seal.transport-manager.net\/antonin\/wp-content\/uploads\/sites\/87\/2025\/10\/L106.png\" alt=\"\"><\/li>\n\n\n\n<li>Coteau Bel-Air<\/li>\n\n\n\n<li><strong>Haute-Ville<\/strong> <img loading=\"lazy\" decoding=\"async\" width=\"97\" height=\"97\" class=\"wp-image-1287\" style=\"width: 20px\" src=\"https:\/\/seal.transport-manager.net\/antonin\/wp-content\/uploads\/sites\/87\/2025\/10\/logo_bus.png\" alt=\"\"><img loading=\"lazy\" decoding=\"async\" width=\"97\" height=\"97\" class=\"wp-image-157\" style=\"width: 20px\" src=\"https:\/\/seal.transport-manager.net\/antonin\/wp-content\/uploads\/sites\/87\/2024\/09\/L9.png\" alt=\"\"><img loading=\"lazy\" decoding=\"async\" width=\"97\" height=\"97\" class=\"wp-image-153\" style=\"width: 20px\" src=\"https:\/\/seal.transport-manager.net\/antonin\/wp-content\/uploads\/sites\/87\/2024\/09\/L13.png\" alt=\"\"><\/li>\n\n\n\n<li>Hortensias<\/li>\n\n\n\n<li>Les Amandiers<\/li>\n\n\n\n<li>Mont\u00e9e du Ch\u00eane<\/li>\n\n\n\n<li>Ruelle Dor\u00e9e<\/li>\n\n\n\n<li>St-R\u00e9my<\/li>\n\n\n\n<li>Vignerons<\/li>\n<\/ul>\n<\/div>\n\n\n\n<div class=\"wp-block-column is-layout-flow wp-block-column-is-layout-flow\">\n<div class=\"wp-block-columns is-layout-flex wp-container-core-columns-is-layout-28f84493 wp-block-columns-is-layout-flex\">\n<div class=\"wp-block-column is-layout-flow wp-block-column-is-layout-flow\" style=\"flex-basis:29%\">\n<p class=\"has-text-align-right\"><img loading=\"lazy\" decoding=\"async\" width=\"97\" height=\"97\" class=\"wp-image-1288\" style=\"width: 50px\" src=\"https:\/\/seal.transport-manager.net\/antonin\/wp-content\/uploads\/sites\/87\/2025\/10\/logo_tad.png\" alt=\"\"><img loading=\"lazy\" decoding=\"async\" width=\"97\" height=\"97\" class=\"wp-image-171\" style=\"width: 50px\" src=\"https:\/\/seal.transport-manager.net\/antonin\/wp-content\/uploads\/sites\/87\/2024\/09\/L902.png\" alt=\"\"><\/p>\n<\/div>\n\n\n\n<div class=\"wp-block-column is-layout-flow wp-block-column-is-layout-flow\" style=\"flex-basis:66.66%\">\n<div class=\"wp-block-buttons is-layout-flex wp-block-buttons-is-layout-flex\">\n<div class=\"wp-block-button is-style-outline is-style-outline--3\"><a class=\"wp-block-button__link has-small-font-size has-custom-font-size wp-element-button\">Parc de l&rsquo;\u00c9tang &lt;&gt; Observatoire<\/a><\/div>\n<\/div>\n<\/div>\n<\/div>\n\n\n\n<ul class=\"wp-block-list\">\n<li>Androm\u00e8de &#8211; Kepler<\/li>\n\n\n\n<li>Androm\u00e8de &#8211; Rue de l&rsquo;Observatoire<\/li>\n\n\n\n<li>Astres &#8211; Galil\u00e9e <\/li>\n\n\n\n<li>Astres &#8211; Kepler<\/li>\n\n\n\n<li>Alta\u00efr &#8211; Titan<\/li>\n\n\n\n<li>Alta\u00efr &#8211; Z\u00e9nith<\/li>\n\n\n\n<li>Cassiop\u00e9e &#8211; Rue de l&rsquo;Observatoire<\/li>\n\n\n\n<li>Copernic<\/li>\n\n\n\n<li>Cosmos<\/li>\n\n\n\n<li><strong>\u00c9tang Nord<\/strong> <img loading=\"lazy\" decoding=\"async\" width=\"97\" height=\"97\" class=\"wp-image-1287\" style=\"width: 20px\" src=\"https:\/\/seal.transport-manager.net\/antonin\/wp-content\/uploads\/sites\/87\/2025\/10\/logo_bus.png\" alt=\"\"><img loading=\"lazy\" decoding=\"async\" width=\"98\" height=\"97\" class=\"wp-image-184\" style=\"width: 20px\" src=\"https:\/\/seal.transport-manager.net\/antonin\/wp-content\/uploads\/sites\/87\/2024\/09\/L101.png\" alt=\"\"><\/li>\n\n\n\n<li>N\u00e9buleuse<\/li>\n\n\n\n<li>Newton<\/li>\n\n\n\n<li>Observatoire m\u00e9tropolitain<\/li>\n\n\n\n<li><strong>Parc de l&rsquo;\u00c9tang<\/strong> <img loading=\"lazy\" decoding=\"async\" width=\"97\" height=\"97\" class=\"wp-image-1287\" style=\"width: 20px\" src=\"https:\/\/seal.transport-manager.net\/antonin\/wp-content\/uploads\/sites\/87\/2025\/10\/logo_bus.png\" alt=\"\"><img loading=\"lazy\" decoding=\"async\" width=\"97\" height=\"97\" class=\"wp-image-156\" style=\"width: 20px\" src=\"https:\/\/seal.transport-manager.net\/antonin\/wp-content\/uploads\/sites\/87\/2024\/09\/L10.png\" alt=\"\"><img loading=\"lazy\" decoding=\"async\" width=\"97\" height=\"97\" class=\"wp-image-168\" style=\"width: 20px\" src=\"https:\/\/seal.transport-manager.net\/antonin\/wp-content\/uploads\/sites\/87\/2024\/09\/L62.png\" alt=\"\"><img loading=\"lazy\" decoding=\"async\" width=\"98\" height=\"97\" class=\"wp-image-184\" style=\"width: 20px\" src=\"https:\/\/seal.transport-manager.net\/antonin\/wp-content\/uploads\/sites\/87\/2024\/09\/L101.png\" alt=\"\"><\/li>\n\n\n\n<li>Poisson Volant<\/li>\n\n\n\n<li>Sirius &#8211; Rue de l&rsquo;Observatoire<\/li>\n\n\n\n<li>Voie Lact\u00e9e<\/li>\n<\/ul>\n<\/div>\n<\/div>\n\n\n\n<p><\/p>\n\n\n\n<div class=\"wp-block-columns is-layout-flex wp-container-core-columns-is-layout-28f84493 wp-block-columns-is-layout-flex\">\n<div class=\"wp-block-column is-layout-flow wp-block-column-is-layout-flow\">\n<div class=\"wp-block-columns is-layout-flex wp-container-core-columns-is-layout-28f84493 wp-block-columns-is-layout-flex\">\n<div class=\"wp-block-column is-layout-flow wp-block-column-is-layout-flow\" style=\"flex-basis:29%\">\n<p class=\"has-text-align-right\"><img loading=\"lazy\" decoding=\"async\" width=\"97\" height=\"97\" class=\"wp-image-1288\" style=\"width: 50px\" src=\"https:\/\/seal.transport-manager.net\/antonin\/wp-content\/uploads\/sites\/87\/2025\/10\/logo_tad.png\" alt=\"\"><img loading=\"lazy\" decoding=\"async\" width=\"97\" height=\"97\" class=\"wp-image-1371\" style=\"width: 50px\" src=\"https:\/\/seal.transport-manager.net\/antonin\/wp-content\/uploads\/sites\/87\/2025\/10\/L903.png\" alt=\"\"><\/p>\n<\/div>\n\n\n\n<div class=\"wp-block-column is-layout-flow wp-block-column-is-layout-flow\" style=\"flex-basis:66.66%\">\n<div class=\"wp-block-buttons is-layout-flex wp-block-buttons-is-layout-flex\">\n<div class=\"wp-block-button is-style-outline is-style-outline--4\"><a class=\"wp-block-button__link has-small-font-size has-custom-font-size wp-element-button\">H\u00f4tel de Police &lt;&gt; Globe<\/a><\/div>\n<\/div>\n<\/div>\n<\/div>\n\n\n\n<ul class=\"wp-block-list\">\n<li>All\u00e9e des Explorateurs<\/li>\n\n\n\n<li>Antarctique<\/li>\n\n\n\n<li>Centrale \u00e9lectrique<\/li>\n\n\n\n<li>Chemin des Aliz\u00e9s<\/li>\n\n\n\n<li>Cinq Continents<\/li>\n\n\n\n<li><strong>Globe<\/strong> <img loading=\"lazy\" decoding=\"async\" width=\"97\" height=\"97\" class=\"wp-image-1287\" style=\"width: 20px\" src=\"https:\/\/seal.transport-manager.net\/antonin\/wp-content\/uploads\/sites\/87\/2025\/10\/logo_bus.png\" alt=\"\"><img loading=\"lazy\" decoding=\"async\" width=\"97\" height=\"97\" class=\"wp-image-1362\" style=\"width: 20px\" src=\"https:\/\/seal.transport-manager.net\/antonin\/wp-content\/uploads\/sites\/87\/2025\/10\/L105.png\" alt=\"\"><\/li>\n\n\n\n<li><strong>H\u00f4tel de Police<\/strong> <img loading=\"lazy\" decoding=\"async\" width=\"97\" height=\"97\" class=\"wp-image-1286\" style=\"width: 20px\" src=\"https:\/\/seal.transport-manager.net\/antonin\/wp-content\/uploads\/sites\/87\/2025\/10\/logo_tram.png\" alt=\"\"><img loading=\"lazy\" decoding=\"async\" width=\"97\" height=\"97\" class=\"wp-image-146\" style=\"width: 20px\" src=\"https:\/\/seal.transport-manager.net\/antonin\/wp-content\/uploads\/sites\/87\/2024\/09\/L1.png\" alt=\"\"> <img loading=\"lazy\" decoding=\"async\" width=\"97\" height=\"97\" class=\"wp-image-1287\" style=\"width: 20px\" src=\"https:\/\/seal.transport-manager.net\/antonin\/wp-content\/uploads\/sites\/87\/2025\/10\/logo_bus.png\" alt=\"\"><img loading=\"lazy\" decoding=\"async\" width=\"97\" height=\"97\" class=\"wp-image-161\" style=\"width: 20px\" src=\"https:\/\/seal.transport-manager.net\/antonin\/wp-content\/uploads\/sites\/87\/2024\/09\/L5.png\" alt=\"\"><\/li>\n\n\n\n<li>Neuvilette &#8211; ZA<\/li>\n\n\n\n<li>P\u00f4le Excel Recherche<\/li>\n\n\n\n<li>Tropiques &#8211; Atlas<\/li>\n\n\n\n<li>Tropiques &#8211; Naranja<\/li>\n\n\n\n<li>Tropiques &#8211; Quito<\/li>\n<\/ul>\n<\/div>\n\n\n\n<div class=\"wp-block-column is-layout-flow wp-block-column-is-layout-flow\">\n<div class=\"wp-block-columns is-layout-flex wp-container-core-columns-is-layout-28f84493 wp-block-columns-is-layout-flex\">\n<div class=\"wp-block-column is-layout-flow wp-block-column-is-layout-flow\" style=\"flex-basis:29%\">\n<p class=\"has-text-align-right\"><img loading=\"lazy\" decoding=\"async\" width=\"97\" height=\"97\" class=\"wp-image-1288\" style=\"width: 50px\" src=\"https:\/\/seal.transport-manager.net\/antonin\/wp-content\/uploads\/sites\/87\/2025\/10\/logo_tad.png\" alt=\"\"><img loading=\"lazy\" decoding=\"async\" width=\"97\" height=\"97\" class=\"wp-image-1372\" style=\"width: 50px\" src=\"https:\/\/seal.transport-manager.net\/antonin\/wp-content\/uploads\/sites\/87\/2025\/10\/L941.png\" alt=\"\"><\/p>\n<\/div>\n\n\n\n<div class=\"wp-block-column is-layout-flow wp-block-column-is-layout-flow\" style=\"flex-basis:66.66%\">\n<div class=\"wp-block-buttons is-layout-flex wp-block-buttons-is-layout-flex\">\n<div class=\"wp-block-button is-style-outline is-style-outline--5\"><a class=\"wp-block-button__link has-small-font-size has-custom-font-size wp-element-button\">Gare de l&rsquo;Ouest &lt;&gt; Naubourg<\/a><\/div>\n\n\n\n<div class=\"wp-block-button is-style-fill\"><a class=\"wp-block-button__link has-small-font-size has-custom-font-size wp-element-button\" href=\"https:\/\/seal.transport-manager.net\/antonin\/thermo-l941\/\">Plan de la ligne<\/a><\/div>\n<\/div>\n<\/div>\n<\/div>\n\n\n\n<ul class=\"wp-block-list\">\n<li>Brinte, Av. de la Libert\u00e9<\/li>\n\n\n\n<li>Gare de l&rsquo;Ouest<\/li>\n\n\n\n<li>Naubourg, Commissariat<\/li>\n\n\n\n<li>Naubourg, Grand Place<\/li>\n\n\n\n<li>Parc des Sports<\/li>\n\n\n\n<li>Place de l&rsquo;Europe<\/li>\n\n\n\n<li>Saviens, \u00c9glise<\/li>\n<\/ul>\n<\/div>\n<\/div>\n\n\n\n<p><\/p>\n\n\n\n<hr class=\"wp-block-separator has-alpha-channel-opacity is-style-wide\" \/>\n\n\n\n<h2 class=\"wp-block-heading\">Je pr\u00e9pare mon d\u00e9placement&#8230;<\/h2>\n\n\n\n<p>Les lignes de TAD fonctionnent sur la m\u00eame amplitude que le r\u00e9seau classique : de 5h30 \u00e0 00h30.<\/p>\n\n\n\n<p>Les lignes de TAD circulent sur r\u00e9servation uniquement. Les trajets doivent imp\u00e9rativement \u00eatre r\u00e9serv\u00e9s \u00e0 l&rsquo;avance.<\/p>\n\n\n\n<div class=\"wp-block-group is-vertical is-layout-flex wp-container-core-group-is-layout-fe9cc265 wp-block-group-is-layout-flex\">\n<p>Pour r\u00e9server, il y a plusieurs solutions :<\/p>\n\n\n\n<ul class=\"wp-block-list\">\n<li>En <a href=\"https:\/\/seal.transport-manager.net\/antonin\/agences-commerciales\/\" data-type=\"page\" data-id=\"25\">agence commerciale<\/a>, aux horaires d&rsquo;ouverture habituels<\/li>\n\n\n\n<li>Par mail : <a href=\"mailto:tad.reservation@koalabus.fr\">t<\/a><a href=\"https:\/\/forum.transport-manager.net\/private.php?action=send\">ad.reservation@koalabus.fr<\/a><\/li>\n\n\n\n<li>Par t\u00e9l\u00e9phone : <img loading=\"lazy\" decoding=\"async\" width=\"427\" height=\"118\" class=\"wp-image-725\" style=\"width: 75px\" src=\"https:\/\/seal.transport-manager.net\/antonin\/wp-content\/uploads\/sites\/87\/2024\/09\/novert.png\" alt=\"\" srcset=\"https:\/\/seal.transport-manager.net\/antonin\/wp-content\/uploads\/sites\/87\/2024\/09\/novert.png 427w, https:\/\/seal.transport-manager.net\/antonin\/wp-content\/uploads\/sites\/87\/2024\/09\/novert-300x83.png 300w\" sizes=\"auto, (max-width: 427px) 100vw, 427px\" \/> 0 805 45 67 89, du lundi au vendredi de 8h00 \u00e0 17h00 (appel gratuit)<\/li>\n\n\n\n<li><a href=\"https:\/\/seal.transport-manager.net\/antonin\/formulaire-de-reservation-de-tad\/\" data-type=\"page\" data-id=\"982\" target=\"_blank\" rel=\"noreferrer noopener\">En ligne sur le site web de Koalabus<\/a><\/li>\n<\/ul>\n<\/div>\n\n\n\n<p><\/p>\n\n\n\n<p><strong>Attention : il est imp\u00e9ratif de r\u00e9server au plus tard la veille de votre trajet avant 17h00<\/strong> (et le vendredi avant 17h00 pour un trajet le dimanche ou le lundi). La veille de votre trajet (entre 18h et 19h), vous recevrez un SMS confirmant l&rsquo;heure et l&rsquo;arr\u00eat de prise en charge.<\/p>\n\n\n\n<hr class=\"wp-block-separator has-alpha-channel-opacity is-style-wide\" \/>\n\n\n\n<h2 class=\"wp-block-heading\">J&rsquo;effectue mon d\u00e9placement&#8230;<\/h2>\n\n\n\n<ul class=\"wp-block-list\">\n<li><strong>Pr\u00e9sence \u00e0 l&rsquo;arr\u00eat :<\/strong>&nbsp;Merci d\u2019\u00eatre pr\u00e9sent 10 minutes avant l&rsquo;arriv\u00e9e du v\u00e9hicule \u00e0 l&rsquo;arr\u00eat de prise en charge. Le conducteur ne pourra pas attendre au-del\u00e0 de l&rsquo;heure convenue.<br>\n<ul class=\"wp-block-list\">\n<li>Points de prise en charge aux arr\u00eats desservis par d&rsquo;autres lignes :\n<ul class=\"wp-block-list\">\n<li><img loading=\"lazy\" decoding=\"async\" width=\"97\" height=\"97\" class=\"wp-image-1288\" style=\"width: 20px\" src=\"https:\/\/seal.transport-manager.net\/antonin\/wp-content\/uploads\/sites\/87\/2025\/10\/logo_tad.png\" alt=\"\"><img loading=\"lazy\" decoding=\"async\" width=\"97\" height=\"97\" class=\"wp-image-172\" style=\"width: 20px\" src=\"https:\/\/seal.transport-manager.net\/antonin\/wp-content\/uploads\/sites\/87\/2024\/09\/L901.png\" alt=\"\"> Haute-Ville : arr\u00eat de la ligne <img loading=\"lazy\" decoding=\"async\" width=\"97\" height=\"97\" class=\"wp-image-153\" style=\"width: 20px\" src=\"https:\/\/seal.transport-manager.net\/antonin\/wp-content\/uploads\/sites\/87\/2024\/09\/L13.png\" alt=\"\"> direction \u00ab\u00a0A\u00e9roport\u00a0\u00bb<\/li>\n\n\n\n<li><img loading=\"lazy\" decoding=\"async\" width=\"97\" height=\"97\" class=\"wp-image-1288\" style=\"width: 20px\" src=\"https:\/\/seal.transport-manager.net\/antonin\/wp-content\/uploads\/sites\/87\/2025\/10\/logo_tad.png\" alt=\"\"><img loading=\"lazy\" decoding=\"async\" width=\"97\" height=\"97\" class=\"wp-image-172\" style=\"width: 20px\" src=\"https:\/\/seal.transport-manager.net\/antonin\/wp-content\/uploads\/sites\/87\/2024\/09\/L901.png\" alt=\"\"> Bellevue : arr\u00eat de la ligne <img loading=\"lazy\" decoding=\"async\" width=\"97\" height=\"97\" class=\"wp-image-1360\" style=\"width: 20px\" src=\"https:\/\/seal.transport-manager.net\/antonin\/wp-content\/uploads\/sites\/87\/2025\/10\/L18.png\" alt=\"\"> direction \u00ab\u00a0H\u00f4tel de R\u00e9gion\u00a0\u00bb<\/li>\n\n\n\n<li><img loading=\"lazy\" decoding=\"async\" width=\"97\" height=\"97\" class=\"wp-image-1288\" style=\"width: 20px\" src=\"https:\/\/seal.transport-manager.net\/antonin\/wp-content\/uploads\/sites\/87\/2025\/10\/logo_tad.png\" alt=\"\"><img loading=\"lazy\" decoding=\"async\" width=\"97\" height=\"97\" class=\"wp-image-171\" style=\"width: 20px\" src=\"https:\/\/seal.transport-manager.net\/antonin\/wp-content\/uploads\/sites\/87\/2024\/09\/L902.png\" alt=\"\"> Parc de l&rsquo;\u00c9tang : arr\u00eat de la ligne <img loading=\"lazy\" decoding=\"async\" width=\"98\" height=\"97\" class=\"wp-image-184\" style=\"width: 20px\" src=\"https:\/\/seal.transport-manager.net\/antonin\/wp-content\/uploads\/sites\/87\/2024\/09\/L101.png\" alt=\"\"> direction \u00ab\u00a0Arronay, \u00c9tangs\u00a0\u00bb<\/li>\n\n\n\n<li><img loading=\"lazy\" decoding=\"async\" width=\"97\" height=\"97\" class=\"wp-image-1288\" style=\"width: 20px\" src=\"https:\/\/seal.transport-manager.net\/antonin\/wp-content\/uploads\/sites\/87\/2025\/10\/logo_tad.png\" alt=\"\"><img loading=\"lazy\" decoding=\"async\" width=\"97\" height=\"97\" class=\"wp-image-171\" style=\"width: 20px\" src=\"https:\/\/seal.transport-manager.net\/antonin\/wp-content\/uploads\/sites\/87\/2024\/09\/L902.png\" alt=\"\"> \u00c9tang Nord : arr\u00eat de la ligne <img loading=\"lazy\" decoding=\"async\" width=\"98\" height=\"97\" class=\"wp-image-184\" style=\"width: 20px\" src=\"https:\/\/seal.transport-manager.net\/antonin\/wp-content\/uploads\/sites\/87\/2024\/09\/L101.png\" alt=\"\"> direction \u00ab\u00a0Arronay, \u00c9tangs\u00a0\u00bb<\/li>\n\n\n\n<li><img loading=\"lazy\" decoding=\"async\" width=\"97\" height=\"97\" class=\"wp-image-1288\" style=\"width: 20px\" src=\"https:\/\/seal.transport-manager.net\/antonin\/wp-content\/uploads\/sites\/87\/2025\/10\/logo_tad.png\" alt=\"\"><img loading=\"lazy\" decoding=\"async\" width=\"97\" height=\"97\" class=\"wp-image-1371\" style=\"width: 20px\" src=\"https:\/\/seal.transport-manager.net\/antonin\/wp-content\/uploads\/sites\/87\/2025\/10\/L903.png\" alt=\"\"> H\u00f4tel de Police : arr\u00eat de la ligne <img loading=\"lazy\" decoding=\"async\" width=\"97\" height=\"97\" class=\"wp-image-161\" style=\"width: 20px\" src=\"https:\/\/seal.transport-manager.net\/antonin\/wp-content\/uploads\/sites\/87\/2024\/09\/L5.png\" alt=\"\"> direction \u00ab\u00a0P\u00f4le Luca Pacioli\u00a0\u00bb<\/li>\n\n\n\n<li><img loading=\"lazy\" decoding=\"async\" width=\"97\" height=\"97\" class=\"wp-image-1288\" style=\"width: 20px\" src=\"https:\/\/seal.transport-manager.net\/antonin\/wp-content\/uploads\/sites\/87\/2025\/10\/logo_tad.png\" alt=\"\"><img loading=\"lazy\" decoding=\"async\" width=\"97\" height=\"97\" class=\"wp-image-1371\" style=\"width: 20px\" src=\"https:\/\/seal.transport-manager.net\/antonin\/wp-content\/uploads\/sites\/87\/2025\/10\/L903.png\" alt=\"\"> Globe : arr\u00eat de la ligne <img loading=\"lazy\" decoding=\"async\" width=\"97\" height=\"97\" class=\"wp-image-1362\" style=\"width: 20px\" src=\"https:\/\/seal.transport-manager.net\/antonin\/wp-content\/uploads\/sites\/87\/2025\/10\/L105.png\" alt=\"\"> direction \u00ab\u00a0Place de l&rsquo;Europe\u00a0\u00bb<\/li>\n\n\n\n<li><img loading=\"lazy\" decoding=\"async\" width=\"97\" height=\"97\" class=\"wp-image-1288\" style=\"width: 20px\" src=\"https:\/\/seal.transport-manager.net\/antonin\/wp-content\/uploads\/sites\/87\/2025\/10\/logo_tad.png\" alt=\"\"><img loading=\"lazy\" decoding=\"async\" width=\"97\" height=\"97\" class=\"wp-image-1372\" style=\"width: 20px\" src=\"https:\/\/seal.transport-manager.net\/antonin\/wp-content\/uploads\/sites\/87\/2025\/10\/L941.png\" alt=\"\"> : aux points d&rsquo;arr\u00eats mat\u00e9rialis\u00e9s sur le terrain<\/li>\n<\/ul>\n<\/li>\n<\/ul>\n<\/li>\n<\/ul>\n\n\n\n<ul class=\"wp-block-list\">\n<li><strong>V\u00e9rification de la r\u00e9servation :<\/strong>&nbsp;Le conducteur v\u00e9rifiera avec vous votre r\u00e9servation et votre arr\u00eat d&rsquo;arriv\u00e9e.<\/li>\n<\/ul>\n\n\n\n<ul class=\"wp-block-list\">\n<li><strong>Achat et validation du titre de transport :<\/strong>&nbsp;Achetez ou validez votre titre de transport, y compris en correspondance.<\/li>\n<\/ul>\n\n\n\n<p><\/p>\n","protected":false},"excerpt":{"rendered":"<p>Pr\u00e9sentation du service Le service de Transport \u00e0 la demande (TAD) propos\u00e9 par Koalabus permet la desserte fine de deux quartiers d&rsquo;habitations denses (Bellevue et Observatoire), d&rsquo;une zone d&rsquo;activit\u00e9s \u00e9conomiques (ZAC Globe) et des villes de Saviens et Naubourg, \u00e0 l&rsquo;\u00e9cart des lignes majeures du r\u00e9seau. Les lignes de TAD [&hellip;]<\/p>\n","protected":false},"author":87,"featured_media":0,"parent":0,"menu_order":0,"comment_status":"closed","ping_status":"closed","template":"","meta":{"footnotes":""},"class_list":["post-43","page","type-page","status-publish","hentry"],"_links":{"self":[{"href":"https:\/\/seal.transport-manager.net\/antonin\/wp-json\/wp\/v2\/pages\/43","targetHints":{"allow":["GET"]}}],"collection":[{"href":"https:\/\/seal.transport-manager.net\/antonin\/wp-json\/wp\/v2\/pages"}],"about":[{"href":"https:\/\/seal.transport-manager.net\/antonin\/wp-json\/wp\/v2\/types\/page"}],"author":[{"embeddable":true,"href":"https:\/\/seal.transport-manager.net\/antonin\/wp-json\/wp\/v2\/users\/87"}],"replies":[{"embeddable":true,"href":"https:\/\/seal.transport-manager.net\/antonin\/wp-json\/wp\/v2\/comments?post=43"}],"version-history":[{"count":17,"href":"https:\/\/seal.transport-manager.net\/antonin\/wp-json\/wp\/v2\/pages\/43\/revisions"}],"predecessor-version":[{"id":1688,"href":"https:\/\/seal.transport-manager.net\/antonin\/wp-json\/wp\/v2\/pages\/43\/revisions\/1688"}],"wp:attachment":[{"href":"https:\/\/seal.transport-manager.net\/antonin\/wp-json\/wp\/v2\/media?parent=43"}],"curies":[{"name":"wp","href":"https:\/\/api.w.org\/{rel}","templated":true}]}}