{"id":476,"date":"2024-09-17T07:45:18","date_gmt":"2024-09-17T05:45:18","guid":{"rendered":"https:\/\/seal.transport-manager.net\/antonin\/?page_id=476"},"modified":"2025-11-01T18:47:05","modified_gmt":"2025-11-01T17:47:05","slug":"desserte-de-larena","status":"publish","type":"page","link":"https:\/\/seal.transport-manager.net\/antonin\/desserte-de-larena\/","title":{"rendered":"Desserte de l&rsquo;Arena"},"content":{"rendered":"\n<p>La Licorne Arena a rouvert ses portes le 8 juin 2024 apr\u00e8s plus de 5 ans de travaux. Cet \u00e9quipement m\u00e9tropolitain majeur permet de proposer aux habitants de la M\u00e9tropole de nombreux concerts ainsi que de grands \u00e9v\u00e9nements sportifs.<\/p>\n\n\n\n<figure class=\"wp-block-image size-full wp-duotone-rgb22211853-rgba2042042040-1\"><img loading=\"lazy\" decoding=\"async\" width=\"826\" height=\"313\" src=\"https:\/\/seal.transport-manager.net\/antonin\/wp-content\/uploads\/sites\/87\/2024\/09\/LicorneArena.jpg\" alt=\"\" class=\"wp-image-547\" srcset=\"https:\/\/seal.transport-manager.net\/antonin\/wp-content\/uploads\/sites\/87\/2024\/09\/LicorneArena.jpg 826w, https:\/\/seal.transport-manager.net\/antonin\/wp-content\/uploads\/sites\/87\/2024\/09\/LicorneArena-300x114.jpg 300w, https:\/\/seal.transport-manager.net\/antonin\/wp-content\/uploads\/sites\/87\/2024\/09\/LicorneArena-768x291.jpg 768w\" sizes=\"auto, (max-width: 826px) 100vw, 826px\" \/><figcaption class=\"wp-element-caption\"><sup>Licorne Arena (image D. Delso CC BY-SA 4.0)<\/sup><\/figcaption><\/figure>\n\n\n\n<h2 class=\"wp-block-heading\">Ligne 713 et lignes r\u00e9guli\u00e8res<\/h2>\n\n\n\n<p>La Licorne Arena est normalement desservie par les lignes <img loading=\"lazy\" decoding=\"async\" width=\"97\" height=\"97\" class=\"wp-image-159\" style=\"width: 20px\" src=\"https:\/\/seal.transport-manager.net\/antonin\/wp-content\/uploads\/sites\/87\/2024\/09\/L7.png\" alt=\"\"> et <img loading=\"lazy\" decoding=\"async\" width=\"97\" height=\"97\" class=\"wp-image-153\" style=\"width: 20px\" src=\"https:\/\/seal.transport-manager.net\/antonin\/wp-content\/uploads\/sites\/87\/2024\/09\/L13.png\" alt=\"\">, arr\u00eat \u00ab\u00a0Arena Confluence\u00a0\u00bb.<\/p>\n\n\n\n<p>La ligne <img loading=\"lazy\" decoding=\"async\" width=\"85\" height=\"85\" class=\"wp-image-1549\" style=\"width: 20px\" src=\"https:\/\/seal.transport-manager.net\/antonin\/wp-content\/uploads\/sites\/87\/2025\/10\/L713.png\" alt=\"\"> est une desserte activ\u00e9e uniquement les jours d&rsquo;\u00e9v\u00e9nements. Elle relie la Licorne Arena aux p\u00f4les multimodaux de la Gare de l&rsquo;Ouest et de l&rsquo;A\u00e9roport, en compl\u00e9ment des lignes <img loading=\"lazy\" decoding=\"async\" width=\"97\" height=\"97\" class=\"wp-image-159\" style=\"width: 20px\" src=\"https:\/\/seal.transport-manager.net\/antonin\/wp-content\/uploads\/sites\/87\/2024\/09\/L7.png\" alt=\"\"> et <img loading=\"lazy\" decoding=\"async\" width=\"97\" height=\"97\" class=\"wp-image-153\" style=\"width: 20px\" src=\"https:\/\/seal.transport-manager.net\/antonin\/wp-content\/uploads\/sites\/87\/2024\/09\/L13.png\" alt=\"\">.<\/p>\n\n\n\n<figure class=\"wp-block-image size-large\"><img loading=\"lazy\" decoding=\"async\" width=\"1024\" height=\"249\" src=\"https:\/\/seal.transport-manager.net\/antonin\/wp-content\/uploads\/sites\/87\/2024\/09\/Thermo-L713-1-1024x249.png\" alt=\"\" class=\"wp-image-543\" srcset=\"https:\/\/seal.transport-manager.net\/antonin\/wp-content\/uploads\/sites\/87\/2024\/09\/Thermo-L713-1-1024x249.png 1024w, https:\/\/seal.transport-manager.net\/antonin\/wp-content\/uploads\/sites\/87\/2024\/09\/Thermo-L713-1-300x73.png 300w, https:\/\/seal.transport-manager.net\/antonin\/wp-content\/uploads\/sites\/87\/2024\/09\/Thermo-L713-1-768x187.png 768w, https:\/\/seal.transport-manager.net\/antonin\/wp-content\/uploads\/sites\/87\/2024\/09\/Thermo-L713-1-1536x373.png 1536w, https:\/\/seal.transport-manager.net\/antonin\/wp-content\/uploads\/sites\/87\/2024\/09\/Thermo-L713-1.png 1896w\" sizes=\"auto, (max-width: 1024px) 100vw, 1024px\" \/><\/figure>\n\n\n\n<p>Rendez-vous ci-dessous ou sur les pages \u00ab\u00a0<a href=\"https:\/\/seal.transport-manager.net\/antonin\/actualites-info-trafic\/\" data-type=\"page\" data-id=\"40\">Actualit\u00e9s &amp; Info trafic<\/a>\u00a0\u00bb ou \u00ab\u00a0<a href=\"https:\/\/seal.transport-manager.net\/antonin\/lignes-speciales\/\" data-type=\"page\" data-id=\"478\">Lignes sp\u00e9ciales<\/a>\u00a0\u00bb pour vous renseigner quand la ligne <img loading=\"lazy\" decoding=\"async\" width=\"85\" height=\"85\" class=\"wp-image-1549\" style=\"width: 20px\" src=\"https:\/\/seal.transport-manager.net\/antonin\/wp-content\/uploads\/sites\/87\/2025\/10\/L713.png\" alt=\"\"> est active.<\/p>\n\n\n\n<hr class=\"wp-block-separator has-alpha-channel-opacity is-style-wide\" \/>\n\n\n\n<p>La ligne <img loading=\"lazy\" decoding=\"async\" width=\"85\" height=\"85\" class=\"wp-image-1549\" style=\"width: 20px\" src=\"https:\/\/seal.transport-manager.net\/antonin\/wp-content\/uploads\/sites\/87\/2025\/10\/L713.png\" alt=\"\"> a \u00e9t\u00e9 activ\u00e9e aux occasions suivantes :<\/p>\n\n\n\n<div class=\"wp-block-query is-layout-flow wp-block-query-is-layout-flow\">\n<div class=\"wp-block-group\" style=\"margin-top:0px;margin-bottom:0px;padding-top:64px;padding-bottom:64px\"><div class=\"wp-block-group__inner-container is-layout-constrained wp-container-core-group-is-layout-43e22029 wp-block-group-is-layout-constrained\">\n<div class=\"wp-block-query is-layout-flow wp-block-query-is-layout-flow\"><ul class=\"wp-block-post-template is-layout-flow wp-block-post-template-is-layout-flow\"><li class=\"wp-block-post post-1148 post type-post status-publish format-standard has-post-thumbnail hentry category-actualites category-ligne-713\">\n\n<div class=\"wp-block-columns is-layout-flex wp-container-core-columns-is-layout-28f84493 wp-block-columns-is-layout-flex\">\n<div class=\"wp-block-column is-layout-flow wp-block-column-is-layout-flow\" style=\"flex-basis:30%\"><figure class=\"wp-block-post-featured-image\"><a href=\"https:\/\/seal.transport-manager.net\/antonin\/2025\/02\/05\/ligne-713-metal-fest-12-13-02\/\" target=\"_self\"  ><img loading=\"lazy\" decoding=\"async\" width=\"290\" height=\"203\" src=\"https:\/\/seal.transport-manager.net\/antonin\/wp-content\/uploads\/sites\/87\/2024\/09\/Blog-Arena.png\" class=\"attachment-post-thumbnail size-post-thumbnail wp-post-image\" alt=\"Ligne 713 : Metal Fest 12 &amp; 13\/02\" style=\"object-fit:cover;\" \/><\/a><\/figure><\/div>\n\n\n\n<div class=\"wp-block-column is-vertically-aligned-center is-layout-flow wp-container-core-column-is-layout-6b73ce23 wp-block-column-is-layout-flow\"><div class=\"taxonomy-category wp-block-post-terms has-small-font-size\"><a href=\"https:\/\/seal.transport-manager.net\/antonin\/category\/actualites\/\" rel=\"tag\">Actualit\u00e9s<\/a><span class=\"wp-block-post-terms__separator\">, <\/span><a href=\"https:\/\/seal.transport-manager.net\/antonin\/category\/actualites\/ligne-713\/\" rel=\"tag\">Ligne 713<\/a><\/div>\n\n<h3 class=\"wp-block-post-title\"><a href=\"https:\/\/seal.transport-manager.net\/antonin\/2025\/02\/05\/ligne-713-metal-fest-12-13-02\/\" target=\"_self\" >Ligne 713 : Metal Fest 12 &amp; 13\/02<\/a><\/h3>\n\n<div class=\"wp-block-post-date has-small-font-size\"><time datetime=\"2025-02-05T09:23:45+01:00\">5 f\u00e9vrier 2025<\/time><\/div>\n\n<div class=\"wp-block-post-excerpt\"><p class=\"wp-block-post-excerpt__excerpt\">Les 12 et 13 f\u00e9vrier 2025, la Licorne Arena accueille le plus grand \u00e9v\u00e9nement de musique metal de la r\u00e9gion : le Metal Fest. Les groupes Blight, Oblivion, Infernum, Vehemence\u2026 <a class=\"wp-block-post-excerpt__more-link\" href=\"https:\/\/seal.transport-manager.net\/antonin\/2025\/02\/05\/ligne-713-metal-fest-12-13-02\/\">Lire la suite&#8230;<\/a><\/p><\/div><\/div>\n<\/div>\n\n<\/li><li class=\"wp-block-post post-1042 post type-post status-publish format-standard has-post-thumbnail hentry category-actualites category-ligne-713\">\n\n<div class=\"wp-block-columns is-layout-flex wp-container-core-columns-is-layout-28f84493 wp-block-columns-is-layout-flex\">\n<div class=\"wp-block-column is-layout-flow wp-block-column-is-layout-flow\" style=\"flex-basis:30%\"><figure class=\"wp-block-post-featured-image\"><a href=\"https:\/\/seal.transport-manager.net\/antonin\/2024\/11\/04\/ligne-713-competition-de-basket-16-17-11\/\" target=\"_self\"  ><img loading=\"lazy\" decoding=\"async\" width=\"290\" height=\"203\" src=\"https:\/\/seal.transport-manager.net\/antonin\/wp-content\/uploads\/sites\/87\/2024\/09\/Blog-Arena.png\" class=\"attachment-post-thumbnail size-post-thumbnail wp-post-image\" alt=\"Ligne 713 : Tournoi de basket-ball 16 &amp; 17\/11\" style=\"object-fit:cover;\" \/><\/a><\/figure><\/div>\n\n\n\n<div class=\"wp-block-column is-vertically-aligned-center is-layout-flow wp-container-core-column-is-layout-6b73ce23 wp-block-column-is-layout-flow\"><div class=\"taxonomy-category wp-block-post-terms has-small-font-size\"><a href=\"https:\/\/seal.transport-manager.net\/antonin\/category\/actualites\/\" rel=\"tag\">Actualit\u00e9s<\/a><span class=\"wp-block-post-terms__separator\">, <\/span><a href=\"https:\/\/seal.transport-manager.net\/antonin\/category\/actualites\/ligne-713\/\" rel=\"tag\">Ligne 713<\/a><\/div>\n\n<h3 class=\"wp-block-post-title\"><a href=\"https:\/\/seal.transport-manager.net\/antonin\/2024\/11\/04\/ligne-713-competition-de-basket-16-17-11\/\" target=\"_self\" >Ligne 713 : Tournoi de basket-ball 16 &amp; 17\/11<\/a><\/h3>\n\n<div class=\"wp-block-post-date has-small-font-size\"><time datetime=\"2024-11-04T20:48:42+01:00\">4 novembre 2024<\/time><\/div>\n\n<div class=\"wp-block-post-excerpt\"><p class=\"wp-block-post-excerpt__excerpt\">Le week-end des 16 et 17 novembre 2024, la Licorne Arena accueille un tournoi de basket-ball durant lequel s&rsquo;affronteront quelques-uns des meilleurs clubs nationaux. Pour cette occasion, Koalabus active la\u2026 <a class=\"wp-block-post-excerpt__more-link\" href=\"https:\/\/seal.transport-manager.net\/antonin\/2024\/11\/04\/ligne-713-competition-de-basket-16-17-11\/\">Lire la suite&#8230;<\/a><\/p><\/div><\/div>\n<\/div>\n\n<\/li><li class=\"wp-block-post post-626 post type-post status-publish format-standard has-post-thumbnail hentry category-actualites category-ligne-713\">\n\n<div class=\"wp-block-columns is-layout-flex wp-container-core-columns-is-layout-28f84493 wp-block-columns-is-layout-flex\">\n<div class=\"wp-block-column is-layout-flow wp-block-column-is-layout-flow\" style=\"flex-basis:30%\"><figure class=\"wp-block-post-featured-image\"><a href=\"https:\/\/seal.transport-manager.net\/antonin\/2024\/09\/18\/ligne-713-gala-dhumour-28-09\/\" target=\"_self\"  ><img loading=\"lazy\" decoding=\"async\" width=\"290\" height=\"203\" src=\"https:\/\/seal.transport-manager.net\/antonin\/wp-content\/uploads\/sites\/87\/2024\/09\/Blog-Arena.png\" class=\"attachment-post-thumbnail size-post-thumbnail wp-post-image\" alt=\"Ligne 713 : Gala d&rsquo;humour 28\/09\" style=\"object-fit:cover;\" \/><\/a><\/figure><\/div>\n\n\n\n<div class=\"wp-block-column is-vertically-aligned-center is-layout-flow wp-container-core-column-is-layout-6b73ce23 wp-block-column-is-layout-flow\"><div class=\"taxonomy-category wp-block-post-terms has-small-font-size\"><a href=\"https:\/\/seal.transport-manager.net\/antonin\/category\/actualites\/\" rel=\"tag\">Actualit\u00e9s<\/a><span class=\"wp-block-post-terms__separator\">, <\/span><a href=\"https:\/\/seal.transport-manager.net\/antonin\/category\/actualites\/ligne-713\/\" rel=\"tag\">Ligne 713<\/a><\/div>\n\n<h3 class=\"wp-block-post-title\"><a href=\"https:\/\/seal.transport-manager.net\/antonin\/2024\/09\/18\/ligne-713-gala-dhumour-28-09\/\" target=\"_self\" >Ligne 713 : Gala d&rsquo;humour 28\/09<\/a><\/h3>\n\n<div class=\"wp-block-post-date has-small-font-size\"><time datetime=\"2024-09-18T10:29:03+02:00\">18 septembre 2024<\/time><\/div>\n\n<div class=\"wp-block-post-excerpt\"><p class=\"wp-block-post-excerpt__excerpt\">Le samedi 28 septembre 2024 \u00e0 20h30, la Licorne Arena accueille un gala d&rsquo;humour, rassemblant les plus grands talents de la jeune g\u00e9n\u00e9ration. Pour cette occasion, Koalabus active la ligne\u2026 <a class=\"wp-block-post-excerpt__more-link\" href=\"https:\/\/seal.transport-manager.net\/antonin\/2024\/09\/18\/ligne-713-gala-dhumour-28-09\/\">Lire la suite&#8230;<\/a><\/p><\/div><\/div>\n<\/div>\n\n<\/li><\/ul>\n\n\n\n<\/div>\n<\/div><\/div>\n<\/div>\n","protected":false},"excerpt":{"rendered":"<p>La Licorne Arena a rouvert ses portes le 8 juin 2024 apr\u00e8s plus de 5 ans de travaux. Cet \u00e9quipement m\u00e9tropolitain majeur permet de proposer aux habitants de la M\u00e9tropole de nombreux concerts ainsi que de grands \u00e9v\u00e9nements sportifs. Ligne 713 et lignes r\u00e9guli\u00e8res La Licorne Arena est normalement desservie [&hellip;]<\/p>\n","protected":false},"author":87,"featured_media":0,"parent":0,"menu_order":0,"comment_status":"closed","ping_status":"closed","template":"","meta":{"footnotes":""},"class_list":["post-476","page","type-page","status-publish","hentry"],"_links":{"self":[{"href":"https:\/\/seal.transport-manager.net\/antonin\/wp-json\/wp\/v2\/pages\/476","targetHints":{"allow":["GET"]}}],"collection":[{"href":"https:\/\/seal.transport-manager.net\/antonin\/wp-json\/wp\/v2\/pages"}],"about":[{"href":"https:\/\/seal.transport-manager.net\/antonin\/wp-json\/wp\/v2\/types\/page"}],"author":[{"embeddable":true,"href":"https:\/\/seal.transport-manager.net\/antonin\/wp-json\/wp\/v2\/users\/87"}],"replies":[{"embeddable":true,"href":"https:\/\/seal.transport-manager.net\/antonin\/wp-json\/wp\/v2\/comments?post=476"}],"version-history":[{"count":13,"href":"https:\/\/seal.transport-manager.net\/antonin\/wp-json\/wp\/v2\/pages\/476\/revisions"}],"predecessor-version":[{"id":1849,"href":"https:\/\/seal.transport-manager.net\/antonin\/wp-json\/wp\/v2\/pages\/476\/revisions\/1849"}],"wp:attachment":[{"href":"https:\/\/seal.transport-manager.net\/antonin\/wp-json\/wp\/v2\/media?parent=476"}],"curies":[{"name":"wp","href":"https:\/\/api.w.org\/{rel}","templated":true}]}}