{"id":501,"date":"2024-09-17T09:57:00","date_gmt":"2024-09-17T07:57:00","guid":{"rendered":"https:\/\/seal.transport-manager.net\/antonin\/?page_id=501"},"modified":"2025-10-26T14:41:52","modified_gmt":"2025-10-26T13:41:52","slug":"desserte-des-poles-universitaires","status":"publish","type":"page","link":"https:\/\/seal.transport-manager.net\/antonin\/desserte-des-poles-universitaires\/","title":{"rendered":"Desserte des p\u00f4les universitaires"},"content":{"rendered":"\n<p>L&rsquo;Universit\u00e9 M\u00e9tropolitaine est l&rsquo;une des plus importantes du pays, au regard de la taille modeste de l&rsquo;agglom\u00e9ration. Elle rassemble tous les enseignements majeurs (Sciences et techniques, Sant\u00e9, Droit et sciences politiques, Sciences humaines et sociales).<\/p>\n\n\n\n<figure class=\"wp-block-image size-full wp-duotone-rgb22211853-rgba2042042040-1\"><img loading=\"lazy\" decoding=\"async\" width=\"826\" height=\"313\" src=\"https:\/\/seal.transport-manager.net\/antonin\/wp-content\/uploads\/sites\/87\/2024\/09\/Uni.jpg\" alt=\"\" class=\"wp-image-538\" srcset=\"https:\/\/seal.transport-manager.net\/antonin\/wp-content\/uploads\/sites\/87\/2024\/09\/Uni.jpg 826w, https:\/\/seal.transport-manager.net\/antonin\/wp-content\/uploads\/sites\/87\/2024\/09\/Uni-300x114.jpg 300w, https:\/\/seal.transport-manager.net\/antonin\/wp-content\/uploads\/sites\/87\/2024\/09\/Uni-768x291.jpg 768w\" sizes=\"auto, (max-width: 826px) 100vw, 826px\" \/><figcaption class=\"wp-element-caption\"><sup>Campus Alan Turing, B\u00e2timent principal et Amphith\u00e9\u00e2tre (images A. Liivet CC0, Manuel MC CC BY-SA 2.0)<\/sup><\/figcaption><\/figure>\n\n\n\n<p>Tous les campus sont accessibles en transport en commun. Le tableau ci-dessous recense les arr\u00eats \u00e0 privil\u00e9gier en fonction de votre lieu de destination.<\/p>\n\n\n\n<figure class=\"wp-block-table is-style-stripes\"><table><thead><tr><th class=\"has-text-align-center\" data-align=\"center\">Site<\/th><th class=\"has-text-align-center\" data-align=\"center\">\u00c9tablissement(s)<\/th><th class=\"has-text-align-center\" data-align=\"center\">Arr\u00eat<\/th><th class=\"has-text-align-center\" data-align=\"center\">Ligne(s)<\/th><\/tr><\/thead><tbody><tr><td class=\"has-text-align-center\" data-align=\"center\">Centre-Ville<\/td><td class=\"has-text-align-center\" data-align=\"center\">Direction<br>Amphith\u00e9\u00e2tre Aula<br>Facult\u00e9 de Droit<\/td><td class=\"has-text-align-center\" data-align=\"center\">Universit\u00e9 Aula<\/td><td class=\"has-text-align-center\" data-align=\"center\"><img loading=\"lazy\" decoding=\"async\" width=\"97\" height=\"97\" class=\"wp-image-1287\" style=\"width: 30px\" src=\"https:\/\/seal.transport-manager.net\/antonin\/wp-content\/uploads\/sites\/87\/2025\/10\/logo_bus.png\" alt=\"\"><a href=\"https:\/\/seal.transport-manager.net\/antonin\/ligne-7\/\" data-type=\"page\" data-id=\"646\"><img loading=\"lazy\" decoding=\"async\" width=\"97\" height=\"97\" class=\"wp-image-159\" style=\"width: 30px\" src=\"https:\/\/seal.transport-manager.net\/antonin\/wp-content\/uploads\/sites\/87\/2024\/09\/L7.png\" alt=\"\"><\/a><\/td><\/tr><tr><td class=\"has-text-align-center\" data-align=\"center\">Centre-Ville<\/td><td class=\"has-text-align-center\" data-align=\"center\">Resto U Centre-Ville<\/td><td class=\"has-text-align-center\" data-align=\"center\">Charlemagne<\/td><td class=\"has-text-align-center\" data-align=\"center\"><img loading=\"lazy\" decoding=\"async\" width=\"97\" height=\"97\" class=\"wp-image-1287\" style=\"width: 30px\" src=\"https:\/\/seal.transport-manager.net\/antonin\/wp-content\/uploads\/sites\/87\/2025\/10\/logo_bus.png\" alt=\"\"><a href=\"https:\/\/seal.transport-manager.net\/antonin\/ligne-7\/\" data-type=\"page\" data-id=\"646\"><img loading=\"lazy\" decoding=\"async\" width=\"97\" height=\"97\" class=\"wp-image-159\" style=\"text-align: start;width: 30px\" src=\"https:\/\/seal.transport-manager.net\/antonin\/wp-content\/uploads\/sites\/87\/2024\/09\/L7.png\" alt=\"\"><\/a><\/td><\/tr><tr><td class=\"has-text-align-center\" data-align=\"center\">Centre-Ville<\/td><td class=\"has-text-align-center\" data-align=\"center\">Facult\u00e9 de Sciences Politiques<br>(Site Centre-Ville)<\/td><td class=\"has-text-align-center\" data-align=\"center\">Gergovie<\/td><td class=\"has-text-align-center\" data-align=\"center\"><img loading=\"lazy\" decoding=\"async\" width=\"97\" height=\"97\" class=\"wp-image-1287\" style=\"width: 30px\" src=\"https:\/\/seal.transport-manager.net\/antonin\/wp-content\/uploads\/sites\/87\/2025\/10\/logo_bus.png\" alt=\"\"><a href=\"https:\/\/seal.transport-manager.net\/antonin\/ligne-12\/\" data-type=\"page\" data-id=\"691\"><img loading=\"lazy\" decoding=\"async\" width=\"97\" height=\"97\" class=\"wp-image-154\" style=\"width: 30px\" src=\"https:\/\/seal.transport-manager.net\/antonin\/wp-content\/uploads\/sites\/87\/2024\/09\/L12.png\" alt=\"\"><\/a><a href=\"https:\/\/seal.transport-manager.net\/antonin\/ligne-62\/\" data-type=\"page\" data-id=\"830\"><img loading=\"lazy\" decoding=\"async\" width=\"97\" height=\"97\" class=\"wp-image-168\" style=\"width: 30px\" src=\"https:\/\/seal.transport-manager.net\/antonin\/wp-content\/uploads\/sites\/87\/2024\/09\/L62.png\" alt=\"\"><\/a><\/td><\/tr><tr><td class=\"has-text-align-center\" data-align=\"center\">Campus Marthe Gautier<\/td><td class=\"has-text-align-center\" data-align=\"center\">Facult\u00e9 de m\u00e9decine<\/td><td class=\"has-text-align-center\" data-align=\"center\">Campus Marthe Gautier<\/td><td class=\"has-text-align-center\" data-align=\"center\"><img loading=\"lazy\" decoding=\"async\" width=\"97\" height=\"97\" class=\"wp-image-1287\" style=\"width: 30px\" src=\"https:\/\/seal.transport-manager.net\/antonin\/wp-content\/uploads\/sites\/87\/2025\/10\/logo_bus.png\" alt=\"\"><a href=\"https:\/\/seal.transport-manager.net\/antonin\/ligne-3\/\" data-type=\"page\" data-id=\"608\"><img loading=\"lazy\" decoding=\"async\" width=\"97\" height=\"97\" class=\"wp-image-148\" style=\"width: 30px\" src=\"https:\/\/seal.transport-manager.net\/antonin\/wp-content\/uploads\/sites\/87\/2024\/09\/L3.png\" alt=\"\"><\/a><a href=\"https:\/\/seal.transport-manager.net\/antonin\/ligne-8\/\" data-type=\"page\" data-id=\"415\"><img loading=\"lazy\" decoding=\"async\" width=\"97\" height=\"97\" class=\"wp-image-158\" style=\"width: 30px\" src=\"https:\/\/seal.transport-manager.net\/antonin\/wp-content\/uploads\/sites\/87\/2024\/09\/L8.png\" alt=\"\"><\/a><a href=\"https:\/\/seal.transport-manager.net\/antonin\/ligne-11\/\" data-type=\"page\" data-id=\"61\"><img loading=\"lazy\" decoding=\"async\" width=\"97\" height=\"97\" class=\"wp-image-155\" style=\"width: 30px\" src=\"https:\/\/seal.transport-manager.net\/antonin\/wp-content\/uploads\/sites\/87\/2024\/09\/L11.png\" alt=\"\"><\/a><br><a href=\"https:\/\/seal.transport-manager.net\/antonin\/ligne-204\/\" data-type=\"page\" data-id=\"1592\"><img loading=\"lazy\" decoding=\"async\" width=\"97\" height=\"97\" class=\"wp-image-1365\" style=\"width: 30px\" src=\"https:\/\/seal.transport-manager.net\/antonin\/wp-content\/uploads\/sites\/87\/2025\/10\/L204.png\" alt=\"\"><\/a><a href=\"https:\/\/seal.transport-manager.net\/antonin\/ligne-205\/\" data-type=\"page\" data-id=\"1594\"><img loading=\"lazy\" decoding=\"async\" width=\"97\" height=\"97\" class=\"wp-image-1366\" style=\"width: 30px\" src=\"https:\/\/seal.transport-manager.net\/antonin\/wp-content\/uploads\/sites\/87\/2025\/10\/L205.png\" alt=\"\"><\/a><\/td><\/tr><tr><td class=\"has-text-align-center\" data-align=\"center\">Campus Marthe Gautier<\/td><td class=\"has-text-align-center\" data-align=\"center\">CHRU Marthe Gautier<br>Resto U Marthe Gautier<\/td><td class=\"has-text-align-center\" data-align=\"center\">CHRU Marthe Gautier<\/td><td class=\"has-text-align-center\" data-align=\"center\"><img loading=\"lazy\" decoding=\"async\" width=\"97\" height=\"97\" class=\"wp-image-1287\" style=\"width: 30px\" src=\"https:\/\/seal.transport-manager.net\/antonin\/wp-content\/uploads\/sites\/87\/2025\/10\/logo_bus.png\" alt=\"\"><a href=\"https:\/\/seal.transport-manager.net\/antonin\/ligne-3\/\" data-type=\"page\" data-id=\"608\"><img loading=\"lazy\" decoding=\"async\" width=\"97\" height=\"97\" class=\"wp-image-148\" style=\"width: 30px\" src=\"https:\/\/seal.transport-manager.net\/antonin\/wp-content\/uploads\/sites\/87\/2024\/09\/L3.png\" alt=\"\"><\/a><a href=\"https:\/\/seal.transport-manager.net\/antonin\/ligne-11\/\" data-type=\"page\" data-id=\"61\"><img loading=\"lazy\" decoding=\"async\" width=\"97\" height=\"97\" class=\"wp-image-155\" style=\"width: 30px\" src=\"https:\/\/seal.transport-manager.net\/antonin\/wp-content\/uploads\/sites\/87\/2024\/09\/L11.png\" alt=\"\"><\/a><\/td><\/tr><tr><td class=\"has-text-align-center\" data-align=\"center\">Campus Alan Turing<\/td><td class=\"has-text-align-center\" data-align=\"center\">Facult\u00e9 de Math\u00e9matiques<br>Facult\u00e9 de Physique-Chimie<br>IUT (Aile est)<\/td><td class=\"has-text-align-center\" data-align=\"center\">Campus Alan Turing<\/td><td class=\"has-text-align-center\" data-align=\"center\"><img loading=\"lazy\" decoding=\"async\" width=\"97\" height=\"97\" class=\"wp-image-1287\" style=\"width: 30px\" src=\"https:\/\/seal.transport-manager.net\/antonin\/wp-content\/uploads\/sites\/87\/2025\/10\/logo_bus.png\" alt=\"\"><a href=\"https:\/\/seal.transport-manager.net\/antonin\/ligne-2\/\" data-type=\"page\" data-id=\"699\"><img loading=\"lazy\" decoding=\"async\" width=\"97\" height=\"97\" class=\"wp-image-149\" style=\"width: 30px\" src=\"https:\/\/seal.transport-manager.net\/antonin\/wp-content\/uploads\/sites\/87\/2024\/09\/L2.png\" alt=\"\"><\/a><a href=\"https:\/\/seal.transport-manager.net\/antonin\/ligne-9\/\" data-type=\"page\" data-id=\"125\"><img loading=\"lazy\" decoding=\"async\" width=\"97\" height=\"97\" class=\"wp-image-157\" style=\"text-align: start;width: 30px\" src=\"https:\/\/seal.transport-manager.net\/antonin\/wp-content\/uploads\/sites\/87\/2024\/09\/L9.png\" alt=\"\"><\/a><a href=\"https:\/\/seal.transport-manager.net\/antonin\/ligne-10\/\" data-type=\"page\" data-id=\"121\"><img loading=\"lazy\" decoding=\"async\" width=\"97\" height=\"97\" class=\"wp-image-156\" style=\"text-align: start;width: 30px\" src=\"https:\/\/seal.transport-manager.net\/antonin\/wp-content\/uploads\/sites\/87\/2024\/09\/L10.png\" alt=\"\"><\/a><a href=\"https:\/\/seal.transport-manager.net\/antonin\/ligne-17\/\" data-type=\"page\" data-id=\"1668\"><img loading=\"lazy\" decoding=\"async\" width=\"97\" height=\"97\" class=\"wp-image-1359\" style=\"width: 30px\" src=\"https:\/\/seal.transport-manager.net\/antonin\/wp-content\/uploads\/sites\/87\/2025\/10\/L17.png\" alt=\"\"><\/a><a href=\"https:\/\/seal.transport-manager.net\/antonin\/ligne-201\/\" data-type=\"page\" data-id=\"871\"><img loading=\"lazy\" decoding=\"async\" width=\"97\" height=\"97\" class=\"wp-image-178\" style=\"width: 30px\" src=\"https:\/\/seal.transport-manager.net\/antonin\/wp-content\/uploads\/sites\/87\/2024\/09\/L201.png\" alt=\"\"><\/a><a href=\"https:\/\/seal.transport-manager.net\/antonin\/ligne-202\/\" data-type=\"page\" data-id=\"874\"><img loading=\"lazy\" decoding=\"async\" width=\"98\" height=\"97\" class=\"wp-image-177\" style=\"width: 30px\" src=\"https:\/\/seal.transport-manager.net\/antonin\/wp-content\/uploads\/sites\/87\/2024\/09\/L202.png\" alt=\"\"><\/a><\/td><\/tr><tr><td class=\"has-text-align-center\" data-align=\"center\">Campus Alan Turing<\/td><td class=\"has-text-align-center\" data-align=\"center\">Facult\u00e9 de Biologie<\/td><td class=\"has-text-align-center\" data-align=\"center\">Fac de Biologie<\/td><td class=\"has-text-align-center\" data-align=\"center\"><img loading=\"lazy\" decoding=\"async\" width=\"97\" height=\"97\" class=\"wp-image-1287\" style=\"width: 30px\" src=\"https:\/\/seal.transport-manager.net\/antonin\/wp-content\/uploads\/sites\/87\/2025\/10\/logo_bus.png\" alt=\"\"><a href=\"https:\/\/seal.transport-manager.net\/antonin\/ligne-10\/\" data-type=\"page\" data-id=\"121\"><img loading=\"lazy\" decoding=\"async\" width=\"97\" height=\"97\" class=\"wp-image-156\" style=\"width: 30px\" src=\"https:\/\/seal.transport-manager.net\/antonin\/wp-content\/uploads\/sites\/87\/2024\/09\/L10.png\" alt=\"\"><\/a><a href=\"https:\/\/seal.transport-manager.net\/antonin\/ligne-17\/\" data-type=\"page\" data-id=\"1668\"><img loading=\"lazy\" decoding=\"async\" width=\"97\" height=\"97\" class=\"wp-image-1359\" style=\"width: 30px\" src=\"https:\/\/seal.transport-manager.net\/antonin\/wp-content\/uploads\/sites\/87\/2025\/10\/L17.png\" alt=\"\"><\/a><\/td><\/tr><tr><td class=\"has-text-align-center\" data-align=\"center\">Campus Alan Turing<\/td><td class=\"has-text-align-center\" data-align=\"center\">IUT (Direction)<br>IUT (Ailes sud et ouest)<\/td><td class=\"has-text-align-center\" data-align=\"center\">IUT<\/td><td class=\"has-text-align-center\" data-align=\"center\"><img loading=\"lazy\" decoding=\"async\" width=\"97\" height=\"97\" class=\"wp-image-1287\" style=\"width: 30px\" src=\"https:\/\/seal.transport-manager.net\/antonin\/wp-content\/uploads\/sites\/87\/2025\/10\/logo_bus.png\" alt=\"\"><a href=\"https:\/\/seal.transport-manager.net\/antonin\/ligne-2\/\" data-type=\"page\" data-id=\"699\"><img loading=\"lazy\" decoding=\"async\" width=\"97\" height=\"97\" class=\"wp-image-149\" style=\"width: 30px\" src=\"https:\/\/seal.transport-manager.net\/antonin\/wp-content\/uploads\/sites\/87\/2024\/09\/L2.png\" alt=\"\"><\/a><\/td><\/tr><tr><td class=\"has-text-align-center\" data-align=\"center\">Campus Alan Turing<\/td><td class=\"has-text-align-center\" data-align=\"center\">IUT (Aile nord)<br>Resto U Alan Turing<\/td><td class=\"has-text-align-center\" data-align=\"center\">Resto U<\/td><td class=\"has-text-align-center\" data-align=\"center\"><img loading=\"lazy\" decoding=\"async\" width=\"97\" height=\"97\" class=\"wp-image-1287\" style=\"width: 30px\" src=\"https:\/\/seal.transport-manager.net\/antonin\/wp-content\/uploads\/sites\/87\/2025\/10\/logo_bus.png\" alt=\"\"><a href=\"https:\/\/seal.transport-manager.net\/antonin\/ligne-9\/\" data-type=\"page\" data-id=\"125\"><img loading=\"lazy\" decoding=\"async\" width=\"97\" height=\"97\" class=\"wp-image-157\" style=\"width: 30px\" src=\"https:\/\/seal.transport-manager.net\/antonin\/wp-content\/uploads\/sites\/87\/2024\/09\/L9.png\" alt=\"\"><\/a><a href=\"https:\/\/seal.transport-manager.net\/antonin\/ligne-17\/\" data-type=\"page\" data-id=\"1668\"><img loading=\"lazy\" decoding=\"async\" width=\"97\" height=\"97\" class=\"wp-image-1359\" style=\"width: 30px\" src=\"https:\/\/seal.transport-manager.net\/antonin\/wp-content\/uploads\/sites\/87\/2025\/10\/L17.png\" alt=\"\"><\/a><\/td><\/tr><tr><td class=\"has-text-align-center\" data-align=\"center\">Campus Maryse Esterle<\/td><td class=\"has-text-align-center\" data-align=\"center\">Facult\u00e9 de Sciences<br>Humaines et Sociales <br>Resto U Maryse Esterle<\/td><td class=\"has-text-align-center\" data-align=\"center\">Campus Maryse Esterle<\/td><td class=\"has-text-align-center\" data-align=\"center\"><img loading=\"lazy\" decoding=\"async\" width=\"97\" height=\"97\" class=\"wp-image-1287\" style=\"width: 30px\" src=\"https:\/\/seal.transport-manager.net\/antonin\/wp-content\/uploads\/sites\/87\/2025\/10\/logo_bus.png\" alt=\"\"><a href=\"https:\/\/seal.transport-manager.net\/antonin\/ligne-6\/\" data-type=\"page\" data-id=\"645\"><img loading=\"lazy\" decoding=\"async\" width=\"97\" height=\"97\" class=\"wp-image-160\" style=\"width: 30px\" src=\"https:\/\/seal.transport-manager.net\/antonin\/wp-content\/uploads\/sites\/87\/2024\/09\/L6.png\" alt=\"\"><\/a><a href=\"https:\/\/seal.transport-manager.net\/antonin\/ligne-11\/\" data-type=\"page\" data-id=\"61\"><img loading=\"lazy\" decoding=\"async\" width=\"97\" height=\"97\" class=\"wp-image-155\" style=\"width: 30px\" src=\"https:\/\/seal.transport-manager.net\/antonin\/wp-content\/uploads\/sites\/87\/2024\/09\/L11.png\" alt=\"\"><\/a><a href=\"https:\/\/seal.transport-manager.net\/antonin\/ligne-63\/\" data-type=\"page\" data-id=\"825\"><img loading=\"lazy\" decoding=\"async\" width=\"97\" height=\"97\" class=\"wp-image-167\" style=\"width: 30px\" src=\"https:\/\/seal.transport-manager.net\/antonin\/wp-content\/uploads\/sites\/87\/2024\/09\/L63.png\" alt=\"\"><\/a><a href=\"https:\/\/seal.transport-manager.net\/antonin\/ligne-102\/\" data-type=\"page\" data-id=\"1024\"><img loading=\"lazy\" decoding=\"async\" width=\"98\" height=\"97\" class=\"wp-image-183\" style=\"width: 30px\" src=\"https:\/\/seal.transport-manager.net\/antonin\/wp-content\/uploads\/sites\/87\/2024\/09\/L102.png\" alt=\"\"><\/a><\/td><\/tr><tr><td class=\"has-text-align-center\" data-align=\"center\">Campus Luca Pacioli<\/td><td class=\"has-text-align-center\" data-align=\"center\">Facult\u00e9 d&rsquo;\u00c9conomie-Gestion<br>Facult\u00e9 de Droit (Annexe)<\/td><td class=\"has-text-align-center\" data-align=\"center\">P\u00f4le Luca Pacioli<\/td><td class=\"has-text-align-center\" data-align=\"center\"><img loading=\"lazy\" decoding=\"async\" width=\"97\" height=\"97\" class=\"wp-image-1287\" style=\"width: 30px\" src=\"https:\/\/seal.transport-manager.net\/antonin\/wp-content\/uploads\/sites\/87\/2025\/10\/logo_bus.png\" alt=\"\"><a href=\"https:\/\/seal.transport-manager.net\/antonin\/ligne-5\/\" data-type=\"page\" data-id=\"279\"><img loading=\"lazy\" decoding=\"async\" width=\"97\" height=\"97\" class=\"wp-image-161\" style=\"width: 30px\" src=\"https:\/\/seal.transport-manager.net\/antonin\/wp-content\/uploads\/sites\/87\/2024\/09\/L5.png\" alt=\"\"><\/a><a href=\"https:\/\/seal.transport-manager.net\/antonin\/ligne-8\/\" data-type=\"page\" data-id=\"415\"><img loading=\"lazy\" decoding=\"async\" width=\"97\" height=\"97\" class=\"wp-image-158\" style=\"width: 30px\" src=\"https:\/\/seal.transport-manager.net\/antonin\/wp-content\/uploads\/sites\/87\/2024\/09\/L8.png\" alt=\"\"><\/a><a href=\"https:\/\/seal.transport-manager.net\/antonin\/ligne-15\/\" data-type=\"page\" data-id=\"1664\"><img loading=\"lazy\" decoding=\"async\" width=\"97\" height=\"97\" class=\"wp-image-1357\" style=\"width: 30px\" src=\"https:\/\/seal.transport-manager.net\/antonin\/wp-content\/uploads\/sites\/87\/2025\/10\/L15.png\" alt=\"\"><\/a><a href=\"https:\/\/seal.transport-manager.net\/antonin\/ligne-65\/\" data-type=\"page\" data-id=\"1653\"><img loading=\"lazy\" decoding=\"async\" width=\"97\" height=\"97\" class=\"wp-image-1361\" style=\"width: 30px\" src=\"https:\/\/seal.transport-manager.net\/antonin\/wp-content\/uploads\/sites\/87\/2025\/10\/L65.png\" alt=\"\"><\/a><a href=\"https:\/\/seal.transport-manager.net\/antonin\/ligne-103\/\" data-type=\"page\" data-id=\"1025\"><img loading=\"lazy\" decoding=\"async\" width=\"98\" height=\"98\" class=\"wp-image-182\" style=\"width: 30px\" src=\"https:\/\/seal.transport-manager.net\/antonin\/wp-content\/uploads\/sites\/87\/2024\/09\/L103.png\" alt=\"\"><\/a><a href=\"https:\/\/seal.transport-manager.net\/antonin\/ligne-105\/\" data-type=\"page\" data-id=\"1507\"><img loading=\"lazy\" decoding=\"async\" width=\"97\" height=\"97\" class=\"wp-image-1362\" style=\"width: 30px\" src=\"https:\/\/seal.transport-manager.net\/antonin\/wp-content\/uploads\/sites\/87\/2025\/10\/L105.png\" alt=\"\"><\/a><\/td><\/tr><tr><td class=\"has-text-align-center\" data-align=\"center\">IPUM<\/td><td class=\"has-text-align-center\" data-align=\"center\">Institut Polytechnique<br>Universitaire M\u00e9tropolitain<\/td><td class=\"has-text-align-center\" data-align=\"center\">\u00c9cole d&rsquo;Ing\u00e9nieurs<\/td><td class=\"has-text-align-center\" data-align=\"center\"><img loading=\"lazy\" decoding=\"async\" width=\"97\" height=\"97\" class=\"wp-image-1287\" style=\"width: 30px\" src=\"https:\/\/seal.transport-manager.net\/antonin\/wp-content\/uploads\/sites\/87\/2025\/10\/logo_bus.png\" alt=\"\"><a href=\"https:\/\/seal.transport-manager.net\/antonin\/ligne-8\/\" data-type=\"page\" data-id=\"415\"><img loading=\"lazy\" decoding=\"async\" width=\"97\" height=\"97\" class=\"wp-image-158\" style=\"width: 30px\" src=\"https:\/\/seal.transport-manager.net\/antonin\/wp-content\/uploads\/sites\/87\/2024\/09\/L8.png\" alt=\"\"><\/a><\/td><\/tr><tr><td class=\"has-text-align-center\" data-align=\"center\">ESAD<\/td><td class=\"has-text-align-center\" data-align=\"center\">\u00c9cole Sup\u00e9rieure d&rsquo;Art et<br>de Design<\/td><td class=\"has-text-align-center\" data-align=\"center\">Cit\u00e9 des Arts<\/td><td class=\"has-text-align-center\" data-align=\"center\"><img loading=\"lazy\" decoding=\"async\" width=\"97\" height=\"97\" class=\"wp-image-1287\" style=\"width: 30px\" src=\"https:\/\/seal.transport-manager.net\/antonin\/wp-content\/uploads\/sites\/87\/2025\/10\/logo_bus.png\" alt=\"\"><a href=\"https:\/\/seal.transport-manager.net\/antonin\/ligne-3\/\" data-type=\"page\" data-id=\"608\"><img loading=\"lazy\" decoding=\"async\" width=\"97\" height=\"97\" class=\"wp-image-148\" style=\"width: 30px\" src=\"https:\/\/seal.transport-manager.net\/antonin\/wp-content\/uploads\/sites\/87\/2024\/09\/L3.png\" alt=\"\"><\/a><a href=\"https:\/\/seal.transport-manager.net\/antonin\/ligne-4\/\" data-type=\"page\" data-id=\"609\"><img loading=\"lazy\" decoding=\"async\" width=\"97\" height=\"97\" class=\"wp-image-162\" style=\"width: 30px\" src=\"https:\/\/seal.transport-manager.net\/antonin\/wp-content\/uploads\/sites\/87\/2024\/09\/L4.png\" alt=\"\"><\/a><\/td><\/tr><tr><td class=\"has-text-align-center\" data-align=\"center\">IMEA<\/td><td class=\"has-text-align-center\" data-align=\"center\">Institut M\u00e9tropolitain d&rsquo;Etudes d&rsquo;Architecture<\/td><td class=\"has-text-align-center\" data-align=\"center\">\u00c9cole d&rsquo;Architecture<\/td><td class=\"has-text-align-center\" data-align=\"center\"><img loading=\"lazy\" decoding=\"async\" width=\"97\" height=\"97\" class=\"wp-image-1287\" style=\"width: 30px\" src=\"https:\/\/seal.transport-manager.net\/antonin\/wp-content\/uploads\/sites\/87\/2025\/10\/logo_bus.png\" alt=\"\"><a href=\"https:\/\/seal.transport-manager.net\/antonin\/ligne-4\/\" data-type=\"page\" data-id=\"609\"><img loading=\"lazy\" decoding=\"async\" width=\"97\" height=\"97\" class=\"wp-image-162\" style=\"width: 30px\" src=\"https:\/\/seal.transport-manager.net\/antonin\/wp-content\/uploads\/sites\/87\/2024\/09\/L4.png\" alt=\"\"><\/a><\/td><\/tr><tr><td class=\"has-text-align-center\" data-align=\"center\">Sciences Po<\/td><td class=\"has-text-align-center\" data-align=\"center\">Facult\u00e9 de Sciences Politiques<br>(Site Principal)<\/td><td class=\"has-text-align-center\" data-align=\"center\">Sciences Po<\/td><td class=\"has-text-align-center\" data-align=\"center\"><img loading=\"lazy\" decoding=\"async\" width=\"97\" height=\"97\" class=\"wp-image-1287\" style=\"width: 30px\" src=\"https:\/\/seal.transport-manager.net\/antonin\/wp-content\/uploads\/sites\/87\/2025\/10\/logo_bus.png\" alt=\"\"><a href=\"https:\/\/seal.transport-manager.net\/antonin\/ligne-5\/\" data-type=\"page\" data-id=\"279\"><img loading=\"lazy\" decoding=\"async\" width=\"97\" height=\"97\" class=\"wp-image-161\" style=\"width: 30px\" src=\"https:\/\/seal.transport-manager.net\/antonin\/wp-content\/uploads\/sites\/87\/2024\/09\/L5.png\" alt=\"\"><\/a><a href=\"https:\/\/seal.transport-manager.net\/antonin\/ligne-104\/\" data-type=\"page\" data-id=\"1026\"><img loading=\"lazy\" decoding=\"async\" width=\"98\" height=\"97\" class=\"wp-image-181\" style=\"width: 30px\" src=\"https:\/\/seal.transport-manager.net\/antonin\/wp-content\/uploads\/sites\/87\/2024\/09\/L104.png\" alt=\"\"><\/a><\/td><\/tr><\/tbody><\/table><\/figure>\n\n\n\n<p><\/p>\n","protected":false},"excerpt":{"rendered":"<p>L&rsquo;Universit\u00e9 M\u00e9tropolitaine est l&rsquo;une des plus importantes du pays, au regard de la taille modeste de l&rsquo;agglom\u00e9ration. Elle rassemble tous les enseignements majeurs (Sciences et techniques, Sant\u00e9, Droit et sciences politiques, Sciences humaines et sociales). Tous les campus sont accessibles en transport en commun. Le tableau ci-dessous recense les arr\u00eats [&hellip;]<\/p>\n","protected":false},"author":87,"featured_media":0,"parent":0,"menu_order":0,"comment_status":"closed","ping_status":"closed","template":"","meta":{"footnotes":""},"class_list":["post-501","page","type-page","status-publish","hentry"],"_links":{"self":[{"href":"https:\/\/seal.transport-manager.net\/antonin\/wp-json\/wp\/v2\/pages\/501","targetHints":{"allow":["GET"]}}],"collection":[{"href":"https:\/\/seal.transport-manager.net\/antonin\/wp-json\/wp\/v2\/pages"}],"about":[{"href":"https:\/\/seal.transport-manager.net\/antonin\/wp-json\/wp\/v2\/types\/page"}],"author":[{"embeddable":true,"href":"https:\/\/seal.transport-manager.net\/antonin\/wp-json\/wp\/v2\/users\/87"}],"replies":[{"embeddable":true,"href":"https:\/\/seal.transport-manager.net\/antonin\/wp-json\/wp\/v2\/comments?post=501"}],"version-history":[{"count":31,"href":"https:\/\/seal.transport-manager.net\/antonin\/wp-json\/wp\/v2\/pages\/501\/revisions"}],"predecessor-version":[{"id":1793,"href":"https:\/\/seal.transport-manager.net\/antonin\/wp-json\/wp\/v2\/pages\/501\/revisions\/1793"}],"wp:attachment":[{"href":"https:\/\/seal.transport-manager.net\/antonin\/wp-json\/wp\/v2\/media?parent=501"}],"curies":[{"name":"wp","href":"https:\/\/api.w.org\/{rel}","templated":true}]}}