{"id":691,"date":"2024-09-20T13:49:23","date_gmt":"2024-09-20T11:49:23","guid":{"rendered":"https:\/\/seal.transport-manager.net\/antonin\/?page_id=691"},"modified":"2025-10-26T11:28:25","modified_gmt":"2025-10-26T10:28:25","slug":"ligne-12","status":"publish","type":"page","link":"https:\/\/seal.transport-manager.net\/antonin\/ligne-12\/","title":{"rendered":"Ligne 12"},"content":{"rendered":"\n<div class=\"wp-block-buttons is-content-justification-right is-layout-flex wp-container-core-buttons-is-layout-d445cf74 wp-block-buttons-is-layout-flex\">\n<div class=\"wp-block-button\"><a class=\"wp-block-button__link has-small-font-size has-custom-font-size wp-element-button\" href=\"https:\/\/seal.transport-manager.net\/antonin\/horaires-lignes\/\">\u238b retourner \u00e0 la liste des lignes<\/a><\/div>\n<\/div>\n\n\n\n<hr class=\"wp-block-separator has-alpha-channel-opacity is-style-wide\" \/>\n\n\n\n<div class=\"wp-block-columns is-layout-flex wp-container-core-columns-is-layout-28f84493 wp-block-columns-is-layout-flex\" style=\"border-style:none;border-width:0px\">\n<div class=\"wp-block-column is-layout-flow wp-block-column-is-layout-flow\" style=\"flex-basis:36%\">\n<p class=\"has-text-align-right\"><img loading=\"lazy\" decoding=\"async\" width=\"97\" height=\"97\" class=\"wp-image-1287\" style=\"width: 80px\" src=\"https:\/\/seal.transport-manager.net\/antonin\/wp-content\/uploads\/sites\/87\/2025\/10\/logo_bus.png\" alt=\"\"><img loading=\"lazy\" decoding=\"async\" width=\"97\" height=\"97\" class=\"wp-image-154\" style=\"width: 80px\" src=\"https:\/\/seal.transport-manager.net\/antonin\/wp-content\/uploads\/sites\/87\/2024\/09\/L12.png\" alt=\"\"><\/p>\n<\/div>\n\n\n\n<div class=\"wp-block-column is-vertically-aligned-center is-layout-flow wp-block-column-is-layout-flow\" style=\"flex-basis:66.66%\">\n<div class=\"wp-block-buttons is-layout-flex wp-block-buttons-is-layout-flex\">\n<div class=\"wp-block-button is-style-outline is-style-outline--1\"><a class=\"wp-block-button__link has-medium-font-size has-custom-font-size wp-element-button\"><strong>Gare Centrale &lt;&gt; Parc d&rsquo;Attractions<\/strong><\/a><\/div>\n<\/div>\n<\/div>\n<\/div>\n\n\n\n<div class=\"wp-block-buttons is-content-justification-center is-layout-flex wp-container-core-buttons-is-layout-a89b3969 wp-block-buttons-is-layout-flex\">\n<div class=\"wp-block-button\"><a class=\"wp-block-button__link has-medium-font-size has-custom-font-size wp-element-button\"><s>Fiche horaire<\/s><\/a><\/div>\n\n\n\n<div class=\"wp-block-button\"><a class=\"wp-block-button__link wp-element-button\" href=\"https:\/\/seal.transport-manager.net\/antonin\/thermo-l12\/\">Plan de la ligne<\/a><\/div>\n<\/div>\n\n\n\n<hr class=\"wp-block-separator has-alpha-channel-opacity\" \/>\n\n\n\n<div class=\"wp-block-columns is-layout-flex wp-container-core-columns-is-layout-28f84493 wp-block-columns-is-layout-flex\">\n<div class=\"wp-block-column is-layout-flow wp-block-column-is-layout-flow\" style=\"flex-basis:40%\">\n<figure class=\"wp-block-image size-full\"><img loading=\"lazy\" decoding=\"async\" width=\"324\" height=\"779\" src=\"https:\/\/seal.transport-manager.net\/antonin\/wp-content\/uploads\/sites\/87\/2025\/10\/Thermo-L12.png\" alt=\"\" class=\"wp-image-1767\" srcset=\"https:\/\/seal.transport-manager.net\/antonin\/wp-content\/uploads\/sites\/87\/2025\/10\/Thermo-L12.png 324w, https:\/\/seal.transport-manager.net\/antonin\/wp-content\/uploads\/sites\/87\/2025\/10\/Thermo-L12-125x300.png 125w\" sizes=\"auto, (max-width: 324px) 100vw, 324px\" \/><\/figure>\n<\/div>\n\n\n\n<div class=\"wp-block-column is-layout-flow wp-block-column-is-layout-flow\" style=\"flex-basis:2%\">\n<p class=\"has-medium-font-size\"><\/p>\n<\/div>\n\n\n\n<div class=\"wp-block-column is-layout-flow wp-block-column-is-layout-flow\" style=\"flex-basis:58%\">\n<p class=\"has-medium-font-size\"><strong>Description<\/strong><\/p>\n\n\n\n<p>La ligne 12 est une ligne radiale du sud-ouest de la m\u00e9tropole. Elle dessert le p\u00f4le d\u2019\u00e9changes multimodal de la Gare Centrale, la rue Carnot, le Palais des Beaux-Arts, la Place Saint-Pierre au bord du Fleuve, le Ch\u00e2teau, le lyc\u00e9e Jean Zay, les \u00e9quipements sportifs du Parc des Sports et le Parc d\u2019Attractions.<\/p>\n\n\n\n<ul class=\"wp-block-list\">\n<li>Distance : 7,2 km<\/li>\n\n\n\n<li>Temps de parcours : 27 min<\/li>\n\n\n\n<li>Nombre d\u2019arr\u00eats : 21<\/li>\n<\/ul>\n\n\n\n<hr class=\"wp-block-separator has-alpha-channel-opacity\" \/>\n\n\n\n<p><\/p>\n\n\n\n<p class=\"has-medium-font-size\"><strong>Points d&rsquo;int\u00e9r\u00eat desservis<\/strong><\/p>\n\n\n\n<ul class=\"wp-block-list\">\n<li><img loading=\"lazy\" decoding=\"async\" width=\"27\" height=\"27\" class=\"wp-image-1719\" style=\"width: 20px\" src=\"https:\/\/seal.transport-manager.net\/antonin\/wp-content\/uploads\/sites\/87\/2025\/10\/picto_gare.png\" alt=\"\"> <a href=\"https:\/\/seal.transport-manager.net\/antonin\/reseau-ferroviaire\/\" data-type=\"page\" data-id=\"1603\">Gare Centrale<\/a><\/li>\n\n\n\n<li><img loading=\"lazy\" decoding=\"async\" width=\"27\" height=\"27\" class=\"wp-image-1712\" style=\"width: 20px\" src=\"https:\/\/seal.transport-manager.net\/antonin\/wp-content\/uploads\/sites\/87\/2025\/10\/picto_agence.png\" alt=\"\"> Office du Tourisme<\/li>\n\n\n\n<li><img loading=\"lazy\" decoding=\"async\" width=\"27\" height=\"27\" class=\"wp-image-1707\" style=\"width: 20px\" src=\"https:\/\/seal.transport-manager.net\/antonin\/wp-content\/uploads\/sites\/87\/2025\/10\/picto_theatre.png\" alt=\"\"> Op\u00e9ra<\/li>\n\n\n\n<li><img loading=\"lazy\" decoding=\"async\" width=\"27\" height=\"27\" class=\"wp-image-1714\" style=\"width: 20px\" src=\"https:\/\/seal.transport-manager.net\/antonin\/wp-content\/uploads\/sites\/87\/2025\/10\/picto_ccial.png\" alt=\"\"> Rue Carnot<\/li>\n\n\n\n<li><img loading=\"lazy\" decoding=\"async\" width=\"27\" height=\"27\" class=\"wp-image-1722\" style=\"width: 20px\" src=\"https:\/\/seal.transport-manager.net\/antonin\/wp-content\/uploads\/sites\/87\/2025\/10\/picto_musee.png\" alt=\"\"> Palais des Beaux-Arts<\/li>\n\n\n\n<li><img loading=\"lazy\" decoding=\"async\" width=\"27\" height=\"27\" class=\"wp-image-1716\" style=\"width: 20px\" src=\"https:\/\/seal.transport-manager.net\/antonin\/wp-content\/uploads\/sites\/87\/2025\/10\/picto_culte.png\" alt=\"\"> \u00c9glise St-Antoine<\/li>\n\n\n\n<li><img loading=\"lazy\" decoding=\"async\" width=\"27\" height=\"27\" class=\"wp-image-1713\" style=\"width: 20px\" src=\"https:\/\/seal.transport-manager.net\/antonin\/wp-content\/uploads\/sites\/87\/2025\/10\/picto_bibli.png\" alt=\"\"> M\u00e9diath\u00e8que m\u00e9tropolitaine<\/li>\n\n\n\n<li><img loading=\"lazy\" decoding=\"async\" width=\"27\" height=\"27\" class=\"wp-image-1749\" style=\"width: 20px\" src=\"https:\/\/seal.transport-manager.net\/antonin\/wp-content\/uploads\/sites\/87\/2025\/10\/picto_poste.png\" alt=\"\"> Bureau de Poste Central<\/li>\n\n\n\n<li><img loading=\"lazy\" decoding=\"async\" width=\"27\" height=\"27\" class=\"wp-image-1724\" style=\"width: 20px\" src=\"https:\/\/seal.transport-manager.net\/antonin\/wp-content\/uploads\/sites\/87\/2025\/10\/picto_parc.png\" alt=\"\"> Parc Rive Droite<\/li>\n\n\n\n<li><img loading=\"lazy\" decoding=\"async\" width=\"27\" height=\"27\" class=\"wp-image-1722\" style=\"width: 20px\" src=\"https:\/\/seal.transport-manager.net\/antonin\/wp-content\/uploads\/sites\/87\/2025\/10\/picto_musee.png\" alt=\"\"> Ch\u00e2teau<\/li>\n\n\n\n<li><img loading=\"lazy\" decoding=\"async\" width=\"27\" height=\"27\" class=\"wp-image-1718\" style=\"width: 20px\" src=\"https:\/\/seal.transport-manager.net\/antonin\/wp-content\/uploads\/sites\/87\/2025\/10\/picto_ecole.png\" alt=\"\"> <a href=\"https:\/\/seal.transport-manager.net\/antonin\/desserte-desetablissements-scolaires\/\" data-type=\"page\" data-id=\"1520\">Lyc\u00e9e Jean Zay<\/a><\/li>\n\n\n\n<li><img loading=\"lazy\" decoding=\"async\" width=\"27\" height=\"27\" class=\"wp-image-1706\" style=\"width: 20px\" src=\"https:\/\/seal.transport-manager.net\/antonin\/wp-content\/uploads\/sites\/87\/2025\/10\/picto_sport.png\" alt=\"\"> Parc des Sports<\/li>\n\n\n\n<li><img loading=\"lazy\" decoding=\"async\" width=\"27\" height=\"27\" class=\"wp-image-1725\" style=\"width: 20px\" src=\"https:\/\/seal.transport-manager.net\/antonin\/wp-content\/uploads\/sites\/87\/2025\/10\/picto_piscine.png\" alt=\"\"> Piscine L\u00e9on Marchand<\/li>\n\n\n\n<li><img loading=\"lazy\" decoding=\"async\" width=\"27\" height=\"27\" class=\"wp-image-1717\" style=\"width: 20px\" src=\"https:\/\/seal.transport-manager.net\/antonin\/wp-content\/uploads\/sites\/87\/2025\/10\/picto_divertissement.png\" alt=\"\"> Parc d&rsquo;Attractions Mirapolis<\/li>\n<\/ul>\n\n\n\n<p><\/p>\n\n\n\n<p class=\"has-medium-font-size\"><strong>Agences commerciales<\/strong><\/p>\n\n\n\n<ul class=\"wp-block-list\">\n<li><img loading=\"lazy\" decoding=\"async\" width=\"27\" height=\"27\" class=\"wp-image-1712\" style=\"width: 20px\" src=\"https:\/\/seal.transport-manager.net\/antonin\/wp-content\/uploads\/sites\/87\/2025\/10\/picto_agence.png\" alt=\"\"> <a href=\"https:\/\/seal.transport-manager.net\/antonin\/agences-commerciales\/\" data-type=\"page\" data-id=\"25\">Agence Gare Centrale<\/a><\/li>\n<\/ul>\n\n\n\n<hr class=\"wp-block-separator has-alpha-channel-opacity\" \/>\n\n\n\n<p><\/p>\n\n\n\n<p class=\"has-medium-font-size\"><strong>Exploitation<\/strong><\/p>\n\n\n\n<p>6 <a href=\"https:\/\/seal.transport-manager.net\/antonin\/parc-de-vehicules\/\" data-type=\"page\" data-id=\"44\">bus standards<\/a> Man Lion&rsquo;s City 12 G EfficientHybrid<\/p>\n\n\n\n<p>Circule du lundi au dimanche, y compris en soir\u00e9e.<\/p>\n\n\n\n<p><\/p>\n<\/div>\n<\/div>\n\n\n\n<p><\/p>\n\n\n\n<hr class=\"wp-block-separator has-alpha-channel-opacity is-style-default\" \/>\n\n\n\n<p class=\"has-text-align-center has-medium-font-size\"><strong>Info trafic sur votre ligne 12<\/strong><\/p>\n\n\n\n<div class=\"wp-block-group\" style=\"margin-top:0px;margin-bottom:0px;padding-top:64px;padding-bottom:64px\"><div class=\"wp-block-group__inner-container is-layout-constrained wp-container-core-group-is-layout-43e22029 wp-block-group-is-layout-constrained\">\n<div class=\"wp-block-query is-layout-flow wp-block-query-is-layout-flow\"><ul class=\"wp-block-post-template is-layout-flow wp-block-post-template-is-layout-flow\"><li class=\"wp-block-post post-1228 post type-post status-publish format-standard has-post-thumbnail hentry category-info-trafic category-ligne-1 category-ligne-10 category-ligne-101 category-ligne-102 category-ligne-103 category-ligne-104 category-ligne-11 category-ligne-12 category-ligne-13 category-ligne-2 category-ligne-201 category-ligne-202 category-ligne-203 category-ligne-3 category-ligne-4 category-ligne-5 category-ligne-6 category-ligne-60 category-ligne-601 category-ligne-602 category-ligne-61 category-ligne-62 category-ligne-63 category-ligne-64 category-ligne-651 category-ligne-652 category-ligne-7 category-ligne-8 category-ligne-9 category-ligne-901 category-ligne-902\">\n\n<div class=\"wp-block-columns is-layout-flex wp-container-core-columns-is-layout-28f84493 wp-block-columns-is-layout-flex\">\n<div class=\"wp-block-column is-layout-flow wp-block-column-is-layout-flow\" style=\"flex-basis:30%\"><figure class=\"wp-block-post-featured-image\"><a href=\"https:\/\/seal.transport-manager.net\/antonin\/2025\/09\/17\/mouvement-social-18-09\/\" target=\"_self\"  ><img loading=\"lazy\" decoding=\"async\" width=\"375\" height=\"251\" src=\"https:\/\/seal.transport-manager.net\/antonin\/wp-content\/uploads\/sites\/87\/2024\/09\/PB.png\" class=\"attachment-post-thumbnail size-post-thumbnail wp-post-image\" alt=\"Mouvement social 18\/09\" style=\"object-fit:cover;\" srcset=\"https:\/\/seal.transport-manager.net\/antonin\/wp-content\/uploads\/sites\/87\/2024\/09\/PB.png 375w, https:\/\/seal.transport-manager.net\/antonin\/wp-content\/uploads\/sites\/87\/2024\/09\/PB-300x201.png 300w, https:\/\/seal.transport-manager.net\/antonin\/wp-content\/uploads\/sites\/87\/2024\/09\/PB-360x240.png 360w\" sizes=\"auto, (max-width: 375px) 100vw, 375px\" \/><\/a><\/figure><\/div>\n\n\n\n<div class=\"wp-block-column is-vertically-aligned-center is-layout-flow wp-container-core-column-is-layout-6b73ce23 wp-block-column-is-layout-flow\"><div class=\"taxonomy-category wp-block-post-terms has-small-font-size\"><a href=\"https:\/\/seal.transport-manager.net\/antonin\/category\/info-trafic\/\" rel=\"tag\">Info trafic<\/a><span class=\"wp-block-post-terms__separator\">, <\/span><a href=\"https:\/\/seal.transport-manager.net\/antonin\/category\/info-trafic\/ligne-1\/\" rel=\"tag\">Ligne 1<\/a><span class=\"wp-block-post-terms__separator\">, <\/span><a href=\"https:\/\/seal.transport-manager.net\/antonin\/category\/info-trafic\/ligne-10\/\" rel=\"tag\">Ligne 10<\/a><span class=\"wp-block-post-terms__separator\">, <\/span><a href=\"https:\/\/seal.transport-manager.net\/antonin\/category\/info-trafic\/ligne-101\/\" rel=\"tag\">Ligne 101<\/a><span class=\"wp-block-post-terms__separator\">, <\/span><a href=\"https:\/\/seal.transport-manager.net\/antonin\/category\/info-trafic\/ligne-102\/\" rel=\"tag\">Ligne 102<\/a><span class=\"wp-block-post-terms__separator\">, <\/span><a href=\"https:\/\/seal.transport-manager.net\/antonin\/category\/info-trafic\/ligne-103\/\" rel=\"tag\">Ligne 103<\/a><span class=\"wp-block-post-terms__separator\">, <\/span><a href=\"https:\/\/seal.transport-manager.net\/antonin\/category\/info-trafic\/ligne-104\/\" rel=\"tag\">Ligne 104<\/a><span class=\"wp-block-post-terms__separator\">, <\/span><a href=\"https:\/\/seal.transport-manager.net\/antonin\/category\/info-trafic\/ligne-11\/\" rel=\"tag\">Ligne 11<\/a><span class=\"wp-block-post-terms__separator\">, <\/span><a href=\"https:\/\/seal.transport-manager.net\/antonin\/category\/info-trafic\/ligne-12\/\" rel=\"tag\">Ligne 12<\/a><span class=\"wp-block-post-terms__separator\">, <\/span><a href=\"https:\/\/seal.transport-manager.net\/antonin\/category\/info-trafic\/ligne-13\/\" rel=\"tag\">Ligne 13<\/a><span class=\"wp-block-post-terms__separator\">, <\/span><a href=\"https:\/\/seal.transport-manager.net\/antonin\/category\/info-trafic\/ligne-2\/\" rel=\"tag\">Ligne 2<\/a><span class=\"wp-block-post-terms__separator\">, <\/span><a href=\"https:\/\/seal.transport-manager.net\/antonin\/category\/info-trafic\/ligne-201\/\" rel=\"tag\">Ligne 201<\/a><span class=\"wp-block-post-terms__separator\">, <\/span><a href=\"https:\/\/seal.transport-manager.net\/antonin\/category\/info-trafic\/ligne-202\/\" rel=\"tag\">Ligne 202<\/a><span class=\"wp-block-post-terms__separator\">, <\/span><a href=\"https:\/\/seal.transport-manager.net\/antonin\/category\/info-trafic\/ligne-203\/\" rel=\"tag\">Ligne 203<\/a><span class=\"wp-block-post-terms__separator\">, <\/span><a href=\"https:\/\/seal.transport-manager.net\/antonin\/category\/info-trafic\/ligne-3\/\" rel=\"tag\">Ligne 3<\/a><span class=\"wp-block-post-terms__separator\">, <\/span><a href=\"https:\/\/seal.transport-manager.net\/antonin\/category\/info-trafic\/ligne-4\/\" rel=\"tag\">Ligne 4<\/a><span class=\"wp-block-post-terms__separator\">, <\/span><a href=\"https:\/\/seal.transport-manager.net\/antonin\/category\/info-trafic\/ligne-5\/\" rel=\"tag\">Ligne 5<\/a><span class=\"wp-block-post-terms__separator\">, <\/span><a href=\"https:\/\/seal.transport-manager.net\/antonin\/category\/info-trafic\/ligne-6\/\" rel=\"tag\">Ligne 6<\/a><span class=\"wp-block-post-terms__separator\">, <\/span><a href=\"https:\/\/seal.transport-manager.net\/antonin\/category\/info-trafic\/ligne-60\/\" rel=\"tag\">Ligne 60<\/a><span class=\"wp-block-post-terms__separator\">, <\/span><a href=\"https:\/\/seal.transport-manager.net\/antonin\/category\/info-trafic\/ligne-601\/\" rel=\"tag\">Ligne 601<\/a><span class=\"wp-block-post-terms__separator\">, <\/span><a href=\"https:\/\/seal.transport-manager.net\/antonin\/category\/info-trafic\/ligne-602\/\" rel=\"tag\">Ligne 602<\/a><span class=\"wp-block-post-terms__separator\">, <\/span><a href=\"https:\/\/seal.transport-manager.net\/antonin\/category\/info-trafic\/ligne-61\/\" rel=\"tag\">Ligne 61<\/a><span class=\"wp-block-post-terms__separator\">, <\/span><a href=\"https:\/\/seal.transport-manager.net\/antonin\/category\/info-trafic\/ligne-62\/\" rel=\"tag\">Ligne 62<\/a><span class=\"wp-block-post-terms__separator\">, <\/span><a href=\"https:\/\/seal.transport-manager.net\/antonin\/category\/info-trafic\/ligne-63\/\" rel=\"tag\">Ligne 63<\/a><span class=\"wp-block-post-terms__separator\">, <\/span><a href=\"https:\/\/seal.transport-manager.net\/antonin\/category\/info-trafic\/ligne-64\/\" rel=\"tag\">Ligne 64<\/a><span class=\"wp-block-post-terms__separator\">, <\/span><a href=\"https:\/\/seal.transport-manager.net\/antonin\/category\/info-trafic\/ligne-651\/\" rel=\"tag\">Ligne 651<\/a><span class=\"wp-block-post-terms__separator\">, <\/span><a href=\"https:\/\/seal.transport-manager.net\/antonin\/category\/info-trafic\/ligne-652\/\" rel=\"tag\">Ligne 652<\/a><span class=\"wp-block-post-terms__separator\">, <\/span><a href=\"https:\/\/seal.transport-manager.net\/antonin\/category\/info-trafic\/ligne-7\/\" rel=\"tag\">Ligne 7<\/a><span class=\"wp-block-post-terms__separator\">, <\/span><a href=\"https:\/\/seal.transport-manager.net\/antonin\/category\/info-trafic\/ligne-8\/\" rel=\"tag\">Ligne 8<\/a><span class=\"wp-block-post-terms__separator\">, <\/span><a href=\"https:\/\/seal.transport-manager.net\/antonin\/category\/info-trafic\/ligne-9\/\" rel=\"tag\">Ligne 9<\/a><span class=\"wp-block-post-terms__separator\">, <\/span><a href=\"https:\/\/seal.transport-manager.net\/antonin\/category\/info-trafic\/ligne-901\/\" rel=\"tag\">Ligne 901<\/a><span class=\"wp-block-post-terms__separator\">, <\/span><a href=\"https:\/\/seal.transport-manager.net\/antonin\/category\/info-trafic\/ligne-902\/\" rel=\"tag\">Ligne 902<\/a><\/div>\n\n<h3 class=\"wp-block-post-title\"><a href=\"https:\/\/seal.transport-manager.net\/antonin\/2025\/09\/17\/mouvement-social-18-09\/\" target=\"_self\" >Mouvement social 18\/09<\/a><\/h3>\n\n<div class=\"wp-block-post-date has-small-font-size\"><time datetime=\"2025-09-17T12:26:18+02:00\">17 septembre 2025<\/time><\/div>\n\n<div class=\"wp-block-post-excerpt\"><p class=\"wp-block-post-excerpt__excerpt\">En raison d&rsquo;un appel syndical \u00e0 la gr\u00e8ve demain jeudi 18 septembre prochain, votre r\u00e9seau Koalabus sera fortement perturb\u00e9. Voici les pr\u00e9visions de trafic d\u00e9finitives pour la journ\u00e9e du jeudi\u2026 <a class=\"wp-block-post-excerpt__more-link\" href=\"https:\/\/seal.transport-manager.net\/antonin\/2025\/09\/17\/mouvement-social-18-09\/\">Lire la suite&#8230;<\/a><\/p><\/div><\/div>\n<\/div>\n\n<\/li><li class=\"wp-block-post post-1101 post type-post status-publish format-standard has-post-thumbnail hentry category-info-trafic category-ligne-12\">\n\n<div class=\"wp-block-columns is-layout-flex wp-container-core-columns-is-layout-28f84493 wp-block-columns-is-layout-flex\">\n<div class=\"wp-block-column is-layout-flow wp-block-column-is-layout-flow\" style=\"flex-basis:30%\"><figure class=\"wp-block-post-featured-image\"><a href=\"https:\/\/seal.transport-manager.net\/antonin\/2024\/11\/27\/ligne-12-perturbations-2\/\" target=\"_self\"  ><img loading=\"lazy\" decoding=\"async\" width=\"375\" height=\"251\" src=\"https:\/\/seal.transport-manager.net\/antonin\/wp-content\/uploads\/sites\/87\/2024\/09\/PB.png\" class=\"attachment-post-thumbnail size-post-thumbnail wp-post-image\" alt=\"Ligne 12 : Perturbations\" style=\"object-fit:cover;\" srcset=\"https:\/\/seal.transport-manager.net\/antonin\/wp-content\/uploads\/sites\/87\/2024\/09\/PB.png 375w, https:\/\/seal.transport-manager.net\/antonin\/wp-content\/uploads\/sites\/87\/2024\/09\/PB-300x201.png 300w, https:\/\/seal.transport-manager.net\/antonin\/wp-content\/uploads\/sites\/87\/2024\/09\/PB-360x240.png 360w\" sizes=\"auto, (max-width: 375px) 100vw, 375px\" \/><\/a><\/figure><\/div>\n\n\n\n<div class=\"wp-block-column is-vertically-aligned-center is-layout-flow wp-container-core-column-is-layout-6b73ce23 wp-block-column-is-layout-flow\"><div class=\"taxonomy-category wp-block-post-terms has-small-font-size\"><a href=\"https:\/\/seal.transport-manager.net\/antonin\/category\/info-trafic\/\" rel=\"tag\">Info trafic<\/a><span class=\"wp-block-post-terms__separator\">, <\/span><a href=\"https:\/\/seal.transport-manager.net\/antonin\/category\/info-trafic\/ligne-12\/\" rel=\"tag\">Ligne 12<\/a><\/div>\n\n<h3 class=\"wp-block-post-title\"><a href=\"https:\/\/seal.transport-manager.net\/antonin\/2024\/11\/27\/ligne-12-perturbations-2\/\" target=\"_self\" >Ligne 12 : Perturbations<\/a><\/h3>\n\n<div class=\"wp-block-post-date has-small-font-size\"><time datetime=\"2024-11-27T12:04:18+01:00\">27 novembre 2024<\/time><\/div>\n\n<div class=\"wp-block-post-excerpt\"><p class=\"wp-block-post-excerpt__excerpt\">Le trafic est perturb\u00e9 sur la ligne 12 en raison d\u2019une avarie mat\u00e9rielle aux alentours de 12h00 (pneu crev\u00e9 sur un v\u00e9hicule). Perturbations \u00e0 pr\u00e9voir jusqu\u2019\u00e0 13h. Merci pour votre\u2026 <a class=\"wp-block-post-excerpt__more-link\" href=\"https:\/\/seal.transport-manager.net\/antonin\/2024\/11\/27\/ligne-12-perturbations-2\/\">Lire la suite&#8230;<\/a><\/p><\/div><\/div>\n<\/div>\n\n<\/li><li class=\"wp-block-post post-1050 post type-post status-publish format-standard has-post-thumbnail hentry category-info-trafic category-ligne-12\">\n\n<div class=\"wp-block-columns is-layout-flex wp-container-core-columns-is-layout-28f84493 wp-block-columns-is-layout-flex\">\n<div class=\"wp-block-column is-layout-flow wp-block-column-is-layout-flow\" style=\"flex-basis:30%\"><figure class=\"wp-block-post-featured-image\"><a href=\"https:\/\/seal.transport-manager.net\/antonin\/2024\/11\/09\/ligne-12-perturbations\/\" target=\"_self\"  ><img loading=\"lazy\" decoding=\"async\" width=\"375\" height=\"251\" src=\"https:\/\/seal.transport-manager.net\/antonin\/wp-content\/uploads\/sites\/87\/2024\/09\/PB.png\" class=\"attachment-post-thumbnail size-post-thumbnail wp-post-image\" alt=\"Ligne 12 : Perturbations\" style=\"object-fit:cover;\" srcset=\"https:\/\/seal.transport-manager.net\/antonin\/wp-content\/uploads\/sites\/87\/2024\/09\/PB.png 375w, https:\/\/seal.transport-manager.net\/antonin\/wp-content\/uploads\/sites\/87\/2024\/09\/PB-300x201.png 300w, https:\/\/seal.transport-manager.net\/antonin\/wp-content\/uploads\/sites\/87\/2024\/09\/PB-360x240.png 360w\" sizes=\"auto, (max-width: 375px) 100vw, 375px\" \/><\/a><\/figure><\/div>\n\n\n\n<div class=\"wp-block-column is-vertically-aligned-center is-layout-flow wp-container-core-column-is-layout-6b73ce23 wp-block-column-is-layout-flow\"><div class=\"taxonomy-category wp-block-post-terms has-small-font-size\"><a href=\"https:\/\/seal.transport-manager.net\/antonin\/category\/info-trafic\/\" rel=\"tag\">Info trafic<\/a><span class=\"wp-block-post-terms__separator\">, <\/span><a href=\"https:\/\/seal.transport-manager.net\/antonin\/category\/info-trafic\/ligne-12\/\" rel=\"tag\">Ligne 12<\/a><\/div>\n\n<h3 class=\"wp-block-post-title\"><a href=\"https:\/\/seal.transport-manager.net\/antonin\/2024\/11\/09\/ligne-12-perturbations\/\" target=\"_self\" >Ligne 12 : Perturbations<\/a><\/h3>\n\n<div class=\"wp-block-post-date has-small-font-size\"><time datetime=\"2024-11-09T14:20:59+01:00\">9 novembre 2024<\/time><\/div>\n\n<div class=\"wp-block-post-excerpt\"><p class=\"wp-block-post-excerpt__excerpt\">Une intervention des forces de l&rsquo;ordre est en cours sur l&rsquo;avenue Anna de Noailles. Par cons\u00e9quent, un p\u00e9rim\u00e8tre de s\u00e9curit\u00e9 a du \u00eatre mis en place. Les bus de la\u2026 <a class=\"wp-block-post-excerpt__more-link\" href=\"https:\/\/seal.transport-manager.net\/antonin\/2024\/11\/09\/ligne-12-perturbations\/\">Lire la suite&#8230;<\/a><\/p><\/div><\/div>\n<\/div>\n\n<\/li><\/ul>\n\n\n\n<nav class=\"wp-block-query-pagination is-content-justification-space-between is-nowrap is-layout-flex wp-container-core-query-pagination-is-layout-cb46ffcb wp-block-query-pagination-is-layout-flex\" aria-label=\"Pagination\">\n\n\n<a href=\"\/antonin\/wp-json\/wp\/v2\/pages\/691?query-9-page=2\" style=\"text-transform:none;\" class=\"wp-block-query-pagination-next\">Next<span class='wp-block-query-pagination-next-arrow is-arrow-arrow' aria-hidden='true'>\u2192<\/span><\/a>\n<\/nav><\/div>\n<\/div><\/div>\n\n\n\n<hr class=\"wp-block-separator has-alpha-channel-opacity is-style-wide\" \/>\n\n\n\n<div class=\"wp-block-buttons is-content-justification-right is-layout-flex wp-container-core-buttons-is-layout-d445cf74 wp-block-buttons-is-layout-flex\">\n<div class=\"wp-block-button\"><a class=\"wp-block-button__link has-small-font-size has-custom-font-size wp-element-button\" href=\"https:\/\/seal.transport-manager.net\/antonin\/horaires-lignes\/\">\u238b retourner \u00e0 la liste des lignes<\/a><\/div>\n<\/div>\n\n\n\n<hr class=\"wp-block-separator has-alpha-channel-opacity is-style-wide\" \/>\n\n\n\n<p><\/p>\n","protected":false},"excerpt":{"rendered":"<p>Description La ligne 12 est une ligne radiale du sud-ouest de la m\u00e9tropole. Elle dessert le p\u00f4le d\u2019\u00e9changes multimodal de la Gare Centrale, la rue Carnot, le Palais des Beaux-Arts, la Place Saint-Pierre au bord du Fleuve, le Ch\u00e2teau, le lyc\u00e9e Jean Zay, les \u00e9quipements sportifs du Parc des Sports [&hellip;]<\/p>\n","protected":false},"author":87,"featured_media":0,"parent":0,"menu_order":0,"comment_status":"closed","ping_status":"closed","template":"","meta":{"footnotes":""},"class_list":["post-691","page","type-page","status-publish","hentry"],"_links":{"self":[{"href":"https:\/\/seal.transport-manager.net\/antonin\/wp-json\/wp\/v2\/pages\/691","targetHints":{"allow":["GET"]}}],"collection":[{"href":"https:\/\/seal.transport-manager.net\/antonin\/wp-json\/wp\/v2\/pages"}],"about":[{"href":"https:\/\/seal.transport-manager.net\/antonin\/wp-json\/wp\/v2\/types\/page"}],"author":[{"embeddable":true,"href":"https:\/\/seal.transport-manager.net\/antonin\/wp-json\/wp\/v2\/users\/87"}],"replies":[{"embeddable":true,"href":"https:\/\/seal.transport-manager.net\/antonin\/wp-json\/wp\/v2\/comments?post=691"}],"version-history":[{"count":2,"href":"https:\/\/seal.transport-manager.net\/antonin\/wp-json\/wp\/v2\/pages\/691\/revisions"}],"predecessor-version":[{"id":1780,"href":"https:\/\/seal.transport-manager.net\/antonin\/wp-json\/wp\/v2\/pages\/691\/revisions\/1780"}],"wp:attachment":[{"href":"https:\/\/seal.transport-manager.net\/antonin\/wp-json\/wp\/v2\/media?parent=691"}],"curies":[{"name":"wp","href":"https:\/\/api.w.org\/{rel}","templated":true}]}}