{"id":929,"date":"2024-10-15T09:10:52","date_gmt":"2024-10-15T07:10:52","guid":{"rendered":"https:\/\/seal.transport-manager.net\/antonin\/?page_id=929"},"modified":"2025-10-21T15:47:46","modified_gmt":"2025-10-21T13:47:46","slug":"vehicules-de-collection","status":"publish","type":"page","link":"https:\/\/seal.transport-manager.net\/antonin\/vehicules-de-collection\/","title":{"rendered":"Mus\u00e9e &amp; V\u00e9hicules de collection"},"content":{"rendered":"\n<p>Le Mus\u00e9e Koalabus a ouvert le 15 octobre 2024 dans l&rsquo;enceinte du <a href=\"https:\/\/seal.transport-manager.net\/antonin\/centres-operationnels-bus\/\" data-type=\"page\" data-id=\"189\">Centre Op\u00e9rationnel Bus Chemin Neuf<\/a>. Il rassemble des v\u00e9hicules anciens ayant roul\u00e9 sur le r\u00e9seau. Le mus\u00e9e accueille aussi des v\u00e9hicules acquis pour leur h\u00e9ritage historique.<\/p>\n\n\n\n<p>Koalabus peut se porter acqu\u00e9reur de votre bus et l&rsquo;entretenir. N&rsquo;h\u00e9sitez pas \u00e0 nous contacter : <a href=\"https:\/\/forum.transport-manager.net\/private.php?action=send\">contact@koalabus.fr<\/a><\/p>\n\n\n\n<hr class=\"wp-block-separator has-alpha-channel-opacity is-style-wide\" style=\"margin-top:var(--wp--preset--spacing--20);margin-bottom:var(--wp--preset--spacing--20)\" \/>\n\n\n\n<h2 class=\"wp-block-heading\">V\u00e9hicules de collection pr\u00e9serv\u00e9s au mus\u00e9e<\/h2>\n\n\n\n<div class=\"wp-block-columns is-layout-flex wp-container-core-columns-is-layout-28f84493 wp-block-columns-is-layout-flex\">\n<div class=\"wp-block-column is-layout-flow wp-block-column-is-layout-flow\">\n<p class=\"has-text-align-center has-black-color has-text-color has-background has-link-color wp-elements-91c915edc13066b14fa0a09e7a1ecc58\" style=\"background-color:#feffd6\"><strong>Solaris Urbino 12<\/strong><\/p>\n\n\n\n<figure class=\"wp-block-image size-full\"><img loading=\"lazy\" decoding=\"async\" width=\"450\" height=\"300\" src=\"https:\/\/seal.transport-manager.net\/antonin\/wp-content\/uploads\/sites\/87\/2025\/02\/Musee-Urbino.jpg\" alt=\"\" class=\"wp-image-1162\" srcset=\"https:\/\/seal.transport-manager.net\/antonin\/wp-content\/uploads\/sites\/87\/2025\/02\/Musee-Urbino.jpg 450w, https:\/\/seal.transport-manager.net\/antonin\/wp-content\/uploads\/sites\/87\/2025\/02\/Musee-Urbino-300x200.jpg 300w, https:\/\/seal.transport-manager.net\/antonin\/wp-content\/uploads\/sites\/87\/2025\/02\/Musee-Urbino-360x240.jpg 360w\" sizes=\"auto, (max-width: 450px) 100vw, 450px\" \/><\/figure>\n\n\n\n<p class=\"has-text-align-center has-small-font-size\" style=\"padding-top:0;padding-bottom:0\"><em>(peu commun)<\/em><\/p>\n\n\n\n<p class=\"has-text-align-center has-small-font-size\"><strong>Motorisation&nbsp;:<\/strong> Diesel<br><strong>Capacit\u00e9&nbsp;:<\/strong> 100 places<br><strong>Date de MES&nbsp;:<\/strong> 13\/02\/1999<br><strong>Date d&rsquo;arriv\u00e9e&nbsp;:<\/strong> 23\/11\/2020<br><strong>Date de radiation&nbsp;:<\/strong> 15\/10\/2024<br><strong>Kilom\u00e9trage :<\/strong> 950 550 km<br><strong>Ancien n\u00b0 de parc&nbsp;:<\/strong> 011<br><strong>COB&nbsp;:<\/strong> Chemin Neuf (Mus\u00e9e)<\/p>\n<\/div>\n\n\n\n<div class=\"wp-block-column is-layout-flow wp-block-column-is-layout-flow\">\n<p class=\"has-text-align-center has-black-color has-text-color has-background has-link-color wp-elements-7692c86658d6159cf618b93e23bd750f\" style=\"background-color:#feffd6\"><strong>Renault Agora S<\/strong><\/p>\n\n\n\n<figure class=\"wp-block-image size-full\"><img loading=\"lazy\" decoding=\"async\" width=\"450\" height=\"300\" src=\"https:\/\/seal.transport-manager.net\/antonin\/wp-content\/uploads\/sites\/87\/2024\/12\/Musee-Agora.png\" alt=\"\" class=\"wp-image-1135\" srcset=\"https:\/\/seal.transport-manager.net\/antonin\/wp-content\/uploads\/sites\/87\/2024\/12\/Musee-Agora.png 450w, https:\/\/seal.transport-manager.net\/antonin\/wp-content\/uploads\/sites\/87\/2024\/12\/Musee-Agora-300x200.png 300w, https:\/\/seal.transport-manager.net\/antonin\/wp-content\/uploads\/sites\/87\/2024\/12\/Musee-Agora-360x240.png 360w\" sizes=\"auto, (max-width: 450px) 100vw, 450px\" \/><\/figure>\n\n\n\n<p class=\"has-text-align-center has-small-font-size\" style=\"padding-top:0;padding-bottom:0\"><em>(commun)<\/em><\/p>\n\n\n\n<p class=\"has-text-align-center has-small-font-size\"><strong>Motorisation&nbsp;:<\/strong> Diesel<br><strong>Capacit\u00e9&nbsp;:<\/strong> 106 places<br><strong>Date de MES&nbsp;:<\/strong> 13\/02\/1999<br><strong>Date d&rsquo;arriv\u00e9e&nbsp;:<\/strong> 26\/12\/2024<br><strong>Date de radiation&nbsp;:<\/strong> 26\/12\/2024<br><strong>Kilom\u00e9trage :<\/strong> 997 118 km<br><strong>Ancien n\u00b0 de parc&nbsp;:<\/strong> \u2014<br><strong>COB&nbsp;:<\/strong> Chemin Neuf (Mus\u00e9e)<\/p>\n<\/div>\n\n\n\n<div class=\"wp-block-column is-layout-flow wp-block-column-is-layout-flow\">\n<p class=\"has-text-align-center has-black-color has-text-color has-background has-link-color wp-elements-f69ee7fc1f95330bd9e91a9db20054cc\" style=\"background-color:#feffd6\"><strong>Van Hool A 308<\/strong><\/p>\n\n\n\n<figure class=\"wp-block-image size-full\"><img loading=\"lazy\" decoding=\"async\" width=\"450\" height=\"300\" src=\"https:\/\/seal.transport-manager.net\/antonin\/wp-content\/uploads\/sites\/87\/2025\/02\/Musee-A308.png\" alt=\"\" class=\"wp-image-1160\" srcset=\"https:\/\/seal.transport-manager.net\/antonin\/wp-content\/uploads\/sites\/87\/2025\/02\/Musee-A308.png 450w, https:\/\/seal.transport-manager.net\/antonin\/wp-content\/uploads\/sites\/87\/2025\/02\/Musee-A308-300x200.png 300w, https:\/\/seal.transport-manager.net\/antonin\/wp-content\/uploads\/sites\/87\/2025\/02\/Musee-A308-360x240.png 360w\" sizes=\"auto, (max-width: 450px) 100vw, 450px\" \/><\/figure>\n\n\n\n<p class=\"has-text-align-center has-small-font-size\" style=\"padding-top:0;padding-bottom:0\"><em>(peu commun)<\/em><\/p>\n\n\n\n<p class=\"has-text-align-center has-small-font-size\"><strong>Motorisation&nbsp;:<\/strong> Diesel<br><strong>Capacit\u00e9&nbsp;:<\/strong> 67 places<br><strong>Date de MES&nbsp;:<\/strong> 07\/11\/1998<br><strong>Date d&rsquo;arriv\u00e9e&nbsp;:<\/strong> 26\/12\/2024<br><strong>Date de radiation&nbsp;:<\/strong> 26\/12\/2024<br><strong>Kilom\u00e9trage :<\/strong> 986 061 km<br><strong>Ancien n\u00b0 de parc&nbsp;:<\/strong> \u2014<br><strong>COB&nbsp;:<\/strong> Chemin Neuf (Mus\u00e9e)<\/p>\n<\/div>\n<\/div>\n\n\n\n<div class=\"wp-block-columns is-layout-flex wp-container-core-columns-is-layout-28f84493 wp-block-columns-is-layout-flex\">\n<div class=\"wp-block-column is-layout-flow wp-block-column-is-layout-flow\">\n<p class=\"has-text-align-center has-black-color has-text-color has-background has-link-color wp-elements-4fda296bffb0a70f8a27a8dfcb028832\" style=\"background-color:#feffd6\"><strong>Renault Iliade GT<\/strong><\/p>\n\n\n\n<figure class=\"wp-block-image size-full\"><img loading=\"lazy\" decoding=\"async\" width=\"450\" height=\"300\" src=\"https:\/\/seal.transport-manager.net\/antonin\/wp-content\/uploads\/sites\/87\/2025\/09\/Musee-IlliadeGT.png\" alt=\"\" class=\"wp-image-1234\" srcset=\"https:\/\/seal.transport-manager.net\/antonin\/wp-content\/uploads\/sites\/87\/2025\/09\/Musee-IlliadeGT.png 450w, https:\/\/seal.transport-manager.net\/antonin\/wp-content\/uploads\/sites\/87\/2025\/09\/Musee-IlliadeGT-300x200.png 300w, https:\/\/seal.transport-manager.net\/antonin\/wp-content\/uploads\/sites\/87\/2025\/09\/Musee-IlliadeGT-360x240.png 360w\" sizes=\"auto, (max-width: 450px) 100vw, 450px\" \/><\/figure>\n\n\n\n<p class=\"has-text-align-center has-small-font-size\" style=\"padding-top:0;padding-bottom:0\"><em>(peu commun)<\/em><\/p>\n\n\n\n<p class=\"has-text-align-center has-small-font-size\"><strong>Motorisation&nbsp;:<\/strong> Diesel<br><strong>Capacit\u00e9&nbsp;:<\/strong> 51 places<br><strong>Date de MES&nbsp;:<\/strong> 07\/02\/1998<br><strong>Date d&rsquo;arriv\u00e9e&nbsp;:<\/strong> &#8211;<br><strong>Date de radiation&nbsp;:<\/strong> &#8211;<br><strong>Kilom\u00e9trage :<\/strong> 1 023 813 km<br><strong>Ancien n\u00b0 de parc&nbsp;:<\/strong> \u2014<br><strong>COB&nbsp;:<\/strong> Chemin Neuf (Mus\u00e9e)<\/p>\n<\/div>\n\n\n\n<div class=\"wp-block-column is-layout-flow wp-block-column-is-layout-flow\">\n<p class=\"has-text-align-center has-black-color has-text-color has-background has-link-color wp-elements-9906beff80af6efd2bd5a964c84a37ca\" style=\"background-color:#feffd6\"><strong>Renault PR 14<\/strong><\/p>\n\n\n\n<figure class=\"wp-block-image size-full\"><img loading=\"lazy\" decoding=\"async\" width=\"450\" height=\"300\" src=\"https:\/\/seal.transport-manager.net\/antonin\/wp-content\/uploads\/sites\/87\/2025\/09\/Musee-PR14.png\" alt=\"\" class=\"wp-image-1235\" srcset=\"https:\/\/seal.transport-manager.net\/antonin\/wp-content\/uploads\/sites\/87\/2025\/09\/Musee-PR14.png 450w, https:\/\/seal.transport-manager.net\/antonin\/wp-content\/uploads\/sites\/87\/2025\/09\/Musee-PR14-300x200.png 300w, https:\/\/seal.transport-manager.net\/antonin\/wp-content\/uploads\/sites\/87\/2025\/09\/Musee-PR14-360x240.png 360w\" sizes=\"auto, (max-width: 450px) 100vw, 450px\" \/><\/figure>\n\n\n\n<p class=\"has-text-align-center has-small-font-size\" style=\"padding-top:0;padding-bottom:0\"><em>(peu commun)<\/em><\/p>\n\n\n\n<p class=\"has-text-align-center has-small-font-size\"><strong>Motorisation&nbsp;:<\/strong> Diesel<br><strong>Capacit\u00e9&nbsp;:<\/strong> 55 places<br><strong>Date de MES&nbsp;:<\/strong> 26\/04\/1985<br><strong>Date d&rsquo;arriv\u00e9e&nbsp;:<\/strong> &#8211;<br><strong>Date de radiation&nbsp;:<\/strong> &#8211;<br><strong>Kilom\u00e9trage :<\/strong> 1 305 525 km<br><strong>Ancien n\u00b0 de parc&nbsp;:<\/strong> \u2014<br><strong>COB&nbsp;:<\/strong> Chemin Neuf (Mus\u00e9e)<\/p>\n<\/div>\n\n\n\n<div class=\"wp-block-column is-layout-flow wp-block-column-is-layout-flow\">\n<p class=\"has-text-align-center has-black-color has-text-color has-background has-link-color wp-elements-69ee8910d0d29535bdc05de98906861f\" style=\"background-color:#feffd6\"><strong>Saviem S 45<\/strong><\/p>\n\n\n\n<figure class=\"wp-block-image size-full\"><img loading=\"lazy\" decoding=\"async\" width=\"450\" height=\"300\" src=\"https:\/\/seal.transport-manager.net\/antonin\/wp-content\/uploads\/sites\/87\/2025\/09\/Musee-S45.png\" alt=\"\" class=\"wp-image-1236\" srcset=\"https:\/\/seal.transport-manager.net\/antonin\/wp-content\/uploads\/sites\/87\/2025\/09\/Musee-S45.png 450w, https:\/\/seal.transport-manager.net\/antonin\/wp-content\/uploads\/sites\/87\/2025\/09\/Musee-S45-300x200.png 300w, https:\/\/seal.transport-manager.net\/antonin\/wp-content\/uploads\/sites\/87\/2025\/09\/Musee-S45-360x240.png 360w\" sizes=\"auto, (max-width: 450px) 100vw, 450px\" \/><\/figure>\n\n\n\n<p class=\"has-text-align-center has-small-font-size\" style=\"padding-top:0;padding-bottom:0\"><em>(commun)<\/em><\/p>\n\n\n\n<p class=\"has-text-align-center has-small-font-size\"><strong>Motorisation&nbsp;:<\/strong> Diesel<br><strong>Capacit\u00e9&nbsp;:<\/strong> 45 places<br><strong>Date de MES&nbsp;:<\/strong> 18\/03\/1964<br><strong>Date d&rsquo;arriv\u00e9e&nbsp;:<\/strong> &#8211;<br><strong>Date de radiation&nbsp;:<\/strong> &#8211;<br><strong>Kilom\u00e9trage :<\/strong> 2 046 704 km<br><strong>Ancien n\u00b0 de parc&nbsp;:<\/strong> \u2014<br><strong>COB&nbsp;:<\/strong> Chemin Neuf (Mus\u00e9e)<\/p>\n<\/div>\n<\/div>\n\n\n\n<h2 class=\"wp-block-heading\">V\u00e9hicules en attente de pr\u00e9servation<\/h2>\n\n\n\n<div class=\"wp-block-columns is-layout-flex wp-container-core-columns-is-layout-28f84493 wp-block-columns-is-layout-flex\">\n<div class=\"wp-block-column is-layout-flow wp-block-column-is-layout-flow\">\n<p class=\"has-text-align-center has-black-color has-text-color has-background has-link-color wp-elements-c6cd03703c877e26288d0362d3624a78\" style=\"background-color:#feffd6\"><strong>Mercedes Citaro I<\/strong><\/p>\n\n\n\n<figure class=\"wp-block-image size-full\"><img loading=\"lazy\" decoding=\"async\" width=\"450\" height=\"300\" src=\"https:\/\/seal.transport-manager.net\/antonin\/wp-content\/uploads\/sites\/87\/2025\/02\/Musee-CitaroS.png\" alt=\"\" class=\"wp-image-1168\" srcset=\"https:\/\/seal.transport-manager.net\/antonin\/wp-content\/uploads\/sites\/87\/2025\/02\/Musee-CitaroS.png 450w, https:\/\/seal.transport-manager.net\/antonin\/wp-content\/uploads\/sites\/87\/2025\/02\/Musee-CitaroS-300x200.png 300w, https:\/\/seal.transport-manager.net\/antonin\/wp-content\/uploads\/sites\/87\/2025\/02\/Musee-CitaroS-360x240.png 360w\" sizes=\"auto, (max-width: 450px) 100vw, 450px\" \/><\/figure>\n\n\n\n<p class=\"has-text-align-center has-small-font-size\" style=\"padding-top:0;padding-bottom:0\"><em>(&#8230;)<\/em><\/p>\n\n\n\n<p class=\"has-text-align-center has-small-font-size\"><strong>Motorisation&nbsp;:<\/strong> Diesel<br><strong>Capacit\u00e9&nbsp;:<\/strong> 106 places<br><strong>Date de MES&nbsp;:<\/strong> 16\/09\/2003<br><strong>Date d&rsquo;arriv\u00e9e&nbsp;:<\/strong> 08\/11\/2024<br><strong>Date de radiation&nbsp;:<\/strong> \u2014<br><strong>Kilom\u00e9trage :<\/strong> \u2014 km<br><strong>Ancien n\u00b0 de parc&nbsp;:<\/strong> 023<br><strong>COB&nbsp;:<\/strong> Chemin Neuf (Mus\u00e9e)<\/p>\n<\/div>\n\n\n\n<div class=\"wp-block-column is-layout-flow wp-block-column-is-layout-flow\">\n<p class=\"has-text-align-center has-black-color has-text-color has-background has-link-color wp-elements-271d46b0aad486aaed227853e0fe9093\" style=\"background-color:#feffd6\"><strong>Heuliez GX 317<\/strong><\/p>\n\n\n\n<figure class=\"wp-block-image size-full\"><img loading=\"lazy\" decoding=\"async\" width=\"450\" height=\"300\" src=\"https:\/\/seal.transport-manager.net\/antonin\/wp-content\/uploads\/sites\/87\/2025\/02\/Musee-GX317.png\" alt=\"\" class=\"wp-image-1169\" srcset=\"https:\/\/seal.transport-manager.net\/antonin\/wp-content\/uploads\/sites\/87\/2025\/02\/Musee-GX317.png 450w, https:\/\/seal.transport-manager.net\/antonin\/wp-content\/uploads\/sites\/87\/2025\/02\/Musee-GX317-300x200.png 300w, https:\/\/seal.transport-manager.net\/antonin\/wp-content\/uploads\/sites\/87\/2025\/02\/Musee-GX317-360x240.png 360w\" sizes=\"auto, (max-width: 450px) 100vw, 450px\" \/><\/figure>\n\n\n\n<p class=\"has-text-align-center has-small-font-size\" style=\"padding-top:0;padding-bottom:0\"><em><em>(&#8230;)<\/em><\/em><\/p>\n\n\n\n<p class=\"has-text-align-center has-small-font-size\"><strong>Motorisation&nbsp;:<\/strong> GNV<br><strong>Capacit\u00e9&nbsp;:<\/strong> 116 places<br><strong>Date de MES&nbsp;:<\/strong> 20\/08\/1994<br><strong>Date d&rsquo;arriv\u00e9e&nbsp;:<\/strong> 30\/11\/2024<br><strong>Date de radiation&nbsp;:<\/strong> \u2014<br><strong>Kilom\u00e9trage :<\/strong> \u2014 km<br><strong>Ancien n\u00b0 de parc&nbsp;:<\/strong> 024<br><strong>COB&nbsp;:<\/strong> Chemin Neuf (Mus\u00e9e)<\/p>\n<\/div>\n\n\n\n<div class=\"wp-block-column is-layout-flow wp-block-column-is-layout-flow\">\n<p class=\"has-text-align-center has-black-color has-text-color has-background has-link-color wp-elements-c69b263b860bc223c638abc8e4639fb0\" style=\"background-color:#feffd6\"><strong>Man NG 313<\/strong><\/p>\n\n\n\n<figure class=\"wp-block-image size-full\"><img loading=\"lazy\" decoding=\"async\" width=\"450\" height=\"300\" src=\"https:\/\/seal.transport-manager.net\/antonin\/wp-content\/uploads\/sites\/87\/2025\/02\/Musee-NG313.png\" alt=\"\" class=\"wp-image-1170\" srcset=\"https:\/\/seal.transport-manager.net\/antonin\/wp-content\/uploads\/sites\/87\/2025\/02\/Musee-NG313.png 450w, https:\/\/seal.transport-manager.net\/antonin\/wp-content\/uploads\/sites\/87\/2025\/02\/Musee-NG313-300x200.png 300w, https:\/\/seal.transport-manager.net\/antonin\/wp-content\/uploads\/sites\/87\/2025\/02\/Musee-NG313-360x240.png 360w\" sizes=\"auto, (max-width: 450px) 100vw, 450px\" \/><\/figure>\n\n\n\n<p class=\"has-text-align-center has-small-font-size\" style=\"padding-top:0;padding-bottom:0\"><em><em>(&#8230;)<\/em><\/em><\/p>\n\n\n\n<p class=\"has-text-align-center has-small-font-size\"><strong>Motorisation&nbsp;:<\/strong> GNV<br><strong>Capacit\u00e9&nbsp;:<\/strong> 160 places<br><strong>Date de MES&nbsp;:<\/strong> 18\/05\/1998<br><strong>Date d&rsquo;arriv\u00e9e&nbsp;:<\/strong> 07\/12\/2024<br><strong>Date de radiation&nbsp;:<\/strong> \u2014<br><strong>Kilom\u00e9trage :<\/strong> \u2014 km<br><strong>Ancien n\u00b0 de parc&nbsp;:<\/strong> 025<br><strong>COB&nbsp;:<\/strong> Chemin Neuf (Mus\u00e9e)<\/p>\n<\/div>\n<\/div>\n\n\n\n<hr class=\"wp-block-separator has-alpha-channel-opacity is-style-wide\" \/>\n\n\n\n<h2 class=\"wp-block-heading\">Visiter le Mus\u00e9e Koalabus<\/h2>\n\n\n\n<p>Le Mus\u00e9e Koalabus est visitable tous les samedis apr\u00e8s-midi sans r\u00e9servation et \u00e0 tout autre moment de la semaine en r\u00e9servant par t\u00e9l\u00e9phone en appelant le <img loading=\"lazy\" decoding=\"async\" width=\"427\" height=\"118\" class=\"wp-image-725\" style=\"width: 75px\" src=\"https:\/\/seal.transport-manager.net\/antonin\/wp-content\/uploads\/sites\/87\/2024\/09\/novert.png\" alt=\"\" srcset=\"https:\/\/seal.transport-manager.net\/antonin\/wp-content\/uploads\/sites\/87\/2024\/09\/novert.png 427w, https:\/\/seal.transport-manager.net\/antonin\/wp-content\/uploads\/sites\/87\/2024\/09\/novert-300x83.png 300w\" sizes=\"auto, (max-width: 427px) 100vw, 427px\" \/> 0 805 45 67 89, du lundi au vendredi de 8h00 \u00e0 17h00 (appel gratuit).<\/p>\n\n\n\n<p>Le Mus\u00e9e est situ\u00e9 dans l&rsquo;enceinte du <a href=\"https:\/\/seal.transport-manager.net\/antonin\/centres-operationnels-bus\/\" data-type=\"page\" data-id=\"189\">Centre Op\u00e9rationnel Bus Chemin Neuf<\/a>, au 3, rue du Chemin Neuf. Il est desservi par les lignes <a href=\"https:\/\/seal.transport-manager.net\/antonin\/ligne-4\/\" data-type=\"page\" data-id=\"609\"><img loading=\"lazy\" decoding=\"async\" width=\"97\" height=\"97\" class=\"wp-image-162\" style=\"width: 20px\" src=\"https:\/\/seal.transport-manager.net\/antonin\/wp-content\/uploads\/sites\/87\/2024\/09\/L4.png\" alt=\"\"><\/a> et <a href=\"https:\/\/seal.transport-manager.net\/antonin\/ligne-10\/\" data-type=\"page\" data-id=\"121\"><img loading=\"lazy\" decoding=\"async\" width=\"97\" height=\"97\" class=\"wp-image-156\" style=\"width: 20px\" src=\"https:\/\/seal.transport-manager.net\/antonin\/wp-content\/uploads\/sites\/87\/2024\/09\/L10.png\" alt=\"\"><\/a>, arr\u00eat \u00ab\u00a0Chemin Neuf\u00a0\u00bb.<\/p>\n\n\n\n<hr class=\"wp-block-separator has-alpha-channel-opacity is-style-wide\" \/>\n\n\n\n<h2 class=\"wp-block-heading\">Actualit\u00e9s du Mus\u00e9e Koalabus<\/h2>\n\n\n\n<div class=\"wp-block-query is-layout-flow wp-block-query-is-layout-flow\">\n<div class=\"wp-block-group\" style=\"margin-top:0px;margin-bottom:0px;padding-top:64px;padding-bottom:64px\"><div class=\"wp-block-group__inner-container is-layout-constrained wp-container-core-group-is-layout-43e22029 wp-block-group-is-layout-constrained\">\n<div class=\"wp-block-query alignwide is-layout-flow wp-block-query-is-layout-flow\"><ul class=\"wp-block-post-template is-layout-flow wp-block-post-template-is-layout-flow\"><li class=\"wp-block-post post-1230 post type-post status-publish format-standard has-post-thumbnail hentry category-actualites category-lignes-speciales category-musee\">\n\n<div class=\"wp-block-columns is-layout-flex wp-container-core-columns-is-layout-28f84493 wp-block-columns-is-layout-flex\">\n<div class=\"wp-block-column is-layout-flow wp-block-column-is-layout-flow\" style=\"flex-basis:30%\"><figure class=\"wp-block-post-featured-image\"><a href=\"https:\/\/seal.transport-manager.net\/antonin\/2025\/09\/17\/journees-europeennes-du-patrimoine-2025-le-programme\/\" target=\"_self\"  ><img loading=\"lazy\" decoding=\"async\" width=\"1306\" height=\"832\" src=\"https:\/\/seal.transport-manager.net\/antonin\/wp-content\/uploads\/sites\/87\/2024\/09\/JEP24-Img.png\" class=\"attachment-post-thumbnail size-post-thumbnail wp-post-image\" alt=\"JEP 2025 : le programme Koalabus\" style=\"object-fit:cover;\" srcset=\"https:\/\/seal.transport-manager.net\/antonin\/wp-content\/uploads\/sites\/87\/2024\/09\/JEP24-Img.png 1306w, https:\/\/seal.transport-manager.net\/antonin\/wp-content\/uploads\/sites\/87\/2024\/09\/JEP24-Img-300x191.png 300w, https:\/\/seal.transport-manager.net\/antonin\/wp-content\/uploads\/sites\/87\/2024\/09\/JEP24-Img-1024x652.png 1024w, https:\/\/seal.transport-manager.net\/antonin\/wp-content\/uploads\/sites\/87\/2024\/09\/JEP24-Img-768x489.png 768w\" sizes=\"auto, (max-width: 1306px) 100vw, 1306px\" \/><\/a><\/figure><\/div>\n\n\n\n<div class=\"wp-block-column is-vertically-aligned-center is-layout-flow wp-container-core-column-is-layout-6b73ce23 wp-block-column-is-layout-flow\"><div class=\"taxonomy-category wp-block-post-terms has-small-font-size\"><a href=\"https:\/\/seal.transport-manager.net\/antonin\/category\/actualites\/\" rel=\"tag\">Actualit\u00e9s<\/a><span class=\"wp-block-post-terms__separator\">, <\/span><a href=\"https:\/\/seal.transport-manager.net\/antonin\/category\/actualites\/lignes-speciales\/\" rel=\"tag\">Lignes sp\u00e9ciales<\/a><span class=\"wp-block-post-terms__separator\">, <\/span><a href=\"https:\/\/seal.transport-manager.net\/antonin\/category\/actualites\/musee\/\" rel=\"tag\">Mus\u00e9e<\/a><\/div>\n\n<h3 class=\"wp-block-post-title\"><a href=\"https:\/\/seal.transport-manager.net\/antonin\/2025\/09\/17\/journees-europeennes-du-patrimoine-2025-le-programme\/\" target=\"_self\" >JEP 2025 : le programme Koalabus<\/a><\/h3>\n\n<div class=\"wp-block-post-date has-small-font-size\"><time datetime=\"2025-09-17T13:08:22+02:00\">17 septembre 2025<\/time><\/div>\n\n<div class=\"wp-block-post-excerpt\"><p class=\"wp-block-post-excerpt__excerpt\">Cette ann\u00e9e encore, Koalabus participe aux Journ\u00e9es Europ\u00e9ennes du Patrimoine qui ont lieu le dimanche 21 septembre 2025. Le th\u00e8me de cette \u00e9dition est \u00ab\u00a0Patrimoine architectural\u00a0\u00bb. Vous retrouverez toutes les\u2026 <a class=\"wp-block-post-excerpt__more-link\" href=\"https:\/\/seal.transport-manager.net\/antonin\/2025\/09\/17\/journees-europeennes-du-patrimoine-2025-le-programme\/\">Lire la suite&#8230;<\/a><\/p><\/div><\/div>\n<\/div>\n\n<\/li><li class=\"wp-block-post post-933 post type-post status-publish format-standard has-post-thumbnail hentry category-actualites category-musee\">\n\n<div class=\"wp-block-columns is-layout-flex wp-container-core-columns-is-layout-28f84493 wp-block-columns-is-layout-flex\">\n<div class=\"wp-block-column is-layout-flow wp-block-column-is-layout-flow\" style=\"flex-basis:30%\"><figure class=\"wp-block-post-featured-image\"><a href=\"https:\/\/seal.transport-manager.net\/antonin\/2024\/10\/15\/le-musee-koalabus-entretient-lhistoire-du-reseau\/\" target=\"_self\"  ><img loading=\"lazy\" decoding=\"async\" width=\"1328\" height=\"782\" src=\"https:\/\/seal.transport-manager.net\/antonin\/wp-content\/uploads\/sites\/87\/2024\/09\/JEP-IMG2.png\" class=\"attachment-post-thumbnail size-post-thumbnail wp-post-image\" alt=\"Le Mus\u00e9e Koalabus entretient l&rsquo;histoire du r\u00e9seau !\" style=\"object-fit:cover;\" srcset=\"https:\/\/seal.transport-manager.net\/antonin\/wp-content\/uploads\/sites\/87\/2024\/09\/JEP-IMG2.png 1328w, https:\/\/seal.transport-manager.net\/antonin\/wp-content\/uploads\/sites\/87\/2024\/09\/JEP-IMG2-300x177.png 300w, https:\/\/seal.transport-manager.net\/antonin\/wp-content\/uploads\/sites\/87\/2024\/09\/JEP-IMG2-1024x603.png 1024w, https:\/\/seal.transport-manager.net\/antonin\/wp-content\/uploads\/sites\/87\/2024\/09\/JEP-IMG2-768x452.png 768w\" sizes=\"auto, (max-width: 1328px) 100vw, 1328px\" \/><\/a><\/figure><\/div>\n\n\n\n<div class=\"wp-block-column is-vertically-aligned-center is-layout-flow wp-container-core-column-is-layout-6b73ce23 wp-block-column-is-layout-flow\"><div class=\"taxonomy-category wp-block-post-terms has-small-font-size\"><a href=\"https:\/\/seal.transport-manager.net\/antonin\/category\/actualites\/\" rel=\"tag\">Actualit\u00e9s<\/a><span class=\"wp-block-post-terms__separator\">, <\/span><a href=\"https:\/\/seal.transport-manager.net\/antonin\/category\/actualites\/musee\/\" rel=\"tag\">Mus\u00e9e<\/a><\/div>\n\n<h3 class=\"wp-block-post-title\"><a href=\"https:\/\/seal.transport-manager.net\/antonin\/2024\/10\/15\/le-musee-koalabus-entretient-lhistoire-du-reseau\/\" target=\"_self\" >Le Mus\u00e9e Koalabus entretient l&rsquo;histoire du r\u00e9seau !<\/a><\/h3>\n\n<div class=\"wp-block-post-date has-small-font-size\"><time datetime=\"2024-10-15T09:35:55+02:00\">15 octobre 2024<\/time><\/div>\n\n<div class=\"wp-block-post-excerpt\"><p class=\"wp-block-post-excerpt__excerpt\">Dans la lign\u00e9e de nos premi\u00e8res Journ\u00e9es Europ\u00e9ennes du Patrimoine organis\u00e9es le mois dernier, Koalabus inaugure aujourd&rsquo;hui le \u00ab\u00a0Mus\u00e9e Koalabus\u00a0\u00bb o\u00f9 sont conserv\u00e9s et entretenus des v\u00e9hicules de collection ayant\u2026 <a class=\"wp-block-post-excerpt__more-link\" href=\"https:\/\/seal.transport-manager.net\/antonin\/2024\/10\/15\/le-musee-koalabus-entretient-lhistoire-du-reseau\/\">Lire la suite&#8230;<\/a><\/p><\/div><\/div>\n<\/div>\n\n<\/li><\/ul>\n\n\n\n<\/div>\n<\/div><\/div>\n<\/div>\n","protected":false},"excerpt":{"rendered":"<p>Le Mus\u00e9e Koalabus a ouvert le 15 octobre 2024 dans l&rsquo;enceinte du Centre Op\u00e9rationnel Bus Chemin Neuf. Il rassemble des v\u00e9hicules anciens ayant roul\u00e9 sur le r\u00e9seau. Le mus\u00e9e accueille aussi des v\u00e9hicules acquis pour leur h\u00e9ritage historique. Koalabus peut se porter acqu\u00e9reur de votre bus et l&rsquo;entretenir. N&rsquo;h\u00e9sitez pas [&hellip;]<\/p>\n","protected":false},"author":87,"featured_media":0,"parent":0,"menu_order":0,"comment_status":"closed","ping_status":"closed","template":"","meta":{"footnotes":""},"class_list":["post-929","page","type-page","status-publish","hentry"],"_links":{"self":[{"href":"https:\/\/seal.transport-manager.net\/antonin\/wp-json\/wp\/v2\/pages\/929","targetHints":{"allow":["GET"]}}],"collection":[{"href":"https:\/\/seal.transport-manager.net\/antonin\/wp-json\/wp\/v2\/pages"}],"about":[{"href":"https:\/\/seal.transport-manager.net\/antonin\/wp-json\/wp\/v2\/types\/page"}],"author":[{"embeddable":true,"href":"https:\/\/seal.transport-manager.net\/antonin\/wp-json\/wp\/v2\/users\/87"}],"replies":[{"embeddable":true,"href":"https:\/\/seal.transport-manager.net\/antonin\/wp-json\/wp\/v2\/comments?post=929"}],"version-history":[{"count":11,"href":"https:\/\/seal.transport-manager.net\/antonin\/wp-json\/wp\/v2\/pages\/929\/revisions"}],"predecessor-version":[{"id":1434,"href":"https:\/\/seal.transport-manager.net\/antonin\/wp-json\/wp\/v2\/pages\/929\/revisions\/1434"}],"wp:attachment":[{"href":"https:\/\/seal.transport-manager.net\/antonin\/wp-json\/wp\/v2\/media?parent=929"}],"curies":[{"name":"wp","href":"https:\/\/api.w.org\/{rel}","templated":true}]}}