{"id":149,"date":"2021-12-29T16:58:22","date_gmt":"2021-12-29T15:58:22","guid":{"rendered":"https:\/\/seal.transport-manager.net\/bybus\/?page_id=149"},"modified":"2022-05-11T17:33:48","modified_gmt":"2022-05-11T15:33:48","slug":"service-logo-livree","status":"publish","type":"page","link":"https:\/\/seal.transport-manager.net\/bybus\/service-logo-livree\/","title":{"rendered":"Service Logo-Livr\u00e9e"},"content":{"rendered":"\n<p>L&rsquo;entreprise Bybus vous propose de cr\u00e9er votre logo et\/ou votre livr\u00e9e.<\/p>\n\n\n\n<p>Si vous le souhaitez, vous pouvez cr\u00e9er un sujet sur le forum <a href=\"https:\/\/forum.transport-manager.net\/forum-172.html\" data-type=\"URL\" data-id=\"https:\/\/forum.transport-manager.net\/forum-172.html\">en cliquant ici<\/a> avec vos contraintes et\/ou vos id\u00e9es.<\/p>\n\n\n\n<p><\/p>\n\n\n\n<p>Voici quelques cr\u00e9ations :<\/p>\n\n\n\n<figure class=\"wp-block-gallery has-nested-images columns-default is-cropped wp-block-gallery-1 is-layout-flex wp-block-gallery-is-layout-flex\">\n<figure class=\"wp-block-image size-large\"><img loading=\"lazy\" decoding=\"async\" width=\"374\" height=\"328\" data-id=\"151\" src=\"https:\/\/seal.transport-manager.net\/bybus\/wp-content\/uploads\/sites\/37\/2021\/12\/logo_b_mediola.png\" alt=\"\" class=\"wp-image-151\" srcset=\"https:\/\/seal.transport-manager.net\/bybus\/wp-content\/uploads\/sites\/37\/2021\/12\/logo_b_mediola.png 374w, https:\/\/seal.transport-manager.net\/bybus\/wp-content\/uploads\/sites\/37\/2021\/12\/logo_b_mediola-300x263.png 300w\" sizes=\"auto, (max-width: 374px) 100vw, 374px\" \/><\/figure>\n\n\n\n<figure class=\"wp-block-image size-large\"><img loading=\"lazy\" decoding=\"async\" width=\"476\" height=\"494\" data-id=\"154\" src=\"https:\/\/seal.transport-manager.net\/bybus\/wp-content\/uploads\/sites\/37\/2021\/12\/logo_b_staa.png\" alt=\"\" class=\"wp-image-154\" srcset=\"https:\/\/seal.transport-manager.net\/bybus\/wp-content\/uploads\/sites\/37\/2021\/12\/logo_b_staa.png 476w, https:\/\/seal.transport-manager.net\/bybus\/wp-content\/uploads\/sites\/37\/2021\/12\/logo_b_staa-289x300.png 289w\" sizes=\"auto, (max-width: 476px) 100vw, 476px\" \/><\/figure>\n\n\n\n<figure class=\"wp-block-image size-large\"><img loading=\"lazy\" decoding=\"async\" width=\"200\" height=\"200\" data-id=\"156\" src=\"https:\/\/seal.transport-manager.net\/bybus\/wp-content\/uploads\/sites\/37\/2021\/12\/e6667ea5f0fc42bda9f3ce81f51858ff-1-1.png\" alt=\"\" class=\"wp-image-156\" srcset=\"https:\/\/seal.transport-manager.net\/bybus\/wp-content\/uploads\/sites\/37\/2021\/12\/e6667ea5f0fc42bda9f3ce81f51858ff-1-1.png 200w, https:\/\/seal.transport-manager.net\/bybus\/wp-content\/uploads\/sites\/37\/2021\/12\/e6667ea5f0fc42bda9f3ce81f51858ff-1-1-150x150.png 150w\" sizes=\"auto, (max-width: 200px) 100vw, 200px\" \/><\/figure>\n\n\n\n<figure class=\"wp-block-image size-large\"><img loading=\"lazy\" decoding=\"async\" width=\"558\" height=\"254\" data-id=\"153\" src=\"https:\/\/seal.transport-manager.net\/bybus\/wp-content\/uploads\/sites\/37\/2021\/12\/LOGO_TRANSPA-1.png\" alt=\"\" class=\"wp-image-153\" srcset=\"https:\/\/seal.transport-manager.net\/bybus\/wp-content\/uploads\/sites\/37\/2021\/12\/LOGO_TRANSPA-1.png 558w, https:\/\/seal.transport-manager.net\/bybus\/wp-content\/uploads\/sites\/37\/2021\/12\/LOGO_TRANSPA-1-300x137.png 300w\" sizes=\"auto, (max-width: 558px) 100vw, 558px\" \/><\/figure>\n\n\n\n<figure class=\"wp-block-image size-large\"><img loading=\"lazy\" decoding=\"async\" width=\"833\" height=\"276\" data-id=\"157\" src=\"https:\/\/seal.transport-manager.net\/bybus\/wp-content\/uploads\/sites\/37\/2021\/12\/Capture1.png\" alt=\"\" class=\"wp-image-157\" srcset=\"https:\/\/seal.transport-manager.net\/bybus\/wp-content\/uploads\/sites\/37\/2021\/12\/Capture1.png 833w, https:\/\/seal.transport-manager.net\/bybus\/wp-content\/uploads\/sites\/37\/2021\/12\/Capture1-300x99.png 300w, https:\/\/seal.transport-manager.net\/bybus\/wp-content\/uploads\/sites\/37\/2021\/12\/Capture1-768x254.png 768w\" sizes=\"auto, (max-width: 833px) 100vw, 833px\" \/><\/figure>\n\n\n\n<figure class=\"wp-block-image size-large\"><img loading=\"lazy\" decoding=\"async\" width=\"771\" height=\"726\" data-id=\"158\" src=\"https:\/\/seal.transport-manager.net\/bybus\/wp-content\/uploads\/sites\/37\/2021\/12\/t3f_logo.png\" alt=\"\" class=\"wp-image-158\" srcset=\"https:\/\/seal.transport-manager.net\/bybus\/wp-content\/uploads\/sites\/37\/2021\/12\/t3f_logo.png 771w, https:\/\/seal.transport-manager.net\/bybus\/wp-content\/uploads\/sites\/37\/2021\/12\/t3f_logo-300x282.png 300w, https:\/\/seal.transport-manager.net\/bybus\/wp-content\/uploads\/sites\/37\/2021\/12\/t3f_logo-768x723.png 768w\" sizes=\"auto, (max-width: 771px) 100vw, 771px\" \/><\/figure>\n<\/figure>\n\n\n\n<p><\/p>\n\n\n\n<p>Voici quelques livr\u00e9es :<\/p>\n\n\n\n<figure class=\"wp-block-gallery has-nested-images columns-default is-cropped wp-block-gallery-2 is-layout-flex wp-block-gallery-is-layout-flex\">\n<figure class=\"wp-block-image size-large\"><img loading=\"lazy\" decoding=\"async\" width=\"1024\" height=\"290\" data-id=\"161\" src=\"https:\/\/seal.transport-manager.net\/bybus\/wp-content\/uploads\/sites\/37\/2021\/12\/livree_2-1024x290.png\" alt=\"\" class=\"wp-image-161\" srcset=\"https:\/\/seal.transport-manager.net\/bybus\/wp-content\/uploads\/sites\/37\/2021\/12\/livree_2-1024x290.png 1024w, https:\/\/seal.transport-manager.net\/bybus\/wp-content\/uploads\/sites\/37\/2021\/12\/livree_2-300x85.png 300w, https:\/\/seal.transport-manager.net\/bybus\/wp-content\/uploads\/sites\/37\/2021\/12\/livree_2-768x217.png 768w, https:\/\/seal.transport-manager.net\/bybus\/wp-content\/uploads\/sites\/37\/2021\/12\/livree_2.png 1367w\" sizes=\"auto, (max-width: 1024px) 100vw, 1024px\" \/><\/figure>\n\n\n\n<figure class=\"wp-block-image size-large\"><img loading=\"lazy\" decoding=\"async\" width=\"1006\" height=\"370\" data-id=\"160\" src=\"https:\/\/seal.transport-manager.net\/bybus\/wp-content\/uploads\/sites\/37\/2021\/12\/STAND.png\" alt=\"\" class=\"wp-image-160\" srcset=\"https:\/\/seal.transport-manager.net\/bybus\/wp-content\/uploads\/sites\/37\/2021\/12\/STAND.png 1006w, https:\/\/seal.transport-manager.net\/bybus\/wp-content\/uploads\/sites\/37\/2021\/12\/STAND-300x110.png 300w, https:\/\/seal.transport-manager.net\/bybus\/wp-content\/uploads\/sites\/37\/2021\/12\/STAND-768x282.png 768w\" sizes=\"auto, (max-width: 1006px) 100vw, 1006px\" \/><\/figure>\n\n\n\n<figure class=\"wp-block-image size-large\"><img loading=\"lazy\" decoding=\"async\" width=\"1024\" height=\"205\" data-id=\"159\" src=\"https:\/\/seal.transport-manager.net\/bybus\/wp-content\/uploads\/sites\/37\/2021\/12\/stand_t3f-1024x205.png\" alt=\"\" class=\"wp-image-159\" srcset=\"https:\/\/seal.transport-manager.net\/bybus\/wp-content\/uploads\/sites\/37\/2021\/12\/stand_t3f-1024x205.png 1024w, https:\/\/seal.transport-manager.net\/bybus\/wp-content\/uploads\/sites\/37\/2021\/12\/stand_t3f-300x60.png 300w, https:\/\/seal.transport-manager.net\/bybus\/wp-content\/uploads\/sites\/37\/2021\/12\/stand_t3f-768x154.png 768w, https:\/\/seal.transport-manager.net\/bybus\/wp-content\/uploads\/sites\/37\/2021\/12\/stand_t3f.png 1063w\" sizes=\"auto, (max-width: 1024px) 100vw, 1024px\" \/><\/figure>\n\n\n\n<figure class=\"wp-block-image size-large\"><img loading=\"lazy\" decoding=\"async\" width=\"1024\" height=\"322\" data-id=\"162\" src=\"https:\/\/seal.transport-manager.net\/bybus\/wp-content\/uploads\/sites\/37\/2021\/12\/arti-1024x322.png\" alt=\"\" class=\"wp-image-162\" srcset=\"https:\/\/seal.transport-manager.net\/bybus\/wp-content\/uploads\/sites\/37\/2021\/12\/arti-1024x322.png 1024w, https:\/\/seal.transport-manager.net\/bybus\/wp-content\/uploads\/sites\/37\/2021\/12\/arti-300x94.png 300w, https:\/\/seal.transport-manager.net\/bybus\/wp-content\/uploads\/sites\/37\/2021\/12\/arti-768x241.png 768w, https:\/\/seal.transport-manager.net\/bybus\/wp-content\/uploads\/sites\/37\/2021\/12\/arti.png 1247w\" sizes=\"auto, (max-width: 1024px) 100vw, 1024px\" \/><\/figure>\n<\/figure>\n\n\n\n<p><\/p>\n\n\n\n<p>Voici les brochures disponibles pour la livr\u00e9e (sauf si vous en fournissez une autre) :<\/p>\n\n\n\n<figure class=\"wp-block-image is-resized\"><img loading=\"lazy\" decoding=\"async\" src=\"https:\/\/i.goopics.net\/4l5ZP.png\" alt=\"[Image: 4l5ZP.png]\" width=\"394\" height=\"107\" \/><figcaption><img decoding=\"async\" src=\"https:\/\/lh3.googleusercontent.com\/pw\/AM-JKLWeKMAJi0huWZXM8maCxVMvRiKQgtn29GrKBov76A4GwG4Ai5vo8LJCSQwSP0CPOFLOpk189gtNG-uTPUuX2kcQzKlVynviIs0Nbo9Kr0jJeVQFzlLhNTvr5M7FwLVlwm5BdLL7S1SnCimkMpMbjmD9=w624-h187-no?authuser=0\"><\/figcaption><\/figure>\n\n\n\n<figure class=\"wp-block-image is-resized\"><img loading=\"lazy\" decoding=\"async\" src=\"https:\/\/lh3.googleusercontent.com\/pw\/AM-JKLXifhSAae8wdS26ViyqpNezyETtemwRPwbYEBTmtsdAvSfjkbgHjRQlrDCd3igbFWyeusUzN92VTr7Bbq_qCpqTJr1I1TStIgAAsLa13uEBiotJosnUCStHSmA5XrxnhRFF49PO4-YbkSV3KXH1XH1u=w893-h187-no?authuser=0\" alt=\"\" width=\"620\" height=\"129\" \/><figcaption><img decoding=\"async\" src=\"https:\/\/zupimages.net\/up\/20\/44\/l9mn.png\" alt=\"[Image: l9mn.png]\"><\/figcaption><\/figure>\n\n\n\n<figure class=\"wp-block-image\"><img decoding=\"async\" src=\"https:\/\/i.goopics.net\/Pl9pd.png\" alt=\"[Image: Pl9pd.png]\" \/><figcaption><img decoding=\"async\" src=\"https:\/\/i.goopics.net\/4l5ZP.png\" alt=\"[Image: 4l5ZP.png]\"><\/figcaption><\/figure>\n","protected":false},"excerpt":{"rendered":"<p>L&rsquo;entreprise Bybus vous propose de cr\u00e9er votre logo et\/ou votre livr\u00e9e. Si vous le souhaitez, vous pouvez cr\u00e9er un sujet sur le forum en cliquant ici avec vos contraintes et\/ou vos id\u00e9es. Voici quelques cr\u00e9ations : Voici quelques livr\u00e9es : Voici les brochures disponibles pour la livr\u00e9e (sauf si vous [&hellip;]<\/p>\n","protected":false},"author":37,"featured_media":0,"parent":0,"menu_order":0,"comment_status":"closed","ping_status":"closed","template":"","meta":{"footnotes":""},"class_list":["post-149","page","type-page","status-publish","hentry"],"_links":{"self":[{"href":"https:\/\/seal.transport-manager.net\/bybus\/wp-json\/wp\/v2\/pages\/149","targetHints":{"allow":["GET"]}}],"collection":[{"href":"https:\/\/seal.transport-manager.net\/bybus\/wp-json\/wp\/v2\/pages"}],"about":[{"href":"https:\/\/seal.transport-manager.net\/bybus\/wp-json\/wp\/v2\/types\/page"}],"author":[{"embeddable":true,"href":"https:\/\/seal.transport-manager.net\/bybus\/wp-json\/wp\/v2\/users\/37"}],"replies":[{"embeddable":true,"href":"https:\/\/seal.transport-manager.net\/bybus\/wp-json\/wp\/v2\/comments?post=149"}],"version-history":[{"count":3,"href":"https:\/\/seal.transport-manager.net\/bybus\/wp-json\/wp\/v2\/pages\/149\/revisions"}],"predecessor-version":[{"id":275,"href":"https:\/\/seal.transport-manager.net\/bybus\/wp-json\/wp\/v2\/pages\/149\/revisions\/275"}],"wp:attachment":[{"href":"https:\/\/seal.transport-manager.net\/bybus\/wp-json\/wp\/v2\/media?parent=149"}],"curies":[{"name":"wp","href":"https:\/\/api.w.org\/{rel}","templated":true}]}}