{"id":194,"date":"2022-03-17T11:40:11","date_gmt":"2022-03-17T10:40:11","guid":{"rendered":"https:\/\/seal.transport-manager.net\/bybus\/?page_id=194"},"modified":"2022-03-20T09:53:23","modified_gmt":"2022-03-20T08:53:23","slug":"billettique","status":"publish","type":"page","link":"https:\/\/seal.transport-manager.net\/bybus\/billettique\/","title":{"rendered":"Billettique"},"content":{"rendered":"\n<div class=\"wp-block-columns is-layout-flex wp-container-core-columns-is-layout-28f84493 wp-block-columns-is-layout-flex\">\n<div class=\"wp-block-column is-layout-flow wp-block-column-is-layout-flow\">\n<div class=\"wp-block-image\"><figure class=\"aligncenter size-full\"><img loading=\"lazy\" decoding=\"async\" width=\"269\" height=\"120\" src=\"https:\/\/seal.transport-manager.net\/bybus\/wp-content\/uploads\/sites\/37\/2022\/03\/unite.png\" alt=\"\" class=\"wp-image-239\" \/><figcaption>Ticket Unit\u00e9 : 1.60 \u20ac<\/figcaption><\/figure><\/div>\n<\/div>\n\n\n\n<div class=\"wp-block-column is-layout-flow wp-block-column-is-layout-flow\">\n<div class=\"wp-block-image\"><figure class=\"aligncenter size-full\"><img loading=\"lazy\" decoding=\"async\" width=\"269\" height=\"119\" src=\"https:\/\/seal.transport-manager.net\/bybus\/wp-content\/uploads\/sites\/37\/2022\/03\/pass24.png\" alt=\"\" class=\"wp-image-240\" \/><figcaption>Ticket Pass24 : 4.80 \u20ac<\/figcaption><\/figure><\/div>\n<\/div>\n<\/div>\n\n\n\n<ul class=\"wp-block-list\"><li><strong>Ticket Unit\u00e9<\/strong> : Une heure de voyage (correspondances incluses)<\/li><li><strong>Pass24<\/strong> : 24 heures de voyage (\u00e0 oblit\u00e9rer uniquement lors du premier voyage)<\/li><\/ul>\n\n\n\n<p>Ces tickets sont disponibles \u00e0 notre si\u00e8ge social, dans les commerces partenaires et dans les bus.<\/p>\n","protected":false},"excerpt":{"rendered":"<p>Ticket Unit\u00e9 : Une heure de voyage (correspondances incluses) Pass24 : 24 heures de voyage (\u00e0 oblit\u00e9rer uniquement lors du premier voyage) Ces tickets sont disponibles \u00e0 notre si\u00e8ge social, dans les commerces partenaires et dans les bus.<\/p>\n","protected":false},"author":37,"featured_media":0,"parent":0,"menu_order":0,"comment_status":"closed","ping_status":"closed","template":"","meta":{"footnotes":""},"class_list":["post-194","page","type-page","status-publish","hentry"],"_links":{"self":[{"href":"https:\/\/seal.transport-manager.net\/bybus\/wp-json\/wp\/v2\/pages\/194","targetHints":{"allow":["GET"]}}],"collection":[{"href":"https:\/\/seal.transport-manager.net\/bybus\/wp-json\/wp\/v2\/pages"}],"about":[{"href":"https:\/\/seal.transport-manager.net\/bybus\/wp-json\/wp\/v2\/types\/page"}],"author":[{"embeddable":true,"href":"https:\/\/seal.transport-manager.net\/bybus\/wp-json\/wp\/v2\/users\/37"}],"replies":[{"embeddable":true,"href":"https:\/\/seal.transport-manager.net\/bybus\/wp-json\/wp\/v2\/comments?post=194"}],"version-history":[{"count":3,"href":"https:\/\/seal.transport-manager.net\/bybus\/wp-json\/wp\/v2\/pages\/194\/revisions"}],"predecessor-version":[{"id":241,"href":"https:\/\/seal.transport-manager.net\/bybus\/wp-json\/wp\/v2\/pages\/194\/revisions\/241"}],"wp:attachment":[{"href":"https:\/\/seal.transport-manager.net\/bybus\/wp-json\/wp\/v2\/media?parent=194"}],"curies":[{"name":"wp","href":"https:\/\/api.w.org\/{rel}","templated":true}]}}