{"id":196,"date":"2022-03-17T11:40:26","date_gmt":"2022-03-17T10:40:26","guid":{"rendered":"https:\/\/seal.transport-manager.net\/bybus\/?page_id=196"},"modified":"2022-03-17T12:02:16","modified_gmt":"2022-03-17T11:02:16","slug":"presentation","status":"publish","type":"page","link":"https:\/\/seal.transport-manager.net\/bybus\/presentation\/","title":{"rendered":"Pr\u00e9sentation"},"content":{"rendered":"\n<p>Bybus est l&rsquo;exploitant du r\u00e9seau de bus de la m\u00e9tropole. Bybus est une sous-marque de l&rsquo;exploitant d\u00e9l\u00e9gataire <a href=\"http:\/\/sites.google.com\/view\/tratec-tm\" data-type=\"URL\" data-id=\"sites.google.com\/view\/tratec-tm\">TRATEC<\/a>. L&rsquo;exploitant agit sous les ordres de l&rsquo;autorit\u00e9 organisatrice \u00e0 statut particulier (AOM\/AOT) <a href=\"https:\/\/sites.google.com\/view\/trave-mobilites\" data-type=\"URL\" data-id=\"https:\/\/sites.google.com\/view\/trave-mobilites\">Trave M\u00e9tropole Mobilit\u00e9s<\/a>.<\/p>\n\n\n\n<p>Bybus a \u00e9t\u00e9 fond\u00e9 le 29\/08\/2020.<\/p>\n\n\n\n<p>Vous pouvez consulter l&rsquo;ancien site internet <a href=\"https:\/\/bybus-transportmanager.blogspot.com\/\" data-type=\"URL\" data-id=\"https:\/\/bybus-transportmanager.blogspot.com\/\">en cliquant ici<\/a>.<\/p>\n\n\n\n<p>Bybus (TRATEC en g\u00e9n\u00e9ral) fait partie de l&rsquo;alliance <a href=\"http:\/\/weballiance.transport-manager.net\/adtem\" data-type=\"URL\" data-id=\"weballiance.transport-manager.net\/adtem\">ADTEM Group<\/a> pour vous offrir le meilleur service de transport dans la m\u00e9tropole.<\/p>\n\n\n\n<p>Le PDG de la TRATEC est actuellement Vice-Pr\u00e9sident de l&rsquo;alliance.<\/p>\n\n\n\n<p>Pour de plus amples informations nous vous invitons \u00e0 cliquer sur les liens pr\u00e9sents  sur cette page, de visiter les pages de ce site et de consulter notre fiche entreprise <a href=\"https:\/\/transport-manager.net\/jeu\/company.php?id=1667\" data-type=\"URL\" data-id=\"https:\/\/transport-manager.net\/jeu\/company.php?id=1667\">en cliquant ici<\/a>.<\/p>\n","protected":false},"excerpt":{"rendered":"<p>Bybus est l&rsquo;exploitant du r\u00e9seau de bus de la m\u00e9tropole. Bybus est une sous-marque de l&rsquo;exploitant d\u00e9l\u00e9gataire TRATEC. L&rsquo;exploitant agit sous les ordres de l&rsquo;autorit\u00e9 organisatrice \u00e0 statut particulier (AOM\/AOT) Trave M\u00e9tropole Mobilit\u00e9s. Bybus a \u00e9t\u00e9 fond\u00e9 le 29\/08\/2020. Vous pouvez consulter l&rsquo;ancien site internet en cliquant ici. Bybus (TRATEC [&hellip;]<\/p>\n","protected":false},"author":37,"featured_media":0,"parent":0,"menu_order":0,"comment_status":"closed","ping_status":"closed","template":"","meta":{"footnotes":""},"class_list":["post-196","page","type-page","status-publish","hentry"],"_links":{"self":[{"href":"https:\/\/seal.transport-manager.net\/bybus\/wp-json\/wp\/v2\/pages\/196","targetHints":{"allow":["GET"]}}],"collection":[{"href":"https:\/\/seal.transport-manager.net\/bybus\/wp-json\/wp\/v2\/pages"}],"about":[{"href":"https:\/\/seal.transport-manager.net\/bybus\/wp-json\/wp\/v2\/types\/page"}],"author":[{"embeddable":true,"href":"https:\/\/seal.transport-manager.net\/bybus\/wp-json\/wp\/v2\/users\/37"}],"replies":[{"embeddable":true,"href":"https:\/\/seal.transport-manager.net\/bybus\/wp-json\/wp\/v2\/comments?post=196"}],"version-history":[{"count":2,"href":"https:\/\/seal.transport-manager.net\/bybus\/wp-json\/wp\/v2\/pages\/196\/revisions"}],"predecessor-version":[{"id":224,"href":"https:\/\/seal.transport-manager.net\/bybus\/wp-json\/wp\/v2\/pages\/196\/revisions\/224"}],"wp:attachment":[{"href":"https:\/\/seal.transport-manager.net\/bybus\/wp-json\/wp\/v2\/media?parent=196"}],"curies":[{"name":"wp","href":"https:\/\/api.w.org\/{rel}","templated":true}]}}