{"id":130,"date":"2021-09-20T22:24:25","date_gmt":"2021-09-20T20:24:25","guid":{"rendered":"https:\/\/seal.transport-manager.net\/cebdebrest\/?page_id=130"},"modified":"2022-03-21T11:09:47","modified_gmt":"2022-03-21T10:09:47","slug":"acceuil","status":"publish","type":"page","link":"https:\/\/seal.transport-manager.net\/cebdebrest\/","title":{"rendered":""},"content":{"rendered":"\n<div class=\"wp-block-columns is-layout-flex wp-container-core-columns-is-layout-28f84493 wp-block-columns-is-layout-flex\">\n<div class=\"wp-block-column is-layout-flow wp-block-column-is-layout-flow\"><\/div>\n<\/div>\n\n\n\n<div class=\"wp-block-columns is-layout-flex wp-container-core-columns-is-layout-28f84493 wp-block-columns-is-layout-flex\">\n<div class=\"wp-block-column is-layout-flow wp-block-column-is-layout-flow\"><\/div>\n<\/div>\n\n\n\n<div class=\"wp-block-columns is-layout-flex wp-container-core-columns-is-layout-28f84493 wp-block-columns-is-layout-flex\">\n<div class=\"wp-block-column is-layout-flow wp-block-column-is-layout-flow\" style=\"flex-basis:100%\">\n<div class=\"wp-block-columns is-layout-flex wp-container-core-columns-is-layout-28f84493 wp-block-columns-is-layout-flex\">\n<div class=\"wp-block-column is-layout-flow wp-block-column-is-layout-flow\">\n<a title=\"compteur\"><img decoding=\"async\" src=\"https:\/\/counter7.stat.ovh\/private\/compteurdevisite.php?c=praqldtquykq3sjg4f254y3y7y3ccxrn\" border=\"0\" title=\"compteur\" alt=\"compteur\"><\/a>\n<\/div>\n<\/div>\n<\/div>\n<\/div>\n\n\n\n<h1 class=\"alignfull has-text-align-center wp-block-heading\" id=\"bienvenue-chez-eslud-bus\">Bienvenue chez Eslud Bus <\/h1>\n\n\n\n<div class=\"wp-block-columns is-layout-flex wp-container-core-columns-is-layout-28f84493 wp-block-columns-is-layout-flex\">\n<div class=\"wp-block-column is-layout-flow wp-block-column-is-layout-flow\"><\/div>\n<\/div>\n\n\n\n<div class=\"wp-block-columns is-layout-flex wp-container-core-columns-is-layout-28f84493 wp-block-columns-is-layout-flex\">\n<div class=\"wp-block-column is-layout-flow wp-block-column-is-layout-flow\" style=\"flex-basis:100%\"><\/div>\n<\/div>\n\n\n\n<h3 class=\"alignwide has-text-align-center wp-block-heading\" id=\"nous-vous-emmenons-partout\"><strong>Nous vous emmenons partout.<\/strong><\/h3>\n\n\n\n<div class=\"wp-block-columns is-layout-flex wp-container-core-columns-is-layout-28f84493 wp-block-columns-is-layout-flex\">\n<div class=\"wp-block-column is-layout-flow wp-block-column-is-layout-flow\" style=\"flex-basis:100%\">\n<p> <\/p>\n<\/div>\n<\/div>\n\n\n\n<hr class=\"wp-block-separator\" \/>\n\n\n\n<div class=\"wp-block-columns is-layout-flex wp-container-core-columns-is-layout-28f84493 wp-block-columns-is-layout-flex\">\n<div class=\"wp-block-column is-layout-flow wp-block-column-is-layout-flow\" style=\"flex-basis:100%\">\n<p><\/p>\n<\/div>\n<\/div>\n\n\n\n<p> <\/p>\n\n\n\n<p> <\/p>\n\n\n\n<div class=\"wp-block-columns is-layout-flex wp-container-core-columns-is-layout-28f84493 wp-block-columns-is-layout-flex\">\n<div class=\"wp-block-column is-vertically-aligned-top is-layout-flow wp-block-column-is-layout-flow\" style=\"flex-basis:100%\">\n<p class=\"has-text-align-center\">Chez Eslud Bus, nous visons \u00e0 fournir des services de transport professionnels et abordables \u00e0 l\u2019ensemble de la r\u00e9gion d&rsquo;Eslud <\/p>\n\n\n\n<p class=\"has-text-align-center\">gr\u00e2ce \u00e0 nos 7 lignes r\u00e9guli\u00e8res. <\/p>\n<\/div>\n<\/div>\n\n\n\n<div class=\"wp-block-columns is-layout-flex wp-container-core-columns-is-layout-28f84493 wp-block-columns-is-layout-flex\">\n<div class=\"wp-block-column is-vertically-aligned-center is-layout-flow wp-block-column-is-layout-flow\" style=\"flex-basis:100%\">\n<p class=\"has-text-align-center has-white-color has-text-color\">Notre service, bien organis\u00e9 et digne de confiance, vous permet de vous concentrer sur les choses importantes. <\/p>\n\n\n\n<p class=\"has-text-align-center has-black-color has-text-color\">Nous nous occupons du reste<\/p>\n\n\n\n<div class=\"wp-block-columns is-layout-flex wp-container-core-columns-is-layout-28f84493 wp-block-columns-is-layout-flex\">\n<div class=\"wp-block-column is-layout-flow wp-block-column-is-layout-flow\"><\/div>\n<\/div>\n\n\n\n<p><\/p>\n\n\n\n<p><\/p>\n\n\n\n<p class=\"has-text-align-center\">Venez nous rencontrer en vous rendant dans l&rsquo;une de nos 5 agences o\u00f9 nos conseillers sauront vous renseigner et vous documenter sur tout le r\u00e9seau.<\/p>\n\n\n\n<div class=\"wp-block-group\"><div class=\"wp-block-group__inner-container is-layout-flow wp-block-group-is-layout-flow\">\n<div class=\"wp-block-group\"><div class=\"wp-block-group__inner-container is-layout-flow wp-block-group-is-layout-flow\">\n<div class=\"wp-block-group alignfull\"><div class=\"wp-block-group__inner-container is-layout-flow wp-block-group-is-layout-flow\">\n<div class=\"wp-block-group alignfull\"><div class=\"wp-block-group__inner-container is-layout-flow wp-block-group-is-layout-flow\">\n<figure class=\"wp-block-image alignfull size-large\"><img loading=\"lazy\" decoding=\"async\" width=\"1024\" height=\"226\" src=\"https:\/\/seal.transport-manager.net\/cebdebrest\/wp-content\/uploads\/sites\/93\/2022\/03\/20211117142034_IMG_8256-1024x226.jpg\" alt=\"\" class=\"wp-image-993\" srcset=\"https:\/\/seal.transport-manager.net\/cebdebrest\/wp-content\/uploads\/sites\/93\/2022\/03\/20211117142034_IMG_8256-1024x226.jpg 1024w, https:\/\/seal.transport-manager.net\/cebdebrest\/wp-content\/uploads\/sites\/93\/2022\/03\/20211117142034_IMG_8256-300x66.jpg 300w, https:\/\/seal.transport-manager.net\/cebdebrest\/wp-content\/uploads\/sites\/93\/2022\/03\/20211117142034_IMG_8256-768x170.jpg 768w, https:\/\/seal.transport-manager.net\/cebdebrest\/wp-content\/uploads\/sites\/93\/2022\/03\/20211117142034_IMG_8256-1536x339.jpg 1536w, https:\/\/seal.transport-manager.net\/cebdebrest\/wp-content\/uploads\/sites\/93\/2022\/03\/20211117142034_IMG_8256.jpg 2048w\" sizes=\"auto, (max-width: 1024px) 100vw, 1024px\" \/><\/figure>\n<\/div><\/div>\n<\/div><\/div>\n<\/div><\/div>\n<\/div><\/div>\n<\/div>\n<\/div>\n\n\n\n<div class=\"wp-block-columns is-layout-flex wp-container-core-columns-is-layout-28f84493 wp-block-columns-is-layout-flex\">\n<div class=\"wp-block-column is-layout-flow wp-block-column-is-layout-flow\" style=\"flex-basis:100%\">\n<p class=\"has-text-align-center\">Nous connaissons parfaitement Eslud et sa r\u00e9gion, alors vous pouvez vous asseoir, vous d\u00e9tendre, <\/p>\n\n\n\n<p class=\"has-text-align-center\">et compter sur nous pour vous emmener l\u00e0 o\u00f9 vous le d\u00e9sirez.<\/p>\n<\/div>\n<\/div>\n\n\n\n<div class=\"wp-block-columns is-layout-flex wp-container-core-columns-is-layout-28f84493 wp-block-columns-is-layout-flex\">\n<div class=\"wp-block-column is-layout-flow wp-block-column-is-layout-flow\" style=\"flex-basis:100%\">\n<p class=\"has-text-align-center\">Votre transport doit \u00eatre bien plus qu&rsquo;une obligation&nbsp;: cela doit aussi \u00eatre une exp\u00e9rience agr\u00e9able. <\/p>\n<\/div>\n<\/div>\n\n\n\n<div class=\"wp-block-columns is-layout-flex wp-container-core-columns-is-layout-28f84493 wp-block-columns-is-layout-flex\">\n<div class=\"wp-block-column is-layout-flow wp-block-column-is-layout-flow\" style=\"flex-basis:100%\">\n<p class=\"has-text-align-center\">Avec nos services de Transport en bus, c\u2019est ce que nous offrons. <\/p>\n<\/div>\n<\/div>\n\n\n\n<div class=\"wp-block-columns is-layout-flex wp-container-core-columns-is-layout-28f84493 wp-block-columns-is-layout-flex\">\n<div class=\"wp-block-column is-layout-flow wp-block-column-is-layout-flow\" style=\"flex-basis:100%\">\n<p class=\"has-text-align-center\">Nous savons combien il est important de voyager sereinement avec plaisir et un service de qualit\u00e9 garanti \u00e0 un prix abordable.<\/p>\n<\/div>\n<\/div>\n\n\n\n<p> <\/p>\n\n\n\n<figure class=\"wp-block-image alignfull size-large is-style-default\"><img loading=\"lazy\" decoding=\"async\" width=\"1728\" height=\"1081\" src=\"https:\/\/seal.transport-manager.net\/cebdebrest\/wp-content\/uploads\/sites\/93\/2022\/03\/IMG_1938-edited.jpg\" alt=\"\" class=\"wp-image-988\" srcset=\"https:\/\/seal.transport-manager.net\/cebdebrest\/wp-content\/uploads\/sites\/93\/2022\/03\/IMG_1938-edited.jpg 1728w, https:\/\/seal.transport-manager.net\/cebdebrest\/wp-content\/uploads\/sites\/93\/2022\/03\/IMG_1938-edited-300x188.jpg 300w, https:\/\/seal.transport-manager.net\/cebdebrest\/wp-content\/uploads\/sites\/93\/2022\/03\/IMG_1938-edited-1024x641.jpg 1024w, https:\/\/seal.transport-manager.net\/cebdebrest\/wp-content\/uploads\/sites\/93\/2022\/03\/IMG_1938-edited-768x480.jpg 768w, https:\/\/seal.transport-manager.net\/cebdebrest\/wp-content\/uploads\/sites\/93\/2022\/03\/IMG_1938-edited-1536x961.jpg 1536w\" sizes=\"auto, (max-width: 1728px) 100vw, 1728px\" \/><\/figure>\n\n\n\n<p class=\"has-text-align-center\">Nous savons aussi combien l&rsquo;\u00e9cologie est une chose importante aux yeux de tous , c&rsquo;est pourquoi nous poss\u00e9dons 44 bus GNV et 12 bus \u00c9lectriques , que vous retrouverez sur la ligne 5<\/p>\n\n\n\n<p><\/p>\n\n\n\n<p class=\"has-text-align-center\">le GNV, c\u2019est -95% de particules fines et -50% de NOx par rapport au seuil de la norme Euro VI, pour une qualit\u00e9 de l\u2019air am\u00e9lior\u00e9e<\/p>\n\n\n\n<p><\/p>\n\n\n\n<p class=\"has-text-align-center\">Gr\u00e2ce \u00e0 nos 12 bus \u00e9lectriques, c&rsquo;est plus de 300&rsquo;000 Litres de diesel qui ne sont pas consomm\u00e9s par an .<\/p>\n\n\n\n<div class=\"wp-block-image is-style-default\"><figure class=\"aligncenter size-large is-resized\"><img loading=\"lazy\" decoding=\"async\" src=\"https:\/\/seal.transport-manager.net\/cebdebrest\/wp-content\/uploads\/sites\/93\/2022\/03\/1640210449631-1-487x1024.jpg\" alt=\"\" class=\"wp-image-1010\" width=\"244\" height=\"512\" srcset=\"https:\/\/seal.transport-manager.net\/cebdebrest\/wp-content\/uploads\/sites\/93\/2022\/03\/1640210449631-1-487x1024.jpg 487w, https:\/\/seal.transport-manager.net\/cebdebrest\/wp-content\/uploads\/sites\/93\/2022\/03\/1640210449631-1-143x300.jpg 143w, https:\/\/seal.transport-manager.net\/cebdebrest\/wp-content\/uploads\/sites\/93\/2022\/03\/1640210449631-1.jpg 650w\" sizes=\"auto, (max-width: 244px) 100vw, 244px\" \/><\/figure><\/div>\n\n\n\n<p class=\"has-text-align-center\">L&rsquo;accessibilit\u00e9 pour tous est \u00e9galement une de nos priorit\u00e9s , c&rsquo;est pourquoi l&rsquo;int\u00e9gralit\u00e9 de nos bus&nbsp;sont dot\u00e9s d&rsquo;une rampe d&rsquo;acc\u00e8s r\u00e9tractable faisant le lien entre le trottoir et le plancher du bus, offrant un acc\u00e8s pratique \u00e0 l&#8217;emplacement sp\u00e9cifique r\u00e9serv\u00e9 au fauteuil roulant \u00e0 bord du bus (dos \u00e0 la route, frein serr\u00e9).<\/p>\n\n\n\n<p class=\"has-text-align-center\">Un bouton sp\u00e9cifique \u00ab\u00a0arr\u00eat demand\u00e9\u00a0\u00bb est dispos\u00e9 \u00e0 port\u00e9e de main de l&rsquo;usager. Il permet d&rsquo;indiquer au conducteur qu&rsquo;au prochain arr\u00eat la palette UFR devra \u00eatre sortie.<\/p>\n\n\n\n<hr class=\"wp-block-separator alignfull is-style-wide\" \/>\n\n\n\n<div class=\"wp-block-columns is-layout-flex wp-container-core-columns-is-layout-28f84493 wp-block-columns-is-layout-flex\">\n<div class=\"wp-block-column is-layout-flow wp-block-column-is-layout-flow\" style=\"flex-basis:100%\">\n<p class=\"has-small-font-size\">Ce site est purement fictif, en relation avec le jeu Transport-Manger. <\/p>\n\n\n\n<p><\/p>\n\n\n\n<p class=\"has-small-font-size\">Les photos et images utilis\u00e9s sont libres de droit o\u00f9 sont la propri\u00e9t\u00e9 de ;<\/p>\n\n\n\n<p class=\"has-small-font-size\"> -Transport-manager.net <\/p>\n\n\n\n<p class=\"has-small-font-size\"> -Cebdebrest<\/p>\n\n\n\n<p class=\"has-small-font-size\"> -Clement2000<\/p>\n\n\n\n<p><\/p>\n\n\n\n<p class=\"has-small-font-size\">Remerciements :<\/p>\n\n\n\n<p class=\"has-small-font-size\">Merci a toute l&rsquo;\u00e9quipe de Transport-manager pour leur travail sur le jeu.<\/p>\n\n\n\n<p class=\"has-small-font-size\">Merci \u00e0 Cl\u00e9ment pour ses photos.<\/p>\n\n\n\n<p class=\"has-small-font-size\">Merci aux joueurs de Transport-manager qui font vivre ce jeu.<\/p>\n<\/div>\n<\/div>\n\n\n\n<hr class=\"wp-block-separator\" \/>\n\n\n\n<p><\/p>\n\n\n\n<figure class=\"wp-block-image alignfull size-full\"><img loading=\"lazy\" decoding=\"async\" width=\"1024\" height=\"73\" src=\"https:\/\/seal.transport-manager.net\/cebdebrest\/wp-content\/uploads\/sites\/93\/2022\/03\/photoeffets.com_-removebg-preview.png\" alt=\"\" class=\"wp-image-1063\" srcset=\"https:\/\/seal.transport-manager.net\/cebdebrest\/wp-content\/uploads\/sites\/93\/2022\/03\/photoeffets.com_-removebg-preview.png 1024w, https:\/\/seal.transport-manager.net\/cebdebrest\/wp-content\/uploads\/sites\/93\/2022\/03\/photoeffets.com_-removebg-preview-300x21.png 300w, https:\/\/seal.transport-manager.net\/cebdebrest\/wp-content\/uploads\/sites\/93\/2022\/03\/photoeffets.com_-removebg-preview-768x55.png 768w\" sizes=\"auto, (max-width: 1024px) 100vw, 1024px\" \/><\/figure>\n","protected":false},"excerpt":{"rendered":"<p>Bienvenue chez Eslud Bus Nous vous emmenons partout. Chez Eslud Bus, nous visons \u00e0 fournir des services de transport professionnels et abordables \u00e0 l\u2019ensemble de la r\u00e9gion d&rsquo;Eslud gr\u00e2ce \u00e0 nos 7 lignes r\u00e9guli\u00e8res. Notre service, bien organis\u00e9 et digne de confiance, vous permet de vous concentrer sur les choses [&hellip;]<\/p>\n","protected":false},"author":94,"featured_media":1000,"parent":0,"menu_order":0,"comment_status":"closed","ping_status":"closed","template":"","meta":{"footnotes":""},"class_list":["post-130","page","type-page","status-publish","has-post-thumbnail","hentry"],"_links":{"self":[{"href":"https:\/\/seal.transport-manager.net\/cebdebrest\/wp-json\/wp\/v2\/pages\/130","targetHints":{"allow":["GET"]}}],"collection":[{"href":"https:\/\/seal.transport-manager.net\/cebdebrest\/wp-json\/wp\/v2\/pages"}],"about":[{"href":"https:\/\/seal.transport-manager.net\/cebdebrest\/wp-json\/wp\/v2\/types\/page"}],"author":[{"embeddable":true,"href":"https:\/\/seal.transport-manager.net\/cebdebrest\/wp-json\/wp\/v2\/users\/94"}],"replies":[{"embeddable":true,"href":"https:\/\/seal.transport-manager.net\/cebdebrest\/wp-json\/wp\/v2\/comments?post=130"}],"version-history":[{"count":80,"href":"https:\/\/seal.transport-manager.net\/cebdebrest\/wp-json\/wp\/v2\/pages\/130\/revisions"}],"predecessor-version":[{"id":1284,"href":"https:\/\/seal.transport-manager.net\/cebdebrest\/wp-json\/wp\/v2\/pages\/130\/revisions\/1284"}],"wp:featuredmedia":[{"embeddable":true,"href":"https:\/\/seal.transport-manager.net\/cebdebrest\/wp-json\/wp\/v2\/media\/1000"}],"wp:attachment":[{"href":"https:\/\/seal.transport-manager.net\/cebdebrest\/wp-json\/wp\/v2\/media?parent=130"}],"curies":[{"name":"wp","href":"https:\/\/api.w.org\/{rel}","templated":true}]}}