{"id":14,"date":"2021-09-20T21:06:55","date_gmt":"2021-09-20T19:06:55","guid":{"rendered":"https:\/\/seal.transport-manager.net\/cebdebrest\/?page_id=14"},"modified":"2022-03-14T10:54:19","modified_gmt":"2022-03-14T09:54:19","slug":"le-reseau","status":"publish","type":"page","link":"https:\/\/seal.transport-manager.net\/cebdebrest\/le-reseau\/","title":{"rendered":"Le r\u00e9seau"},"content":{"rendered":"\n<p><\/p>\n\n\n\n<h2 class=\"wp-block-heading\" id=\"notre-reseau-est-compose-de-7-lignes\">Notre r\u00e9seau est compos\u00e9 de 7 lignes <\/h2>\n\n\n\n<ul class=\"wp-block-list\"><li>Ligne <img loading=\"lazy\" decoding=\"async\" width=\"97\" height=\"97\" class=\"wp-image-1042\" style=\"width: 20px\" src=\"https:\/\/seal.transport-manager.net\/cebdebrest\/wp-content\/uploads\/sites\/93\/2022\/03\/L1-1.png\" alt=\"\"> Gare centrale &lt;-&gt; Campus Alan Turing<\/li><li>Ligne <img loading=\"lazy\" decoding=\"async\" width=\"97\" height=\"97\" class=\"wp-image-1043\" style=\"width: 20px\" src=\"https:\/\/seal.transport-manager.net\/cebdebrest\/wp-content\/uploads\/sites\/93\/2022\/03\/L2.png\" alt=\"\"> Gare centrale &lt;-&gt; A\u00e9roport <\/li><li>Ligne <img loading=\"lazy\" decoding=\"async\" width=\"97\" height=\"97\" class=\"wp-image-1044\" style=\"width: 20px\" src=\"https:\/\/seal.transport-manager.net\/cebdebrest\/wp-content\/uploads\/sites\/93\/2022\/03\/L3.png\" alt=\"\"> Gare centrale &lt;-&gt; Campus Marthe Esterele<\/li><li>Ligne <img loading=\"lazy\" decoding=\"async\" width=\"97\" height=\"97\" class=\"wp-image-1045\" style=\"width: 20px\" src=\"https:\/\/seal.transport-manager.net\/cebdebrest\/wp-content\/uploads\/sites\/93\/2022\/03\/L4.png\" alt=\"\"> Gare centrale &lt;-&gt; Gare de l&rsquo;Est<\/li><li>Ligne <img loading=\"lazy\" decoding=\"async\" width=\"97\" height=\"97\" class=\"wp-image-1046\" style=\"width: 20px\" src=\"https:\/\/seal.transport-manager.net\/cebdebrest\/wp-content\/uploads\/sites\/93\/2022\/03\/L5.png\" alt=\"\"> Mus\u00e9e d&rsquo;art moderne &lt;-&gt; P\u00f4le Luca Pacioli<\/li><li>Ligne <img loading=\"lazy\" decoding=\"async\" width=\"97\" height=\"97\" class=\"wp-image-1047\" style=\"width: 20px\" src=\"https:\/\/seal.transport-manager.net\/cebdebrest\/wp-content\/uploads\/sites\/93\/2022\/03\/L6.png\" alt=\"\"> Grand Palais &lt;-&gt; Campus Maryse Gautier<\/li><li>Ligne <img loading=\"lazy\" decoding=\"async\" width=\"97\" height=\"97\" class=\"wp-image-1048\" style=\"width: 20px\" src=\"https:\/\/seal.transport-manager.net\/cebdebrest\/wp-content\/uploads\/sites\/93\/2022\/03\/L7.png\" alt=\"\"> Port fluvial &lt;-&gt; Grand Palais<\/li><\/ul>\n\n\n\n<p class=\"has-black-color has-background-color-background-color has-text-color has-background has-medium-font-size\"><a href=\"https:\/\/seal.transport-manager.net\/cebdebrest\/les-lignes\/\"><strong>Voir les lignes en d\u00e9tail ici<\/strong><\/a><\/p>\n\n\n\n<h2 class=\"wp-block-heading\" id=\"nos-bus\">Nos Bus<\/h2>\n\n\n\n<ul class=\"wp-block-list\"><li>12 Heuilez GX 347 E \ud83d\udfe1<\/li><li>22 Mercedes Citaro C2 \ud83d\udfe2<\/li><li>6 Mercedes Citaro G C2 \ud83d\udfe2<\/li><li>16 Man Lion&rsquo;s City 18 \ud83d\udfe2<\/li><\/ul>\n\n\n\n<p class=\"has-black-color has-background-color-background-color has-text-color has-background has-medium-font-size\"><a href=\"https:\/\/seal.transport-manager.net\/cebdebrest\/les-bus\/\"><strong>Voir les bus en d\u00e9tail ici<\/strong><\/a><\/p>\n\n\n\n<h2 class=\"wp-block-heading\" id=\"les-infrastructures-et-options\">Les infrastructures et options<\/h2>\n\n\n\n<ul class=\"wp-block-list\"><li>5 Agences commerciales \ud83c\udfd8<\/li><li>Le d\u00e9p\u00f4t compos\u00e9 de 150 emplacements \ud83c\udfe2<\/li><li>Bornes de recharge \u00e9lectrique ( 10 places ) \u26a1\ufe0f<\/li><li>Les ateliers compos\u00e9s de 4 places \ud83d\udd27<\/li><li>Une citerne de 2000L \u26fd\ufe0f<\/li><li>Station de compression GNV aux normes \ud83d\udee2<\/li><li>Une station de lavage \ud83c\udf00<\/li><li>R\u00e9cup\u00e9rateur d&rsquo;eau de lavage \ud83d\udca7<\/li><li>Panneaux solaires \ud83c\udf1e<\/li><\/ul>\n\n\n\n<p class=\"has-black-color has-background-color-background-color has-text-color has-background has-medium-font-size\"><a href=\"https:\/\/seal.transport-manager.net\/cebdebrest\/les-installations\/\"><strong>Voir les infrastructures et options en d\u00e9tail ici<\/strong><\/a><\/p>\n\n\n\n<p><\/p>\n","protected":false},"excerpt":{"rendered":"<p>Notre r\u00e9seau est compos\u00e9 de 7 lignes Ligne Gare centrale &lt;-&gt; Campus Alan Turing Ligne Gare centrale &lt;-&gt; A\u00e9roport Ligne Gare centrale &lt;-&gt; Campus Marthe Esterele Ligne Gare centrale &lt;-&gt; Gare de l&rsquo;Est Ligne Mus\u00e9e d&rsquo;art moderne &lt;-&gt; P\u00f4le Luca Pacioli Ligne Grand Palais &lt;-&gt; Campus Maryse Gautier Ligne Port [&hellip;]<\/p>\n","protected":false},"author":94,"featured_media":0,"parent":0,"menu_order":0,"comment_status":"closed","ping_status":"closed","template":"","meta":{"footnotes":""},"class_list":["post-14","page","type-page","status-publish","hentry"],"_links":{"self":[{"href":"https:\/\/seal.transport-manager.net\/cebdebrest\/wp-json\/wp\/v2\/pages\/14","targetHints":{"allow":["GET"]}}],"collection":[{"href":"https:\/\/seal.transport-manager.net\/cebdebrest\/wp-json\/wp\/v2\/pages"}],"about":[{"href":"https:\/\/seal.transport-manager.net\/cebdebrest\/wp-json\/wp\/v2\/types\/page"}],"author":[{"embeddable":true,"href":"https:\/\/seal.transport-manager.net\/cebdebrest\/wp-json\/wp\/v2\/users\/94"}],"replies":[{"embeddable":true,"href":"https:\/\/seal.transport-manager.net\/cebdebrest\/wp-json\/wp\/v2\/comments?post=14"}],"version-history":[{"count":23,"href":"https:\/\/seal.transport-manager.net\/cebdebrest\/wp-json\/wp\/v2\/pages\/14\/revisions"}],"predecessor-version":[{"id":1242,"href":"https:\/\/seal.transport-manager.net\/cebdebrest\/wp-json\/wp\/v2\/pages\/14\/revisions\/1242"}],"wp:attachment":[{"href":"https:\/\/seal.transport-manager.net\/cebdebrest\/wp-json\/wp\/v2\/media?parent=14"}],"curies":[{"name":"wp","href":"https:\/\/api.w.org\/{rel}","templated":true}]}}