{"id":660,"date":"2021-10-01T12:26:43","date_gmt":"2021-10-01T10:26:43","guid":{"rendered":"https:\/\/seal.transport-manager.net\/cebdebrest\/?page_id=660"},"modified":"2022-04-18T00:25:42","modified_gmt":"2022-04-17T22:25:42","slug":"tarifs","status":"publish","type":"page","link":"https:\/\/seal.transport-manager.net\/cebdebrest\/tarifs\/","title":{"rendered":"Tarifs"},"content":{"rendered":"\n<div class=\"wp-block-columns is-layout-flex wp-container-core-columns-is-layout-28f84493 wp-block-columns-is-layout-flex\">\n<div class=\"wp-block-column is-layout-flow wp-block-column-is-layout-flow\"><\/div>\n<\/div>\n\n\n\n<figure class=\"wp-block-table alignwide\"><table class=\"has-background has-fixed-layout\" style=\"background-color:#e9fbe5\"><tbody><tr><td class=\"has-text-align-left\" data-align=\"left\">Ticket unit\u00e9 <\/td><td class=\"has-text-align-center\" data-align=\"center\">Valable 1H       <\/td><td class=\"has-text-align-center\" data-align=\"center\">  1,60\u20ac<\/td><\/tr><tr><td class=\"has-text-align-left\" data-align=\"left\">Ticket journ\u00e9e <\/td><td class=\"has-text-align-center\" data-align=\"center\">Valable 24H       <\/td><td class=\"has-text-align-center\" data-align=\"center\">  4,80\u20ac<\/td><\/tr><tr><td class=\"has-text-align-left\" data-align=\"left\">Carte Fr\u00e9quence <\/td><td class=\"has-text-align-center\" data-align=\"center\">Abonnement mensuel       <\/td><td class=\"has-text-align-center\" data-align=\"center\">56,00\u20ac<\/td><\/tr><\/tbody><tfoot><tr><td class=\"has-text-align-left\" data-align=\"left\"><strong>Amende<\/strong><\/td><td class=\"has-text-align-center\" data-align=\"center\"><strong>Non validation<\/strong>      <\/td><td class=\"has-text-align-center\" data-align=\"center\"><strong>65,00\u20ac<\/strong><\/td><\/tr><\/tfoot><\/table><\/figure>\n\n\n\n<div class=\"wp-block-columns is-layout-flex wp-container-core-columns-is-layout-28f84493 wp-block-columns-is-layout-flex\">\n<div class=\"wp-block-column is-layout-flow wp-block-column-is-layout-flow\"><\/div>\n<\/div>\n\n\n\n<figure class=\"wp-block-image size-large\"><img loading=\"lazy\" decoding=\"async\" width=\"1024\" height=\"685\" src=\"https:\/\/seal.transport-manager.net\/cebdebrest\/wp-content\/uploads\/sites\/93\/2022\/03\/front-desk-6633775_1280-1024x685.png\" alt=\"\" class=\"wp-image-1086\" srcset=\"https:\/\/seal.transport-manager.net\/cebdebrest\/wp-content\/uploads\/sites\/93\/2022\/03\/front-desk-6633775_1280-1024x685.png 1024w, https:\/\/seal.transport-manager.net\/cebdebrest\/wp-content\/uploads\/sites\/93\/2022\/03\/front-desk-6633775_1280-300x201.png 300w, https:\/\/seal.transport-manager.net\/cebdebrest\/wp-content\/uploads\/sites\/93\/2022\/03\/front-desk-6633775_1280-768x514.png 768w, https:\/\/seal.transport-manager.net\/cebdebrest\/wp-content\/uploads\/sites\/93\/2022\/03\/front-desk-6633775_1280-360x240.png 360w, https:\/\/seal.transport-manager.net\/cebdebrest\/wp-content\/uploads\/sites\/93\/2022\/03\/front-desk-6633775_1280.png 1280w\" sizes=\"auto, (max-width: 1024px) 100vw, 1024px\" \/><\/figure>\n\n\n\n<p class=\"has-text-align-center\">Pour l&rsquo;achat de votre abonnement mensuel, rendez vous dans une de nos 5 agences :<\/p>\n\n\n\n<figure class=\"wp-block-table is-style-stripes\"><table class=\"has-fixed-layout\"><thead><tr><th class=\"has-text-align-left\" data-align=\"left\"><br><strong>HORAIRES<\/strong><\/th><th class=\"has-text-align-center\" data-align=\"center\"><strong>Gare Centrale<\/strong><\/th><th class=\"has-text-align-center\" data-align=\"center\"><strong>Aeroport<\/strong><\/th><th class=\"has-text-align-center\" data-align=\"center\"><strong>Gare de L&rsquo;Ouest<\/strong> <\/th><th class=\"has-text-align-center\" data-align=\"center\"><strong>Campus M.Gautier<\/strong> <\/th><th class=\"has-text-align-center\" data-align=\"center\"><strong>Campus A.Turing<\/strong><\/th><\/tr><\/thead><tbody><tr><td class=\"has-text-align-left\" data-align=\"left\"><br><strong>Semaine<\/strong><br><br><\/td><td class=\"has-text-align-center\" data-align=\"center\">8H &#8211; 12H<br>14H 18H30<\/td><td class=\"has-text-align-center\" data-align=\"center\">7H &#8211; 19H<\/td><td class=\"has-text-align-center\" data-align=\"center\">8H &#8211; 12H<br>13H &#8211; 18H30<\/td><td class=\"has-text-align-center\" data-align=\"center\">9H &#8211; 12H<br>15H &#8211; 18H<\/td><td class=\"has-text-align-center\" data-align=\"center\">9H &#8211; 12H<br>15H &#8211; 18H <\/td><\/tr><tr><td class=\"has-text-align-left\" data-align=\"left\"><br><strong>Samedi<\/strong><br><br><\/td><td class=\"has-text-align-center\" data-align=\"center\">8H &#8211; 19H<\/td><td class=\"has-text-align-center\" data-align=\"center\">7H &#8211; 20H<\/td><td class=\"has-text-align-center\" data-align=\"center\">8H &#8211; 12H<br>14H &#8211; 18H<\/td><td class=\"has-text-align-center\" data-align=\"center\">Ferm\u00e9 <\/td><td class=\"has-text-align-center\" data-align=\"center\">Ferm\u00e9 <\/td><\/tr><tr><td class=\"has-text-align-left\" data-align=\"left\"><br><strong>Dimanche<\/strong><br><br><\/td><td class=\"has-text-align-center\" data-align=\"center\">9H &#8211; 17H<\/td><td class=\"has-text-align-center\" data-align=\"center\">9H -12H<br>14H &#8211; 18H<\/td><td class=\"has-text-align-center\" data-align=\"center\">Ferm\u00e9 <\/td><td class=\"has-text-align-center\" data-align=\"center\">Ferm\u00e9 <\/td><td class=\"has-text-align-center\" data-align=\"center\">Ferm\u00e9 <\/td><\/tr><tr><td class=\"has-text-align-left\" data-align=\"left\"><br><br><strong>SERVICES<\/strong><br><\/td><td class=\"has-text-align-center\" data-align=\"center\"><br><\/td><td class=\"has-text-align-center\" data-align=\"center\"><\/td><td class=\"has-text-align-center\" data-align=\"center\"><\/td><td class=\"has-text-align-center\" data-align=\"center\"><\/td><td class=\"has-text-align-center\" data-align=\"center\"><\/td><\/tr><tr><td class=\"has-text-align-left\" data-align=\"left\"><strong>Point <br>Info<\/strong><\/td><td class=\"has-text-align-center\" data-align=\"center\">X<\/td><td class=\"has-text-align-center\" data-align=\"center\">X<\/td><td class=\"has-text-align-center\" data-align=\"center\">X<\/td><td class=\"has-text-align-center\" data-align=\"center\">X<\/td><td class=\"has-text-align-center\" data-align=\"center\">X<\/td><\/tr><tr><td class=\"has-text-align-left\" data-align=\"left\"><strong>Coin Conseils<\/strong><\/td><td class=\"has-text-align-center\" data-align=\"center\">X<\/td><td class=\"has-text-align-center\" data-align=\"center\">X<\/td><td class=\"has-text-align-center\" data-align=\"center\">X<\/td><td class=\"has-text-align-center\" data-align=\"center\">X<\/td><td class=\"has-text-align-center\" data-align=\"center\">X<\/td><\/tr><tr><td class=\"has-text-align-left\" data-align=\"left\"><strong>Espace Vente<\/strong><\/td><td class=\"has-text-align-center\" data-align=\"center\">X<\/td><td class=\"has-text-align-center\" data-align=\"center\">X<\/td><td class=\"has-text-align-center\" data-align=\"center\">X<\/td><td class=\"has-text-align-center\" data-align=\"center\">X<\/td><td class=\"has-text-align-center\" data-align=\"center\">X<\/td><\/tr><tr><td class=\"has-text-align-left\" data-align=\"left\"><strong>Carte mensuelle<\/strong><\/td><td class=\"has-text-align-center\" data-align=\"center\">X<\/td><td class=\"has-text-align-center\" data-align=\"center\">X<\/td><td class=\"has-text-align-center\" data-align=\"center\">X<\/td><td class=\"has-text-align-center\" data-align=\"center\"><\/td><td class=\"has-text-align-center\" data-align=\"center\"><\/td><\/tr><\/tbody><\/table><\/figure>\n\n\n\n<p><\/p>\n\n\n\n<div class=\"wp-block-columns is-layout-flex wp-container-core-columns-is-layout-28f84493 wp-block-columns-is-layout-flex\">\n<div class=\"wp-block-column is-layout-flow wp-block-column-is-layout-flow\">\n<p>Nous vous informons que 4 \u00e9quipes de contr\u00f4leurs parcourent le r\u00e9seau.<\/p>\n<\/div>\n<\/div>\n\n\n\n<p>N&rsquo;oubliez pas de valider votre ticket.<\/p>\n\n\n\n<figure class=\"wp-block-image size-large\"><img loading=\"lazy\" decoding=\"async\" width=\"450\" height=\"321\" src=\"https:\/\/seal.transport-manager.net\/cebdebrest\/wp-content\/uploads\/sites\/93\/2021\/10\/pavsie151200018.jpg\" alt=\"\" class=\"wp-image-661\" srcset=\"https:\/\/seal.transport-manager.net\/cebdebrest\/wp-content\/uploads\/sites\/93\/2021\/10\/pavsie151200018.jpg 450w, https:\/\/seal.transport-manager.net\/cebdebrest\/wp-content\/uploads\/sites\/93\/2021\/10\/pavsie151200018-300x214.jpg 300w\" sizes=\"auto, (max-width: 450px) 100vw, 450px\" \/><\/figure>\n","protected":false},"excerpt":{"rendered":"<p>Ticket unit\u00e9 Valable 1H 1,60\u20ac Ticket journ\u00e9e Valable 24H 4,80\u20ac Carte Fr\u00e9quence Abonnement mensuel 56,00\u20ac Amende Non validation 65,00\u20ac Pour l&rsquo;achat de votre abonnement mensuel, rendez vous dans une de nos 5 agences : HORAIRES Gare Centrale Aeroport Gare de L&rsquo;Ouest Campus M.Gautier Campus A.Turing Semaine 8H &#8211; 12H14H 18H30 [&hellip;]<\/p>\n","protected":false},"author":94,"featured_media":0,"parent":0,"menu_order":0,"comment_status":"closed","ping_status":"closed","template":"","meta":{"footnotes":""},"class_list":["post-660","page","type-page","status-publish","hentry"],"_links":{"self":[{"href":"https:\/\/seal.transport-manager.net\/cebdebrest\/wp-json\/wp\/v2\/pages\/660","targetHints":{"allow":["GET"]}}],"collection":[{"href":"https:\/\/seal.transport-manager.net\/cebdebrest\/wp-json\/wp\/v2\/pages"}],"about":[{"href":"https:\/\/seal.transport-manager.net\/cebdebrest\/wp-json\/wp\/v2\/types\/page"}],"author":[{"embeddable":true,"href":"https:\/\/seal.transport-manager.net\/cebdebrest\/wp-json\/wp\/v2\/users\/94"}],"replies":[{"embeddable":true,"href":"https:\/\/seal.transport-manager.net\/cebdebrest\/wp-json\/wp\/v2\/comments?post=660"}],"version-history":[{"count":19,"href":"https:\/\/seal.transport-manager.net\/cebdebrest\/wp-json\/wp\/v2\/pages\/660\/revisions"}],"predecessor-version":[{"id":1290,"href":"https:\/\/seal.transport-manager.net\/cebdebrest\/wp-json\/wp\/v2\/pages\/660\/revisions\/1290"}],"wp:attachment":[{"href":"https:\/\/seal.transport-manager.net\/cebdebrest\/wp-json\/wp\/v2\/media?parent=660"}],"curies":[{"name":"wp","href":"https:\/\/api.w.org\/{rel}","templated":true}]}}