{"id":721,"date":"2021-10-10T01:44:39","date_gmt":"2021-10-09T23:44:39","guid":{"rendered":"https:\/\/seal.transport-manager.net\/cebdebrest\/?page_id=721"},"modified":"2022-03-12T23:10:23","modified_gmt":"2022-03-12T22:10:23","slug":"les-societes-voisines","status":"publish","type":"page","link":"https:\/\/seal.transport-manager.net\/cebdebrest\/les-societes-voisines\/","title":{"rendered":"Les soci\u00e9t\u00e9s voisines"},"content":{"rendered":"\n<div class=\"wp-block-buttons is-layout-flex wp-block-buttons-is-layout-flex\">\n<div class=\"wp-block-button\"><a class=\"wp-block-button__link\" href=\"https:\/\/seal.transport-manager.net\/cebdebrest\/\">&lt; Retour \u00e0 l&rsquo;accueil<\/a><\/div>\n<\/div>\n\n\n\n<div class=\"wp-block-columns is-layout-flex wp-container-core-columns-is-layout-28f84493 wp-block-columns-is-layout-flex\">\n<div class=\"wp-block-column is-layout-flow wp-block-column-is-layout-flow\"><\/div>\n<\/div>\n\n\n\n<p><\/p>\n\n\n\n<figure class=\"wp-block-image alignfull size-large\"><a href=\"https:\/\/zupimages.net\/up\/21\/46\/acm3.png\"><img loading=\"lazy\" decoding=\"async\" width=\"833\" height=\"1024\" src=\"https:\/\/seal.transport-manager.net\/cebdebrest\/wp-content\/uploads\/sites\/93\/2021\/11\/Screenshot_20211105-114102_Samsung-Internet-833x1024.jpg\" alt=\"\" class=\"wp-image-852\" srcset=\"https:\/\/seal.transport-manager.net\/cebdebrest\/wp-content\/uploads\/sites\/93\/2021\/11\/Screenshot_20211105-114102_Samsung-Internet-833x1024.jpg 833w, https:\/\/seal.transport-manager.net\/cebdebrest\/wp-content\/uploads\/sites\/93\/2021\/11\/Screenshot_20211105-114102_Samsung-Internet-244x300.jpg 244w, https:\/\/seal.transport-manager.net\/cebdebrest\/wp-content\/uploads\/sites\/93\/2021\/11\/Screenshot_20211105-114102_Samsung-Internet-768x944.jpg 768w, https:\/\/seal.transport-manager.net\/cebdebrest\/wp-content\/uploads\/sites\/93\/2021\/11\/Screenshot_20211105-114102_Samsung-Internet.jpg 1080w\" sizes=\"auto, (max-width: 833px) 100vw, 833px\" \/><\/a><figcaption><strong>Cliquez sur la carte pour la voir en HD <\/strong><\/figcaption><\/figure>\n\n\n\n<p>Vous \u00eates une entreprise faisant partie de la r\u00e9publique de Transport Manager et souhaitez appara\u00eetre sur cette carte .<\/p>\n\n\n\n<p>Veuillez enregistrer votre site <a href=\"https:\/\/seal.transport-manager.net\/test\/ajouter-votre-seal\/\">ICI<\/a> <\/p>\n\n\n\n<p>Si cela est d\u00e9j\u00e0 fait, un peu de patience, vous y appara\u00eetrez bient\u00f4t.<\/p>\n\n\n\n<div class=\"wp-block-columns is-layout-flex wp-container-core-columns-is-layout-28f84493 wp-block-columns-is-layout-flex\">\n<div class=\"wp-block-column is-layout-flow wp-block-column-is-layout-flow\" style=\"flex-basis:100%\">\n<div class=\"wp-block-columns is-layout-flex wp-container-core-columns-is-layout-28f84493 wp-block-columns-is-layout-flex\">\n<div class=\"wp-block-column is-layout-flow wp-block-column-is-layout-flow\"><\/div>\n<\/div>\n<\/div>\n<\/div>\n\n\n\n<h2 class=\"wp-block-heading\" id=\"liens-vers-les-sites\">Liens vers les sites :<\/h2>\n\n\n\n<div class=\"wp-block-buttons is-horizontal is-content-justification-center is-layout-flex wp-container-core-buttons-is-layout-03627597 wp-block-buttons-is-layout-flex\">\n<div class=\"wp-block-button has-custom-width wp-block-button__width-75\"><a class=\"wp-block-button__link has-black-color has-very-light-gray-to-cyan-bluish-gray-gradient-background has-text-color has-background\" href=\"https:\/\/seal.transport-manager.net\/17ace\" target=\"_blank\" rel=\"noreferrer noopener\">17ace &#8211; Acebus<\/a><\/div>\n<\/div>\n\n\n\n<div class=\"wp-block-buttons is-horizontal is-content-justification-center is-layout-flex wp-container-core-buttons-is-layout-03627597 wp-block-buttons-is-layout-flex\">\n<div class=\"wp-block-button has-custom-width wp-block-button__width-75\"><a class=\"wp-block-button__link has-black-color has-very-light-gray-to-cyan-bluish-gray-gradient-background has-text-color has-background\" href=\"https:\/\/seal.transport-manager.net\/bybus\" target=\"_blank\" rel=\"noreferrer noopener\">AD &#8211; Bybus<\/a><\/div>\n<\/div>\n\n\n\n<div class=\"wp-block-buttons is-horizontal is-content-justification-center is-layout-flex wp-container-core-buttons-is-layout-03627597 wp-block-buttons-is-layout-flex\">\n<div class=\"wp-block-button has-custom-width wp-block-button__width-75\"><a class=\"wp-block-button__link has-black-color has-very-light-gray-to-cyan-bluish-gray-gradient-background has-text-color has-background\" href=\"https:\/\/seal.transport-manager.net\/asctc\/\" target=\"_blank\" rel=\"noreferrer noopener\">Asctc &#8211; ID Lys<\/a><\/div>\n<\/div>\n\n\n\n<div class=\"wp-block-buttons is-horizontal is-content-justification-center is-layout-flex wp-container-core-buttons-is-layout-03627597 wp-block-buttons-is-layout-flex\">\n<div class=\"wp-block-button has-custom-width wp-block-button__width-75\"><a class=\"wp-block-button__link has-black-color has-very-light-gray-to-cyan-bluish-gray-gradient-background has-text-color has-background\" href=\"https:\/\/seal.transport-manager.net\/Corque\" target=\"_blank\" rel=\"noreferrer noopener\">Corque &#8211; Astuce&rsquo;s<\/a><\/div>\n<\/div>\n\n\n\n<div class=\"wp-block-buttons is-horizontal is-content-justification-center is-layout-flex wp-container-core-buttons-is-layout-03627597 wp-block-buttons-is-layout-flex\">\n<div class=\"wp-block-button has-custom-width wp-block-button__width-75\"><a class=\"wp-block-button__link has-black-color has-very-light-gray-to-cyan-bluish-gray-gradient-background has-text-color has-background\" href=\"https:\/\/seal.transport-manager.net\/dt38\/\" target=\"_blank\" rel=\"noreferrer noopener\">DT38 &#8211; UrbanWave<\/a><\/div>\n<\/div>\n\n\n\n<div class=\"wp-block-buttons is-horizontal is-content-justification-center is-layout-flex wp-container-core-buttons-is-layout-03627597 wp-block-buttons-is-layout-flex\">\n<div class=\"wp-block-button has-custom-width wp-block-button__width-75\"><a class=\"wp-block-button__link has-black-color has-very-light-gray-to-cyan-bluish-gray-gradient-background has-text-color has-background\" href=\"https:\/\/seal.transport-manager.net\/ethann\/\" target=\"_blank\" rel=\"noreferrer noopener\">Ethann &#8211; Via Transport<\/a><\/div>\n<\/div>\n\n\n\n<div class=\"wp-block-buttons is-horizontal is-content-justification-center is-layout-flex wp-container-core-buttons-is-layout-03627597 wp-block-buttons-is-layout-flex\">\n<div class=\"wp-block-button has-custom-width wp-block-button__width-75\"><a class=\"wp-block-button__link has-black-color has-very-light-gray-to-cyan-bluish-gray-gradient-background has-text-color has-background\" href=\"https:\/\/seal.transport-manager.net\/florian95\" target=\"_blank\" rel=\"noreferrer noopener\">Florian95 &#8211; Flo&rsquo;Bus Transports<\/a><\/div>\n<\/div>\n\n\n\n<div class=\"wp-block-buttons is-horizontal is-content-justification-center is-layout-flex wp-container-core-buttons-is-layout-03627597 wp-block-buttons-is-layout-flex\">\n<div class=\"wp-block-button has-custom-width wp-block-button__width-75\"><a class=\"wp-block-button__link has-black-color has-very-light-gray-to-cyan-bluish-gray-gradient-background has-text-color has-background\" href=\"https:\/\/seal.transport-manager.net\/flosouris_yt\" target=\"_blank\" rel=\"noreferrer noopener\">FloSouris_YT &#8211; Flotransport<\/a><\/div>\n<\/div>\n\n\n\n<div class=\"wp-block-buttons is-horizontal is-content-justification-center is-layout-flex wp-container-core-buttons-is-layout-03627597 wp-block-buttons-is-layout-flex\">\n<div class=\"wp-block-button has-custom-width wp-block-button__width-75\"><a class=\"wp-block-button__link has-black-color has-very-light-gray-to-cyan-bluish-gray-gradient-background has-text-color has-background\" href=\"https:\/\/seal.transport-manager.net\/Fonzy29\" target=\"_blank\" rel=\"noreferrer noopener\">Fonzy29 &#8211; CAT29 Transdev<\/a><\/div>\n<\/div>\n\n\n\n<div class=\"wp-block-buttons is-horizontal is-content-justification-center is-layout-flex wp-container-core-buttons-is-layout-03627597 wp-block-buttons-is-layout-flex\">\n<div class=\"wp-block-button has-custom-width wp-block-button__width-75\"><a class=\"wp-block-button__link has-black-color has-very-light-gray-to-cyan-bluish-gray-gradient-background has-text-color has-background\" href=\"https:\/\/seal.transport-manager.net\/Francky5102\" target=\"_blank\" rel=\"noreferrer noopener\">Francky5102 &#8211; Bus Pastel<\/a><\/div>\n<\/div>\n\n\n\n<div class=\"wp-block-buttons is-horizontal is-content-justification-center is-layout-flex wp-container-core-buttons-is-layout-03627597 wp-block-buttons-is-layout-flex\">\n<div class=\"wp-block-button has-custom-width wp-block-button__width-75\"><a class=\"wp-block-button__link has-black-color has-very-light-gray-to-cyan-bluish-gray-gradient-background has-text-color has-background\" href=\"https:\/\/seal.transport-manager.net\/funnybadassTV\" target=\"_blank\" rel=\"noreferrer noopener\">FunnybadassTV &#8211; Funnytrans<\/a><\/div>\n<\/div>\n\n\n\n<div class=\"wp-block-buttons is-horizontal is-content-justification-center is-layout-flex wp-container-core-buttons-is-layout-03627597 wp-block-buttons-is-layout-flex\">\n<div class=\"wp-block-button has-custom-width wp-block-button__width-75\"><a class=\"wp-block-button__link has-black-color has-very-light-gray-to-cyan-bluish-gray-gradient-background has-text-color has-background\" href=\"https:\/\/seal.transport-manager.net\/geepsy\" target=\"_blank\" rel=\"noreferrer noopener\">Geepsy &#8211; Parent&rsquo;eizh<\/a><\/div>\n<\/div>\n\n\n\n<div class=\"wp-block-buttons is-horizontal is-content-justification-center is-layout-flex wp-container-core-buttons-is-layout-03627597 wp-block-buttons-is-layout-flex\">\n<div class=\"wp-block-button has-custom-width wp-block-button__width-75 is-style-fill\"><a class=\"wp-block-button__link has-black-color has-very-light-gray-to-cyan-bluish-gray-gradient-background has-text-color has-background\" href=\"https:\/\/seal.transport-manager.net\/iiixdiiiryan\" target=\"_blank\" rel=\"noreferrer noopener\">Iiixdiii &#8211; Altice<\/a><\/div>\n<\/div>\n\n\n\n<div class=\"wp-block-buttons is-horizontal is-content-justification-center is-layout-flex wp-container-core-buttons-is-layout-03627597 wp-block-buttons-is-layout-flex\">\n<div class=\"wp-block-button has-custom-width wp-block-button__width-75 is-style-fill\"><a class=\"wp-block-button__link has-black-color has-very-light-gray-to-cyan-bluish-gray-gradient-background has-text-color has-background\" href=\"https:\/\/seal.transport-manager.net\/liongil1\/\" target=\"_blank\" rel=\"noreferrer noopener\">IionGil1 &#8211; STR<\/a><\/div>\n<\/div>\n\n\n\n<div class=\"wp-block-buttons is-horizontal is-content-justification-center is-layout-flex wp-container-core-buttons-is-layout-03627597 wp-block-buttons-is-layout-flex\">\n<div class=\"wp-block-button has-custom-width wp-block-button__width-75\"><a class=\"wp-block-button__link has-black-color has-very-light-gray-to-cyan-bluish-gray-gradient-background has-text-color has-background\" href=\"https:\/\/seal.transport-manager.net\/johnny\/accueil\" target=\"_blank\" rel=\"noreferrer noopener\">Johnny &#8211; RTC<\/a><\/div>\n<\/div>\n\n\n\n<div class=\"wp-block-buttons is-horizontal is-content-justification-center is-layout-flex wp-container-core-buttons-is-layout-03627597 wp-block-buttons-is-layout-flex\">\n<div class=\"wp-block-button has-custom-width wp-block-button__width-75\"><a class=\"wp-block-button__link has-black-color has-very-light-gray-to-cyan-bluish-gray-gradient-background has-text-color has-background\" href=\"https:\/\/seal.transport-manager.net\/kraterios\" target=\"_blank\" rel=\"noreferrer noopener\">Kraterios &#8211; ChryoLine<\/a><\/div>\n<\/div>\n\n\n\n<div class=\"wp-block-buttons is-horizontal is-content-justification-center is-layout-flex wp-container-core-buttons-is-layout-03627597 wp-block-buttons-is-layout-flex\">\n<div class=\"wp-block-button has-custom-width wp-block-button__width-75\"><a class=\"wp-block-button__link has-black-color has-very-light-gray-to-cyan-bluish-gray-gradient-background has-text-color has-background\" href=\"https:\/\/seal.transport-manager.net\/lama1526\" target=\"_blank\" rel=\"noreferrer noopener\">Lama1526 &#8211; RTA<\/a><\/div>\n<\/div>\n\n\n\n<div class=\"wp-block-buttons is-horizontal is-content-justification-center is-layout-flex wp-container-core-buttons-is-layout-03627597 wp-block-buttons-is-layout-flex\">\n<div class=\"wp-block-button has-custom-width wp-block-button__width-75\"><a class=\"wp-block-button__link has-black-color has-very-light-gray-to-cyan-bluish-gray-gradient-background has-text-color has-background\" href=\"https:\/\/seal.transport-manager.net\/lecool_00\" target=\"_blank\" rel=\"noreferrer noopener\">Lecool_00 &#8211; STCL<\/a><\/div>\n<\/div>\n\n\n\n<div class=\"wp-block-buttons is-horizontal is-content-justification-center is-layout-flex wp-container-core-buttons-is-layout-03627597 wp-block-buttons-is-layout-flex\">\n<div class=\"wp-block-button has-custom-width wp-block-button__width-75\"><a class=\"wp-block-button__link has-black-color has-very-light-gray-to-cyan-bluish-gray-gradient-background has-text-color has-background\" href=\"https:\/\/seal.transport-manager.net\/LG\" target=\"_blank\" rel=\"noreferrer noopener\">LG &#8211; LG Mobility<\/a><\/div>\n<\/div>\n\n\n\n<div class=\"wp-block-buttons is-horizontal is-content-justification-center is-layout-flex wp-container-core-buttons-is-layout-03627597 wp-block-buttons-is-layout-flex\">\n<div class=\"wp-block-button has-custom-width wp-block-button__width-75\"><a class=\"wp-block-button__link has-black-color has-very-light-gray-to-cyan-bluish-gray-gradient-background has-text-color has-background\" href=\"https:\/\/seal.transport-manager.net\/lilatan44\/\" target=\"_blank\" rel=\"noreferrer noopener\">Lilitan44 &#8211; LigeaTransports<\/a><\/div>\n<\/div>\n\n\n\n<div class=\"wp-block-buttons is-horizontal is-content-justification-center is-layout-flex wp-container-core-buttons-is-layout-03627597 wp-block-buttons-is-layout-flex\">\n<div class=\"wp-block-button has-custom-width wp-block-button__width-75\"><a class=\"wp-block-button__link has-black-color has-very-light-gray-to-cyan-bluish-gray-gradient-background has-text-color has-background\" href=\"https:\/\/seal.transport-manager.net\/lolo7793\" target=\"_blank\" rel=\"noreferrer noopener\">Lolo7793 &#8211; Libertrans<\/a><\/div>\n<\/div>\n\n\n\n<div class=\"wp-block-buttons is-horizontal is-content-justification-center is-layout-flex wp-container-core-buttons-is-layout-03627597 wp-block-buttons-is-layout-flex\">\n<div class=\"wp-block-button has-custom-width wp-block-button__width-75\"><a class=\"wp-block-button__link has-black-color has-very-light-gray-to-cyan-bluish-gray-gradient-background has-text-color has-background\" href=\"https:\/\/seal.transport-manager.net\/ludo\" target=\"_blank\" rel=\"noreferrer noopener\">Ludo &#8211; Transport Dev<\/a><\/div>\n<\/div>\n\n\n\n<div class=\"wp-block-buttons is-horizontal is-content-justification-center is-layout-flex wp-container-core-buttons-is-layout-03627597 wp-block-buttons-is-layout-flex\">\n<div class=\"wp-block-button has-custom-width wp-block-button__width-75\"><a class=\"wp-block-button__link has-black-color has-very-light-gray-to-cyan-bluish-gray-gradient-background has-text-color has-background\" href=\"https:\/\/seal.transport-manager.net\/melkon\/\" target=\"_blank\" rel=\"noreferrer noopener\">Melkon &#8211; M\u00e9ditrans <\/a><\/div>\n<\/div>\n\n\n\n<div class=\"wp-block-buttons is-horizontal is-content-justification-center is-layout-flex wp-container-core-buttons-is-layout-03627597 wp-block-buttons-is-layout-flex\">\n<div class=\"wp-block-button has-custom-width wp-block-button__width-75\"><a class=\"wp-block-button__link has-black-color has-very-light-gray-to-cyan-bluish-gray-gradient-background has-text-color has-background\" href=\"https:\/\/seal.transport-manager.net\/mobibus\" target=\"_blank\" rel=\"noreferrer noopener\">MobiBus &#8211; Vasiltrans<\/a><\/div>\n<\/div>\n\n\n\n<div class=\"wp-block-buttons is-horizontal is-content-justification-center is-layout-flex wp-container-core-buttons-is-layout-03627597 wp-block-buttons-is-layout-flex\">\n<div class=\"wp-block-button has-custom-width wp-block-button__width-75\"><a class=\"wp-block-button__link has-black-color has-very-light-gray-to-cyan-bluish-gray-gradient-background has-text-color has-background\" href=\"https:\/\/seal.transport-manager.net\/neymar38\" target=\"_blank\" rel=\"noreferrer noopener\">Neymar38 &#8211; Ney&rsquo;transport<\/a><\/div>\n<\/div>\n\n\n\n<div class=\"wp-block-buttons is-horizontal is-content-justification-center is-layout-flex wp-container-core-buttons-is-layout-03627597 wp-block-buttons-is-layout-flex\">\n<div class=\"wp-block-button has-custom-width wp-block-button__width-75\"><a class=\"wp-block-button__link has-black-color has-very-light-gray-to-cyan-bluish-gray-gradient-background has-text-color has-background\" href=\"https:\/\/seal.transport-manager.net\/pat3645\/lft\" target=\"_blank\" rel=\"noreferrer noopener\">Pat3645 &#8211; LFT<\/a><\/div>\n<\/div>\n\n\n\n<div class=\"wp-block-buttons is-horizontal is-content-justification-center is-layout-flex wp-container-core-buttons-is-layout-03627597 wp-block-buttons-is-layout-flex\">\n<div class=\"wp-block-button has-custom-width wp-block-button__width-75\"><a class=\"wp-block-button__link has-black-color has-very-light-gray-to-cyan-bluish-gray-gradient-background has-text-color has-background\" href=\"https:\/\/seal.transport-manager.net\/pixbus\" target=\"_blank\" rel=\"noreferrer noopener\">Pixem &#8211; Pixbus<\/a><\/div>\n<\/div>\n\n\n\n<div class=\"wp-block-buttons is-horizontal is-content-justification-center is-layout-flex wp-container-core-buttons-is-layout-03627597 wp-block-buttons-is-layout-flex\">\n<div class=\"wp-block-button has-custom-width wp-block-button__width-75\"><a class=\"wp-block-button__link has-black-color has-very-light-gray-to-cyan-bluish-gray-gradient-background has-text-color has-background\" href=\"https:\/\/seal.transport-manager.net\/puck\">Puck &#8211; Carpostal<\/a><\/div>\n<\/div>\n\n\n\n<div class=\"wp-block-buttons is-horizontal is-content-justification-center is-layout-flex wp-container-core-buttons-is-layout-03627597 wp-block-buttons-is-layout-flex\">\n<div class=\"wp-block-button has-custom-width wp-block-button__width-75 is-style-fill\"><a class=\"wp-block-button__link has-black-color has-very-light-gray-to-cyan-bluish-gray-gradient-background has-text-color has-background\" href=\"https:\/\/seal.transport-manager.net\/st96204\">St96204 &#8211; ST Transports<\/a><\/div>\n<\/div>\n\n\n\n<div class=\"wp-block-buttons is-horizontal is-content-justification-center is-layout-flex wp-container-core-buttons-is-layout-03627597 wp-block-buttons-is-layout-flex\">\n<div class=\"wp-block-button has-custom-width wp-block-button__width-75\"><a class=\"wp-block-button__link has-black-color has-very-light-gray-to-cyan-bluish-gray-gradient-background has-text-color has-background\" href=\"https:\/\/seal.transport-manager.net\/thomas35\" target=\"_blank\" rel=\"noreferrer noopener\">Thomas_35 &#8211; ArdoranTransports<\/a><\/div>\n<\/div>\n\n\n\n<div class=\"wp-block-buttons is-horizontal is-content-justification-center is-layout-flex wp-container-core-buttons-is-layout-03627597 wp-block-buttons-is-layout-flex\">\n<div class=\"wp-block-button has-custom-width wp-block-button__width-75\"><a class=\"wp-block-button__link has-black-color has-very-light-gray-to-cyan-bluish-gray-gradient-background has-text-color has-background\" href=\"https:\/\/seal.transport-manager.net\/Thomas711\" target=\"_blank\" rel=\"noreferrer noopener\">Thomas711 &#8211; Aglobus<\/a><\/div>\n<\/div>\n\n\n\n<div class=\"wp-block-buttons is-horizontal is-content-justification-center is-layout-flex wp-container-core-buttons-is-layout-03627597 wp-block-buttons-is-layout-flex\">\n<div class=\"wp-block-button has-custom-width wp-block-button__width-75\"><a class=\"wp-block-button__link has-black-color has-very-light-gray-to-cyan-bluish-gray-gradient-background has-text-color has-background\" href=\"https:\/\/seal.transport-manager.net\/Titou\" target=\"_blank\" rel=\"noreferrer noopener\">Titou &#8211; TAR<\/a><\/div>\n<\/div>\n\n\n\n<div class=\"wp-block-buttons is-horizontal is-content-justification-center is-layout-flex wp-container-core-buttons-is-layout-03627597 wp-block-buttons-is-layout-flex\">\n<div class=\"wp-block-button has-custom-width wp-block-button__width-75 is-style-fill\"><a class=\"wp-block-button__link has-black-color has-very-light-gray-to-cyan-bluish-gray-gradient-background has-text-color has-background\" href=\"https:\/\/seal.transport-manager.net\/Trespeuix\/\" target=\"_blank\" rel=\"noreferrer noopener\">Trespeuix &#8211; RTRU<\/a><\/div>\n<\/div>\n\n\n\n<div class=\"wp-block-buttons is-horizontal is-content-justification-center is-layout-flex wp-container-core-buttons-is-layout-03627597 wp-block-buttons-is-layout-flex\">\n<div class=\"wp-block-button has-custom-width wp-block-button__width-75 is-style-fill\"><a class=\"wp-block-button__link has-black-color has-very-light-gray-to-cyan-bluish-gray-gradient-background has-text-color has-background\" href=\"https:\/\/seal.transport-manager.net\/doublebus\/\" target=\"_blank\" rel=\"noreferrer noopener\">TUBCitelis12 &#8211; Doublebus<\/a><\/div>\n<\/div>\n\n\n\n<div class=\"wp-block-buttons is-horizontal is-content-justification-center is-layout-flex wp-container-core-buttons-is-layout-03627597 wp-block-buttons-is-layout-flex\">\n<div class=\"wp-block-button has-custom-width wp-block-button__width-75 is-style-fill\"><a class=\"wp-block-button__link has-black-color has-very-light-gray-to-cyan-bluish-gray-gradient-background has-text-color has-background\" href=\"https:\/\/seal.transport-manager.net\/adrienmx04\" target=\"_blank\" rel=\"noreferrer noopener\">William_stc &#8211; TAV<\/a><\/div>\n<\/div>\n\n\n\n<div class=\"wp-block-buttons is-horizontal is-content-justification-center is-layout-flex wp-container-core-buttons-is-layout-03627597 wp-block-buttons-is-layout-flex\">\n<div class=\"wp-block-button has-custom-width wp-block-button__width-75 is-style-fill\"><a class=\"wp-block-button__link has-black-color has-very-light-gray-to-cyan-bluish-gray-gradient-background has-text-color has-background\" href=\"https:\/\/seal.transport-manager.net\/youyou921\/\" target=\"_blank\" rel=\"noreferrer noopener\">Youyou921 &#8211; B&rsquo;Lib<\/a><\/div>\n<\/div>\n\n\n\n<div class=\"wp-block-buttons is-horizontal is-content-justification-center is-layout-flex wp-container-core-buttons-is-layout-03627597 wp-block-buttons-is-layout-flex\">\n<div class=\"wp-block-button has-custom-width wp-block-button__width-75 is-style-fill\"><a class=\"wp-block-button__link has-black-color has-very-light-gray-to-cyan-bluish-gray-gradient-background has-text-color has-background\" href=\"https:\/\/seal.transport-manager.net\/z50000_262l\/\" target=\"_blank\" rel=\"noreferrer noopener\">Z50000_262L &#8211; Vaur\u00e9al Transports<\/a><\/div>\n<\/div>\n\n\n\n<p><\/p>\n","protected":false},"excerpt":{"rendered":"<p>Vous \u00eates une entreprise faisant partie de la r\u00e9publique de Transport Manager et souhaitez appara\u00eetre sur cette carte . Veuillez enregistrer votre site ICI Si cela est d\u00e9j\u00e0 fait, un peu de patience, vous y appara\u00eetrez bient\u00f4t. Liens vers les sites :<\/p>\n","protected":false},"author":94,"featured_media":0,"parent":0,"menu_order":0,"comment_status":"closed","ping_status":"closed","template":"","meta":{"footnotes":""},"class_list":["post-721","page","type-page","status-publish","hentry"],"_links":{"self":[{"href":"https:\/\/seal.transport-manager.net\/cebdebrest\/wp-json\/wp\/v2\/pages\/721","targetHints":{"allow":["GET"]}}],"collection":[{"href":"https:\/\/seal.transport-manager.net\/cebdebrest\/wp-json\/wp\/v2\/pages"}],"about":[{"href":"https:\/\/seal.transport-manager.net\/cebdebrest\/wp-json\/wp\/v2\/types\/page"}],"author":[{"embeddable":true,"href":"https:\/\/seal.transport-manager.net\/cebdebrest\/wp-json\/wp\/v2\/users\/94"}],"replies":[{"embeddable":true,"href":"https:\/\/seal.transport-manager.net\/cebdebrest\/wp-json\/wp\/v2\/comments?post=721"}],"version-history":[{"count":52,"href":"https:\/\/seal.transport-manager.net\/cebdebrest\/wp-json\/wp\/v2\/pages\/721\/revisions"}],"predecessor-version":[{"id":953,"href":"https:\/\/seal.transport-manager.net\/cebdebrest\/wp-json\/wp\/v2\/pages\/721\/revisions\/953"}],"wp:attachment":[{"href":"https:\/\/seal.transport-manager.net\/cebdebrest\/wp-json\/wp\/v2\/media?parent=721"}],"curies":[{"name":"wp","href":"https:\/\/api.w.org\/{rel}","templated":true}]}}