{"id":788,"date":"2021-10-22T17:13:13","date_gmt":"2021-10-22T15:13:13","guid":{"rendered":"https:\/\/seal.transport-manager.net\/cebdebrest\/?page_id=788"},"modified":"2022-08-26T00:14:12","modified_gmt":"2022-08-25T22:14:12","slug":"les-outils-pour-vos-entreprises","status":"publish","type":"page","link":"https:\/\/seal.transport-manager.net\/cebdebrest\/les-outils-pour-vos-entreprises\/","title":{"rendered":"Les outils pour vos entreprises"},"content":{"rendered":"\n<div class=\"wp-block-columns is-layout-flex wp-container-core-columns-is-layout-28f84493 wp-block-columns-is-layout-flex\">\n<div class=\"wp-block-column is-layout-flow wp-block-column-is-layout-flow\"><\/div>\n<\/div>\n\n\n\n<div class=\"wp-block-columns is-layout-flex wp-container-core-columns-is-layout-28f84493 wp-block-columns-is-layout-flex\">\n<div class=\"wp-block-column is-layout-flow wp-block-column-is-layout-flow\">\n<div class=\"wp-block-buttons is-horizontal is-content-justification-center is-layout-flex wp-container-core-buttons-is-layout-03627597 wp-block-buttons-is-layout-flex\">\n<div class=\"wp-block-button\"><a class=\"wp-block-button__link\" href=\"https:\/\/docs.google.com\/forms\/d\/e\/1FAIpQLScQH5hNKvdBMGig21J2f-WpUXgIfoP2BfXiXzlzrjM83XYr-g\/alreadyresponded\">Inscription pour acc\u00e8s au tableur <\/a><\/div>\n<\/div>\n\n\n\n<p class=\"has-text-align-center\">L&rsquo;inscription est obligatoire<\/p>\n<\/div>\n<\/div>\n\n\n\n<div class=\"wp-block-buttons is-vertical is-content-justification-center is-layout-flex wp-container-core-buttons-is-layout-734eb2c2 wp-block-buttons-is-layout-flex\">\n<div class=\"wp-block-button has-custom-width wp-block-button__width-75 has-custom-font-size is-style-fill\" style=\"font-size:24px\"><a class=\"wp-block-button__link\" href=\"https:\/\/docs.google.com\/spreadsheets\/d\/1wkxHZGytxRHMHbcMRhP88tR2M4Ij-01Ns0ZoeDdxAig\/edit?usp=drivesdk\">Tableur d&rsquo;aide aux affectations et cr\u00e9ation automatique de fiches horaires<\/a><\/div>\n<\/div>\n\n\n\n<div class=\"wp-block-columns is-layout-flex wp-container-core-columns-is-layout-28f84493 wp-block-columns-is-layout-flex\">\n<div class=\"wp-block-column is-layout-flow wp-block-column-is-layout-flow\">\n<div class=\"wp-block-columns is-layout-flex wp-container-core-columns-is-layout-28f84493 wp-block-columns-is-layout-flex\">\n<div class=\"wp-block-column is-layout-flow wp-block-column-is-layout-flow\">\n<p> <\/p>\n\n\n\n<p class=\"has-text-align-center has-medium-font-size\"><a rel=\"noreferrer noopener\" href=\"https:\/\/discord.gg\/6Jn7PzwVhB\" target=\"_blank\"><strong>Rejoignez la communaut\u00e9 des utilisateurs du tableur sur discord ici<\/strong><\/a><\/p>\n<\/div>\n<\/div>\n<\/div>\n<\/div>\n\n\n\n<p class=\"has-text-align-center has-medium-font-size\">Merci de lire le mode d&#8217;emploi du tableur avant utilisation :<\/p>\n\n\n\n<figure class=\"wp-block-image alignfull size-large\"><a href=\"https:\/\/zupimages.net\/up\/21\/44\/tb73.jpg\"><img loading=\"lazy\" decoding=\"async\" width=\"625\" height=\"1024\" src=\"https:\/\/seal.transport-manager.net\/cebdebrest\/wp-content\/uploads\/sites\/93\/2021\/11\/Screenshot_20211107-163054_Sheets-625x1024.jpg\" alt=\"\" class=\"wp-image-868\" srcset=\"https:\/\/seal.transport-manager.net\/cebdebrest\/wp-content\/uploads\/sites\/93\/2021\/11\/Screenshot_20211107-163054_Sheets-625x1024.jpg 625w, https:\/\/seal.transport-manager.net\/cebdebrest\/wp-content\/uploads\/sites\/93\/2021\/11\/Screenshot_20211107-163054_Sheets-183x300.jpg 183w, https:\/\/seal.transport-manager.net\/cebdebrest\/wp-content\/uploads\/sites\/93\/2021\/11\/Screenshot_20211107-163054_Sheets-768x1258.jpg 768w, https:\/\/seal.transport-manager.net\/cebdebrest\/wp-content\/uploads\/sites\/93\/2021\/11\/Screenshot_20211107-163054_Sheets-938x1536.jpg 938w, https:\/\/seal.transport-manager.net\/cebdebrest\/wp-content\/uploads\/sites\/93\/2021\/11\/Screenshot_20211107-163054_Sheets.jpg 1033w\" sizes=\"auto, (max-width: 625px) 100vw, 625px\" \/><\/a><\/figure>\n\n\n\n<div class=\"wp-block-columns is-layout-flex wp-container-core-columns-is-layout-28f84493 wp-block-columns-is-layout-flex\">\n<div class=\"wp-block-column is-layout-flow wp-block-column-is-layout-flow\"><\/div>\n<\/div>\n\n\n\n<p class=\"has-text-align-center\">Vous avez \u00e9galement un tableau de calcul de rentabilit\u00e9 des publicit\u00e9s \u00e0 votre disposition<\/p>\n\n\n\n<div class=\"wp-block-buttons is-horizontal is-content-justification-center is-layout-flex wp-container-core-buttons-is-layout-03627597 wp-block-buttons-is-layout-flex\">\n<div class=\"wp-block-button has-custom-width wp-block-button__width-50\"><a class=\"wp-block-button__link\" href=\"https:\/\/docs.google.com\/spreadsheets\/d\/13N7-se6FjAMx0qpYtcA00MO7cPFaTnedTz4AE2-H9Dg\/edit?usp=drivesdk\" target=\"_blank\" rel=\"noreferrer noopener\">Calcul rentabilit\u00e9 pub<\/a><\/div>\n<\/div>\n\n\n\n<div class=\"wp-block-columns is-layout-flex wp-container-core-columns-is-layout-28f84493 wp-block-columns-is-layout-flex\">\n<div class=\"wp-block-column is-layout-flow wp-block-column-is-layout-flow\">\n<div class=\"wp-block-columns is-layout-flex wp-container-core-columns-is-layout-28f84493 wp-block-columns-is-layout-flex\">\n<div class=\"wp-block-column is-layout-flow wp-block-column-is-layout-flow\"><\/div>\n\n\n\n<div class=\"wp-block-column is-layout-flow wp-block-column-is-layout-flow\"><\/div>\n<\/div>\n<\/div>\n<\/div>\n\n\n\n<div class=\"wp-block-columns is-layout-flex wp-container-core-columns-is-layout-28f84493 wp-block-columns-is-layout-flex\">\n<div class=\"wp-block-column is-layout-flow wp-block-column-is-layout-flow\">\n<div class=\"wp-block-columns is-layout-flex wp-container-core-columns-is-layout-28f84493 wp-block-columns-is-layout-flex\">\n<div class=\"wp-block-column is-layout-flow wp-block-column-is-layout-flow\"><\/div>\n<\/div>\n\n\n\n<div class=\"wp-block-columns is-layout-flex wp-container-core-columns-is-layout-28f84493 wp-block-columns-is-layout-flex\">\n<div class=\"wp-block-column is-layout-flow wp-block-column-is-layout-flow\"><\/div>\n<\/div>\n\n\n\n<hr class=\"wp-block-separator alignfull is-style-wide\" \/>\n\n\n\n<p class=\"has-medium-font-size\"><\/p>\n<\/div>\n<\/div>\n\n\n\n<p><\/p>\n","protected":false},"excerpt":{"rendered":"<p>L&rsquo;inscription est obligatoire Rejoignez la communaut\u00e9 des utilisateurs du tableur sur discord ici Merci de lire le mode d&#8217;emploi du tableur avant utilisation : Vous avez \u00e9galement un tableau de calcul de rentabilit\u00e9 des publicit\u00e9s \u00e0 votre disposition<\/p>\n","protected":false},"author":94,"featured_media":0,"parent":0,"menu_order":0,"comment_status":"closed","ping_status":"closed","template":"","meta":{"footnotes":""},"class_list":["post-788","page","type-page","status-publish","hentry"],"_links":{"self":[{"href":"https:\/\/seal.transport-manager.net\/cebdebrest\/wp-json\/wp\/v2\/pages\/788","targetHints":{"allow":["GET"]}}],"collection":[{"href":"https:\/\/seal.transport-manager.net\/cebdebrest\/wp-json\/wp\/v2\/pages"}],"about":[{"href":"https:\/\/seal.transport-manager.net\/cebdebrest\/wp-json\/wp\/v2\/types\/page"}],"author":[{"embeddable":true,"href":"https:\/\/seal.transport-manager.net\/cebdebrest\/wp-json\/wp\/v2\/users\/94"}],"replies":[{"embeddable":true,"href":"https:\/\/seal.transport-manager.net\/cebdebrest\/wp-json\/wp\/v2\/comments?post=788"}],"version-history":[{"count":39,"href":"https:\/\/seal.transport-manager.net\/cebdebrest\/wp-json\/wp\/v2\/pages\/788\/revisions"}],"predecessor-version":[{"id":1310,"href":"https:\/\/seal.transport-manager.net\/cebdebrest\/wp-json\/wp\/v2\/pages\/788\/revisions\/1310"}],"wp:attachment":[{"href":"https:\/\/seal.transport-manager.net\/cebdebrest\/wp-json\/wp\/v2\/media?parent=788"}],"curies":[{"name":"wp","href":"https:\/\/api.w.org\/{rel}","templated":true}]}}