{"id":100,"date":"2021-09-02T21:25:11","date_gmt":"2021-09-02T19:25:11","guid":{"rendered":"https:\/\/seal.transport-manager.net\/corque\/?page_id=100"},"modified":"2024-05-13T18:17:02","modified_gmt":"2024-05-13T16:17:02","slug":"la-smtcr","status":"publish","type":"page","link":"https:\/\/seal.transport-manager.net\/corque\/la-smtcr\/","title":{"rendered":"La SDM"},"content":{"rendered":"\n<p>La SDM comme <em>Soci\u00e9t\u00e9 Ducale des Mobilit\u00e9s<\/em> remplace depuis le mercredi 13 octobre 2021 la SMTCR (<em>Soci\u00e9t\u00e9 Mixte des Transports en Commun Rounnais<\/em>). Son unique mission est de g\u00e9rer les r\u00e9seaux de transports en communs de Roune et de sa proche banlieue.  <\/p>\n\n\n\n<p>La SDM est la soci\u00e9t\u00e9 exploitante des r\u00e9seaux ASTUCE&rsquo;S et Ka&rsquo;GO, elle est une Soci\u00e9t\u00e9 Publique Locale d\u00e9tenue \u00e0 75% par la M\u00e9tropole Roune Frochine et \u00e0 25% par le duch\u00e9 de Frochine qui sont les autorit\u00e9s organisatrices de leurs r\u00e9seaux de transports respectifs.<\/p>\n\n\n\n<p>La SDM en chiffres :<\/p>\n\n\n\n<p><\/p>\n\n\n\n<ul class=\"wp-block-list\">\n<li>217 bus ainsi que 13 minibus, 34 midibus, 92 standards et 78 articul\u00e9s <\/li>\n\n\n\n<li>50 v\u00e9hicules interurbains dont 20 cars<\/li>\n\n\n\n<li>41 v\u00e9hicules de service dont 2 d\u00e9panneuses PL, 1 v\u00e9hicule d&rsquo;assistance, 7 v\u00e9hicules de travaux, 1 v\u00e9hicule de r\u00e9gulation, 1 v\u00e9hicule de s\u00e9curit\u00e9 et 29 v\u00e9hicules de contr\u00f4le<\/li>\n\n\n\n<li>18 lignes r\u00e9guli\u00e8res dont 3 Lignes \u00e0 Haut Niveau de Service et 2 lignes de Transport \u00c0 la Demande MAIS aussi 4 lignes \u00e0 dimension m\u00e9tropolitaine, 3 lignes \u00e0 vocation provinciale et 4 lignes scolaires<\/li>\n\n\n\n<li>7 agences dont 5 destin\u00e9es \u00e0 ASTUCE&rsquo;S dans Roune <em>intra-muros<\/em> et 2 \u00e0 KA&rsquo;GO \u00e0 Clorent et Lusignol<\/li>\n\n\n\n<li>1 Centre d&rsquo;exploitation \u00e0 l&rsquo;Ouest de Roune accueillant le si\u00e8ge social de la SDM le centre d&rsquo;exploitation, 25 ateliers lourd, une citerne diesel, une station de BioGNV, un branchement \u00e9lectrique pour 100 v\u00e9hicules et le remisage des bus des lignes 1, 2, 3, 4, 5, 6, 9, 60, 901 et 902<\/li>\n\n\n\n<li>1 d\u00e9p\u00f4t \u00e0 l&rsquo;Est de Roune accueillant 25 ateliers l\u00e9gers, une citerne diesel, une station de BioGNV et le remisage des bus des lignes 7, 8, 9, 10, 11 et 61 ainsi que des bus de r\u00e9serve MAIS aussi l&rsquo;ensemble de la flotte Ka&rsquo;GO<\/li>\n\n\n\n<li>813 employ\u00e9s dont 29 \u00e9quipes de contr\u00f4les, 39 vendeurs, 47 m\u00e9caniciens, 9 commerciaux, 615 conducteurs et 16 agents d&rsquo;entretiens du r\u00e9seau<\/li>\n<\/ul>\n","protected":false},"excerpt":{"rendered":"<p>La SDM comme Soci\u00e9t\u00e9 Ducale des Mobilit\u00e9s remplace depuis le mercredi 13 octobre 2021 la SMTCR (Soci\u00e9t\u00e9 Mixte des Transports en Commun Rounnais). Son unique mission est de g\u00e9rer les&nbsp;&hellip;<\/p>\n","protected":false},"author":25,"featured_media":0,"parent":0,"menu_order":0,"comment_status":"closed","ping_status":"closed","template":"","meta":{"footnotes":""},"class_list":["post-100","page","type-page","status-publish","hentry"],"_links":{"self":[{"href":"https:\/\/seal.transport-manager.net\/corque\/wp-json\/wp\/v2\/pages\/100","targetHints":{"allow":["GET"]}}],"collection":[{"href":"https:\/\/seal.transport-manager.net\/corque\/wp-json\/wp\/v2\/pages"}],"about":[{"href":"https:\/\/seal.transport-manager.net\/corque\/wp-json\/wp\/v2\/types\/page"}],"author":[{"embeddable":true,"href":"https:\/\/seal.transport-manager.net\/corque\/wp-json\/wp\/v2\/users\/25"}],"replies":[{"embeddable":true,"href":"https:\/\/seal.transport-manager.net\/corque\/wp-json\/wp\/v2\/comments?post=100"}],"version-history":[{"count":9,"href":"https:\/\/seal.transport-manager.net\/corque\/wp-json\/wp\/v2\/pages\/100\/revisions"}],"predecessor-version":[{"id":225,"href":"https:\/\/seal.transport-manager.net\/corque\/wp-json\/wp\/v2\/pages\/100\/revisions\/225"}],"wp:attachment":[{"href":"https:\/\/seal.transport-manager.net\/corque\/wp-json\/wp\/v2\/media?parent=100"}],"curies":[{"name":"wp","href":"https:\/\/api.w.org\/{rel}","templated":true}]}}