{"id":238,"date":"2024-10-07T17:26:31","date_gmt":"2024-10-07T15:26:31","guid":{"rendered":"https:\/\/seal.transport-manager.net\/corque\/?page_id=238"},"modified":"2025-09-17T09:14:20","modified_gmt":"2025-09-17T07:14:20","slug":"le-reseau-kago","status":"publish","type":"page","link":"https:\/\/seal.transport-manager.net\/corque\/le-reseau-kago\/","title":{"rendered":"Le r\u00e9seau KA&rsquo;GO"},"content":{"rendered":"\n<p>Le r\u00e9seau KA&rsquo;GO est compos\u00e9 de 7 lignes \u00ab\u00a0m\u00e9tropolitaines\u00a0\u00bb, 7 lignes \u00ab\u00a0provinciales\u00a0\u00bb et 6 lignes scolaires.<\/p>\n\n\n\n<blockquote class=\"wp-block-quote is-layout-flow wp-block-quote-is-layout-flow\">\n<blockquote class=\"wp-block-quote is-layout-flow wp-block-quote-is-layout-flow\">\n<p>Ce r\u00e9seau interurbain dessert la province de la S\u00e8ne \u00e0 2 \u00e9chelons diff\u00e9rents. Le premier \u00e9chelon dessert les communes membres de la M\u00e9tropole Roune Frochine comme Lacanac, Brinte ou Clorent. Le second \u00e9chelon dessert les communes faisant partie de la province de la S\u00e8ne, sans \u00eatre membre de la M\u00e9tropole, comme Lusignol, Asquillay ou Ludorgue.<\/p>\n\n\n\n<h2 class=\"wp-block-heading\">Les lignes \u00ab\u00a0m\u00e9tropolitaines\u00a0\u00bb<\/h2>\n\n\n\n<figure class=\"wp-block-image size-large\"><img decoding=\"async\" src=\"https:\/\/transport-manager.net\/assets\/img\/lignes\/N5_L101_trans1.png\" alt=\"\" \/><\/figure>\n<\/blockquote>\n<\/blockquote>\n\n\n\n<figure class=\"wp-block-image size-large\"><img decoding=\"async\" src=\"https:\/\/transport-manager.net\/assets\/img\/lignes\/N5_L102_trans1.png\" alt=\"\" \/><\/figure>\n\n\n\n<figure class=\"wp-block-image size-large\"><img decoding=\"async\" src=\"https:\/\/transport-manager.net\/assets\/img\/lignes\/N5_L103_trans1.png\" alt=\"\" \/><\/figure>\n\n\n\n<figure class=\"wp-block-image size-large\"><img decoding=\"async\" src=\"https:\/\/transport-manager.net\/assets\/img\/lignes\/N5_L104_trans1.png\" alt=\"\" \/><\/figure>\n\n\n\n<figure class=\"wp-block-image size-large\"><img decoding=\"async\" src=\"https:\/\/transport-manager.net\/assets\/img\/lignes\/N5_L105_trans1.png\" alt=\"\" \/><\/figure>\n\n\n\n<figure class=\"wp-block-image size-large\"><img decoding=\"async\" src=\"https:\/\/transport-manager.net\/assets\/img\/lignes\/N5_L106_trans1.png\" alt=\"\" \/><\/figure>\n\n\n\n<figure class=\"wp-block-image size-large\"><img decoding=\"async\" src=\"https:\/\/transport-manager.net\/assets\/img\/lignes\/N5_L151_trans1.png\" alt=\"\" \/><\/figure>\n\n\n\n<h2 class=\"wp-block-heading\">Les lignes \u00ab\u00a0provinciales\u00a0\u00bb<\/h2>\n\n\n\n<figure class=\"wp-block-image size-large\"><img decoding=\"async\" src=\"https:\/\/transport-manager.net\/assets\/img\/lignes\/N5_L201_trans1.png\" alt=\"\" \/><\/figure>\n\n\n\n<figure class=\"wp-block-image size-large\"><img decoding=\"async\" src=\"https:\/\/transport-manager.net\/assets\/img\/lignes\/N5_L202_trans1.png\" alt=\"\" \/><\/figure>\n\n\n\n<figure class=\"wp-block-image size-large\"><img decoding=\"async\" src=\"https:\/\/transport-manager.net\/assets\/img\/lignes\/N5_L203_trans1.png\" alt=\"\" \/><\/figure>\n\n\n\n<figure class=\"wp-block-image size-large\"><img decoding=\"async\" src=\"https:\/\/transport-manager.net\/assets\/img\/lignes\/N5_L204_trans1.png\" alt=\"\" \/><\/figure>\n\n\n\n<figure class=\"wp-block-image size-large\"><img decoding=\"async\" src=\"https:\/\/transport-manager.net\/assets\/img\/lignes\/N5_L205_trans1.png\" alt=\"\" \/><\/figure>\n\n\n\n<figure class=\"wp-block-image size-large\"><img decoding=\"async\" src=\"https:\/\/transport-manager.net\/assets\/img\/lignes\/N5_L206_trans1.png\" alt=\"\" \/><\/figure>\n\n\n\n<figure class=\"wp-block-image size-large\"><img decoding=\"async\" src=\"https:\/\/transport-manager.net\/assets\/img\/lignes\/N5_L251_trans1.png\" alt=\"\" \/><\/figure>\n","protected":false},"excerpt":{"rendered":"<p>Le r\u00e9seau KA&rsquo;GO est compos\u00e9 de 7 lignes \u00ab\u00a0m\u00e9tropolitaines\u00a0\u00bb, 7 lignes \u00ab\u00a0provinciales\u00a0\u00bb et 6 lignes scolaires. Les lignes \u00ab\u00a0provinciales\u00a0\u00bb<\/p>\n","protected":false},"author":25,"featured_media":0,"parent":0,"menu_order":0,"comment_status":"closed","ping_status":"closed","template":"","meta":{"footnotes":""},"class_list":["post-238","page","type-page","status-publish","hentry"],"_links":{"self":[{"href":"https:\/\/seal.transport-manager.net\/corque\/wp-json\/wp\/v2\/pages\/238","targetHints":{"allow":["GET"]}}],"collection":[{"href":"https:\/\/seal.transport-manager.net\/corque\/wp-json\/wp\/v2\/pages"}],"about":[{"href":"https:\/\/seal.transport-manager.net\/corque\/wp-json\/wp\/v2\/types\/page"}],"author":[{"embeddable":true,"href":"https:\/\/seal.transport-manager.net\/corque\/wp-json\/wp\/v2\/users\/25"}],"replies":[{"embeddable":true,"href":"https:\/\/seal.transport-manager.net\/corque\/wp-json\/wp\/v2\/comments?post=238"}],"version-history":[{"count":3,"href":"https:\/\/seal.transport-manager.net\/corque\/wp-json\/wp\/v2\/pages\/238\/revisions"}],"predecessor-version":[{"id":295,"href":"https:\/\/seal.transport-manager.net\/corque\/wp-json\/wp\/v2\/pages\/238\/revisions\/295"}],"wp:attachment":[{"href":"https:\/\/seal.transport-manager.net\/corque\/wp-json\/wp\/v2\/media?parent=238"}],"curies":[{"name":"wp","href":"https:\/\/api.w.org\/{rel}","templated":true}]}}