{"id":73,"date":"2021-08-10T14:09:31","date_gmt":"2021-08-10T12:09:31","guid":{"rendered":"https:\/\/seal.transport-manager.net\/corque\/?page_id=73"},"modified":"2024-10-10T11:22:17","modified_gmt":"2024-10-10T09:22:17","slug":"les-titres-tarifs","status":"publish","type":"page","link":"https:\/\/seal.transport-manager.net\/corque\/les-titres-tarifs\/","title":{"rendered":"Les titres &amp; tarifs"},"content":{"rendered":"\n<blockquote class=\"wp-block-quote is-layout-flow wp-block-quote-is-layout-flow\">\n<p>La grille tarifaire du r\u00e9seau ASTUCE&rsquo;S r\u00e9pond \u00e0 deux imp\u00e9ratifs : \u00e9conomie et rentabilit\u00e9. Nous voulons les tarifs les plus bas possibles tout en offrant le meilleur service pour permettre au plus grand monde d&rsquo;acc\u00e9der aux services d&rsquo;ASTUCE&rsquo;S, c&rsquo;est la priorit\u00e9 de la M\u00e9tropole et de la SMD. Nous d\u00e9sirons aussi que la SMD soit rentable sans avoir recourt aux subventions publiques et ainsi \u00e9viter une hausse des imp\u00f4ts locaux. En somme nous voulons le meilleur service financ\u00e9 uniquement par ceux qui l&rsquo;utilise, au prix juste.<\/p>\n<cite>Jehanne Roland, maire de Roune et pr\u00e9sidente de la M\u00e9tropole Roune Frochine <\/cite><\/blockquote>\n\n\n\n<h2 class=\"wp-block-heading\">Les billets<\/h2>\n\n\n\n<p><em>ASTUCIO&rsquo;S 1 heure, <\/em><strong>1,80\u20ac, <\/strong>ticket valable 1 heure sur tout le r\u00e9seau, disponible \u00e0 la vente dans les bus, aux distributeurs automatiques des stations REGULEO&rsquo;S et KA&rsquo;GO, dans les agences ASTUCE&rsquo;S et KA&rsquo;GO et chez tous les d\u00e9positaires.<\/p>\n\n\n\n<p><em>ASTUCIO&rsquo;S 24 heures, <\/em><strong>5,30\u20ac, <\/strong>ticket valable 24 heures glissantes sur l&rsquo;ensemble du r\u00e9seau, disponible \u00e0 la vente dans les bus, aux distributeurs automatiques des stations REGULEO&rsquo;S et KA&rsquo;GO, dans les agences ASTUCE&rsquo;S et KA&rsquo;GO et chez tous les d\u00e9positaires.<\/p>\n\n\n\n<h2 class=\"wp-block-heading\">L&rsquo;abonnement<\/h2>\n\n\n\n<p><em>ASTUCIO&rsquo;S abonnement, <\/em><strong>62<\/strong><strong>\u20ac par mois, <\/strong>abonnement valable 1 mois glissant sur l&rsquo;ensemble du r\u00e9seau, en vente dans les boutiques ASTUCE&rsquo;S<\/p>\n\n\n\n<p><em>ASTUCIO&rsquo;S scolaire, <\/em><strong>37\u20ac par mois sauf juillet, aout, <\/strong>abonnement valable 1 mois calendaire, en vente dans les boutiques ASTUCE&rsquo;S<\/p>\n\n\n\n<h2 class=\"wp-block-heading\">Les agences<\/h2>\n\n\n\n<blockquote class=\"wp-block-quote is-layout-flow wp-block-quote-is-layout-flow\">\n<p>C&rsquo;est important pour nous \u00e9lus locaux que le plus grand nombre d&rsquo;habitants est acc\u00e8s aux services publics et les agences ASTUCE&rsquo;S sont un bel exemple de cela. Avec 5 agences aux endroits strat\u00e9giques de Roune avec des plages horaires importantes nous permettons \u00e0 tous les rounnais et les rounnaises de renouveler leur abonnement, d&rsquo;acheter un ticket ou simplement d&rsquo;avoir des informations sur leurs itin\u00e9raires avec un contact humain, chaleureux et bienveillant. <\/p>\n<cite>Jehanne Roland, maire de Roune et pr\u00e9sidente de la M\u00e9tropole Roune Frochine <\/cite><\/blockquote>\n\n\n\n<h2 class=\"wp-block-heading\">Les agences ASTUCE&rsquo;S<\/h2>\n\n\n\n<p><strong>Gare Ducale de Roune MDT<\/strong>, ouverte tous les jours. Informations, abonnements, conseils et ventes. Grande halle de la gare, entr\u00e9e possible par la place des voyageurs ou depuis le hall 2 de la gare.<\/p>\n\n\n\n<p>Lundi &#8211; vendredi : 6h-22h30<\/p>\n\n\n\n<p>Samedi et vacances scolaires : 7h-21h30 (heures de semaine les jours de grands d\u00e9parts)<\/p>\n\n\n\n<p>Dimanches et jours f\u00e9ri\u00e9s : 8h-12h \/ 14h30-17h30 (heures du samedi les jours de grands d\u00e9parts)<\/p>\n\n\n\n<p><strong>A\u00e9roport<\/strong> <strong>Roune Vall\u00e9e de l&rsquo;Erdrin<\/strong>, ouverte tous les jours. Informations, abonnements, conseils et ventes.<strong> <\/strong>Terminal 3 \u00ab\u00a0International\u00a0\u00bb en face du d\u00e9part 2, entr\u00e9e possible par le parvis St Exup\u00e9ry ou depuis le terminal.<\/p>\n\n\n\n<p>Lundi au dimanche, vacances et jours f\u00e9ri\u00e9s : horaires de l&rsquo;a\u00e9roport.<\/p>\n\n\n\n<p><strong>Campus Marthe Gauthier \/ CHRU de Frochine, <\/strong>ouverte tous les jours. Informations, abonnements, conseils et ventes. \u00ab\u00a0Pavillon central\u00a0\u00bb accessible depuis la place Marthe Gauthier ou depuis le hall principal du CHRU.<\/p>\n\n\n\n<p>Lundi &#8211; vendredi : 8h-18h<\/p>\n\n\n\n<p>Samedi et vacances scolaires : 9h-18h<\/p>\n\n\n\n<p>Dimanches et jours f\u00e9ri\u00e9s : 14h-18h<\/p>\n\n\n\n<p><strong>Campus Alan Turing Science &amp; Technologies, <\/strong>ouverte tous les jours. Informations, abonnements, conseils et ventes. \u00c0 l&rsquo;entr\u00e9e du campus devant le p\u00f4le d&rsquo;\u00e9changes sur la place Margaret Hamilton.<\/p>\n\n\n\n<p>Lundi &#8211; vendredi : 8h-18h<\/p>\n\n\n\n<p>Samedi et vacances scolaires : 9h-18h<\/p>\n\n\n\n<p>Dimanches et jours f\u00e9ri\u00e9s : 14h-18h<\/p>\n\n\n\n<p><strong>Gare routi\u00e8re de Roune Ouest &#8211; Frochine, <\/strong>ouverte tous les jours. Informations, abonnements, conseils et ventes. Nouveau Hall de la gare routi\u00e8re, entr\u00e9e possible depuis l&rsquo;esplanade du Ponant.<\/p>\n\n\n\n<p>Lundi au dimanche, vacances et jours f\u00e9ri\u00e9s : 5h30 &#8211; 22h30.<\/p>\n\n\n\n<p><strong>Place de l&rsquo;Europe, <\/strong>ouverte tous les jours. Informations, abonnements, conseils et ventes. \u00ab\u00a0Halles des Ventes\u00a0\u00bb sur le milieu de la place.<\/p>\n\n\n\n<p>Lundi &#8211; vendredi : 8h-18h<\/p>\n\n\n\n<p>Samedi et vacances scolaires : 9h-18h<\/p>\n\n\n\n<p>Dimanches et jours f\u00e9ri\u00e9s : 14h-18h<\/p>\n\n\n\n<h2 class=\"wp-block-heading\">Les agences KA&rsquo;GO<\/h2>\n\n\n\n<p><strong>Clorent &#8211; Place du March\u00e9, <\/strong> ouverte en semaine et le samedi matin. Informations, sur la place du march\u00e9 dans le \u00ab\u00a0p\u00f4le proximit\u00e9 frochinien\u00a0\u00bb <\/p>\n\n\n\n<p>Lundi &#8211; vendredi : 8-18h<\/p>\n\n\n\n<p>Samedi : 8 &#8211; 13h <\/p>\n\n\n\n<p><strong>Lusignol &#8211; Gare, <\/strong> ouverte en semaine et le samedi matin. Informations, dans la gare de Lusignol.<\/p>\n\n\n\n<p>Lundi &#8211; vendredi : 8-18h<\/p>\n\n\n\n<p>Samedi : 8 &#8211; 13h <\/p>\n\n\n\n<p><strong>Asquillay &#8211; Boulevard de l&rsquo;Humanit\u00e9<\/strong>, ouverte en semaine et le samedi matin. Informations, sur le boulevard de l&rsquo;Humanit\u00e9, \u00e0 c\u00f4t\u00e9 de la m\u00e9diath\u00e8que.<\/p>\n\n\n\n<p>Lundi &#8211; vendredi : 8-18h<\/p>\n\n\n\n<p>Samedi : 8 &#8211; 13h <\/p>\n","protected":false},"excerpt":{"rendered":"<p>La grille tarifaire du r\u00e9seau ASTUCE&rsquo;S r\u00e9pond \u00e0 deux imp\u00e9ratifs : \u00e9conomie et rentabilit\u00e9. Nous voulons les tarifs les plus bas possibles tout en offrant le meilleur service pour permettre&nbsp;&hellip;<\/p>\n","protected":false},"author":25,"featured_media":0,"parent":0,"menu_order":0,"comment_status":"closed","ping_status":"closed","template":"","meta":{"footnotes":""},"class_list":["post-73","page","type-page","status-publish","hentry"],"_links":{"self":[{"href":"https:\/\/seal.transport-manager.net\/corque\/wp-json\/wp\/v2\/pages\/73","targetHints":{"allow":["GET"]}}],"collection":[{"href":"https:\/\/seal.transport-manager.net\/corque\/wp-json\/wp\/v2\/pages"}],"about":[{"href":"https:\/\/seal.transport-manager.net\/corque\/wp-json\/wp\/v2\/types\/page"}],"author":[{"embeddable":true,"href":"https:\/\/seal.transport-manager.net\/corque\/wp-json\/wp\/v2\/users\/25"}],"replies":[{"embeddable":true,"href":"https:\/\/seal.transport-manager.net\/corque\/wp-json\/wp\/v2\/comments?post=73"}],"version-history":[{"count":9,"href":"https:\/\/seal.transport-manager.net\/corque\/wp-json\/wp\/v2\/pages\/73\/revisions"}],"predecessor-version":[{"id":267,"href":"https:\/\/seal.transport-manager.net\/corque\/wp-json\/wp\/v2\/pages\/73\/revisions\/267"}],"wp:attachment":[{"href":"https:\/\/seal.transport-manager.net\/corque\/wp-json\/wp\/v2\/media?parent=73"}],"curies":[{"name":"wp","href":"https:\/\/api.w.org\/{rel}","templated":true}]}}