{"id":12,"date":"2021-12-28T17:59:39","date_gmt":"2021-12-28T16:59:39","guid":{"rendered":"https:\/\/seal.transport-manager.net\/cyprien\/?page_id=12"},"modified":"2024-07-02T23:03:52","modified_gmt":"2024-07-02T21:03:52","slug":"billetique","status":"publish","type":"page","link":"https:\/\/seal.transport-manager.net\/cyprien\/billetique\/","title":{"rendered":"Billetique"},"content":{"rendered":"\n<h2 class=\"wp-block-heading\" style=\"font-style:normal;font-weight:800\">Nos billets de transports<\/h2>\n\n\n\n<p>Le ticket aller-simple sans correspondance est \u00e0 1,70\u20ac<\/p>\n\n\n\n<p><a href=\"https:\/\/seal.transport-manager.net\/cyprien\/validate\/\">Nos Syst\u00e8mes de Validation.<\/a><\/p>\n\n\n\n<figure class=\"wp-block-image size-full\"><img decoding=\"async\" src=\"https:\/\/seal.transport-manager.net\/aluspeed\/wp-content\/uploads\/sites\/165\/2021\/12\/20211213_232647.jpg\" alt=\"\" class=\"wp-image-180\" \/><figcaption class=\"wp-element-caption\">Ticket simple sans correspondance.<\/figcaption><\/figure>\n\n\n\n<p><\/p>\n\n\n\n<p>Le ticket 24h ou ticket Discovery est \u00e0 5,00\u20ac<\/p>\n\n\n\n<figure class=\"wp-block-image size-full\"><img decoding=\"async\" src=\"https:\/\/seal.transport-manager.net\/aluspeed\/wp-content\/uploads\/sites\/165\/2021\/12\/telecharger.jpeg\" alt=\"\" class=\"wp-image-179\" \/><figcaption class=\"wp-element-caption\">Ticket Discovery.<\/figcaption><\/figure>\n\n\n\n<p><\/p>\n\n\n\n<p>L&rsquo;abonnement mensuel est disponible au prix de 59\u20ac\/mois. Vous pouvez acheter cet abonnement dans n&rsquo;importe quell agence.<\/p>\n\n\n\n<figure class=\"wp-block-image size-full is-resized\"><img loading=\"lazy\" decoding=\"async\" width=\"282\" height=\"200\" src=\"https:\/\/seal.transport-manager.net\/cyprien\/wp-content\/uploads\/sites\/173\/2024\/07\/MoBIB-TEC.png\" alt=\"\" class=\"wp-image-717\" style=\"width:328px;height:240px\" \/><figcaption class=\"wp-element-caption\">Abonnement<\/figcaption><\/figure>\n\n\n\n<p><\/p>\n\n\n\n<p>L&rsquo;abonnement scolaire mensuel est disponible au prix de 35\u20ac\/mois. Vous pouvez acheter cet abonnement dans n&rsquo;importe quelle agence. Cet abonnement est r\u00e9serv\u00e9 \u00e0 n&rsquo;importe quel \u00e9tudiant entre 5 et 26 ans, entre septembre et juin (inclus). Veuillez apporter une preuve d&rsquo;identit\u00e9 ainsi qu&rsquo;une carte \u00e9tudiant valable.<\/p>\n\n\n\n<figure class=\"wp-block-image size-full is-resized\"><img loading=\"lazy\" decoding=\"async\" width=\"474\" height=\"307\" src=\"https:\/\/seal.transport-manager.net\/cyprien\/wp-content\/uploads\/sites\/173\/2024\/07\/MoBIB-TECv2.jpg\" alt=\"\" class=\"wp-image-719\" style=\"width:328px;height:240px\" srcset=\"https:\/\/seal.transport-manager.net\/cyprien\/wp-content\/uploads\/sites\/173\/2024\/07\/MoBIB-TECv2.jpg 474w, https:\/\/seal.transport-manager.net\/cyprien\/wp-content\/uploads\/sites\/173\/2024\/07\/MoBIB-TECv2-300x194.jpg 300w\" sizes=\"auto, (max-width: 474px) 100vw, 474px\" \/><figcaption class=\"wp-element-caption\">Abonnement Scolaire individuel<\/figcaption><\/figure>\n","protected":false},"excerpt":{"rendered":"<p>Nos billets de transports Le ticket aller-simple sans correspondance est \u00e0 1,70\u20ac Nos Syst\u00e8mes de Validation. Le ticket 24h ou ticket Discovery est \u00e0 5,00\u20ac L&rsquo;abonnement mensuel est disponible au&nbsp;&hellip;<\/p>\n","protected":false},"author":167,"featured_media":0,"parent":0,"menu_order":0,"comment_status":"closed","ping_status":"closed","template":"","meta":{"footnotes":""},"class_list":["post-12","page","type-page","status-publish","hentry"],"_links":{"self":[{"href":"https:\/\/seal.transport-manager.net\/cyprien\/wp-json\/wp\/v2\/pages\/12","targetHints":{"allow":["GET"]}}],"collection":[{"href":"https:\/\/seal.transport-manager.net\/cyprien\/wp-json\/wp\/v2\/pages"}],"about":[{"href":"https:\/\/seal.transport-manager.net\/cyprien\/wp-json\/wp\/v2\/types\/page"}],"author":[{"embeddable":true,"href":"https:\/\/seal.transport-manager.net\/cyprien\/wp-json\/wp\/v2\/users\/167"}],"replies":[{"embeddable":true,"href":"https:\/\/seal.transport-manager.net\/cyprien\/wp-json\/wp\/v2\/comments?post=12"}],"version-history":[{"count":7,"href":"https:\/\/seal.transport-manager.net\/cyprien\/wp-json\/wp\/v2\/pages\/12\/revisions"}],"predecessor-version":[{"id":720,"href":"https:\/\/seal.transport-manager.net\/cyprien\/wp-json\/wp\/v2\/pages\/12\/revisions\/720"}],"wp:attachment":[{"href":"https:\/\/seal.transport-manager.net\/cyprien\/wp-json\/wp\/v2\/media?parent=12"}],"curies":[{"name":"wp","href":"https:\/\/api.w.org\/{rel}","templated":true}]}}