{"id":16,"date":"2021-12-28T17:59:39","date_gmt":"2021-12-28T16:59:39","guid":{"rendered":"https:\/\/seal.transport-manager.net\/cyprien\/?page_id=16"},"modified":"2025-09-14T00:17:25","modified_gmt":"2025-09-13T22:17:25","slug":"lines","status":"publish","type":"page","link":"https:\/\/seal.transport-manager.net\/cyprien\/lines\/","title":{"rendered":"Nos Lignes Urbaines"},"content":{"rendered":"\n<p>Voici un descriptif de toutes nos lignes activ\u00e9es et disponibles sur notre r\u00e9seau et l&rsquo;\u00e9tendue de notre r\u00e9seau.<\/p>\n\n\n\n<div class=\"wp-block-group alignwide\"><div class=\"wp-block-group__inner-container is-layout-constrained wp-block-group-is-layout-constrained\">\n<div class=\"wp-block-columns is-layout-flex wp-container-core-columns-is-layout-9d6595d7 wp-block-columns-is-layout-flex\">\n<div class=\"wp-block-column is-layout-flow wp-block-column-is-layout-flow\" style=\"flex-basis:100%\">\n<div class=\"wp-block-group alignwide is-vertical is-content-justification-center is-layout-flex wp-container-core-group-is-layout-4b2eccd6 wp-block-group-is-layout-flex\">\n<h2 class=\"wp-block-heading\" id=\"ligne-1\" style=\"font-style:normal;font-weight:800\">Ligne T1<\/h2>\n\n\n\n<p>NAMUR Gare Centrale &#8211; BELGRADE Campus Alan Turing<\/p>\n\n\n\n<p>Longueur du trajet : 14.6km<\/p>\n\n\n\n<p>Dur\u00e9e du trajet : 46 min<\/p>\n\n\n\n<p>Total d&rsquo;arr\u00eats sur cette ligne : 44 arr\u00eats<\/p>\n\n\n\n<figure class=\"wp-block-image size-large is-resized\"><img decoding=\"async\" src=\"https:\/\/transport-manager.net\/assets\/img\/lignes\/N5_L1_blanc1.png\" alt=\"\" style=\"aspect-ratio:2.932551319648094;object-fit:contain;width:1000px;height:auto\" \/><\/figure>\n\n\n\n<p><\/p>\n\n\n\n<h2 class=\"wp-block-heading\" id=\"ligne-2\" style=\"font-style:normal;font-weight:800\">Ligne 2<\/h2>\n\n\n\n<p>NAMUR Gare Centrale &#8211; WEPION Airport<\/p>\n\n\n\n<p>Longeur du trajet : 10km<\/p>\n\n\n\n<p>Dur\u00e9e du trajet : 40 min<\/p>\n\n\n\n<p>Total d&rsquo;arr\u00eats sur cette ligne : 34 arr\u00eats<\/p>\n\n\n\n<figure class=\"wp-block-image size-large is-resized\"><img decoding=\"async\" src=\"https:\/\/transport-manager.net\/assets\/img\/lignes\/N4_L2_blanc1.png\" alt=\"\" style=\"object-fit:contain;width:1000px;height:342px\" \/><\/figure>\n\n\n\n<p><\/p>\n\n\n\n<h2 class=\"wp-block-heading\" id=\"ligne-3\" style=\"font-style:normal;font-weight:800\">Ligne 3<\/h2>\n\n\n\n<p>NAMUR Gare Centrale &#8211; ERPENT Campus Marthe Gauthier<\/p>\n\n\n\n<p>Longueur du trajet : 8km<\/p>\n\n\n\n<p>Dur\u00e9e du trajet : 32 min<\/p>\n\n\n\n<p>Total d&rsquo;arr\u00eats sur cette ligne : 27 arr\u00eats<\/p>\n\n\n\n<figure class=\"wp-block-image size-large is-resized\"><img decoding=\"async\" src=\"https:\/\/transport-manager.net\/assets\/img\/lignes\/N4_L3_blanc1.png\" alt=\"\" style=\"object-fit:contain;width:1000px;height:338px\" \/><\/figure>\n\n\n\n<p><\/p>\n\n\n\n<h2 class=\"wp-block-heading\" id=\"ligne-4\" style=\"font-style:normal;font-weight:800\">Ligne 4<\/h2>\n\n\n\n<p>NAMUR Gare Centrale &#8211; JAMBES Gare de l&rsquo;Est <\/p>\n\n\n\n<p>Longueur du trajet : 7km<\/p>\n\n\n\n<p>Dur\u00e9e du trajet : 28 min<\/p>\n\n\n\n<p>Total d&rsquo;arr\u00eats sur cette ligne : 24 arr\u00eats<\/p>\n\n\n\n<figure class=\"wp-block-image size-large is-resized\"><img decoding=\"async\" src=\"https:\/\/transport-manager.net\/assets\/img\/lignes\/N4_L4_blanc1.png\" alt=\"\" style=\"object-fit:contain;width:1000px;height:342px\" \/><\/figure>\n\n\n\n<p><\/p>\n\n\n\n<h2 class=\"wp-block-heading\" style=\"font-style:normal;font-weight:800\">Ligne 5<\/h2>\n\n\n\n<p>FLAWINNE Mus\u00e9e d&rsquo;Art Moderne &#8211; LA PLANTE P\u00f4le Luca Pacioli (via SALZINNES &amp; WEPION)<\/p>\n\n\n\n<p>Longueur du trajet : 9km<\/p>\n\n\n\n<p>Dur\u00e9e du trajet : 40 min<\/p>\n\n\n\n<p>Total d&rsquo;arr\u00eats sur cette ligne : 34 arr\u00eats<\/p>\n\n\n\n<figure class=\"wp-block-image size-large is-resized\"><img decoding=\"async\" src=\"https:\/\/transport-manager.net\/assets\/img\/lignes\/N4_L5_blanc1.png\" alt=\"\" style=\"object-fit:contain;width:1000px;height:336px\" \/><\/figure>\n\n\n\n<p><\/p>\n\n\n\n<h2 class=\"wp-block-heading\" style=\"font-style:normal;font-weight:800\">Ligne 6<\/h2>\n\n\n\n<p>NAMUR Grand Palais &#8211; JAMBES Campus Maryse Esterle<\/p>\n\n\n\n<p>Longueur du trajet : 5km<\/p>\n\n\n\n<p>Dur\u00e9e du trajet : 20 min<\/p>\n\n\n\n<p>Total d&rsquo;arr\u00eats sur cette ligne : 17 arr\u00eats<\/p>\n\n\n\n<figure class=\"wp-block-image size-large is-resized\"><img decoding=\"async\" src=\"https:\/\/transport-manager.net\/assets\/img\/lignes\/N4_L6_blanc1.png\" alt=\"\" style=\"object-fit:contain;width:1000px;height:336px\" \/><\/figure>\n\n\n\n<p><\/p>\n\n\n\n<h2 class=\"wp-block-heading\" style=\"font-style:normal;font-weight:800\">Ligne 7<\/h2>\n\n\n\n<p>WEPION Port Fluvial &#8211; NAMUR Grand Palais<\/p>\n\n\n\n<p>Longueur du trajet : 10km<\/p>\n\n\n\n<p>Dur\u00e9e du trajet : 36 min<\/p>\n\n\n\n<p>Total d&rsquo;arr\u00eats sur cette ligne : 30 arr\u00eats<\/p>\n\n\n\n<figure class=\"wp-block-image size-large is-resized\"><img decoding=\"async\" src=\"https:\/\/transport-manager.net\/assets\/img\/lignes\/N4_L7_blanc1.png\" alt=\"\" style=\"object-fit:contain;width:1000px;height:341px\" \/><\/figure>\n\n\n\n<p><\/p>\n\n\n\n<h2 class=\"wp-block-heading\" style=\"font-style:normal;font-weight:800\">Ligne 8<\/h2>\n\n\n\n<p>ERPENT Campus Marthe Gauthier &#8211; LA PLANTE Place de L&rsquo;Europe<\/p>\n\n\n\n<p>Longueur du trajet : 8km<\/p>\n\n\n\n<p>Dur\u00e9e du trajet : 32 min<\/p>\n\n\n\n<p>Total d&rsquo;arr\u00eats sur cette ligne : 27 arr\u00eats<\/p>\n\n\n\n<figure class=\"wp-block-image size-large is-resized\"><img decoding=\"async\" src=\"https:\/\/transport-manager.net\/assets\/img\/lignes\/N4_L8_blanc1.png\" alt=\"\" style=\"object-fit:contain;width:1000px;height:341px\" \/><\/figure>\n\n\n\n<p><\/p>\n\n\n\n<h2 class=\"wp-block-heading\" style=\"font-style:normal;font-weight:800\">Ligne 9<\/h2>\n\n\n\n<p>BELGRADE Campus Alan Turing &#8211; MALONNE Haute-Ville<\/p>\n\n\n\n<p>Longueur du trajet : 6km<\/p>\n\n\n\n<p>Dur\u00e9e du trajet : 18 min<\/p>\n\n\n\n<p>Total d&rsquo;arr\u00eats sur cette ligne : 12 arr\u00eats<\/p>\n\n\n\n<figure class=\"wp-block-image size-large is-resized\"><img decoding=\"async\" src=\"https:\/\/transport-manager.net\/assets\/img\/lignes\/N4_L9_blanc1.png\" alt=\"\" style=\"object-fit:contain;width:1000px;height:341px\" \/><\/figure>\n\n\n\n<p><\/p>\n\n\n\n<h2 class=\"wp-block-heading\" style=\"font-style:normal;font-weight:800\">Ligne 10<\/h2>\n\n\n\n<p>BELGRADE Campus Alan Turing &#8211; JAMBES CRT Est (via BOUGE)<\/p>\n\n\n\n<p>Longueur du trajet : 10km<\/p>\n\n\n\n<p>Dur\u00e9e du trajet : 30 min<\/p>\n\n\n\n<p>Total d&rsquo;arr\u00eats sur cette ligne : 20 arr\u00eats<\/p>\n\n\n\n<figure class=\"wp-block-image size-large is-resized\"><img decoding=\"async\" src=\"https:\/\/transport-manager.net\/assets\/img\/lignes\/N4_L10_blanc1.png\" alt=\"\" style=\"object-fit:contain;width:1000px;height:341px\" \/><\/figure>\n\n\n\n<p><\/p>\n\n\n\n<h2 class=\"wp-block-heading\" style=\"font-style:normal;font-weight:800\">Ligne 11<\/h2>\n\n\n\n<p>ERPENT Campus Marthe Gauthier &#8211; JAMBES Clinique Saint-Paul<\/p>\n\n\n\n<p>Longueur du trajet : 7km<\/p>\n\n\n\n<p>Dur\u00e9e du trajet : 21 min<\/p>\n\n\n\n<p>Total d&rsquo;arr\u00eats sur cette ligne : 14 arr\u00eats<\/p>\n\n\n\n<figure class=\"wp-block-image size-large is-resized\"><img decoding=\"async\" src=\"https:\/\/transport-manager.net\/assets\/img\/lignes\/N4_L11_blanc1.png\" alt=\"\" style=\"object-fit:contain;width:1000px;height:341px\" \/><\/figure>\n\n\n\n<p><\/p>\n\n\n\n<h2 class=\"wp-block-heading\" style=\"font-style:normal;font-weight:800\">Ligne 12<\/h2>\n\n\n\n<p>NAMUR Gare Centrale &#8211; JAMBES Parc d&rsquo;Attraction<\/p>\n\n\n\n<p>Longueur du trajet : 7km<\/p>\n\n\n\n<p>Dur\u00e9e du trajet : 27 min<\/p>\n\n\n\n<p>Total d&rsquo;arr\u00eats sur cette ligne : 21 arr\u00eats<\/p>\n\n\n\n<figure class=\"wp-block-image size-large is-resized\"><img decoding=\"async\" src=\"https:\/\/transport-manager.net\/assets\/img\/lignes\/N4_L12_blanc1.png\" alt=\"\" style=\"object-fit:contain;width:1000px;height:382px\" \/><\/figure>\n\n\n\n<p><\/p>\n\n\n\n<h2 class=\"wp-block-heading\" style=\"font-style:normal;font-weight:800\">Ligne 13<\/h2>\n\n\n\n<p>MALONNE Haute-Ville &#8211; WEPION A\u00e9roport<\/p>\n\n\n\n<p>Longueur du trajet : 6.5km<\/p>\n\n\n\n<p>Dur\u00e9e du trajet : 18 min<\/p>\n\n\n\n<p>Total d&rsquo;arr\u00eats sur cette ligne : 15 arr\u00eats<\/p>\n\n\n\n<figure class=\"wp-block-image size-large is-resized\"><img decoding=\"async\" src=\"https:\/\/transport-manager.net\/assets\/img\/lignes\/N4_L13_blanc1.png\" alt=\"\" style=\"object-fit:contain;width:1000px;height:382px\" \/><\/figure>\n\n\n\n<p><\/p>\n\n\n\n<h2 class=\"wp-block-heading\" style=\"font-style:normal;font-weight:800\">Ligne 14<\/h2>\n\n\n\n<p>MALONNE Haute-Ville &#8211; WEPION A\u00e9roport<\/p>\n\n\n\n<p>Longueur du trajet : 6.5km<\/p>\n\n\n\n<p>Dur\u00e9e du trajet : 18 min<\/p>\n\n\n\n<p>Total d&rsquo;arr\u00eats sur cette ligne : 15 arr\u00eats<\/p>\n\n\n\n<figure class=\"wp-block-image size-large is-resized\"><img decoding=\"async\" src=\"https:\/\/transport-manager.net\/assets\/img\/lignes\/N4_L13_blanc1.png\" alt=\"\" style=\"object-fit:contain;width:1000px;height:382px\" \/><\/figure>\n\n\n\n<p><\/p>\n\n\n\n<h2 class=\"wp-block-heading\" style=\"font-style:normal;font-weight:800\">Ligne 13<\/h2>\n\n\n\n<p>MALONNE Haute-Ville &#8211; WEPION A\u00e9roport<\/p>\n\n\n\n<p>Longueur du trajet : 6.5km<\/p>\n\n\n\n<p>Dur\u00e9e du trajet : 18 min<\/p>\n\n\n\n<p>Total d&rsquo;arr\u00eats sur cette ligne : 15 arr\u00eats<\/p>\n\n\n\n<figure class=\"wp-block-image size-large is-resized\"><img decoding=\"async\" src=\"https:\/\/transport-manager.net\/assets\/img\/lignes\/N4_L13_blanc1.png\" alt=\"\" style=\"object-fit:contain;width:1000px;height:382px\" \/><\/figure>\n\n\n\n<p><\/p>\n\n\n\n<h2 class=\"wp-block-heading\" style=\"font-style:normal;font-weight:800\">Ligne 13<\/h2>\n\n\n\n<p>MALONNE Haute-Ville &#8211; WEPION A\u00e9roport<\/p>\n\n\n\n<p>Longueur du trajet : 6.5km<\/p>\n\n\n\n<p>Dur\u00e9e du trajet : 18 min<\/p>\n\n\n\n<p>Total d&rsquo;arr\u00eats sur cette ligne : 15 arr\u00eats<\/p>\n\n\n\n<figure class=\"wp-block-image size-large is-resized\"><img decoding=\"async\" src=\"https:\/\/transport-manager.net\/assets\/img\/lignes\/N4_L13_blanc1.png\" alt=\"\" style=\"object-fit:contain;width:1000px;height:382px\" \/><\/figure>\n\n\n\n<p><\/p>\n\n\n\n<p>Ligne 60<\/p>\n\n\n\n<p>SALZINNES Pr\u00e9fecture &#8211; BELGRADE Lyc\u00e9e Karl Marx<\/p>\n\n\n\n<p>Longueur du trajet : 5km<\/p>\n\n\n\n<p>Dur\u00e9e du trajet : 20 min<\/p>\n\n\n\n<p>Total d&rsquo;arr\u00eats sur cette ligne : 17 arr\u00eats<\/p>\n\n\n\n<figure class=\"wp-block-image size-large is-resized\"><img decoding=\"async\" src=\"https:\/\/transport-manager.net\/assets\/img\/lignes\/N4_L60_blanc1.png\" alt=\"\" style=\"object-fit:contain;width:1000px;height:382px\" \/><\/figure>\n\n\n\n<p><\/p>\n\n\n\n<h2 class=\"wp-block-heading\" style=\"font-style:normal;font-weight:800\">Ligne 61<\/h2>\n\n\n\n<p>SALZINNES Gare de l&rsquo;Ouest- ERPENT Parc Jolimont<\/p>\n\n\n\n<p>Longueur du trajet : 8km<\/p>\n\n\n\n<p>Dur\u00e9e du trajet : 32 min<\/p>\n\n\n\n<p>Total d&rsquo;arr\u00eats sur cette ligne : 27 arr\u00eats<\/p>\n\n\n\n<figure class=\"wp-block-image size-large is-resized\"><img decoding=\"async\" src=\"https:\/\/transport-manager.net\/assets\/img\/lignes\/N4_L61_blanc1.png\" alt=\"\" style=\"object-fit:contain;width:1000px;height:382px\" \/><\/figure>\n\n\n\n<p><\/p>\n\n\n\n<h2 class=\"wp-block-heading\" style=\"font-style:normal;font-weight:800\">Ligne 62 (Circulaire)<\/h2>\n\n\n\n<p>BOUGE Parc de l&rsquo;Etang &#8211; BOUGE Parc de l&rsquo;Etang (via Namur &amp; Jambes)<\/p>\n\n\n\n<p>Longueur du trajet : 10km<\/p>\n\n\n\n<p>Dur\u00e9e du trajet : 40 min<\/p>\n\n\n\n<p>Total d&rsquo;arr\u00eats sur cette ligne : 30 arr\u00eats<\/p>\n\n\n\n<figure class=\"wp-block-image size-large is-resized\"><img decoding=\"async\" src=\"https:\/\/transport-manager.net\/assets\/img\/lignes\/N4_L62_blanc1.png\" alt=\"\" style=\"object-fit:contain;width:1000px;height:382px\" \/><\/figure>\n\n\n\n<p><\/p>\n\n\n\n<h2 class=\"wp-block-heading\" style=\"font-style:normal;font-weight:800\">Ligne 63<\/h2>\n\n\n\n<p>LA PLANTE Place de L&rsquo;Europe &#8211; JAMBES Parc d&rsquo;Attraction<\/p>\n\n\n\n<p>Longueur du trajet : 7.8km<\/p>\n\n\n\n<p>Dur\u00e9e du trajet : 29 min<\/p>\n\n\n\n<p>Total d&rsquo;arr\u00eats sur cette ligne : 26 arr\u00eats<\/p>\n\n\n\n<figure class=\"wp-block-image size-large is-resized\"><img decoding=\"async\" src=\"https:\/\/transport-manager.net\/assets\/img\/lignes\/N4_L63_blanc1.png\" alt=\"\" style=\"object-fit:contain;width:1000px;height:382px\" \/><\/figure>\n\n\n\n<p><\/p>\n\n\n\n<h2 class=\"wp-block-heading\" style=\"font-style:normal;font-weight:800\">Ligne 64<\/h2>\n\n\n\n<p>LA PLANTE Place de L&rsquo;Europe &#8211; NAMUR H\u00f4tel de R\u00e9gion<\/p>\n\n\n\n<p>Longueur du trajet : 3.9km<\/p>\n\n\n\n<p>Dur\u00e9e du trajet : 14 min<\/p>\n\n\n\n<p>Total d&rsquo;arr\u00eats sur cette ligne : 13 arr\u00eats<\/p>\n\n\n\n<figure class=\"wp-block-image size-large is-resized\"><img decoding=\"async\" src=\"https:\/\/transport-manager.net\/assets\/img\/lignes\/N4_L64_blanc1.png\" alt=\"\" style=\"object-fit:contain;width:1000px;height:382px\" \/><\/figure>\n\n\n\n<p><\/p>\n\n\n\n<h2 class=\"wp-block-heading\" style=\"font-style:normal;font-weight:800\">Ligne 101<\/h2>\n\n\n\n<p>NAMUR H\u00f4tel de R\u00e9gion &#8211; ARRONAY \u00c9tangs<\/p>\n\n\n\n<p>Longueur du trajet : 21km<\/p>\n\n\n\n<p>Dur\u00e9e du trajet : 36 min<\/p>\n\n\n\n<p>Total d&rsquo;arr\u00eats sur cette ligne : 16 arr\u00eats<\/p>\n\n\n\n<figure class=\"wp-block-image size-large is-resized\"><img decoding=\"async\" src=\"https:\/\/transport-manager.net\/assets\/img\/lignes\/N4_L101_blanc1.png\" alt=\"\" style=\"object-fit:contain;width:1000px;height:382px\" \/><\/figure>\n\n\n\n<p><\/p>\n\n\n\n<h2 class=\"wp-block-heading\" style=\"font-style:normal;font-weight:800\">Ligne 102<\/h2>\n\n\n\n<p>JAMBES Stade &#8211; BRINTE Avenue de la Libert\u00e9<\/p>\n\n\n\n<p>Longueur du trajet : 18km<\/p>\n\n\n\n<p>Dur\u00e9e du trajet : 27 min<\/p>\n\n\n\n<p>Total d&rsquo;arr\u00eats sur cette ligne : 12 arr\u00eats<\/p>\n\n\n\n<figure class=\"wp-block-image size-large is-resized\"><img decoding=\"async\" src=\"https:\/\/transport-manager.net\/assets\/img\/lignes\/N4_L102_blanc1.png\" alt=\"\" style=\"object-fit:contain;width:1000px;height:382px\" \/><\/figure>\n\n\n\n<p><\/p>\n\n\n\n<h2 class=\"wp-block-heading\" style=\"font-style:normal;font-weight:800\">Ligne 103<\/h2>\n\n\n\n<p>LA PLANTE Place de l&rsquo;Europe &#8211; CLORENT Centre de Recyclage<\/p>\n\n\n\n<p>Longueur du trajet : 11km<\/p>\n\n\n\n<p>Dur\u00e9e du trajet : 21 min<\/p>\n\n\n\n<p>Total d&rsquo;arr\u00eats sur cette ligne : 8 arr\u00eats<\/p>\n\n\n\n<figure class=\"wp-block-image size-large is-resized\"><img decoding=\"async\" src=\"https:\/\/transport-manager.net\/assets\/img\/lignes\/N4_L103_blanc1.png\" alt=\"\" style=\"object-fit:contain;width:1000px;height:382px\" \/><\/figure>\n\n\n\n<p><\/p>\n\n\n\n<h2 class=\"wp-block-heading\" style=\"font-style:normal;font-weight:800\">Ligne 104<\/h2>\n\n\n\n<p>LACANAC Place du March\u00e9 &#8211; SALZINNES Sciences Po<\/p>\n\n\n\n<p>Longueur du trajet : 12km<\/p>\n\n\n\n<p>Dur\u00e9e du trajet : 24 min<\/p>\n\n\n\n<p>Total d&rsquo;arr\u00eats sur cette ligne : 10 arr\u00eats<\/p>\n\n\n\n<figure class=\"wp-block-image size-large is-resized\"><img decoding=\"async\" src=\"https:\/\/transport-manager.net\/assets\/img\/lignes\/N4_L104_blanc1.png\" alt=\"\" style=\"object-fit:contain;width:1000px;height:382px\" \/><\/figure>\n\n\n\n<p><\/p>\n\n\n\n<h2 class=\"wp-block-heading\" style=\"font-style:normal;font-weight:800\">Ligne 201<\/h2>\n\n\n\n<p>BELGRADE Campus Alan Turing  &#8211; LUSIGNOL Gare<\/p>\n\n\n\n<p>Longueur du trajet : 49km<\/p>\n\n\n\n<p>Dur\u00e9e du trajet : 58 min<\/p>\n\n\n\n<p>Total d&rsquo;arr\u00eats sur cette ligne : 5 arr\u00eats<\/p>\n\n\n\n<figure class=\"wp-block-image size-large is-resized\"><img decoding=\"async\" src=\"https:\/\/transport-manager.net\/assets\/img\/lignes\/N4_L201_blanc1.png\" alt=\"\" style=\"object-fit:contain;width:1000px;height:382px\" \/><\/figure>\n\n\n\n<p><\/p>\n\n\n\n<h2 class=\"wp-block-heading\" style=\"font-style:normal;font-weight:800\">Ligne 202<\/h2>\n\n\n\n<p>BELGRADE Campus Alan Turing &#8211; MINIA Gare Routi\u00e8re<\/p>\n\n\n\n<p>Longueur du trajet : 29km<\/p>\n\n\n\n<p>Dur\u00e9e du trajet : 37 min<\/p>\n\n\n\n<p>Total d&rsquo;arr\u00eats sur cette ligne : 4 arr\u00eats<\/p>\n\n\n\n<figure class=\"wp-block-image size-large is-resized\"><img decoding=\"async\" src=\"https:\/\/transport-manager.net\/assets\/img\/lignes\/N4_L202_blanc1.png\" alt=\"\" style=\"object-fit:contain;width:1000px;height:382px\" \/><\/figure>\n\n\n\n<p><\/p>\n\n\n\n<h2 class=\"wp-block-heading\" style=\"font-style:normal;font-weight:800\">Ligne 203<\/h2>\n\n\n\n<p>LUDORGUE Mont Ludogue &#8211; SALZINNES Gare de l&rsquo;Ouest<\/p>\n\n\n\n<p>Longueur du trajet : 42.1km<\/p>\n\n\n\n<p>Dur\u00e9e du trajet : 62 min<\/p>\n\n\n\n<p>Total d&rsquo;arr\u00eats sur cette ligne : 5 arr\u00eats<\/p>\n\n\n\n<figure class=\"wp-block-image size-large is-resized\"><img decoding=\"async\" src=\"https:\/\/transport-manager.net\/assets\/img\/lignes\/N4_L203_blanc1.png\" alt=\"\" style=\"object-fit:contain;width:1000px;height:382px\" \/><\/figure>\n\n\n\n<p><\/p>\n\n\n\n<hr class=\"wp-block-separator has-alpha-channel-opacity is-style-dots\" \/>\n\n\n\n<h2 class=\"wp-block-heading\" style=\"font-style:normal;font-weight:800\">Ligne 601<\/h2>\n\n\n\n<p>SALZINNES Lyc\u00e9e Anne Frank &#8211; LACANAC &#8211; H\u00f4tel de Ville<\/p>\n\n\n\n<p>Longueur du trajet : 13km<\/p>\n\n\n\n<p>Dur\u00e9e du trajet : 25 min<\/p>\n\n\n\n<p>Total d&rsquo;arr\u00eats sur cette ligne : 5 arr\u00eats<\/p>\n\n\n\n<figure class=\"wp-block-image size-large is-resized\"><img decoding=\"async\" src=\"https:\/\/transport-manager.net\/assets\/img\/lignes\/N4_L601_blanc1.png\" alt=\"\" style=\"object-fit:contain;width:1000px;height:382px\" \/><\/figure>\n\n\n\n<p><\/p>\n\n\n\n<hr class=\"wp-block-separator has-alpha-channel-opacity is-style-dots\" \/>\n\n\n\n<h2 class=\"wp-block-heading\" style=\"font-style:normal;font-weight:800\">Ligne 651<\/h2>\n\n\n\n<p>BELGRADE Lyc\u00e9e Karl Marx &#8211; NAUBOURG &#8211; Grand-Place<\/p>\n\n\n\n<p>Longueur du trajet : 37km<\/p>\n\n\n\n<p>Dur\u00e9e du trajet : 60 min<\/p>\n\n\n\n<p>Total d&rsquo;arr\u00eats sur cette ligne : 8 arr\u00eats<\/p>\n\n\n\n<figure class=\"wp-block-image size-large is-resized\"><img decoding=\"async\" src=\"https:\/\/transport-manager.net\/assets\/img\/lignes\/N4_L651_blanc1.png\" alt=\"\" style=\"object-fit:contain;width:1000px;height:382px\" \/><\/figure>\n\n\n\n<p><\/p>\n\n\n\n<hr class=\"wp-block-separator has-alpha-channel-opacity is-style-dots\" \/>\n\n\n\n<h2 class=\"wp-block-heading\" style=\"font-style:normal;font-weight:800\">Ligne 652<\/h2>\n\n\n\n<p>SALZINNES Lyc\u00e9e Anne Frank &#8211; SALANBOURG &#8211; Eglise Sainte-Marie<\/p>\n\n\n\n<p>Longueur du trajet : 24km<\/p>\n\n\n\n<p>Dur\u00e9e du trajet : 40 min<\/p>\n\n\n\n<p>Total d&rsquo;arr\u00eats sur cette ligne : 5 arr\u00eats<\/p>\n\n\n\n<figure class=\"wp-block-image size-large is-resized\"><img decoding=\"async\" src=\"https:\/\/transport-manager.net\/assets\/img\/lignes\/N4_L652_blanc1.png\" alt=\"\" style=\"object-fit:contain;width:1000px;height:382px\" \/><\/figure>\n\n\n\n<p><\/p>\n<\/div>\n<\/div>\n<\/div>\n<\/div><\/div>\n","protected":false},"excerpt":{"rendered":"<p>Voici un descriptif de toutes nos lignes activ\u00e9es et disponibles sur notre r\u00e9seau et l&rsquo;\u00e9tendue de notre r\u00e9seau. Ligne T1 NAMUR Gare Centrale &#8211; BELGRADE Campus Alan Turing Longueur du&nbsp;&hellip;<\/p>\n","protected":false},"author":167,"featured_media":0,"parent":0,"menu_order":0,"comment_status":"closed","ping_status":"closed","template":"","meta":{"footnotes":""},"class_list":["post-16","page","type-page","status-publish","hentry"],"_links":{"self":[{"href":"https:\/\/seal.transport-manager.net\/cyprien\/wp-json\/wp\/v2\/pages\/16","targetHints":{"allow":["GET"]}}],"collection":[{"href":"https:\/\/seal.transport-manager.net\/cyprien\/wp-json\/wp\/v2\/pages"}],"about":[{"href":"https:\/\/seal.transport-manager.net\/cyprien\/wp-json\/wp\/v2\/types\/page"}],"author":[{"embeddable":true,"href":"https:\/\/seal.transport-manager.net\/cyprien\/wp-json\/wp\/v2\/users\/167"}],"replies":[{"embeddable":true,"href":"https:\/\/seal.transport-manager.net\/cyprien\/wp-json\/wp\/v2\/comments?post=16"}],"version-history":[{"count":40,"href":"https:\/\/seal.transport-manager.net\/cyprien\/wp-json\/wp\/v2\/pages\/16\/revisions"}],"predecessor-version":[{"id":909,"href":"https:\/\/seal.transport-manager.net\/cyprien\/wp-json\/wp\/v2\/pages\/16\/revisions\/909"}],"wp:attachment":[{"href":"https:\/\/seal.transport-manager.net\/cyprien\/wp-json\/wp\/v2\/media?parent=16"}],"curies":[{"name":"wp","href":"https:\/\/api.w.org\/{rel}","templated":true}]}}