{"id":17,"date":"2021-12-28T17:59:39","date_gmt":"2021-12-28T16:59:39","guid":{"rendered":"https:\/\/seal.transport-manager.net\/cyprien\/?page_id=17"},"modified":"2025-06-18T13:16:06","modified_gmt":"2025-06-18T11:16:06","slug":"info-traffic","status":"publish","type":"page","link":"https:\/\/seal.transport-manager.net\/cyprien\/info-traffic\/","title":{"rendered":"Info Traffic"},"content":{"rendered":"\n<h2 class=\"wp-block-heading\" id=\"etat-general-du-reseau\" style=\"font-size:24px;font-style:normal;font-weight:800\"><span style=\"text-decoration: underline\">Etat G\u00e9n\u00e9ral du r\u00e9seau<\/span><\/h2>\n\n\n\n<p>Tout roule normalement, vous serez averti si il y a un probl\u00e8me sur une ligne.<\/p>\n\n\n\n<p><\/p>\n\n\n\n<figure class=\"wp-block-image size-full\"><img decoding=\"async\" src=\"https:\/\/transport-manager.net\/assets\/img\/lignes\/L1.png\" alt=\"\" class=\"wp-image-154\" \/><\/figure>\n\n\n\n<figure class=\"wp-block-image size-large\"><img decoding=\"async\" src=\"https:\/\/seal.transport-manager.net\/cyprien\/wp-content\/uploads\/sites\/173\/2022\/01\/perturbation.png\" alt=\"\" \/><\/figure>\n\n\n\n<p><\/p>\n\n\n\n<figure class=\"wp-block-image size-full\"><img decoding=\"async\" src=\"https:\/\/transport-manager.net\/assets\/img\/lignes\/L2.png\" alt=\"\" class=\"wp-image-160\" \/><\/figure>\n\n\n\n<figure class=\"wp-block-image size-large\"><img decoding=\"async\" src=\"https:\/\/seal.transport-manager.net\/cyprien\/wp-content\/uploads\/sites\/173\/2022\/01\/perturbation.png\" alt=\"\" \/><\/figure>\n\n\n\n<p><\/p>\n\n\n\n<figure class=\"wp-block-image size-full\"><img decoding=\"async\" src=\"https:\/\/transport-manager.net\/assets\/img\/lignes\/L3.png\" alt=\"\" class=\"wp-image-159\" \/><\/figure>\n\n\n\n<figure class=\"wp-block-image size-full\"><img loading=\"lazy\" decoding=\"async\" width=\"578\" height=\"57\" src=\"https:\/\/seal.transport-manager.net\/cyprien\/wp-content\/uploads\/sites\/173\/2022\/01\/perturbation.png\" alt=\"\" class=\"wp-image-225\" srcset=\"https:\/\/seal.transport-manager.net\/cyprien\/wp-content\/uploads\/sites\/173\/2022\/01\/perturbation.png 578w, https:\/\/seal.transport-manager.net\/cyprien\/wp-content\/uploads\/sites\/173\/2022\/01\/perturbation-300x30.png 300w\" sizes=\"auto, (max-width: 578px) 100vw, 578px\" \/><\/figure>\n\n\n\n<p><\/p>\n\n\n\n<figure class=\"wp-block-image size-full\"><img decoding=\"async\" src=\"https:\/\/transport-manager.net\/assets\/img\/lignes\/L4.png\" alt=\"\" class=\"wp-image-158\" \/><\/figure>\n\n\n\n<figure class=\"wp-block-image size-full\"><img loading=\"lazy\" decoding=\"async\" width=\"578\" height=\"57\" src=\"https:\/\/seal.transport-manager.net\/cyprien\/wp-content\/uploads\/sites\/173\/2022\/01\/perturbation.png\" alt=\"\" class=\"wp-image-225\" srcset=\"https:\/\/seal.transport-manager.net\/cyprien\/wp-content\/uploads\/sites\/173\/2022\/01\/perturbation.png 578w, https:\/\/seal.transport-manager.net\/cyprien\/wp-content\/uploads\/sites\/173\/2022\/01\/perturbation-300x30.png 300w\" sizes=\"auto, (max-width: 578px) 100vw, 578px\" \/><\/figure>\n\n\n\n<p><\/p>\n\n\n\n<figure class=\"wp-block-image size-full\"><img decoding=\"async\" src=\"https:\/\/transport-manager.net\/assets\/img\/lignes\/L5.png\" alt=\"\" class=\"wp-image-479\" \/><\/figure>\n\n\n\n<figure class=\"wp-block-image size-full\"><img loading=\"lazy\" decoding=\"async\" width=\"578\" height=\"57\" src=\"https:\/\/seal.transport-manager.net\/cyprien\/wp-content\/uploads\/sites\/173\/2022\/01\/perturbation.png\" alt=\"\" class=\"wp-image-225\" srcset=\"https:\/\/seal.transport-manager.net\/cyprien\/wp-content\/uploads\/sites\/173\/2022\/01\/perturbation.png 578w, https:\/\/seal.transport-manager.net\/cyprien\/wp-content\/uploads\/sites\/173\/2022\/01\/perturbation-300x30.png 300w\" sizes=\"auto, (max-width: 578px) 100vw, 578px\" \/><\/figure>\n\n\n\n<p><\/p>\n\n\n\n<figure class=\"wp-block-image size-full\"><img decoding=\"async\" src=\"https:\/\/transport-manager.net\/assets\/img\/lignes\/L6.png\" alt=\"\" class=\"wp-image-480\" \/><\/figure>\n\n\n\n<figure class=\"wp-block-image size-large\"><img decoding=\"async\" src=\"https:\/\/seal.transport-manager.net\/cyprien\/wp-content\/uploads\/sites\/173\/2022\/01\/perturbation.png\" alt=\"\" \/><\/figure>\n\n\n\n<p><\/p>\n\n\n\n<figure class=\"wp-block-image size-full\"><img decoding=\"async\" src=\"https:\/\/transport-manager.net\/assets\/img\/lignes\/L7.png\" alt=\"\" class=\"wp-image-481\" \/><\/figure>\n\n\n\n<figure class=\"wp-block-image size-full\"><img loading=\"lazy\" decoding=\"async\" width=\"578\" height=\"57\" src=\"https:\/\/seal.transport-manager.net\/cyprien\/wp-content\/uploads\/sites\/173\/2022\/01\/perturbation.png\" alt=\"\" class=\"wp-image-225\" srcset=\"https:\/\/seal.transport-manager.net\/cyprien\/wp-content\/uploads\/sites\/173\/2022\/01\/perturbation.png 578w, https:\/\/seal.transport-manager.net\/cyprien\/wp-content\/uploads\/sites\/173\/2022\/01\/perturbation-300x30.png 300w\" sizes=\"auto, (max-width: 578px) 100vw, 578px\" \/><\/figure>\n\n\n\n<p><\/p>\n\n\n\n<figure class=\"wp-block-image size-full\"><img decoding=\"async\" src=\"https:\/\/transport-manager.net\/assets\/img\/lignes\/L8.png\" alt=\"\" class=\"wp-image-481\" \/><\/figure>\n\n\n\n<figure class=\"wp-block-image size-full\"><img loading=\"lazy\" decoding=\"async\" width=\"578\" height=\"57\" src=\"https:\/\/seal.transport-manager.net\/cyprien\/wp-content\/uploads\/sites\/173\/2022\/01\/perturbation.png\" alt=\"\" class=\"wp-image-225\" srcset=\"https:\/\/seal.transport-manager.net\/cyprien\/wp-content\/uploads\/sites\/173\/2022\/01\/perturbation.png 578w, https:\/\/seal.transport-manager.net\/cyprien\/wp-content\/uploads\/sites\/173\/2022\/01\/perturbation-300x30.png 300w\" sizes=\"auto, (max-width: 578px) 100vw, 578px\" \/><\/figure>\n\n\n\n<p><\/p>\n\n\n\n<figure class=\"wp-block-image size-full\"><img decoding=\"async\" src=\"https:\/\/transport-manager.net\/assets\/img\/lignes\/L9.png\" alt=\"\" class=\"wp-image-481\" \/><\/figure>\n\n\n\n<figure class=\"wp-block-image size-full\"><img loading=\"lazy\" decoding=\"async\" width=\"578\" height=\"57\" src=\"https:\/\/seal.transport-manager.net\/cyprien\/wp-content\/uploads\/sites\/173\/2022\/01\/perturbation.png\" alt=\"\" class=\"wp-image-225\" srcset=\"https:\/\/seal.transport-manager.net\/cyprien\/wp-content\/uploads\/sites\/173\/2022\/01\/perturbation.png 578w, https:\/\/seal.transport-manager.net\/cyprien\/wp-content\/uploads\/sites\/173\/2022\/01\/perturbation-300x30.png 300w\" sizes=\"auto, (max-width: 578px) 100vw, 578px\" \/><\/figure>\n\n\n\n<p><\/p>\n\n\n\n<figure class=\"wp-block-image size-full\"><img decoding=\"async\" src=\"https:\/\/transport-manager.net\/assets\/img\/lignes\/L10.png\" alt=\"\" class=\"wp-image-481\" \/><\/figure>\n\n\n\n<figure class=\"wp-block-image size-full\"><img loading=\"lazy\" decoding=\"async\" width=\"578\" height=\"57\" src=\"https:\/\/seal.transport-manager.net\/cyprien\/wp-content\/uploads\/sites\/173\/2022\/01\/perturbation.png\" alt=\"\" class=\"wp-image-225\" srcset=\"https:\/\/seal.transport-manager.net\/cyprien\/wp-content\/uploads\/sites\/173\/2022\/01\/perturbation.png 578w, https:\/\/seal.transport-manager.net\/cyprien\/wp-content\/uploads\/sites\/173\/2022\/01\/perturbation-300x30.png 300w\" sizes=\"auto, (max-width: 578px) 100vw, 578px\" \/><\/figure>\n\n\n\n<p><\/p>\n\n\n\n<figure class=\"wp-block-image size-full\"><img decoding=\"async\" src=\"https:\/\/transport-manager.net\/assets\/img\/lignes\/L11.png\" alt=\"\" class=\"wp-image-481\" \/><\/figure>\n\n\n\n<figure class=\"wp-block-image size-full\"><img loading=\"lazy\" decoding=\"async\" width=\"578\" height=\"57\" src=\"https:\/\/seal.transport-manager.net\/cyprien\/wp-content\/uploads\/sites\/173\/2022\/01\/perturbation.png\" alt=\"\" class=\"wp-image-225\" srcset=\"https:\/\/seal.transport-manager.net\/cyprien\/wp-content\/uploads\/sites\/173\/2022\/01\/perturbation.png 578w, https:\/\/seal.transport-manager.net\/cyprien\/wp-content\/uploads\/sites\/173\/2022\/01\/perturbation-300x30.png 300w\" sizes=\"auto, (max-width: 578px) 100vw, 578px\" \/><\/figure>\n\n\n\n<p><\/p>\n\n\n\n<figure class=\"wp-block-image size-full\"><img decoding=\"async\" src=\"https:\/\/transport-manager.net\/assets\/img\/lignes\/L12.png\" alt=\"\" class=\"wp-image-481\" \/><\/figure>\n\n\n\n<figure class=\"wp-block-image size-full\"><img loading=\"lazy\" decoding=\"async\" width=\"578\" height=\"57\" src=\"https:\/\/seal.transport-manager.net\/cyprien\/wp-content\/uploads\/sites\/173\/2022\/01\/perturbation.png\" alt=\"\" class=\"wp-image-225\" srcset=\"https:\/\/seal.transport-manager.net\/cyprien\/wp-content\/uploads\/sites\/173\/2022\/01\/perturbation.png 578w, https:\/\/seal.transport-manager.net\/cyprien\/wp-content\/uploads\/sites\/173\/2022\/01\/perturbation-300x30.png 300w\" sizes=\"auto, (max-width: 578px) 100vw, 578px\" \/><\/figure>\n\n\n\n<p><\/p>\n\n\n\n<figure class=\"wp-block-image size-large\"><img decoding=\"async\" src=\"https:\/\/transport-manager.net\/assets\/img\/lignes\/L13.png\" alt=\"\" \/><\/figure>\n\n\n\n<figure class=\"wp-block-image size-full\"><img loading=\"lazy\" decoding=\"async\" width=\"578\" height=\"57\" src=\"https:\/\/seal.transport-manager.net\/cyprien\/wp-content\/uploads\/sites\/173\/2022\/01\/perturbation.png\" alt=\"\" class=\"wp-image-225\" srcset=\"https:\/\/seal.transport-manager.net\/cyprien\/wp-content\/uploads\/sites\/173\/2022\/01\/perturbation.png 578w, https:\/\/seal.transport-manager.net\/cyprien\/wp-content\/uploads\/sites\/173\/2022\/01\/perturbation-300x30.png 300w\" sizes=\"auto, (max-width: 578px) 100vw, 578px\" \/><\/figure>\n\n\n\n<p><\/p>\n\n\n\n<p><strong>LIGNES SECONDAIRES<\/strong><\/p>\n\n\n\n<p><\/p>\n\n\n\n<figure class=\"wp-block-image size-full\"><img decoding=\"async\" src=\"https:\/\/transport-manager.net\/assets\/img\/lignes\/L60.png\" alt=\"\" class=\"wp-image-481\" \/><\/figure>\n\n\n\n<figure class=\"wp-block-image size-full\"><img loading=\"lazy\" decoding=\"async\" width=\"578\" height=\"57\" src=\"https:\/\/seal.transport-manager.net\/cyprien\/wp-content\/uploads\/sites\/173\/2022\/01\/perturbation.png\" alt=\"\" class=\"wp-image-225\" srcset=\"https:\/\/seal.transport-manager.net\/cyprien\/wp-content\/uploads\/sites\/173\/2022\/01\/perturbation.png 578w, https:\/\/seal.transport-manager.net\/cyprien\/wp-content\/uploads\/sites\/173\/2022\/01\/perturbation-300x30.png 300w\" sizes=\"auto, (max-width: 578px) 100vw, 578px\" \/><\/figure>\n\n\n\n<p><\/p>\n\n\n\n<figure class=\"wp-block-image size-full\"><img decoding=\"async\" src=\"https:\/\/transport-manager.net\/assets\/img\/lignes\/L61.png\" alt=\"\" class=\"wp-image-481\" \/><\/figure>\n\n\n\n<figure class=\"wp-block-image size-full\"><img loading=\"lazy\" decoding=\"async\" width=\"578\" height=\"57\" src=\"https:\/\/seal.transport-manager.net\/cyprien\/wp-content\/uploads\/sites\/173\/2022\/01\/perturbation.png\" alt=\"\" class=\"wp-image-225\" srcset=\"https:\/\/seal.transport-manager.net\/cyprien\/wp-content\/uploads\/sites\/173\/2022\/01\/perturbation.png 578w, https:\/\/seal.transport-manager.net\/cyprien\/wp-content\/uploads\/sites\/173\/2022\/01\/perturbation-300x30.png 300w\" sizes=\"auto, (max-width: 578px) 100vw, 578px\" \/><\/figure>\n\n\n\n<p><\/p>\n\n\n\n<figure class=\"wp-block-image size-full\"><img decoding=\"async\" src=\"https:\/\/transport-manager.net\/assets\/img\/lignes\/L62.png\" alt=\"\" class=\"wp-image-481\" \/><\/figure>\n\n\n\n<figure class=\"wp-block-image size-full\"><img loading=\"lazy\" decoding=\"async\" width=\"578\" height=\"57\" src=\"https:\/\/seal.transport-manager.net\/cyprien\/wp-content\/uploads\/sites\/173\/2022\/01\/perturbation.png\" alt=\"\" class=\"wp-image-225\" srcset=\"https:\/\/seal.transport-manager.net\/cyprien\/wp-content\/uploads\/sites\/173\/2022\/01\/perturbation.png 578w, https:\/\/seal.transport-manager.net\/cyprien\/wp-content\/uploads\/sites\/173\/2022\/01\/perturbation-300x30.png 300w\" sizes=\"auto, (max-width: 578px) 100vw, 578px\" \/><\/figure>\n\n\n\n<p><\/p>\n\n\n\n<figure class=\"wp-block-image size-full\"><img decoding=\"async\" src=\"https:\/\/transport-manager.net\/assets\/img\/lignes\/L63.png\" alt=\"\" class=\"wp-image-481\" \/><\/figure>\n\n\n\n<figure class=\"wp-block-image size-full\"><img loading=\"lazy\" decoding=\"async\" width=\"578\" height=\"57\" src=\"https:\/\/seal.transport-manager.net\/cyprien\/wp-content\/uploads\/sites\/173\/2022\/01\/perturbation.png\" alt=\"\" class=\"wp-image-225\" srcset=\"https:\/\/seal.transport-manager.net\/cyprien\/wp-content\/uploads\/sites\/173\/2022\/01\/perturbation.png 578w, https:\/\/seal.transport-manager.net\/cyprien\/wp-content\/uploads\/sites\/173\/2022\/01\/perturbation-300x30.png 300w\" sizes=\"auto, (max-width: 578px) 100vw, 578px\" \/><\/figure>\n\n\n\n<p><\/p>\n\n\n\n<figure class=\"wp-block-image size-full\"><img decoding=\"async\" src=\"https:\/\/transport-manager.net\/assets\/img\/lignes\/L64.png\" alt=\"\" class=\"wp-image-481\" \/><\/figure>\n\n\n\n<figure class=\"wp-block-image size-full\"><img loading=\"lazy\" decoding=\"async\" width=\"578\" height=\"57\" src=\"https:\/\/seal.transport-manager.net\/cyprien\/wp-content\/uploads\/sites\/173\/2022\/01\/perturbation.png\" alt=\"\" class=\"wp-image-225\" srcset=\"https:\/\/seal.transport-manager.net\/cyprien\/wp-content\/uploads\/sites\/173\/2022\/01\/perturbation.png 578w, https:\/\/seal.transport-manager.net\/cyprien\/wp-content\/uploads\/sites\/173\/2022\/01\/perturbation-300x30.png 300w\" sizes=\"auto, (max-width: 578px) 100vw, 578px\" \/><\/figure>\n\n\n\n<p><\/p>\n\n\n\n<p><\/p>\n\n\n\n<p><strong>LIGNES PERI-URBAINES<\/strong><\/p>\n\n\n\n<p><\/p>\n\n\n\n<figure class=\"wp-block-image size-full\"><img decoding=\"async\" src=\"https:\/\/transport-manager.net\/assets\/img\/lignes\/L101.png\" alt=\"\" class=\"wp-image-609\" \/><\/figure>\n\n\n\n<figure class=\"wp-block-image size-large\"><img decoding=\"async\" src=\"https:\/\/seal.transport-manager.net\/cyprien\/wp-content\/uploads\/sites\/173\/2022\/01\/perturbation.png\" alt=\"\" \/><\/figure>\n\n\n\n<p><\/p>\n\n\n\n<figure class=\"wp-block-image size-full\"><img decoding=\"async\" src=\"https:\/\/transport-manager.net\/assets\/img\/lignes\/L102.png\" alt=\"\" class=\"wp-image-609\" \/><\/figure>\n\n\n\n<figure class=\"wp-block-image size-large\"><img decoding=\"async\" src=\"https:\/\/seal.transport-manager.net\/cyprien\/wp-content\/uploads\/sites\/173\/2022\/01\/perturbation.png\" alt=\"\" \/><\/figure>\n\n\n\n<p><\/p>\n\n\n\n<figure class=\"wp-block-image size-full\"><img decoding=\"async\" src=\"https:\/\/transport-manager.net\/assets\/img\/lignes\/L103.png\" alt=\"\" class=\"wp-image-609\" \/><\/figure>\n\n\n\n<figure class=\"wp-block-image size-large\"><img decoding=\"async\" src=\"https:\/\/seal.transport-manager.net\/cyprien\/wp-content\/uploads\/sites\/173\/2022\/01\/perturbation.png\" alt=\"\" \/><\/figure>\n\n\n\n<p><\/p>\n\n\n\n<figure class=\"wp-block-image size-full\"><img decoding=\"async\" src=\"https:\/\/transport-manager.net\/assets\/img\/lignes\/L104.png\" alt=\"\" class=\"wp-image-609\" \/><\/figure>\n\n\n\n<figure class=\"wp-block-image size-large\"><img decoding=\"async\" src=\"https:\/\/seal.transport-manager.net\/cyprien\/wp-content\/uploads\/sites\/173\/2022\/01\/perturbation.png\" alt=\"\" \/><\/figure>\n\n\n\n<p><\/p>\n\n\n\n<p><strong>LIGNES SCOLAIRES<\/strong><\/p>\n\n\n\n<p><\/p>\n\n\n\n<figure class=\"wp-block-image size-full\"><img decoding=\"async\" src=\"https:\/\/transport-manager.net\/assets\/img\/lignes\/L601.png\" alt=\"\" class=\"wp-image-609\" \/><\/figure>\n\n\n\n<figure class=\"wp-block-image size-full\"><img decoding=\"async\" src=\"https:\/\/seal.transport-manager.net\/cyprien\/wp-content\/uploads\/sites\/173\/2022\/01\/perturbation.png\" alt=\"\" class=\"wp-image-760\" \/><\/figure>\n\n\n\n<p><\/p>\n\n\n\n<figure class=\"wp-block-image size-full\"><img decoding=\"async\" src=\"https:\/\/transport-manager.net\/assets\/img\/lignes\/L602.png\" alt=\"\" class=\"wp-image-609\" \/><\/figure>\n\n\n\n<figure class=\"wp-block-image size-full\"><img loading=\"lazy\" decoding=\"async\" width=\"578\" height=\"57\" src=\"https:\/\/seal.transport-manager.net\/cyprien\/wp-content\/uploads\/sites\/173\/2022\/01\/perturbation.png\" alt=\"\" class=\"wp-image-225\" srcset=\"https:\/\/seal.transport-manager.net\/cyprien\/wp-content\/uploads\/sites\/173\/2022\/01\/perturbation.png 578w, https:\/\/seal.transport-manager.net\/cyprien\/wp-content\/uploads\/sites\/173\/2022\/01\/perturbation-300x30.png 300w\" sizes=\"auto, (max-width: 578px) 100vw, 578px\" \/><\/figure>\n\n\n\n<p><\/p>\n\n\n\n<p><\/p>\n\n\n\n<p><\/p>\n\n\n\n<div class=\"wp-block-columns alignwide are-vertically-aligned-center is-layout-flex wp-container-core-columns-is-layout-9d6595d7 wp-block-columns-is-layout-flex\">\n<div class=\"wp-block-column is-vertically-aligned-center is-layout-flow wp-block-column-is-layout-flow\" style=\"flex-basis:100%\">\n<blockquote class=\"wp-block-quote is-style-plain is-layout-flow wp-block-quote-is-layout-flow\">\n<ul class=\"wp-block-list\">\n<li><strong>LIGNES INTER-URBAINES<\/strong><\/li>\n<\/ul>\n<\/blockquote>\n<\/div>\n<\/div>\n\n\n\n<figure class=\"wp-block-image size-full\"><img decoding=\"async\" src=\"https:\/\/transport-manager.net\/assets\/img\/lignes\/L201.png\" alt=\"\" class=\"wp-image-609\" \/><\/figure>\n\n\n\n<figure class=\"wp-block-image size-large\"><img decoding=\"async\" src=\"https:\/\/seal.transport-manager.net\/cyprien\/wp-content\/uploads\/sites\/173\/2022\/01\/perturbation.png\" alt=\"\" \/><\/figure>\n\n\n\n<p><\/p>\n\n\n\n<figure class=\"wp-block-image size-full\"><img decoding=\"async\" src=\"https:\/\/transport-manager.net\/assets\/img\/lignes\/L202.png\" alt=\"\" class=\"wp-image-609\" \/><\/figure>\n\n\n\n<figure class=\"wp-block-image size-large\"><img decoding=\"async\" src=\"https:\/\/seal.transport-manager.net\/cyprien\/wp-content\/uploads\/sites\/173\/2022\/01\/perturbation.png\" alt=\"\" \/><\/figure>\n\n\n\n<p><\/p>\n\n\n\n<figure class=\"wp-block-image size-full\"><img decoding=\"async\" src=\"https:\/\/transport-manager.net\/assets\/img\/lignes\/L203.png\" alt=\"\" class=\"wp-image-609\" \/><\/figure>\n\n\n\n<figure class=\"wp-block-image size-large\"><img decoding=\"async\" src=\"https:\/\/seal.transport-manager.net\/cyprien\/wp-content\/uploads\/sites\/173\/2022\/01\/perturbation.png\" alt=\"\" \/><\/figure>\n\n\n\n<p><\/p>\n\n\n\n<p><strong>LIGNES SCOLAIRES<\/strong><\/p>\n\n\n\n<p><\/p>\n\n\n\n<figure class=\"wp-block-image size-full\"><img decoding=\"async\" src=\"https:\/\/transport-manager.net\/assets\/img\/lignes\/L651.png\" alt=\"\" class=\"wp-image-609\" \/><\/figure>\n\n\n\n<figure class=\"wp-block-image size-large\"><img decoding=\"async\" src=\"https:\/\/seal.transport-manager.net\/cyprien\/wp-content\/uploads\/sites\/173\/2022\/01\/perturbation.png\" alt=\"\" \/><\/figure>\n\n\n\n<p><\/p>\n\n\n\n<figure class=\"wp-block-image size-full\"><img decoding=\"async\" src=\"https:\/\/transport-manager.net\/assets\/img\/lignes\/L652.png\" alt=\"\" class=\"wp-image-609\" \/><\/figure>\n\n\n\n<figure class=\"wp-block-image size-large\"><img decoding=\"async\" src=\"https:\/\/seal.transport-manager.net\/cyprien\/wp-content\/uploads\/sites\/173\/2022\/01\/perturbation.png\" alt=\"\" \/><\/figure>\n\n\n\n<p><\/p>\n\n\n\n<p><strong>LIGNES SP\u00c9CIALES<\/strong><\/p>\n\n\n\n<p>Aucunes lignes sp\u00e9ciales en activit\u00e9 sur notre r\u00e9seau.<\/p>\n\n\n\n<p><\/p>\n\n\n\n<p><strong>LIGNES TAD<\/strong><\/p>\n\n\n\n<p><\/p>\n\n\n\n<figure class=\"wp-block-image size-full\"><img decoding=\"async\" src=\"https:\/\/transport-manager.net\/assets\/img\/lignes\/L901.png\" alt=\"\" class=\"wp-image-609\" \/><\/figure>\n\n\n\n<figure class=\"wp-block-image size-full\"><img loading=\"lazy\" decoding=\"async\" width=\"578\" height=\"57\" src=\"https:\/\/seal.transport-manager.net\/cyprien\/wp-content\/uploads\/sites\/173\/2022\/01\/perturbation.png\" alt=\"\" class=\"wp-image-225\" srcset=\"https:\/\/seal.transport-manager.net\/cyprien\/wp-content\/uploads\/sites\/173\/2022\/01\/perturbation.png 578w, https:\/\/seal.transport-manager.net\/cyprien\/wp-content\/uploads\/sites\/173\/2022\/01\/perturbation-300x30.png 300w\" sizes=\"auto, (max-width: 578px) 100vw, 578px\" \/><\/figure>\n\n\n\n<p><\/p>\n\n\n\n<figure class=\"wp-block-image size-full\"><img decoding=\"async\" src=\"https:\/\/transport-manager.net\/assets\/img\/lignes\/L902.png\" alt=\"\" class=\"wp-image-609\" \/><\/figure>\n\n\n\n<figure class=\"wp-block-image size-full\"><img loading=\"lazy\" decoding=\"async\" width=\"578\" height=\"57\" src=\"https:\/\/seal.transport-manager.net\/cyprien\/wp-content\/uploads\/sites\/173\/2022\/01\/perturbation.png\" alt=\"\" class=\"wp-image-225\" srcset=\"https:\/\/seal.transport-manager.net\/cyprien\/wp-content\/uploads\/sites\/173\/2022\/01\/perturbation.png 578w, https:\/\/seal.transport-manager.net\/cyprien\/wp-content\/uploads\/sites\/173\/2022\/01\/perturbation-300x30.png 300w\" sizes=\"auto, (max-width: 578px) 100vw, 578px\" \/><\/figure>\n\n\n\n<p><\/p>\n\n\n\n<blockquote class=\"wp-block-quote is-layout-flow wp-block-quote-is-layout-flow\">\n<p>Tout changement sera annonc\u00e9 minimum 1h avant sur ce site.<\/p>\n\n\n\n<p>Les perturbations d\u00fb au trafic et aux activit\u00e9s locales seront inform\u00e9s sur ce site toutes les heures.<\/p>\n<\/blockquote>\n","protected":false},"excerpt":{"rendered":"<p>Etat G\u00e9n\u00e9ral du r\u00e9seau Tout roule normalement, vous serez averti si il y a un probl\u00e8me sur une ligne. LIGNES SECONDAIRES LIGNES PERI-URBAINES LIGNES SCOLAIRES LIGNES SCOLAIRES LIGNES SP\u00c9CIALES Aucunes&nbsp;&hellip;<\/p>\n","protected":false},"author":167,"featured_media":0,"parent":0,"menu_order":0,"comment_status":"open","ping_status":"closed","template":"","meta":{"footnotes":""},"class_list":["post-17","page","type-page","status-publish","hentry"],"_links":{"self":[{"href":"https:\/\/seal.transport-manager.net\/cyprien\/wp-json\/wp\/v2\/pages\/17","targetHints":{"allow":["GET"]}}],"collection":[{"href":"https:\/\/seal.transport-manager.net\/cyprien\/wp-json\/wp\/v2\/pages"}],"about":[{"href":"https:\/\/seal.transport-manager.net\/cyprien\/wp-json\/wp\/v2\/types\/page"}],"author":[{"embeddable":true,"href":"https:\/\/seal.transport-manager.net\/cyprien\/wp-json\/wp\/v2\/users\/167"}],"replies":[{"embeddable":true,"href":"https:\/\/seal.transport-manager.net\/cyprien\/wp-json\/wp\/v2\/comments?post=17"}],"version-history":[{"count":47,"href":"https:\/\/seal.transport-manager.net\/cyprien\/wp-json\/wp\/v2\/pages\/17\/revisions"}],"predecessor-version":[{"id":854,"href":"https:\/\/seal.transport-manager.net\/cyprien\/wp-json\/wp\/v2\/pages\/17\/revisions\/854"}],"wp:attachment":[{"href":"https:\/\/seal.transport-manager.net\/cyprien\/wp-json\/wp\/v2\/media?parent=17"}],"curies":[{"name":"wp","href":"https:\/\/api.w.org\/{rel}","templated":true}]}}