{"id":19,"date":"2021-12-28T17:59:39","date_gmt":"2021-12-28T16:59:39","guid":{"rendered":"https:\/\/seal.transport-manager.net\/cyprien\/?page_id=19"},"modified":"2022-01-01T17:39:43","modified_gmt":"2022-01-01T16:39:43","slug":"talk","status":"publish","type":"page","link":"https:\/\/seal.transport-manager.net\/cyprien\/talk\/","title":{"rendered":"A votre \u00e9coute!"},"content":{"rendered":"\n<p>Vous \u00eates une petite entreprise locale qui souhaite faire conna\u00eetre ses services dans la r\u00e9gion? Vous voulez nous sugg\u00e9rer une id\u00e9e pour le site? Et bien les transports Alu-Speed sont \u00e0 votre \u00e9coute tous les jours! Remplissez ce formulaire et nous vous recontacterons soit par e-mail, ou via TM (le forum). Pour les contrats de pub, il existe 2 types d&rsquo;affichages et ces deux types sont divis\u00e9s en trois emplacements. D&rsquo;abord,  nous avons les livr\u00e9es qui couvrent le bus et sont donc plus visibles mais co\u00fbtent \u00e9galement plus cher \u00e0 l&rsquo;affichage. Ces livr\u00e9es peuvent \u00eatre plac\u00e9es devant le bus, sur les c\u00f4t\u00e9s o\u00f9 derri\u00e8re le bus. Ensuite, il existe les panneau de pub qui, eux, sont une sorte de petit affichage sur le bus qui \u00e9videment sont un tout petit peu moins visible et co\u00fbtent donc moins chers. Ces panneaux de pub peuvent aussi \u00eatre plac\u00e9s \u00e0 l&rsquo;avant, sur les c\u00f4t\u00e9s et \u00e0 l&rsquo;arri\u00e8re du bus. \u00c9tant donn\u00e9 que les livr\u00e9es et panneau de pub lat\u00e9raux sont les plus sollicit\u00e9s, ils co\u00fbtent plus chers a l&rsquo;installation.<\/p>\n\n\n\n<p>Remplissez vos coordonn\u00e9es dans ce formulaire s\u00e9curis\u00e9 et nous vous recontacterons d&rsquo;ici peu!<\/p>\n\n\n\n<p><a href=\"https:\/\/forms.gle\/cxBUf2PGzB3SNUTB6\">Remplissez votre formulaire ici!<\/a><\/p>\n","protected":false},"excerpt":{"rendered":"<p>Vous \u00eates une petite entreprise locale qui souhaite faire conna\u00eetre ses services dans la r\u00e9gion? Vous voulez nous sugg\u00e9rer une id\u00e9e pour le site? Et bien les transports Alu-Speed sont&nbsp;&hellip;<\/p>\n","protected":false},"author":167,"featured_media":0,"parent":0,"menu_order":0,"comment_status":"closed","ping_status":"closed","template":"","meta":{"footnotes":""},"class_list":["post-19","page","type-page","status-publish","hentry"],"_links":{"self":[{"href":"https:\/\/seal.transport-manager.net\/cyprien\/wp-json\/wp\/v2\/pages\/19","targetHints":{"allow":["GET"]}}],"collection":[{"href":"https:\/\/seal.transport-manager.net\/cyprien\/wp-json\/wp\/v2\/pages"}],"about":[{"href":"https:\/\/seal.transport-manager.net\/cyprien\/wp-json\/wp\/v2\/types\/page"}],"author":[{"embeddable":true,"href":"https:\/\/seal.transport-manager.net\/cyprien\/wp-json\/wp\/v2\/users\/167"}],"replies":[{"embeddable":true,"href":"https:\/\/seal.transport-manager.net\/cyprien\/wp-json\/wp\/v2\/comments?post=19"}],"version-history":[{"count":7,"href":"https:\/\/seal.transport-manager.net\/cyprien\/wp-json\/wp\/v2\/pages\/19\/revisions"}],"predecessor-version":[{"id":133,"href":"https:\/\/seal.transport-manager.net\/cyprien\/wp-json\/wp\/v2\/pages\/19\/revisions\/133"}],"wp:attachment":[{"href":"https:\/\/seal.transport-manager.net\/cyprien\/wp-json\/wp\/v2\/media?parent=19"}],"curies":[{"name":"wp","href":"https:\/\/api.w.org\/{rel}","templated":true}]}}