{"id":287,"date":"2022-02-15T19:49:25","date_gmt":"2022-02-15T18:49:25","guid":{"rendered":"https:\/\/seal.transport-manager.net\/cyprien\/?page_id=287"},"modified":"2022-08-13T04:29:26","modified_gmt":"2022-08-13T02:29:26","slug":"tools","status":"publish","type":"page","link":"https:\/\/seal.transport-manager.net\/cyprien\/tools\/","title":{"rendered":"Outils pour les entreprises"},"content":{"rendered":"\n<p>Les transports Alu-Speed mettent a votre disposition plusieurs outils pemettant pour l\u2019un d\u2019eux de calculer le ratio, donc a quoi reviendrai chaque pub, chaque jour, par bus, et ce pour vous aider a prendre le bon choix rapidement. La limite de  temps de disponibilit\u00e9 du fichier est non p\u00e9rissable.\nLe second outil va servir \u00e0 v\u00e9rifier si vos chauffeurs respectent la nouvelle norme en vigueur \u00e0 partir du 29 Ao\u00fbt 2022, ainsi que de calculer a combien ils vous reviendrons chaque semaine.<\/p>\n\n\n\n<p><\/p>\n\n\n\n<h2 class=\"wp-block-heading\" id=\"calcul-pour-les-panneaux-de-pub\">Calcul pour les panneaux de pub<\/h2>\n\n\n\n<p>Ceci est un calculateur sous forme de tableau en couleur vous donnant un rapport de si il faut le prendre ou non. Je vous recommande de l&rsquo;ouvrir sur Google Sheet pour profiter de toutes les fonctionnalit\u00e9s dont le calcul des points.<\/p>\n\n\n\n<a>Calcul pour les panneaux de pub.xlsx<\/a>\n\n\n\n<div class=\"wp-block-buttons is-layout-flex wp-block-buttons-is-layout-flex\">\n<div class=\"wp-block-button\"><a class=\"wp-block-button__link\" href=\"https:\/\/docs.google.com\/spreadsheets\/d\/1nsQ52kkjhGi96UTf4AeB3y1H31Qr-6ngGMKDQpFNRfU\/edit\">Upload\u00e9 le 03 Mars 2022 @ 10h49 AM<\/a><\/div>\n<\/div>\n\n\n\n<h2 class=\"wp-block-heading\" id=\"affectation-du-personnel\">Affectation du personnel<\/h2>\n\n\n\n<p>Ceci est un tableau vous permettant de v\u00e9rifier les horaires de vos chauffeurs afin de v\u00e9rifier s\u2019ils respectent la limite d\u2019heure de travail impos\u00e9e \u00e0 partir de ce Lundi 29 Ao\u00fbt 2022, ainsi que de calculer \u00e0 combien chaque chauffeur vous rapporte par semaine.<\/p>\n\n\n\n<a>Affectation du personnel.gsheet<\/a>\n\n\n\n<div class=\"wp-block-buttons is-layout-flex wp-block-buttons-is-layout-flex\">\n<div class=\"wp-block-button\"><a class=\"wp-block-button__link\" href=\"https:\/\/docs.google.com\/spreadsheets\/d\/1R8dxRqo2kZRzdWhJhT-kDABrfWARFPfchckrWfVYsEI\/edit\">Upload\u00e9 le 13 Ao\u00fbt 2022 @ 04h21 AM<\/a><\/div>\n<\/div>\n","protected":false},"excerpt":{"rendered":"<p>Les transports Alu-Speed mettent a votre disposition plusieurs outils pemettant pour l\u2019un d\u2019eux de calculer le ratio, donc a quoi reviendrai chaque pub, chaque jour, par bus, et ce pour&nbsp;&hellip;<\/p>\n","protected":false},"author":167,"featured_media":0,"parent":0,"menu_order":0,"comment_status":"closed","ping_status":"closed","template":"","meta":{"footnotes":""},"class_list":["post-287","page","type-page","status-publish","hentry"],"_links":{"self":[{"href":"https:\/\/seal.transport-manager.net\/cyprien\/wp-json\/wp\/v2\/pages\/287","targetHints":{"allow":["GET"]}}],"collection":[{"href":"https:\/\/seal.transport-manager.net\/cyprien\/wp-json\/wp\/v2\/pages"}],"about":[{"href":"https:\/\/seal.transport-manager.net\/cyprien\/wp-json\/wp\/v2\/types\/page"}],"author":[{"embeddable":true,"href":"https:\/\/seal.transport-manager.net\/cyprien\/wp-json\/wp\/v2\/users\/167"}],"replies":[{"embeddable":true,"href":"https:\/\/seal.transport-manager.net\/cyprien\/wp-json\/wp\/v2\/comments?post=287"}],"version-history":[{"count":10,"href":"https:\/\/seal.transport-manager.net\/cyprien\/wp-json\/wp\/v2\/pages\/287\/revisions"}],"predecessor-version":[{"id":604,"href":"https:\/\/seal.transport-manager.net\/cyprien\/wp-json\/wp\/v2\/pages\/287\/revisions\/604"}],"wp:attachment":[{"href":"https:\/\/seal.transport-manager.net\/cyprien\/wp-json\/wp\/v2\/media?parent=287"}],"curies":[{"name":"wp","href":"https:\/\/api.w.org\/{rel}","templated":true}]}}