{"id":441,"date":"2022-04-14T14:59:22","date_gmt":"2022-04-14T12:59:22","guid":{"rendered":"https:\/\/seal.transport-manager.net\/cyprien\/?page_id=441"},"modified":"2025-06-21T22:06:51","modified_gmt":"2025-06-21T20:06:51","slug":"archives","status":"publish","type":"page","link":"https:\/\/seal.transport-manager.net\/cyprien\/archives\/","title":{"rendered":"Archives"},"content":{"rendered":"\n<p>Nos archives sont, pour le moment le r\u00e9sum\u00e9 de toutes les actualit\u00e9s parues sur notre site depuis la cr\u00e9ation de celui-ci. Les archives sont rang\u00e9es par mois et ann\u00e9es. ! <strong>Changement du syst\u00e8me d&rsquo;archivage \u00e0 partir de 2024<\/strong>, les archives seront class\u00e9s par ann\u00e9es.<\/p>\n\n\n\n<figure class=\"wp-block-pullquote has-large-font-size\"><blockquote><p><a href=\"https:\/\/seal.transport-manager.net\/cyprien\/arch-24\">2024<\/a><\/p><\/blockquote><\/figure>\n\n\n\n<figure class=\"wp-block-pullquote has-large-font-size\"><blockquote><p><a href=\"https:\/\/seal.transport-manager.net\/cyprien\/arch-23\">2023<\/a><\/p><\/blockquote><\/figure>\n\n\n\n<div class=\"wp-block-buttons is-content-justification-center is-layout-flex wp-container-core-buttons-is-layout-16018d1d wp-block-buttons-is-layout-flex\">\n<div class=\"wp-block-button\"><a class=\"wp-block-button__link has-text-align-center wp-element-button\">Aucune archive pour cette ann\u00e9e<\/a><\/div>\n<\/div>\n\n\n\n<figure class=\"wp-block-pullquote has-large-font-size\"><blockquote><p><a href=\"https:\/\/seal.transport-manager.net\/cyprien\/arch-22\">2022<\/a><\/p><\/blockquote><\/figure>\n\n\n\n<figure class=\"wp-block-pullquote has-large-font-size\"><blockquote><p><a href=\"https:\/\/seal.transport-manager.net\/cyprien\/arch-21\">2021<\/a><\/p><\/blockquote><\/figure>\n\n\n\n<p><\/p>\n\n\n\n<p class=\"has-text-align-center has-medium-font-size\">FIN DES ARCHIVES<\/p>\n\n\n\n<p class=\"has-text-align-center has-medium-font-size\"><\/p>\n","protected":false},"excerpt":{"rendered":"<p>Nos archives sont, pour le moment le r\u00e9sum\u00e9 de toutes les actualit\u00e9s parues sur notre site depuis la cr\u00e9ation de celui-ci. Les archives sont rang\u00e9es par mois et ann\u00e9es. !&nbsp;&hellip;<\/p>\n","protected":false},"author":167,"featured_media":0,"parent":0,"menu_order":0,"comment_status":"closed","ping_status":"closed","template":"","meta":{"footnotes":""},"class_list":["post-441","page","type-page","status-publish","hentry"],"_links":{"self":[{"href":"https:\/\/seal.transport-manager.net\/cyprien\/wp-json\/wp\/v2\/pages\/441","targetHints":{"allow":["GET"]}}],"collection":[{"href":"https:\/\/seal.transport-manager.net\/cyprien\/wp-json\/wp\/v2\/pages"}],"about":[{"href":"https:\/\/seal.transport-manager.net\/cyprien\/wp-json\/wp\/v2\/types\/page"}],"author":[{"embeddable":true,"href":"https:\/\/seal.transport-manager.net\/cyprien\/wp-json\/wp\/v2\/users\/167"}],"replies":[{"embeddable":true,"href":"https:\/\/seal.transport-manager.net\/cyprien\/wp-json\/wp\/v2\/comments?post=441"}],"version-history":[{"count":11,"href":"https:\/\/seal.transport-manager.net\/cyprien\/wp-json\/wp\/v2\/pages\/441\/revisions"}],"predecessor-version":[{"id":888,"href":"https:\/\/seal.transport-manager.net\/cyprien\/wp-json\/wp\/v2\/pages\/441\/revisions\/888"}],"wp:attachment":[{"href":"https:\/\/seal.transport-manager.net\/cyprien\/wp-json\/wp\/v2\/media?parent=441"}],"curies":[{"name":"wp","href":"https:\/\/api.w.org\/{rel}","templated":true}]}}