{"id":69,"date":"2021-12-28T18:05:11","date_gmt":"2021-12-28T17:05:11","guid":{"rendered":"https:\/\/seal.transport-manager.net\/cyprien\/?page_id=69"},"modified":"2025-11-20T06:30:27","modified_gmt":"2025-11-20T05:30:27","slug":"accueil","status":"publish","type":"page","link":"https:\/\/seal.transport-manager.net\/cyprien\/","title":{"rendered":"Accueil"},"content":{"rendered":"\n<h2 class=\"wp-block-heading\" style=\"font-size:24px;font-style:normal;font-weight:800\">Bienvenue au Transports Alu-Speed (A-S Mobilit\u00e9s)<\/h2>\n\n\n\n<p class=\"has-text-align-center\">Nous sommes une petite entreprise belge bas\u00e9e a Namur qui a \u00e9t\u00e9 cr\u00e9e en juillet 2021 mais qui suite a des probl\u00e8mes financiers d\u00fb a la crise sanitaire du Covid-19, a fait faillite mais est revenue plus forte que jamais en Novembre 2021. Notre but est d&rsquo;aider les personnes ne sachant pas se d\u00e9placer autre qu&rsquo;en transport en commun afin de les v\u00e9hiculer en toute s\u00e9curit\u00e9. Notre soci\u00e9t\u00e9 s&rsquo;est associ\u00e9e \u00e0 plusieurs concessions afin de diversifier les v\u00e9hicules et ainsi profiter d&rsquo;une large gamme d&rsquo;autobus. Notre entreprise n&rsquo;est pas inscrit dans une alliance et ne souhaite pas encore y \u00eatre li\u00e9 afin de d\u00e9cider de tous les choix de l&rsquo;entreprise. <\/p>\n\n\n\n<p><\/p>\n\n\n\n<p class=\"has-text-align-center has-medium-font-size\" style=\"font-style:normal;font-weight:800\"><strong>ATTENTION: Alu-Speed Mobilit\u00e9s est une entreprise fictive li\u00e9 au jeu <a href=\"https:\/\/transport-manager.net\/\">Transport-Manager<\/a>, elle n&rsquo;est li\u00e9 en aucun cas \u00e0 une r\u00e9elle soci\u00e9t\u00e9 de transport. Les informations que vous trouverez sur ce site sont donc \u00e0 prendre dans ce contexte. Certaines images proviennent de sources tierces, ces sources seront mentionn\u00e9es en dessous.<\/strong><\/p>\n\n\n\n<div style=\"text-align: center\"><br>Vous \u00eates le <a href=\"https:\/\/www.compteurdevisite.com\" title=\"compteur de visite html\"><img decoding=\"async\" src=\"https:\/\/counter8.optistats.ovh\/private\/compteurdevisite.php?c=rmt3fam9caxmega274h2zy99u81k6gka\" border=\"0\" title=\"compteur de visite html\" alt=\"compteur de visite html\"><\/a> visiteur.<\/div>\n\n\n\n<p><\/p>\n\n\n\n<p><\/p>\n\n\n\n<p><\/p>\n\n\n<blockquote>\n<p>Pour retourner sur TM cliquez ici &gt;&gt;&gt;<a href=\"https:\/\/transport-manager.net\/jeu\/index.php\">TM le jeu<\/a>&lt;&lt;&lt;<\/p>\n<\/blockquote>\n<p><!--more--><\/p>\n\n<p>Experience the thrill of gaming at its finest with Canplay Casino and explore endless entertainment opportunities today at <a href=\"https:\/\/theprintvectors.net\/ca\/\">Canplay Ontario<\/a>!<\/p>\n","protected":false},"excerpt":{"rendered":"<p>Bienvenue au Transports Alu-Speed (A-S Mobilit\u00e9s) Nous sommes une petite entreprise belge bas\u00e9e a Namur qui a \u00e9t\u00e9 cr\u00e9e en juillet 2021 mais qui suite a des probl\u00e8mes financiers d\u00fb&nbsp;&hellip;<\/p>\n","protected":false},"author":167,"featured_media":0,"parent":0,"menu_order":0,"comment_status":"open","ping_status":"closed","template":"","meta":{"footnotes":""},"class_list":["post-69","page","type-page","status-publish","hentry"],"_links":{"self":[{"href":"https:\/\/seal.transport-manager.net\/cyprien\/wp-json\/wp\/v2\/pages\/69","targetHints":{"allow":["GET"]}}],"collection":[{"href":"https:\/\/seal.transport-manager.net\/cyprien\/wp-json\/wp\/v2\/pages"}],"about":[{"href":"https:\/\/seal.transport-manager.net\/cyprien\/wp-json\/wp\/v2\/types\/page"}],"author":[{"embeddable":true,"href":"https:\/\/seal.transport-manager.net\/cyprien\/wp-json\/wp\/v2\/users\/167"}],"replies":[{"embeddable":true,"href":"https:\/\/seal.transport-manager.net\/cyprien\/wp-json\/wp\/v2\/comments?post=69"}],"version-history":[{"count":18,"href":"https:\/\/seal.transport-manager.net\/cyprien\/wp-json\/wp\/v2\/pages\/69\/revisions"}],"predecessor-version":[{"id":918,"href":"https:\/\/seal.transport-manager.net\/cyprien\/wp-json\/wp\/v2\/pages\/69\/revisions\/918"}],"wp:attachment":[{"href":"https:\/\/seal.transport-manager.net\/cyprien\/wp-json\/wp\/v2\/media?parent=69"}],"curies":[{"name":"wp","href":"https:\/\/api.w.org\/{rel}","templated":true}]}}