{"id":781,"date":"2024-09-22T05:47:01","date_gmt":"2024-09-22T03:47:01","guid":{"rendered":"https:\/\/seal.transport-manager.net\/cyprien\/?page_id=781"},"modified":"2024-09-22T06:02:07","modified_gmt":"2024-09-22T04:02:07","slug":"defile-du-22-09","status":"publish","type":"page","link":"https:\/\/seal.transport-manager.net\/cyprien\/actualites\/specials\/defile-du-22-09\/","title":{"rendered":"D\u00e9fil\u00e9 du 22\/09\/2024"},"content":{"rendered":"\n<p><strong>Vous vous souvenez de l&rsquo;ancienne \u00e9poque ? L&rsquo;\u00e9poque o\u00f9 tout \u00e9tait grandiose, o\u00f9 chaque trajet en bus \u00e9tait une petite aventure urbaine ?<\/strong><br>Cette ann\u00e9e, nous vous invitons \u00e0 un voyage dans le temps ! \u00c0 l&rsquo;occasion du <strong>Dimanche 22 septembre 2024<\/strong> et de la <strong>Journ\u00e9e sans voiture dans la ville<\/strong>, venez assister \u00e0 un <strong>d\u00e9fil\u00e9 exceptionnel<\/strong> d&rsquo;anciens bus qui ont marqu\u00e9 l&rsquo;histoire de notre r\u00e9seau. Des mod\u00e8les embl\u00e9matiques parcourront les rues de la ville pour raviver vos souvenirs et faire d\u00e9couvrir aux plus jeunes ces pi\u00e8ces de patrimoine.<\/p>\n\n\n\n<p>Le d\u00e9fil\u00e9 d\u00e9butera \u00e0 <strong>12h<\/strong>, avec un itin\u00e9raire sp\u00e9cial qui traversera les lieux iconiques de la ville et en passant aussi par les nombreux anciens trac\u00e9s de lignes, depuis remplac\u00e9s. Ne manquez pas cette occasion unique de revoir les bus de votre enfance, de partager des anecdotes et de c\u00e9l\u00e9brer ensemble l&rsquo;h\u00e9ritage de notre entreprise de transport.<br><br>Nous vous rappelons que des trajets comm\u00e9moratifs seront en vente sous le chapiteau situ\u00e9 au pied de la Gare Multimodale (Place de la Station). De nombreuses activit\u00e9s pour les enfants seront aussi pr\u00e9sentes.<\/p>\n\n\n\n<p><strong>Nous vous attendons nombreux pour ce moment de nostalgie et de f\u00eate !<\/strong><\/p>\n\n\n<div class=\"wp-block-image\">\n<figure class=\"aligncenter size-full\"><img loading=\"lazy\" decoding=\"async\" width=\"474\" height=\"316\" src=\"https:\/\/seal.transport-manager.net\/cyprien\/wp-content\/uploads\/sites\/173\/2024\/09\/defile_bus.jpeg\" alt=\"\" class=\"wp-image-772\" srcset=\"https:\/\/seal.transport-manager.net\/cyprien\/wp-content\/uploads\/sites\/173\/2024\/09\/defile_bus.jpeg 474w, https:\/\/seal.transport-manager.net\/cyprien\/wp-content\/uploads\/sites\/173\/2024\/09\/defile_bus-300x200.jpeg 300w\" sizes=\"auto, (max-width: 474px) 100vw, 474px\" \/><\/figure>\n<\/div>","protected":false},"excerpt":{"rendered":"<p>Vous vous souvenez de l&rsquo;ancienne \u00e9poque ? L&rsquo;\u00e9poque o\u00f9 tout \u00e9tait grandiose, o\u00f9 chaque trajet en bus \u00e9tait une petite aventure urbaine ?Cette ann\u00e9e, nous vous invitons \u00e0 un voyage&nbsp;&hellip;<\/p>\n","protected":false},"author":167,"featured_media":0,"parent":775,"menu_order":0,"comment_status":"closed","ping_status":"closed","template":"","meta":{"footnotes":""},"class_list":["post-781","page","type-page","status-publish","hentry"],"_links":{"self":[{"href":"https:\/\/seal.transport-manager.net\/cyprien\/wp-json\/wp\/v2\/pages\/781","targetHints":{"allow":["GET"]}}],"collection":[{"href":"https:\/\/seal.transport-manager.net\/cyprien\/wp-json\/wp\/v2\/pages"}],"about":[{"href":"https:\/\/seal.transport-manager.net\/cyprien\/wp-json\/wp\/v2\/types\/page"}],"author":[{"embeddable":true,"href":"https:\/\/seal.transport-manager.net\/cyprien\/wp-json\/wp\/v2\/users\/167"}],"replies":[{"embeddable":true,"href":"https:\/\/seal.transport-manager.net\/cyprien\/wp-json\/wp\/v2\/comments?post=781"}],"version-history":[{"count":3,"href":"https:\/\/seal.transport-manager.net\/cyprien\/wp-json\/wp\/v2\/pages\/781\/revisions"}],"predecessor-version":[{"id":790,"href":"https:\/\/seal.transport-manager.net\/cyprien\/wp-json\/wp\/v2\/pages\/781\/revisions\/790"}],"up":[{"embeddable":true,"href":"https:\/\/seal.transport-manager.net\/cyprien\/wp-json\/wp\/v2\/pages\/775"}],"wp:attachment":[{"href":"https:\/\/seal.transport-manager.net\/cyprien\/wp-json\/wp\/v2\/media?parent=781"}],"curies":[{"name":"wp","href":"https:\/\/api.w.org\/{rel}","templated":true}]}}