{"id":116,"date":"2021-10-10T19:03:33","date_gmt":"2021-10-10T17:03:33","guid":{"rendered":"https:\/\/seal.transport-manager.net\/ethkeo2021\/?page_id=116"},"modified":"2023-07-30T19:22:46","modified_gmt":"2023-07-30T17:22:46","slug":"scania","status":"publish","type":"page","link":"https:\/\/seal.transport-manager.net\/ethann\/scania\/","title":{"rendered":"SCANIA"},"content":{"rendered":"<div class=\"wp-block-image is-style-rounded\">\n<figure class=\"aligncenter size-full is-resized\"><img loading=\"lazy\" decoding=\"async\" src=\"https:\/\/seal.transport-manager.net\/ethann\/wp-content\/uploads\/sites\/89\/2022\/05\/scania_citywide-lf-gaz.jpg\" alt=\"\" class=\"wp-image-779\" width=\"546\" height=\"290\" srcset=\"https:\/\/seal.transport-manager.net\/ethann\/wp-content\/uploads\/sites\/89\/2022\/05\/scania_citywide-lf-gaz.jpg 777w, https:\/\/seal.transport-manager.net\/ethann\/wp-content\/uploads\/sites\/89\/2022\/05\/scania_citywide-lf-gaz-300x159.jpg 300w, https:\/\/seal.transport-manager.net\/ethann\/wp-content\/uploads\/sites\/89\/2022\/05\/scania_citywide-lf-gaz-768x408.jpg 768w\" sizes=\"auto, (max-width: 546px) 100vw, 546px\" \/><\/figure>\n<\/div>\n\n\n<p class=\"has-text-align-center\" style=\"font-size:25px\"><strong><em>SCANIA CityWide 12<\/em><\/strong><\/p>\n\n\n\n<figure class=\"wp-block-table is-style-stripes\"><table class=\"has-background has-fixed-layout\" style=\"background-color:#fcf0ef\"><tbody><tr><td class=\"has-text-align-center\" data-align=\"center\"><strong>NUM\u00c9RO<\/strong><\/td><td class=\"has-text-align-center\" data-align=\"center\">169036<\/td><\/tr><tr><td class=\"has-text-align-center\" data-align=\"center\"><strong>MISE EN SERVICE<\/strong><\/td><td class=\"has-text-align-center\" data-align=\"center\">21\/04\/2016<\/td><\/tr><tr><td class=\"has-text-align-center\" data-align=\"center\"><strong>CARBURANT<\/strong><\/td><td class=\"has-text-align-center\" data-align=\"center\">GNV (51L\/100 km)<\/td><\/tr><tr><td class=\"has-text-align-center\" data-align=\"center\"><strong>NOMBRE DE PLACES<\/strong><\/td><td class=\"has-text-align-center\" data-align=\"center\">106<\/td><\/tr><tr><td class=\"has-text-align-center\" data-align=\"center\"><strong>D\u00c9P\u00d4T<\/strong><\/td><td class=\"has-text-align-center\" data-align=\"center\">LES HIRONDELLES<\/td><\/tr><tr><td class=\"has-text-align-center\" data-align=\"center\"><strong>AFFECTATION<\/strong><\/td><td class=\"has-text-align-center\" data-align=\"center\">RESERVE<\/td><\/tr><tr><td class=\"has-text-align-center\" data-align=\"center\"><strong>GIROUETTES<\/strong><\/td><td class=\"has-text-align-center\" data-align=\"center\">HANOVER DIODES COULEURS BLANCHES<\/td><\/tr><tr><td class=\"has-text-align-center\" data-align=\"center\"><strong>BILL\u00c9TIQUE<\/strong><\/td><td class=\"has-text-align-center\" data-align=\"center\">MAGN\u00c9TIQUE<\/td><\/tr><\/tbody><\/table><\/figure>\n\n\n\n<h3 class=\"wp-block-heading has-text-align-center\" id=\"leurs-options\"><em><strong>SES OPTIONS :<\/strong><\/em><\/h3>\n\n\n\n<figure class=\"wp-block-table alignwide is-style-stripes\"><table class=\"has-background\" style=\"background-color:#fcf0ef\"><tbody><tr><td class=\"has-text-align-center\" data-align=\"center\"><strong>PORTS USB<\/strong><\/td><td class=\"has-text-align-center\" data-align=\"center\">OUI<\/td><td class=\"has-text-align-center\" data-align=\"center\"><strong>VITRE A-G<\/strong><\/td><td class=\"has-text-align-center\" data-align=\"center\">OUI<\/td><td class=\"has-text-align-center\" data-align=\"center\"><strong>VID\u00c9O<\/strong><\/td><td class=\"has-text-align-center\" data-align=\"center\">NON<\/td><td class=\"has-text-align-center\" data-align=\"center\"><strong>WIFI<\/strong><\/td><td>NON<\/td><\/tr><tr><td class=\"has-text-align-center\" data-align=\"center\"><strong>PLACES UFR<\/strong><\/td><td class=\"has-text-align-center\" data-align=\"center\">1<\/td><td class=\"has-text-align-center\" data-align=\"center\"><strong>VITRES TINT\u00c9ES<\/strong><\/td><td class=\"has-text-align-center\" data-align=\"center\">OUI<\/td><td class=\"has-text-align-center\" data-align=\"center\"><strong>PUB AR.<\/strong><\/td><td class=\"has-text-align-center\" data-align=\"center\">OUI<\/td><td class=\"has-text-align-center\" data-align=\"center\"><strong>BANDEAU<\/strong> <strong>LUMINEUX<\/strong><\/td><td>NON<\/td><\/tr><tr><td class=\"has-text-align-center\" data-align=\"center\"><strong>PLATEFORME<\/strong><\/td><td class=\"has-text-align-center\" data-align=\"center\">\u00c9LECTRIQUES<\/td><td class=\"has-text-align-center\" data-align=\"center\"><strong>BAIES BASSES<\/strong><\/td><td class=\"has-text-align-center\" data-align=\"center\">NON<\/td><td class=\"has-text-align-center\" data-align=\"center\"><strong>PUB AV.<\/strong><\/td><td class=\"has-text-align-center\" data-align=\"center\">OUI<\/td><td class=\"has-text-align-center\" data-align=\"center\"><strong>\u00c9CRANS TFT<\/strong><\/td><td>NON<\/td><\/tr><tr><td class=\"has-text-align-center\" data-align=\"center\"><strong>CLIMATISATION<\/strong><\/td><td class=\"has-text-align-center\" data-align=\"center\">CLIMATISATION<\/td><td class=\"has-text-align-center\" data-align=\"center\"><strong>PRIORIT\u00c9 AU FEU<\/strong><\/td><td class=\"has-text-align-center\" data-align=\"center\">OUI<\/td><td class=\"has-text-align-center\" data-align=\"center\"><strong>PUB LAT.<\/strong><\/td><td class=\"has-text-align-center\" data-align=\"center\">OUI<\/td><td class=\"has-text-align-center\" data-align=\"center\"><strong>HAUT PARLEURS<\/strong><\/td><td>NON<\/td><\/tr><tr><td class=\"has-text-align-center\" data-align=\"center\"><strong>PORTES<\/strong><\/td><td class=\"has-text-align-center\" data-align=\"center\">2 PNEUMATIQUES<\/td><td class=\"has-text-align-center\" data-align=\"center\"><strong>BOUTONS SELF-SERVICE<\/strong><\/td><td class=\"has-text-align-center\" data-align=\"center\">NON<\/td><td class=\"has-text-align-center\" data-align=\"center\"><strong>EAD<\/strong><\/td><td class=\"has-text-align-center\" data-align=\"center\">NON<\/td><td class=\"has-text-align-center\" data-align=\"center\"><strong>PUPITRE<\/strong><\/td><td>OUI<\/td><\/tr><tr><td class=\"has-text-align-center\" data-align=\"center\"><strong>SELF-SERVICE<\/strong><\/td><td class=\"has-text-align-center\" data-align=\"center\">OUI<\/td><td class=\"has-text-align-center\" data-align=\"center\"><strong>ARR\u00caTS DEMAND\u00c9 SUPP.<\/strong><\/td><td class=\"has-text-align-center\" data-align=\"center\">NON<\/td><td class=\"has-text-align-center\" data-align=\"center\"><strong>RADIO<\/strong><\/td><td class=\"has-text-align-center\" data-align=\"center\">OUI<\/td><td class=\"has-text-align-center\" data-align=\"center\"><strong>T\u00c9<strong>L\u00c9<\/strong>PHONE<\/strong><\/td><td>OUI<\/td><\/tr><\/tbody><\/table><\/figure>\n\n\n\n<hr class=\"wp-block-separator has-alpha-channel-opacity is-style-wide\" \/>\n\n\n<div class=\"wp-block-image is-style-rounded\">\n<figure class=\"aligncenter size-full is-resized\"><img loading=\"lazy\" decoding=\"async\" src=\"https:\/\/seal.transport-manager.net\/ethann\/wp-content\/uploads\/sites\/89\/2023\/07\/1024px-Ametis-Scania_-_OmniCity_S.jpg\" alt=\"\" class=\"wp-image-1335\" width=\"512\" height=\"288\" srcset=\"https:\/\/seal.transport-manager.net\/ethann\/wp-content\/uploads\/sites\/89\/2023\/07\/1024px-Ametis-Scania_-_OmniCity_S.jpg 1024w, https:\/\/seal.transport-manager.net\/ethann\/wp-content\/uploads\/sites\/89\/2023\/07\/1024px-Ametis-Scania_-_OmniCity_S-300x168.jpg 300w, https:\/\/seal.transport-manager.net\/ethann\/wp-content\/uploads\/sites\/89\/2023\/07\/1024px-Ametis-Scania_-_OmniCity_S-768x431.jpg 768w\" sizes=\"auto, (max-width: 512px) 100vw, 512px\" \/><\/figure>\n<\/div>\n\n\n<p class=\"has-text-align-center\" style=\"font-size:25px\"><strong><em>SCANIA Omnicity<\/em><\/strong><\/p>\n\n\n\n<figure class=\"wp-block-table is-style-stripes\"><table class=\"has-background has-fixed-layout\" style=\"background-color:#fcf0ef\"><tbody><tr><td class=\"has-text-align-center\" data-align=\"center\"><strong>NUM\u00c9RO<\/strong><\/td><td class=\"has-text-align-center\" data-align=\"center\">029004<\/td><\/tr><tr><td class=\"has-text-align-center\" data-align=\"center\"><strong>MISE EN SERVICE<\/strong><\/td><td class=\"has-text-align-center\" data-align=\"center\">13\/07\/2002<\/td><\/tr><tr><td class=\"has-text-align-center\" data-align=\"center\"><strong>CARBURANT<\/strong><\/td><td class=\"has-text-align-center\" data-align=\"center\">DIESEL (37L\/100 km)<\/td><\/tr><tr><td class=\"has-text-align-center\" data-align=\"center\"><strong>NOMBRE DE PLACES<\/strong><\/td><td class=\"has-text-align-center\" data-align=\"center\">118<\/td><\/tr><tr><td class=\"has-text-align-center\" data-align=\"center\"><strong>D\u00c9P\u00d4T<\/strong><\/td><td class=\"has-text-align-center\" data-align=\"center\">LES HIRONDELLES<\/td><\/tr><tr><td class=\"has-text-align-center\" data-align=\"center\"><strong>AFFECTATION<\/strong><\/td><td class=\"has-text-align-center\" data-align=\"center\">RESERVE<\/td><\/tr><tr><td class=\"has-text-align-center\" data-align=\"center\"><strong>GIROUETTES<\/strong><\/td><td class=\"has-text-align-center\" data-align=\"center\">HANOVER PASTILLES<\/td><\/tr><tr><td class=\"has-text-align-center\" data-align=\"center\"><strong>BILL\u00c9TIQUE<\/strong><\/td><td class=\"has-text-align-center\" data-align=\"center\">MAGN\u00c9TIQUE<\/td><\/tr><\/tbody><\/table><\/figure>\n\n\n\n<h3 class=\"wp-block-heading has-text-align-center\" id=\"leurs-options\"><em><strong>SES OPTIONS :<\/strong><\/em><\/h3>\n\n\n\n<figure class=\"wp-block-table alignwide is-style-stripes\"><table class=\"has-background\" style=\"background-color:#fcf0ef\"><tbody><tr><td class=\"has-text-align-center\" data-align=\"center\"><strong>PORTS USB<\/strong><\/td><td class=\"has-text-align-center\" data-align=\"center\">NON<\/td><td class=\"has-text-align-center\" data-align=\"center\"><strong>VITRE A-G<\/strong><\/td><td class=\"has-text-align-center\" data-align=\"center\">NON<\/td><td class=\"has-text-align-center\" data-align=\"center\"><strong>VID\u00c9O<\/strong><\/td><td class=\"has-text-align-center\" data-align=\"center\">NON<\/td><td class=\"has-text-align-center\" data-align=\"center\"><strong>WIFI<\/strong><\/td><td>NON<\/td><\/tr><tr><td class=\"has-text-align-center\" data-align=\"center\"><strong>PLACES UFR<\/strong><\/td><td class=\"has-text-align-center\" data-align=\"center\">1<\/td><td class=\"has-text-align-center\" data-align=\"center\"><strong>VITRES TINT\u00c9ES<\/strong><\/td><td class=\"has-text-align-center\" data-align=\"center\">NON<\/td><td class=\"has-text-align-center\" data-align=\"center\"><strong>PUB AR.<\/strong><\/td><td class=\"has-text-align-center\" data-align=\"center\">OUI<\/td><td class=\"has-text-align-center\" data-align=\"center\"><strong>BANDEAU<\/strong> <strong>LUMINEUX<\/strong><\/td><td>NON<\/td><\/tr><tr><td class=\"has-text-align-center\" data-align=\"center\"><strong>PLATEFORME<\/strong><\/td><td class=\"has-text-align-center\" data-align=\"center\">MANUELLE<\/td><td class=\"has-text-align-center\" data-align=\"center\"><strong>BAIES BASSES<\/strong><\/td><td class=\"has-text-align-center\" data-align=\"center\">NON<\/td><td class=\"has-text-align-center\" data-align=\"center\"><strong>PUB AV.<\/strong><\/td><td class=\"has-text-align-center\" data-align=\"center\">NON<\/td><td class=\"has-text-align-center\" data-align=\"center\"><strong>\u00c9CRANS TFT<\/strong><\/td><td>NON<\/td><\/tr><tr><td class=\"has-text-align-center\" data-align=\"center\"><strong>CLIMATISATION<\/strong><\/td><td class=\"has-text-align-center\" data-align=\"center\">VENTIL. RENFORC\u00c9E<\/td><td class=\"has-text-align-center\" data-align=\"center\"><strong>PRIORIT\u00c9 AU FEU<\/strong><\/td><td class=\"has-text-align-center\" data-align=\"center\">NON<\/td><td class=\"has-text-align-center\" data-align=\"center\"><strong>PUB LAT.<\/strong><\/td><td class=\"has-text-align-center\" data-align=\"center\">OUI<\/td><td class=\"has-text-align-center\" data-align=\"center\"><strong>HAUT PARLEURS<\/strong><\/td><td>NON<\/td><\/tr><tr><td class=\"has-text-align-center\" data-align=\"center\"><strong>PORTES<\/strong><\/td><td class=\"has-text-align-center\" data-align=\"center\">2 PNEUMATIQUES<\/td><td class=\"has-text-align-center\" data-align=\"center\"><strong>BOUTONS SELF-SERVICE<\/strong><\/td><td class=\"has-text-align-center\" data-align=\"center\">NON<\/td><td class=\"has-text-align-center\" data-align=\"center\"><strong>EAD<\/strong><\/td><td class=\"has-text-align-center\" data-align=\"center\">NON<\/td><td class=\"has-text-align-center\" data-align=\"center\"><strong>PUPITRE<\/strong><\/td><td>NON<\/td><\/tr><tr><td class=\"has-text-align-center\" data-align=\"center\"><strong>SELF-SERVICE<\/strong><\/td><td class=\"has-text-align-center\" data-align=\"center\">NON<\/td><td class=\"has-text-align-center\" data-align=\"center\"><strong>ARR\u00caTS DEMAND\u00c9 SUPP.<\/strong><\/td><td class=\"has-text-align-center\" data-align=\"center\">NON<\/td><td class=\"has-text-align-center\" data-align=\"center\"><strong>RADIO<\/strong><\/td><td class=\"has-text-align-center\" data-align=\"center\">NON<\/td><td class=\"has-text-align-center\" data-align=\"center\"><strong>T\u00c9<strong>L\u00c9<\/strong>PHONE<\/strong><\/td><td>NON<\/td><\/tr><\/tbody><\/table><\/figure>\n","protected":false},"excerpt":{"rendered":"<p>SCANIA CityWide 12 NUM\u00c9RO 169036 MISE EN SERVICE 21\/04\/2016 CARBURANT GNV (51L\/100 km) NOMBRE DE PLACES 106 D\u00c9P\u00d4T LES HIRONDELLES AFFECTATION RESERVE GIROUETTES HANOVER DIODES COULEURS BLANCHES BILL\u00c9TIQUE MAGN\u00c9TIQUE SES OPTIONS : PORTS USB OUI VITRE A-G OUI VID\u00c9O NON WIFI NON PLACES UFR 1 VITRES TINT\u00c9ES OUI PUB AR. [&hellip;]<\/p>\n","protected":false},"author":90,"featured_media":269,"parent":0,"menu_order":0,"comment_status":"closed","ping_status":"closed","template":"","meta":{"footnotes":""},"class_list":["post-116","page","type-page","status-publish","has-post-thumbnail","hentry"],"_links":{"self":[{"href":"https:\/\/seal.transport-manager.net\/ethann\/wp-json\/wp\/v2\/pages\/116","targetHints":{"allow":["GET"]}}],"collection":[{"href":"https:\/\/seal.transport-manager.net\/ethann\/wp-json\/wp\/v2\/pages"}],"about":[{"href":"https:\/\/seal.transport-manager.net\/ethann\/wp-json\/wp\/v2\/types\/page"}],"author":[{"embeddable":true,"href":"https:\/\/seal.transport-manager.net\/ethann\/wp-json\/wp\/v2\/users\/90"}],"replies":[{"embeddable":true,"href":"https:\/\/seal.transport-manager.net\/ethann\/wp-json\/wp\/v2\/comments?post=116"}],"version-history":[{"count":15,"href":"https:\/\/seal.transport-manager.net\/ethann\/wp-json\/wp\/v2\/pages\/116\/revisions"}],"predecessor-version":[{"id":1348,"href":"https:\/\/seal.transport-manager.net\/ethann\/wp-json\/wp\/v2\/pages\/116\/revisions\/1348"}],"wp:featuredmedia":[{"embeddable":true,"href":"https:\/\/seal.transport-manager.net\/ethann\/wp-json\/wp\/v2\/media\/269"}],"wp:attachment":[{"href":"https:\/\/seal.transport-manager.net\/ethann\/wp-json\/wp\/v2\/media?parent=116"}],"curies":[{"name":"wp","href":"https:\/\/api.w.org\/{rel}","templated":true}]}}