{"id":447,"date":"2021-11-19T15:28:31","date_gmt":"2021-11-19T14:28:31","guid":{"rendered":"https:\/\/seal.transport-manager.net\/ethann\/?page_id=447"},"modified":"2023-07-30T19:27:20","modified_gmt":"2023-07-30T17:27:20","slug":"nos-collaborateurs","status":"publish","type":"page","link":"https:\/\/seal.transport-manager.net\/ethann\/nos-collaborateurs\/","title":{"rendered":"NOS COLLABORATEURS"},"content":{"rendered":"\n<p class=\"has-text-align-center\" style=\"font-size:28px\"><em>Occita&rsquo;Bus emploie un grand nombre de collaborateurs, qui sont expos\u00e9s si dessous en quelques chiffres cl\u00e9s :<\/em><\/p>\n\n\n\n<p class=\"has-text-align-center\" style=\"font-size:28px\"><em>Occita&rsquo;Bus c&rsquo;est :<\/em><br><em><strong>258 CONDUCTEURS<\/strong>,<br><strong>6 M\u00c9CANICIENS<\/strong>,<br><strong>5 COMMERCIAUX<\/strong>,<\/em><br><strong><em>21 CONTR\u00d4LEURS,<br>20 VENDEURS,<\/em><\/strong><em><br>une moyenne d&rsquo;\u00e2ge de <strong>41 ANS<\/strong>,<br>une parit\u00e9 hommes\/femmes de <strong>99%<\/strong><\/em><br><br><em>Mais surtout <strong>VOUS<\/strong>, nos clients,<br>vous \u00eates quasiment <strong>70 000<\/strong> \u00e0 prende le bus <strong>QUOTIDIENNEMENT<\/strong><\/em> <strong><em>!<\/em><\/strong><br><br><em><strong>Encore merci \u00e0 tous nos collaborateurs <\/strong><\/em><br><em><strong>de faire vivre notre entreprise !<\/strong><\/em><\/p>\n\n\n\n<p><\/p>\n","protected":false},"excerpt":{"rendered":"<p>Occita&rsquo;Bus emploie un grand nombre de collaborateurs, qui sont expos\u00e9s si dessous en quelques chiffres cl\u00e9s : Occita&rsquo;Bus c&rsquo;est :258 CONDUCTEURS,6 M\u00c9CANICIENS,5 COMMERCIAUX,21 CONTR\u00d4LEURS,20 VENDEURS,une moyenne d&rsquo;\u00e2ge de 41 ANS,une parit\u00e9 hommes\/femmes de 99% Mais surtout VOUS, nos clients,vous \u00eates quasiment 70 000 \u00e0 prende le bus QUOTIDIENNEMENT ! Encore [&hellip;]<\/p>\n","protected":false},"author":90,"featured_media":451,"parent":0,"menu_order":0,"comment_status":"closed","ping_status":"closed","template":"","meta":{"footnotes":""},"class_list":["post-447","page","type-page","status-publish","has-post-thumbnail","hentry"],"_links":{"self":[{"href":"https:\/\/seal.transport-manager.net\/ethann\/wp-json\/wp\/v2\/pages\/447","targetHints":{"allow":["GET"]}}],"collection":[{"href":"https:\/\/seal.transport-manager.net\/ethann\/wp-json\/wp\/v2\/pages"}],"about":[{"href":"https:\/\/seal.transport-manager.net\/ethann\/wp-json\/wp\/v2\/types\/page"}],"author":[{"embeddable":true,"href":"https:\/\/seal.transport-manager.net\/ethann\/wp-json\/wp\/v2\/users\/90"}],"replies":[{"embeddable":true,"href":"https:\/\/seal.transport-manager.net\/ethann\/wp-json\/wp\/v2\/comments?post=447"}],"version-history":[{"count":10,"href":"https:\/\/seal.transport-manager.net\/ethann\/wp-json\/wp\/v2\/pages\/447\/revisions"}],"predecessor-version":[{"id":1352,"href":"https:\/\/seal.transport-manager.net\/ethann\/wp-json\/wp\/v2\/pages\/447\/revisions\/1352"}],"wp:featuredmedia":[{"embeddable":true,"href":"https:\/\/seal.transport-manager.net\/ethann\/wp-json\/wp\/v2\/media\/451"}],"wp:attachment":[{"href":"https:\/\/seal.transport-manager.net\/ethann\/wp-json\/wp\/v2\/media?parent=447"}],"curies":[{"name":"wp","href":"https:\/\/api.w.org\/{rel}","templated":true}]}}