{"id":54,"date":"2021-10-10T18:21:34","date_gmt":"2021-10-10T16:21:34","guid":{"rendered":"https:\/\/seal.transport-manager.net\/ethkeo2021\/?page_id=54"},"modified":"2025-04-08T17:04:58","modified_gmt":"2025-04-08T15:04:58","slug":"notre-parc","status":"publish","type":"page","link":"https:\/\/seal.transport-manager.net\/ethann\/notre-parc\/","title":{"rendered":"NOTRE PARC"},"content":{"rendered":"\n<p class=\"has-text-align-center\" style=\"font-size:24px\"><strong><em>Ici, acc\u00e9dez aux diff\u00e9rentes cat\u00e9gories concernants nos v\u00e9hicules !<\/em><\/strong><\/p>\n\n\n\n<div class=\"wp-block-buttons is-layout-flex wp-block-buttons-is-layout-flex\">\n<div class=\"wp-block-button has-custom-width wp-block-button__width-100 is-style-fill\"><a class=\"wp-block-button__link has-white-color has-blush-bordeaux-gradient-background has-text-color has-background wp-element-button\" href=\"https:\/\/seal.transport-manager.net\/ethann\/notre-parc\/tous-nos-bus-cars\/\" style=\"border-radius:50px\"><strong>LES V\u00c9HICULES QUE NOUS POSS\u00c9DONS<\/strong><\/a><\/div>\n<\/div>\n\n\n\n<hr class=\"wp-block-separator has-text-color has-black-color has-css-opacity has-black-background-color has-background is-style-default\" \/>\n\n\n\n<div class=\"wp-block-buttons is-layout-flex wp-block-buttons-is-layout-flex\">\n<div class=\"wp-block-button has-custom-width wp-block-button__width-100\"><a class=\"wp-block-button__link has-blush-bordeaux-gradient-background has-background wp-element-button\" href=\"https:\/\/seal.transport-manager.net\/ethann\/location\/\"><strong>LES V\u00c9HICULES QUE NOUS LOUONS<\/strong><\/a><\/div>\n<\/div>\n","protected":false},"excerpt":{"rendered":"<p>Ici, acc\u00e9dez aux diff\u00e9rentes cat\u00e9gories concernants nos v\u00e9hicules !<\/p>\n","protected":false},"author":90,"featured_media":75,"parent":0,"menu_order":0,"comment_status":"closed","ping_status":"closed","template":"","meta":{"footnotes":""},"class_list":["post-54","page","type-page","status-publish","has-post-thumbnail","hentry"],"_links":{"self":[{"href":"https:\/\/seal.transport-manager.net\/ethann\/wp-json\/wp\/v2\/pages\/54","targetHints":{"allow":["GET"]}}],"collection":[{"href":"https:\/\/seal.transport-manager.net\/ethann\/wp-json\/wp\/v2\/pages"}],"about":[{"href":"https:\/\/seal.transport-manager.net\/ethann\/wp-json\/wp\/v2\/types\/page"}],"author":[{"embeddable":true,"href":"https:\/\/seal.transport-manager.net\/ethann\/wp-json\/wp\/v2\/users\/90"}],"replies":[{"embeddable":true,"href":"https:\/\/seal.transport-manager.net\/ethann\/wp-json\/wp\/v2\/comments?post=54"}],"version-history":[{"count":16,"href":"https:\/\/seal.transport-manager.net\/ethann\/wp-json\/wp\/v2\/pages\/54\/revisions"}],"predecessor-version":[{"id":1590,"href":"https:\/\/seal.transport-manager.net\/ethann\/wp-json\/wp\/v2\/pages\/54\/revisions\/1590"}],"wp:featuredmedia":[{"embeddable":true,"href":"https:\/\/seal.transport-manager.net\/ethann\/wp-json\/wp\/v2\/media\/75"}],"wp:attachment":[{"href":"https:\/\/seal.transport-manager.net\/ethann\/wp-json\/wp\/v2\/media?parent=54"}],"curies":[{"name":"wp","href":"https:\/\/api.w.org\/{rel}","templated":true}]}}