{"id":56,"date":"2021-10-10T18:21:53","date_gmt":"2021-10-10T16:21:53","guid":{"rendered":"https:\/\/seal.transport-manager.net\/ethkeo2021\/?page_id=56"},"modified":"2024-01-01T11:43:07","modified_gmt":"2024-01-01T10:43:07","slug":"nos-lignes","status":"publish","type":"page","link":"https:\/\/seal.transport-manager.net\/ethann\/nos-lignes\/","title":{"rendered":"NOS LIGNES URBAINES"},"content":{"rendered":"\n<p class=\"has-text-align-center\" style=\"font-size:22px\"><em><strong>Voici le plan de notre r\u00e9seaux urbain !<\/strong><\/em><\/p>\n\n\n\n<figure class=\"wp-block-image alignwide size-full is-style-default\"><img loading=\"lazy\" decoding=\"async\" width=\"4577\" height=\"2953\" src=\"https:\/\/seal.transport-manager.net\/ethann\/wp-content\/uploads\/sites\/89\/2023\/11\/Plan_N4.png\" alt=\"\" class=\"wp-image-1386\" srcset=\"https:\/\/seal.transport-manager.net\/ethann\/wp-content\/uploads\/sites\/89\/2023\/11\/Plan_N4.png 4577w, https:\/\/seal.transport-manager.net\/ethann\/wp-content\/uploads\/sites\/89\/2023\/11\/Plan_N4-300x194.png 300w, https:\/\/seal.transport-manager.net\/ethann\/wp-content\/uploads\/sites\/89\/2023\/11\/Plan_N4-1024x661.png 1024w, https:\/\/seal.transport-manager.net\/ethann\/wp-content\/uploads\/sites\/89\/2023\/11\/Plan_N4-768x496.png 768w, https:\/\/seal.transport-manager.net\/ethann\/wp-content\/uploads\/sites\/89\/2023\/11\/Plan_N4-1536x991.png 1536w, https:\/\/seal.transport-manager.net\/ethann\/wp-content\/uploads\/sites\/89\/2023\/11\/Plan_N4-2048x1321.png 2048w\" sizes=\"auto, (max-width: 4577px) 100vw, 4577px\" \/><\/figure>\n\n\n\n<p class=\"has-text-align-center\" style=\"font-size:22px\"><em><strong>Vous pouvez voir ici les diff\u00e9rentes lignes urbaines que nous exploitons !<\/strong><\/em><\/p>\n\n\n\n<div class=\"wp-block-buttons is-content-justification-center is-layout-flex wp-container-core-buttons-is-layout-a89b3969 wp-block-buttons-is-layout-flex\">\n<div class=\"wp-block-button has-custom-width wp-block-button__width-25 is-style-fill\"><a class=\"wp-block-button__link has-luminous-vivid-amber-to-luminous-vivid-orange-gradient-background has-background wp-element-button\" href=\"https:\/\/seal.transport-manager.net\/ethann\/ligne-1\/\"><strong>LHNS 1<\/strong><\/a><\/div>\n\n\n\n<div class=\"wp-block-button has-custom-width wp-block-button__width-25\"><a class=\"wp-block-button__link has-midnight-gradient-background has-background wp-element-button\" href=\"https:\/\/seal.transport-manager.net\/ethann\/ligne-2\/\"><strong>LHNS 2<\/strong><\/a><\/div>\n\n\n\n<div class=\"wp-block-button has-custom-width wp-block-button__width-25\"><a class=\"wp-block-button__link has-luminous-dusk-gradient-background has-background wp-element-button\" href=\"https:\/\/seal.transport-manager.net\/ethann\/ligne-3\/\"><strong>LHNS 3<\/strong><\/a><\/div>\n\n\n\n<div class=\"wp-block-button has-custom-width wp-block-button__width-25 is-style-fill\"><a class=\"wp-block-button__link has-pale-ocean-gradient-background has-background wp-element-button\" href=\"https:\/\/seal.transport-manager.net\/ethann\/ligne-4\/\"><strong>LIGNE 4<\/strong><\/a><\/div>\n\n\n\n<div class=\"wp-block-button has-custom-width wp-block-button__width-25 is-style-fill\"><a class=\"wp-block-button__link has-blush-bordeaux-gradient-background has-background wp-element-button\" href=\"https:\/\/seal.transport-manager.net\/ethann\/ligne-5\/\"><strong>LIGNE 5<\/strong><\/a><\/div>\n\n\n\n<div class=\"wp-block-button has-custom-width wp-block-button__width-25 is-style-fill\"><a class=\"wp-block-button__link has-light-green-cyan-to-vivid-green-cyan-gradient-background has-background wp-element-button\" href=\"https:\/\/seal.transport-manager.net\/ethann\/ligne-6\/\"><strong>LIGNE 6<\/strong><\/a><\/div>\n\n\n\n<div class=\"wp-block-button has-custom-width wp-block-button__width-25 is-style-fill\"><a class=\"wp-block-button__link has-cool-to-warm-spectrum-gradient-background has-background wp-element-button\" href=\"https:\/\/seal.transport-manager.net\/ethann\/ligne-7\/\"><strong>LIGNE 7<\/strong><\/a><\/div>\n\n\n\n<div class=\"wp-block-button has-custom-width wp-block-button__width-25 has-custom-font-size is-style-fill has-medium-font-size\"><a class=\"wp-block-button__link has-vivid-cyan-blue-to-vivid-purple-gradient-background has-background wp-element-button\" href=\"https:\/\/seal.transport-manager.net\/ethann\/ligne-8\/\"><strong>LIGNE 8<\/strong><\/a><\/div>\n\n\n\n<div class=\"wp-block-button has-custom-width wp-block-button__width-25 is-style-fill\"><a class=\"wp-block-button__link has-background wp-element-button\" href=\"https:\/\/seal.transport-manager.net\/ethann\/ligne-9\/\" style=\"background:linear-gradient(135deg,rgb(255,206,236) 0%,rgb(84,83,147) 49%)\"><strong>LIGNE 9<\/strong><\/a><\/div>\n\n\n\n<div class=\"wp-block-button has-custom-width wp-block-button__width-25 is-style-fill\"><a class=\"wp-block-button__link has-luminous-vivid-orange-to-vivid-red-gradient-background has-background wp-element-button\" href=\"https:\/\/seal.transport-manager.net\/ethann\/ligne-10\/\"><strong>LIGNE 10<\/strong><\/a><\/div>\n\n\n\n<div class=\"wp-block-button has-custom-width wp-block-button__width-25 is-style-fill\"><a class=\"wp-block-button__link has-blush-light-purple-gradient-background has-background wp-element-button\" href=\"https:\/\/seal.transport-manager.net\/ethann\/ligne-11\/\"><strong>LIGNE 11<\/strong><\/a><\/div>\n\n\n\n<div class=\"wp-block-button has-custom-width wp-block-button__width-25 is-style-fill\"><a class=\"wp-block-button__link has-luminous-dusk-gradient-background has-background wp-element-button\" href=\"https:\/\/seal.transport-manager.net\/ethann\/ligne-12\/\"><strong>LIGNE 12<\/strong><\/a><\/div>\n\n\n\n<div class=\"wp-block-button has-custom-width wp-block-button__width-25 is-style-fill\"><a class=\"wp-block-button__link has-cool-to-warm-spectrum-gradient-background has-background wp-element-button\" href=\"https:\/\/seal.transport-manager.net\/ethann\/ligne-13\/\"><strong>LIGNE 13<\/strong><\/a><\/div>\n\n\n\n<div class=\"wp-block-button has-custom-width wp-block-button__width-25 is-style-fill\"><a class=\"wp-block-button__link has-background wp-element-button\" href=\"https:\/\/seal.transport-manager.net\/ethann\/ligne-60\/\" style=\"background:linear-gradient(265deg,rgb(238,238,238) 19%,rgb(188,35,35) 50%,rgb(169,184,195) 100%)\"><strong>LIGNE 60<\/strong><\/a><\/div>\n\n\n\n<div class=\"wp-block-button has-custom-width wp-block-button__width-25 is-style-fill\"><a class=\"wp-block-button__link has-background wp-element-button\" href=\"https:\/\/seal.transport-manager.net\/ethann\/ligne-61\/\" style=\"background:linear-gradient(3245deg,rgb(74,234,220) 0%,rgb(151,120,209) 20%,rgb(207,42,186) 40%,rgb(19,18,19) 60%,rgb(251,105,98) 80%,rgb(254,248,76) 100%)\"><strong>LIGNE 61<\/strong><\/a><\/div>\n\n\n\n<div class=\"wp-block-button has-custom-width wp-block-button__width-25 is-style-fill\"><a class=\"wp-block-button__link has-vivid-cyan-blue-to-vivid-purple-gradient-background has-background wp-element-button\" href=\"https:\/\/seal.transport-manager.net\/ethann\/ligne-62\/\"><strong>LIGNE 62<\/strong><\/a><\/div>\n\n\n\n<div class=\"wp-block-button has-custom-width wp-block-button__width-25 is-style-fill\"><a class=\"wp-block-button__link has-pale-ocean-gradient-background has-background wp-element-button\" href=\"https:\/\/seal.transport-manager.net\/ethann\/ligne-63\/\"><strong>LIGNE 63<\/strong><\/a><\/div>\n\n\n\n<div class=\"wp-block-button has-custom-width wp-block-button__width-25 is-style-fill\"><a class=\"wp-block-button__link has-vivid-cyan-blue-to-vivid-purple-gradient-background has-background wp-element-button\" href=\"https:\/\/seal.transport-manager.net\/ethann\/ligne-64\/\"><strong>LIGNE 64<\/strong><\/a><\/div>\n\n\n\n<div class=\"wp-block-button has-custom-width wp-block-button__width-25 is-style-fill\"><a class=\"wp-block-button__link has-background wp-element-button\" href=\"https:\/\/seal.transport-manager.net\/ethann\/ligne-901-tad\/\" style=\"background:linear-gradient(217deg,rgb(202,248,128) 0%,rgb(113,206,126) 54%,rgb(175,153,153) 66%)\"><strong>TAD 901<\/strong><\/a><\/div>\n\n\n\n<div class=\"wp-block-button has-custom-width wp-block-button__width-25 is-style-fill\"><a class=\"wp-block-button__link has-background wp-element-button\" href=\"https:\/\/seal.transport-manager.net\/ethann\/ligne-902-tad\/\" style=\"background:linear-gradient(135deg,rgb(146,61,0) 27%,rgb(255,0,0) 90%)\"><strong>TAD 902<\/strong><\/a><\/div>\n<\/div>\n\n\n\n<hr class=\"wp-block-separator has-text-color has-accent-color has-css-opacity has-accent-background-color has-background is-style-default\" \/>\n\n\n\n<p>L\u00e9gende :<br>TAD : Transport \u00e0 la demande<br>LHNS : Ligne \u00e0 haut niveau de service<\/p>\n\n\n\n<p><\/p>\n","protected":false},"excerpt":{"rendered":"<p>Voici le plan de notre r\u00e9seaux urbain ! Vous pouvez voir ici les diff\u00e9rentes lignes urbaines que nous exploitons ! L\u00e9gende :TAD : Transport \u00e0 la demandeLHNS : Ligne \u00e0 haut niveau de service<\/p>\n","protected":false},"author":90,"featured_media":1457,"parent":0,"menu_order":0,"comment_status":"closed","ping_status":"closed","template":"","meta":{"footnotes":""},"class_list":["post-56","page","type-page","status-publish","has-post-thumbnail","hentry"],"_links":{"self":[{"href":"https:\/\/seal.transport-manager.net\/ethann\/wp-json\/wp\/v2\/pages\/56","targetHints":{"allow":["GET"]}}],"collection":[{"href":"https:\/\/seal.transport-manager.net\/ethann\/wp-json\/wp\/v2\/pages"}],"about":[{"href":"https:\/\/seal.transport-manager.net\/ethann\/wp-json\/wp\/v2\/types\/page"}],"author":[{"embeddable":true,"href":"https:\/\/seal.transport-manager.net\/ethann\/wp-json\/wp\/v2\/users\/90"}],"replies":[{"embeddable":true,"href":"https:\/\/seal.transport-manager.net\/ethann\/wp-json\/wp\/v2\/comments?post=56"}],"version-history":[{"count":38,"href":"https:\/\/seal.transport-manager.net\/ethann\/wp-json\/wp\/v2\/pages\/56\/revisions"}],"predecessor-version":[{"id":1578,"href":"https:\/\/seal.transport-manager.net\/ethann\/wp-json\/wp\/v2\/pages\/56\/revisions\/1578"}],"wp:featuredmedia":[{"embeddable":true,"href":"https:\/\/seal.transport-manager.net\/ethann\/wp-json\/wp\/v2\/media\/1457"}],"wp:attachment":[{"href":"https:\/\/seal.transport-manager.net\/ethann\/wp-json\/wp\/v2\/media?parent=56"}],"curies":[{"name":"wp","href":"https:\/\/api.w.org\/{rel}","templated":true}]}}