{"id":669,"date":"2022-04-20T10:50:05","date_gmt":"2022-04-20T08:50:05","guid":{"rendered":"https:\/\/seal.transport-manager.net\/ethann\/?page_id=669"},"modified":"2022-11-13T10:41:57","modified_gmt":"2022-11-13T09:41:57","slug":"agence-aeroport","status":"publish","type":"page","link":"https:\/\/seal.transport-manager.net\/ethann\/agence-aeroport\/","title":{"rendered":"Agence &#8211; A\u00e9roport"},"content":{"rendered":"\n<p><\/p>\n\n\n\n<p>Elle propose les services suivants :<br>&#8211; Informations (fiches horaires, plans, documentations)<br>&#8211; Conseils (aide \u00e0 valider ou acheter des titres de transport)<br>&#8211; Vente et services (vente de titres de transport)<br>&#8211; Espace abonnement (d\u00e9di\u00e9 uniquement aux abonnements)<br><br>Elle est ouverte le lundi, mardi, mercredi, jeudi, vendredi, samedi, dimanche de 8h30 \u00e0 19h00.<\/p>\n","protected":false},"excerpt":{"rendered":"<p>Elle propose les services suivants :&#8211; Informations (fiches horaires, plans, documentations)&#8211; Conseils (aide \u00e0 valider ou acheter des titres de transport)&#8211; Vente et services (vente de titres de transport)&#8211; Espace abonnement (d\u00e9di\u00e9 uniquement aux abonnements) Elle est ouverte le lundi, mardi, mercredi, jeudi, vendredi, samedi, dimanche de 8h30 \u00e0 19h00.<\/p>\n","protected":false},"author":90,"featured_media":667,"parent":0,"menu_order":0,"comment_status":"closed","ping_status":"closed","template":"","meta":{"footnotes":""},"class_list":["post-669","page","type-page","status-publish","has-post-thumbnail","hentry"],"_links":{"self":[{"href":"https:\/\/seal.transport-manager.net\/ethann\/wp-json\/wp\/v2\/pages\/669","targetHints":{"allow":["GET"]}}],"collection":[{"href":"https:\/\/seal.transport-manager.net\/ethann\/wp-json\/wp\/v2\/pages"}],"about":[{"href":"https:\/\/seal.transport-manager.net\/ethann\/wp-json\/wp\/v2\/types\/page"}],"author":[{"embeddable":true,"href":"https:\/\/seal.transport-manager.net\/ethann\/wp-json\/wp\/v2\/users\/90"}],"replies":[{"embeddable":true,"href":"https:\/\/seal.transport-manager.net\/ethann\/wp-json\/wp\/v2\/comments?post=669"}],"version-history":[{"count":4,"href":"https:\/\/seal.transport-manager.net\/ethann\/wp-json\/wp\/v2\/pages\/669\/revisions"}],"predecessor-version":[{"id":1128,"href":"https:\/\/seal.transport-manager.net\/ethann\/wp-json\/wp\/v2\/pages\/669\/revisions\/1128"}],"wp:featuredmedia":[{"embeddable":true,"href":"https:\/\/seal.transport-manager.net\/ethann\/wp-json\/wp\/v2\/media\/667"}],"wp:attachment":[{"href":"https:\/\/seal.transport-manager.net\/ethann\/wp-json\/wp\/v2\/media?parent=669"}],"curies":[{"name":"wp","href":"https:\/\/api.w.org\/{rel}","templated":true}]}}